{"id":5638,"date":"2021-07-13T09:49:25","date_gmt":"2021-07-13T06:49:25","guid":{"rendered":"https:\/\/portaltest.atauni.edu.tr\/bilgisayar-muhendisligi\/?page_id=5638"},"modified":"2021-09-13T10:21:35","modified_gmt":"2021-09-13T07:21:35","slug":"tarihce","status":"publish","type":"page","link":"https:\/\/atauni.edu.tr\/fransiz-dili-ve-edebiyati\/tarihce\/","title":{"rendered":"Tarih\u00e7e"},"content":{"rendered":"\t\t<div data-elementor-type=\"wp-page\" data-elementor-id=\"5638\" class=\"elementor elementor-5638\" data-elementor-post-type=\"page\">\n\t\t\t\t\t\t<section class=\"elementor-section elementor-top-section elementor-element elementor-element-730d320 elementor-section-boxed elementor-section-height-default elementor-section-height-default\" data-id=\"730d320\" data-element_type=\"section\">\n\t\t\t\t\t\t<div class=\"elementor-container elementor-column-gap-default\">\n\t\t\t\t\t<div class=\"elementor-column elementor-col-100 elementor-top-column elementor-element elementor-element-753d0860\" data-id=\"753d0860\" data-element_type=\"column\">\n\t\t\t<div class=\"elementor-widget-wrap\">\n\t\t\t\t\t\t\t<\/div>\n\t\t<\/div>\n\t\t\t\t\t<\/div>\n\t\t<\/section>\n\t\t\t\t<section class=\"elementor-section elementor-top-section elementor-element elementor-element-9be811a elementor-section-boxed elementor-section-height-default elementor-section-height-default\" data-id=\"9be811a\" data-element_type=\"section\">\n\t\t\t\t\t\t<div class=\"elementor-container elementor-column-gap-default\">\n\t\t\t\t\t<div class=\"elementor-column elementor-col-100 elementor-top-column elementor-element elementor-element-1ed847b7\" data-id=\"1ed847b7\" data-element_type=\"column\">\n\t\t\t<div class=\"elementor-widget-wrap elementor-element-populated\">\n\t\t\t\t\t\t<div class=\"elementor-element elementor-element-4ce0d07f elementor-widget elementor-widget-heading\" data-id=\"4ce0d07f\" data-element_type=\"widget\" data-widget_type=\"heading.default\">\n\t\t\t\t<div class=\"elementor-widget-container\">\n\t\t\t\t\t<h2 class=\"elementor-heading-title elementor-size-default\">Tarih\u00e7e<\/h2>\t\t\t\t<\/div>\n\t\t\t\t<\/div>\n\t\t\t\t<div class=\"elementor-element elementor-element-63260862 elementor-widget-divider--view-line elementor-widget elementor-widget-divider\" data-id=\"63260862\" data-element_type=\"widget\" data-widget_type=\"divider.default\">\n\t\t\t\t<div class=\"elementor-widget-container\">\n\t\t\t\t\t\t\t<div class=\"elementor-divider\">\n\t\t\t<span class=\"elementor-divider-separator\">\n\t\t\t\t\t\t<\/span>\n\t\t<\/div>\n\t\t\t\t\t\t<\/div>\n\t\t\t\t<\/div>\n\t\t\t\t\t<\/div>\n\t\t<\/div>\n\t\t\t\t\t<\/div>\n\t\t<\/section>\n\t\t\t\t<section class=\"elementor-section elementor-top-section elementor-element elementor-element-681db8b elementor-section-boxed elementor-section-height-default elementor-section-height-default\" data-id=\"681db8b\" data-element_type=\"section\">\n\t\t\t\t\t\t<div class=\"elementor-container elementor-column-gap-default\">\n\t\t\t\t\t<div class=\"elementor-column elementor-col-100 elementor-top-column elementor-element elementor-element-ad4dac5\" data-id=\"ad4dac5\" data-element_type=\"column\">\n\t\t\t<div class=\"elementor-widget-wrap elementor-element-populated\">\n\t\t\t\t\t\t<div class=\"elementor-element elementor-element-2f96b3d elementor-widget elementor-widget-text-editor\" data-id=\"2f96b3d\" data-element_type=\"widget\" data-widget_type=\"text-editor.default\">\n\t\t\t\t<div class=\"elementor-widget-container\">\n\t\t\t\t\t\t\t\t\t<p>Atat\u00fcrk \u00dcniversitesi Frans\u0131z Dili ve Edebiyat\u0131 b\u00f6l\u00fcm\u00fcn\u00fcn tarihi, dil ve edebiyat e\u011fitimi veren kurumlar\u0131n kurulmas\u0131na dayan\u0131r. Bu t\u00fcr b\u00f6l\u00fcmlerin amac\u0131, \u00f6\u011frencilere Frans\u0131z dilini ve k\u00fclt\u00fcr\u00fcn\u00fc derinlemesine \u00f6\u011fretmektir.<\/p>\n<p>B\u00f6l\u00fcm\u00fcn kurulu\u015f s\u00fcreci, y\u00fcksek\u00f6\u011fretim alan\u0131nda yabanc\u0131 dil e\u011fitimine verilen \u00f6nemle paralel olarak geli\u015fmi\u015ftir. Dil ve edebiyat e\u011fitimi, k\u00fclt\u00fcrel al\u0131\u015fveri\u015f ve uluslararas\u0131 ileti\u015fim i\u00e7in temel olu\u015fturur.<\/p>\n<p>Frans\u0131zca, d\u00fcnya genelinde resmi dil olarak kabul edilen ve bir\u00e7ok uluslararas\u0131 kurulu\u015fta kullan\u0131lan bir dildir. Bu nedenle, Atat\u00fcrk \u00dcniversitesi Frans\u0131z Dili ve Edebiyat\u0131 b\u00f6l\u00fcm\u00fc, \u00f6\u011frencilere sadece dilbilgisi ve edebiyat de\u011fil, ayn\u0131 zamanda k\u00fclt\u00fcr ve tarih konular\u0131nda da kapsaml\u0131 bir e\u011fitim sa\u011flar.<\/p>\n<p>B\u00f6l\u00fcm\u00fcn amac\u0131, \u00f6\u011frencileri akademik ve mesleki alanlarda erfolgre bir \u015fekilde kullanabilecekleri bir yabanc\u0131 dil bilgisi ile donatmakt\u0131r. Ayr\u0131ca, Frans\u0131z edebiyat\u0131 ve k\u00fclt\u00fcr\u00fc hakk\u0131nda derinlemesine bilgi sahibi olmalar\u0131n\u0131 hedefler.<\/p>\n<p>Atat\u00fcrk \u00dcniversitesi Frans\u0131z Dili ve Edebiyat\u0131 b\u00f6l\u00fcm\u00fcnde verilen e\u011fitim, teorik ve uygulamal\u0131 derslerle desteklenir. \u00d6\u011frenciler, dil becerilerini geli\u015ftirmek i\u00e7in \u00e7e\u015fitli faaliyetlere ve projelere kat\u0131labilmektedir.<\/p>\n<p>Bu b\u00f6l\u00fcm\u00fcn mezunlar\u0131, e\u011fitim ald\u0131klar\u0131 alanda uzmanla\u015fm\u0131\u015f olman\u0131n yan\u0131 s\u0131ra, diplomasi, turizm, ticaret, akademik ara\u015ft\u0131rma gibi bir\u00e7ok sekt\u00f6rde \u00e7al\u0131\u015fabilme yeteneklerine sahip olur.<\/p>\t\t\t\t\t\t\t\t<\/div>\n\t\t\t\t<\/div>\n\t\t\t\t\t<\/div>\n\t\t<\/div>\n\t\t\t\t\t<\/div>\n\t\t<\/section>\n\t\t\t\t<\/div>\n\t\t","protected":false},"excerpt":{"rendered":"<p>Frans\u0131z Dili ve Edebiyat\u0131 b\u00f6l\u00fcm\u00fcn\u00fcn tarih\u00e7esi, dilbilim ve edebiyat\u0131n derinliklerine uzanan k\u00f6kl\u00fc bir ge\u00e7mi\u015fe sahiptir. Bu b\u00f6l\u00fcm\u00fcn k\u00f6kleri, Frans\u0131z k\u00fclt\u00fcr\u00fcn\u00fcn ve dilinin zenginli\u011fini ke\u015ffetme amac\u0131n\u0131 ta\u015f\u0131yan akademik bir gelene\u011fe dayan\u0131r. Frans\u0131z Dili ve Edebiyat\u0131 b\u00f6l\u00fcm\u00fcn\u00fcn temelleri, dilin yap\u0131s\u0131n\u0131, dilbilgisi kurallar\u0131n\u0131 ve s\u00f6z varl\u0131\u011f\u0131n\u0131 anlamak isteyen \u00f6\u011frencileri yeti\u015ftirmek amac\u0131yla at\u0131lm\u0131\u015ft\u0131r. Bu ama\u00e7, Frans\u0131zcan\u0131n wereld \u00e7ap\u0131nda ileti\u015fim [&hellip;]<\/p>\n","protected":false},"author":1,"featured_media":0,"parent":0,"menu_order":0,"comment_status":"closed","ping_status":"closed","template":"","meta":{"footnotes":""},"class_list":["post-5638","page","type-page","status-publish","hentry"],"_links":{"self":[{"href":"https:\/\/atauni.edu.tr\/fransiz-dili-ve-edebiyati\/wp-json\/wp\/v2\/pages\/5638","targetHints":{"allow":["GET"]}}],"collection":[{"href":"https:\/\/atauni.edu.tr\/fransiz-dili-ve-edebiyati\/wp-json\/wp\/v2\/pages"}],"about":[{"href":"https:\/\/atauni.edu.tr\/fransiz-dili-ve-edebiyati\/wp-json\/wp\/v2\/types\/page"}],"author":[{"embeddable":true,"href":"https:\/\/atauni.edu.tr\/fransiz-dili-ve-edebiyati\/wp-json\/wp\/v2\/users\/1"}],"replies":[{"embeddable":true,"href":"https:\/\/atauni.edu.tr\/fransiz-dili-ve-edebiyati\/wp-json\/wp\/v2\/comments?post=5638"}],"version-history":[{"count":22,"href":"https:\/\/atauni.edu.tr\/fransiz-dili-ve-edebiyati\/wp-json\/wp\/v2\/pages\/5638\/revisions"}],"predecessor-version":[{"id":6117,"href":"https:\/\/atauni.edu.tr\/fransiz-dili-ve-edebiyati\/wp-json\/wp\/v2\/pages\/5638\/revisions\/6117"}],"wp:attachment":[{"href":"https:\/\/atauni.edu.tr\/fransiz-dili-ve-edebiyati\/wp-json\/wp\/v2\/media?parent=5638"}],"curies":[{"name":"wp","href":"https:\/\/api.w.org\/{rel}","templated":true}]}}