{"id":5682,"date":"2021-07-13T10:10:01","date_gmt":"2021-07-13T07:10:01","guid":{"rendered":"https:\/\/portaltest.atauni.edu.tr\/bilgisayar-muhendisligi\/?page_id=5682"},"modified":"2021-08-27T15:48:11","modified_gmt":"2021-08-27T12:48:11","slug":"misyon-vizyon-ve-temel-degerler","status":"publish","type":"page","link":"https:\/\/atauni.edu.tr\/fransiz-dili-ve-edebiyati\/misyon-vizyon-ve-temel-degerler\/","title":{"rendered":"Misyon, Vizyon ve Temel De\u011ferler"},"content":{"rendered":"\t\t<div data-elementor-type=\"wp-page\" data-elementor-id=\"5682\" class=\"elementor elementor-5682\" data-elementor-post-type=\"page\">\n\t\t\t\t\t\t<section class=\"elementor-section elementor-top-section elementor-element elementor-element-730d320 elementor-section-boxed elementor-section-height-default elementor-section-height-default\" data-id=\"730d320\" data-element_type=\"section\">\n\t\t\t\t\t\t<div class=\"elementor-container elementor-column-gap-default\">\n\t\t\t\t\t<div class=\"elementor-column elementor-col-100 elementor-top-column elementor-element elementor-element-753d0860\" data-id=\"753d0860\" data-element_type=\"column\">\n\t\t\t<div class=\"elementor-widget-wrap\">\n\t\t\t\t\t\t\t<\/div>\n\t\t<\/div>\n\t\t\t\t\t<\/div>\n\t\t<\/section>\n\t\t\t\t<section class=\"elementor-section elementor-top-section elementor-element elementor-element-9be811a elementor-section-boxed elementor-section-height-default elementor-section-height-default\" data-id=\"9be811a\" data-element_type=\"section\">\n\t\t\t\t\t\t<div class=\"elementor-container elementor-column-gap-default\">\n\t\t\t\t\t<div class=\"elementor-column elementor-col-100 elementor-top-column elementor-element elementor-element-1ed847b7\" data-id=\"1ed847b7\" data-element_type=\"column\">\n\t\t\t<div class=\"elementor-widget-wrap elementor-element-populated\">\n\t\t\t\t\t\t<div class=\"elementor-element elementor-element-4ce0d07f elementor-widget elementor-widget-heading\" data-id=\"4ce0d07f\" data-element_type=\"widget\" data-widget_type=\"heading.default\">\n\t\t\t\t<div class=\"elementor-widget-container\">\n\t\t\t\t\t<h2 class=\"elementor-heading-title elementor-size-default\">Misyon, Vizyon ve Temel De\u011ferler<\/h2>\t\t\t\t<\/div>\n\t\t\t\t<\/div>\n\t\t\t\t<div class=\"elementor-element elementor-element-63260862 elementor-widget-divider--view-line elementor-widget elementor-widget-divider\" data-id=\"63260862\" data-element_type=\"widget\" data-widget_type=\"divider.default\">\n\t\t\t\t<div class=\"elementor-widget-container\">\n\t\t\t\t\t\t\t<div class=\"elementor-divider\">\n\t\t\t<span class=\"elementor-divider-separator\">\n\t\t\t\t\t\t<\/span>\n\t\t<\/div>\n\t\t\t\t\t\t<\/div>\n\t\t\t\t<\/div>\n\t\t\t\t\t<\/div>\n\t\t<\/div>\n\t\t\t\t\t<\/div>\n\t\t<\/section>\n\t\t\t\t<section class=\"elementor-section elementor-top-section elementor-element elementor-element-681db8b elementor-section-boxed elementor-section-height-default elementor-section-height-default\" data-id=\"681db8b\" data-element_type=\"section\">\n\t\t\t\t\t\t<div class=\"elementor-container elementor-column-gap-default\">\n\t\t\t\t\t<div class=\"elementor-column elementor-col-100 elementor-top-column elementor-element elementor-element-ad4dac5\" data-id=\"ad4dac5\" data-element_type=\"column\">\n\t\t\t<div class=\"elementor-widget-wrap elementor-element-populated\">\n\t\t\t\t\t\t<div class=\"elementor-element elementor-element-2f96b3d elementor-widget elementor-widget-text-editor\" data-id=\"2f96b3d\" data-element_type=\"widget\" data-widget_type=\"text-editor.default\">\n\t\t\t\t<div class=\"elementor-widget-container\">\n\t\t\t\t\t\t\t\t\t<p>Atat\u00fcrk \u00dcniversitesi Frans\u0131z Dili ve Edebiyat\u0131 b\u00f6l\u00fcm\u00fcn\u00fcn misyonu, \u00f6\u011frencilere Frans\u0131z dili ve edebiyat\u0131n\u0131n derinlemesine \u00f6\u011fretimini sa\u011flamak ve onlar\u0131n bu alanda uzmanla\u015fmalar\u0131n\u0131 desteklemektir.<\/p>\n<p>Vizyonumuz, \u00f6\u011frencileri sadece dilbilgisi kurallar\u0131na hakim olmakla kalmay\u0131p, ayn\u0131 zamanda Frans\u0131z edebiyat\u0131n\u0131n zenginli\u011fini ve k\u00fclt\u00fcrel \u00e7e\u015fitlili\u011fini anlamalar\u0131na yard\u0131mc\u0131 olmak ve onlar\u0131 gelecekteki kariyerlerinde ba\u015far\u0131l\u0131 olmalar\u0131 i\u00e7in donatmakt\u0131r.<\/p>\n<p>Temel de\u011ferlerimiz aras\u0131nda \u00f6\u011frenci merkezli bir \u00f6\u011fretim yakla\u015f\u0131m\u0131 yer al\u0131r. \u00d6\u011frencilerin bireysel farkl\u0131l\u0131klar\u0131na sayg\u0131 duymak, onlar\u0131n akademik ve ki\u015fisel geli\u015fimlerini desteklemek ve onlara kapsay\u0131c\u0131 bir \u00f6\u011frenme ortam\u0131 sunmak \u00f6nemlidir.<\/p>\n<p>Ayr\u0131ca, b\u00f6l\u00fcm olarak s\u00fcrekli kendini yenileme ve geli\u015ftirme \u00e7abas\u0131 i\u00e7erisindeyiz. Akademik personelimizin uzmanl\u0131klar\u0131n\u0131 art\u0131rmaya ve \u00f6\u011fretim y\u00f6ntemlerimizi g\u00fcncel tutmaya \u00f6nem veriyoruz.<\/p>\n<p>Frans\u0131z Dili ve Edebiyat\u0131 b\u00f6l\u00fcm\u00fcn\u00fcn bir di\u011fer temel de\u011feri de \u00f6\u011frencilerin k\u00fcresel vatanda\u015flar olarak yeti\u015ftirilmesidir. \u00d6\u011frencilere sadece Frans\u0131z dili ve edebiyat\u0131n\u0131 de\u011fil, ayn\u0131 zamanda k\u00fclt\u00fcrel fark\u0131ndal\u0131k, ele\u015ftirel d\u00fc\u015f\u00fcnme ve ileti\u015fim becerileri gibi de\u011ferleri kazand\u0131rmay\u0131 hedefliyoruz.<\/p>\t\t\t\t\t\t\t\t<\/div>\n\t\t\t\t<\/div>\n\t\t\t\t\t<\/div>\n\t\t<\/div>\n\t\t\t\t\t<\/div>\n\t\t<\/section>\n\t\t\t\t<\/div>\n\t\t","protected":false},"excerpt":{"rendered":"<p>**Misyon** Frans\u0131z Dili ve Edebiyat\u0131 b\u00f6l\u00fcm\u00fcm\u00fcz\u00fcn misyonu, \u00f6\u011frencilerin Frans\u0131z dilini ve edebiyat\u0131n\u0131 derinlemesine \u00f6\u011frenmelerine yard\u0131mc\u0131 olmak ve onlara k\u00fclt\u00fcrel zenginliklerini ke\u015ffetme f\u0131rsat\u0131 sunmakt\u0131r. B\u00f6l\u00fcm\u00fcm\u00fcz, \u00f6\u011frencilerini akademik ve mesleki hayata haz\u0131rlarken, ayn\u0131 zamanda onlara \u0641\u0631\u0627\u0646\u0633\u0632ca konu\u015fulan \u00fclkelerin k\u00fclt\u00fcrlerine dair geni\u015f bir perspektif kazand\u0131rmay\u0131 ama\u00e7lar. **Vizyon** Frans\u0131z Dili ve Edebiyat\u0131 b\u00f6l\u00fcm\u00fcn\u00fcn vizyonu, alan\u0131nda lider bir e\u011fitim kurumu [&hellip;]<\/p>\n","protected":false},"author":1,"featured_media":0,"parent":0,"menu_order":0,"comment_status":"closed","ping_status":"closed","template":"elementor_header_footer","meta":{"footnotes":""},"class_list":["post-5682","page","type-page","status-publish","hentry"],"_links":{"self":[{"href":"https:\/\/atauni.edu.tr\/fransiz-dili-ve-edebiyati\/wp-json\/wp\/v2\/pages\/5682","targetHints":{"allow":["GET"]}}],"collection":[{"href":"https:\/\/atauni.edu.tr\/fransiz-dili-ve-edebiyati\/wp-json\/wp\/v2\/pages"}],"about":[{"href":"https:\/\/atauni.edu.tr\/fransiz-dili-ve-edebiyati\/wp-json\/wp\/v2\/types\/page"}],"author":[{"embeddable":true,"href":"https:\/\/atauni.edu.tr\/fransiz-dili-ve-edebiyati\/wp-json\/wp\/v2\/users\/1"}],"replies":[{"embeddable":true,"href":"https:\/\/atauni.edu.tr\/fransiz-dili-ve-edebiyati\/wp-json\/wp\/v2\/comments?post=5682"}],"version-history":[{"count":8,"href":"https:\/\/atauni.edu.tr\/fransiz-dili-ve-edebiyati\/wp-json\/wp\/v2\/pages\/5682\/revisions"}],"predecessor-version":[{"id":6079,"href":"https:\/\/atauni.edu.tr\/fransiz-dili-ve-edebiyati\/wp-json\/wp\/v2\/pages\/5682\/revisions\/6079"}],"wp:attachment":[{"href":"https:\/\/atauni.edu.tr\/fransiz-dili-ve-edebiyati\/wp-json\/wp\/v2\/media?parent=5682"}],"curies":[{"name":"wp","href":"https:\/\/api.w.org\/{rel}","templated":true}]}}