{"id":5728,"date":"2021-07-13T11:33:38","date_gmt":"2021-07-13T08:33:38","guid":{"rendered":"https:\/\/portaltest.atauni.edu.tr\/bilgisayar-muhendisligi\/?page_id=5728"},"modified":"2021-08-27T15:49:46","modified_gmt":"2021-08-27T12:49:46","slug":"bolum-tanitimi","status":"publish","type":"page","link":"https:\/\/atauni.edu.tr\/fransiz-dili-ve-edebiyati\/bolum-tanitimi\/","title":{"rendered":"B\u00f6l\u00fcm Tan\u0131t\u0131m\u0131"},"content":{"rendered":"\t\t<div data-elementor-type=\"wp-page\" data-elementor-id=\"5728\" class=\"elementor elementor-5728\" data-elementor-post-type=\"page\">\n\t\t\t\t\t\t<section class=\"elementor-section elementor-top-section elementor-element elementor-element-730d320 elementor-section-boxed elementor-section-height-default elementor-section-height-default\" data-id=\"730d320\" data-element_type=\"section\">\n\t\t\t\t\t\t<div class=\"elementor-container elementor-column-gap-default\">\n\t\t\t\t\t<div class=\"elementor-column elementor-col-100 elementor-top-column elementor-element elementor-element-753d0860\" data-id=\"753d0860\" data-element_type=\"column\">\n\t\t\t<div class=\"elementor-widget-wrap\">\n\t\t\t\t\t\t\t<\/div>\n\t\t<\/div>\n\t\t\t\t\t<\/div>\n\t\t<\/section>\n\t\t\t\t<section class=\"elementor-section elementor-top-section elementor-element elementor-element-9be811a elementor-section-boxed elementor-section-height-default elementor-section-height-default\" data-id=\"9be811a\" data-element_type=\"section\">\n\t\t\t\t\t\t<div class=\"elementor-container elementor-column-gap-default\">\n\t\t\t\t\t<div class=\"elementor-column elementor-col-100 elementor-top-column elementor-element elementor-element-1ed847b7\" data-id=\"1ed847b7\" data-element_type=\"column\">\n\t\t\t<div class=\"elementor-widget-wrap elementor-element-populated\">\n\t\t\t\t\t\t<div class=\"elementor-element elementor-element-4ce0d07f elementor-widget elementor-widget-heading\" data-id=\"4ce0d07f\" data-element_type=\"widget\" data-widget_type=\"heading.default\">\n\t\t\t\t<div class=\"elementor-widget-container\">\n\t\t\t\t\t<h2 class=\"elementor-heading-title elementor-size-default\">B\u00f6l\u00fcm Tan\u0131t\u0131m\u0131<\/h2>\t\t\t\t<\/div>\n\t\t\t\t<\/div>\n\t\t\t\t<div class=\"elementor-element elementor-element-63260862 elementor-widget-divider--view-line elementor-widget elementor-widget-divider\" data-id=\"63260862\" data-element_type=\"widget\" data-widget_type=\"divider.default\">\n\t\t\t\t<div class=\"elementor-widget-container\">\n\t\t\t\t\t\t\t<div class=\"elementor-divider\">\n\t\t\t<span class=\"elementor-divider-separator\">\n\t\t\t\t\t\t<\/span>\n\t\t<\/div>\n\t\t\t\t\t\t<\/div>\n\t\t\t\t<\/div>\n\t\t\t\t\t<\/div>\n\t\t<\/div>\n\t\t\t\t\t<\/div>\n\t\t<\/section>\n\t\t\t\t<section class=\"elementor-section elementor-top-section elementor-element elementor-element-681db8b elementor-section-boxed elementor-section-height-default elementor-section-height-default\" data-id=\"681db8b\" data-element_type=\"section\">\n\t\t\t\t\t\t<div class=\"elementor-container elementor-column-gap-default\">\n\t\t\t\t\t<div class=\"elementor-column elementor-col-100 elementor-top-column elementor-element elementor-element-ad4dac5\" data-id=\"ad4dac5\" data-element_type=\"column\">\n\t\t\t<div class=\"elementor-widget-wrap elementor-element-populated\">\n\t\t\t\t\t\t<div class=\"elementor-element elementor-element-2f96b3d elementor-widget elementor-widget-text-editor\" data-id=\"2f96b3d\" data-element_type=\"widget\" data-widget_type=\"text-editor.default\">\n\t\t\t\t<div class=\"elementor-widget-container\">\n\t\t\t\t\t\t\t\t\t<p>Frans\u0131z Dili ve Edebiyat\u0131 b\u00f6l\u00fcm\u00fc, \u00f6\u011frencilere Frans\u0131z dili ve edebiyat\u0131n\u0131n derinliklerine dalmalar\u0131 i\u00e7in bir platform sa\u011flar. Bu b\u00f6l\u00fcmde verilen e\u011fitim, dilin yap\u0131s\u0131, tarihi geli\u015fimi ve edebi eserlerin analizini i\u00e7erir.<\/p>\n<p>B\u00f6l\u00fcm\u00fcn amac\u0131, \u00f6\u011frencileri Frans\u0131z k\u00fclt\u00fcr\u00fcn\u00fc ve dilinin inceliklerini anlamaya y\u00f6nlendirmektir. E\u011fitim s\u00fcresince, \u00f6\u011frenciler \u00e7e\u015fitli d\u00f6neme ait francouz edebi metinlerle tan\u0131\u015f\u0131r ve bu metinlerianalyze ederler.<\/p>\n<p>Frans\u0131z Dili ve Edebiyat\u0131 b\u00f6l\u00fcm\u00fcnde verilen derslerin i\u00e7eri\u011fi \u00e7e\u015fitlidir. Dilbilgisi, \u00e7eviri, konu\u015fma ve yazma becerileri gibi temel dil habiliterinin yan\u0131 s\u0131ra, Frans\u0131z edebiyat\u0131n\u0131n \u00f6nemli eserleri ve yazarlar\u0131 hakk\u0131nda detailed bilgiler verilir.<\/p>\n<p>Bu b\u00f6l\u00fcmde e\u011fitim alan \u00f6\u011frenciler, francouz k\u00fclt\u00fcr\u00fcn\u00fc derinlemesine \u00f6\u011frenmenin yan\u0131 s\u0131ra, dilbilimsel ve edebi analiz yeteneklerini geli\u015ftirirler. B\u00f6l\u00fcm\u00fcn mezunlar\u0131, \u00e7e\u015fitli sekt\u00f6rlerde-frans\u0131zca bilen elemanlara duyulan ihtiya\u00e7 nedeniyle- i\u015f bulma olanaklar\u0131na sahiptirler.<\/p>\n<p>Frans\u0131z Dili ve Edebiyat\u0131 b\u00f6l\u00fcm\u00fcn\u00fcn sundu\u011fu e\u011fitim, \u00f6\u011frencilere sadece dili de\u011fil, ayn\u0131 zamanda k\u00fclt\u00fcrel bir zenginlik kazand\u0131r\u0131r. Bu nedenle, bu b\u00f6l\u00fcme gelen \u00f6\u011frenciler hem frans\u0131zca \u00f6\u011frenmenin keyfini ya\u015farlar hem de Frans\u0131z edebiyat\u0131n\u0131n geni\u015f d\u00fcnyas\u0131n\u0131 ke\u015ffetme f\u0131rsat\u0131 bulurlar.<\/p>\t\t\t\t\t\t\t\t<\/div>\n\t\t\t\t<\/div>\n\t\t\t\t\t<\/div>\n\t\t<\/div>\n\t\t\t\t\t<\/div>\n\t\t<\/section>\n\t\t\t\t<\/div>\n\t\t","protected":false},"excerpt":{"rendered":"<p>Frans\u0131z Dili ve Edebiyat\u0131 b\u00f6l\u00fcm\u00fc, \u00f6\u011frencilere Frans\u0131z dilinin yan\u0131 s\u0131ra zengin Frans\u0131zca edebiyat\u0131n\u0131n derinliklerini ke\u015ffetme f\u0131rsat\u0131 sunar. Bu b\u00f6l\u00fcm, dilsel yetkinli\u011fin \u00f6tesine ge\u00e7erek k\u00fclt\u00fcrel anlay\u0131\u015f, ele\u015ftirel d\u00fc\u015f\u00fcnme ve analiz becerilerini geli\u015ftirir. \u00d6\u011frenciler, dilbilgisi kurallar\u0131n\u0131 \u00f6\u011frenmekle kalmaz, ayn\u0131 zamanda Frans\u0131z edebiyat\u0131n\u0131n \u00f6nemli eserlerini, yazarlar\u0131n\u0131 ve d\u00f6nemlerini incelerler. Bu sayede, Frans\u0131zca konu\u015fulan \u00fclkelerin k\u00fclt\u00fcrel \u00e7e\u015fitlili\u011fi hakk\u0131nda kapsaml\u0131 [&hellip;]<\/p>\n","protected":false},"author":1,"featured_media":0,"parent":0,"menu_order":0,"comment_status":"closed","ping_status":"closed","template":"elementor_header_footer","meta":{"footnotes":""},"class_list":["post-5728","page","type-page","status-publish","hentry"],"_links":{"self":[{"href":"https:\/\/atauni.edu.tr\/fransiz-dili-ve-edebiyati\/wp-json\/wp\/v2\/pages\/5728","targetHints":{"allow":["GET"]}}],"collection":[{"href":"https:\/\/atauni.edu.tr\/fransiz-dili-ve-edebiyati\/wp-json\/wp\/v2\/pages"}],"about":[{"href":"https:\/\/atauni.edu.tr\/fransiz-dili-ve-edebiyati\/wp-json\/wp\/v2\/types\/page"}],"author":[{"embeddable":true,"href":"https:\/\/atauni.edu.tr\/fransiz-dili-ve-edebiyati\/wp-json\/wp\/v2\/users\/1"}],"replies":[{"embeddable":true,"href":"https:\/\/atauni.edu.tr\/fransiz-dili-ve-edebiyati\/wp-json\/wp\/v2\/comments?post=5728"}],"version-history":[{"count":8,"href":"https:\/\/atauni.edu.tr\/fransiz-dili-ve-edebiyati\/wp-json\/wp\/v2\/pages\/5728\/revisions"}],"predecessor-version":[{"id":6100,"href":"https:\/\/atauni.edu.tr\/fransiz-dili-ve-edebiyati\/wp-json\/wp\/v2\/pages\/5728\/revisions\/6100"}],"wp:attachment":[{"href":"https:\/\/atauni.edu.tr\/fransiz-dili-ve-edebiyati\/wp-json\/wp\/v2\/media?parent=5728"}],"curies":[{"name":"wp","href":"https:\/\/api.w.org\/{rel}","templated":true}]}}