{"id":5734,"date":"2021-07-13T11:37:45","date_gmt":"2021-07-13T08:37:45","guid":{"rendered":"https:\/\/portaltest.atauni.edu.tr\/bilgisayar-muhendisligi\/?page_id=5734"},"modified":"2021-08-27T15:50:14","modified_gmt":"2021-08-27T12:50:14","slug":"ogrenci-deneyimi","status":"publish","type":"page","link":"https:\/\/atauni.edu.tr\/fransiz-dili-ve-edebiyati\/ogrenci-deneyimi\/","title":{"rendered":"\u00d6\u011frenci Deneyimi"},"content":{"rendered":"\t\t<div data-elementor-type=\"wp-page\" data-elementor-id=\"5734\" class=\"elementor elementor-5734\" data-elementor-post-type=\"page\">\n\t\t\t\t\t\t<section class=\"elementor-section elementor-top-section elementor-element elementor-element-730d320 elementor-section-boxed elementor-section-height-default elementor-section-height-default\" data-id=\"730d320\" data-element_type=\"section\">\n\t\t\t\t\t\t<div class=\"elementor-container elementor-column-gap-default\">\n\t\t\t\t\t<div class=\"elementor-column elementor-col-100 elementor-top-column elementor-element elementor-element-753d0860\" data-id=\"753d0860\" data-element_type=\"column\">\n\t\t\t<div class=\"elementor-widget-wrap\">\n\t\t\t\t\t\t\t<\/div>\n\t\t<\/div>\n\t\t\t\t\t<\/div>\n\t\t<\/section>\n\t\t\t\t<section class=\"elementor-section elementor-top-section elementor-element elementor-element-9be811a elementor-section-boxed elementor-section-height-default elementor-section-height-default\" data-id=\"9be811a\" data-element_type=\"section\">\n\t\t\t\t\t\t<div class=\"elementor-container elementor-column-gap-default\">\n\t\t\t\t\t<div class=\"elementor-column elementor-col-100 elementor-top-column elementor-element elementor-element-1ed847b7\" data-id=\"1ed847b7\" data-element_type=\"column\">\n\t\t\t<div class=\"elementor-widget-wrap elementor-element-populated\">\n\t\t\t\t\t\t<div class=\"elementor-element elementor-element-4ce0d07f elementor-widget elementor-widget-heading\" data-id=\"4ce0d07f\" data-element_type=\"widget\" data-widget_type=\"heading.default\">\n\t\t\t\t<div class=\"elementor-widget-container\">\n\t\t\t\t\t<h2 class=\"elementor-heading-title elementor-size-default\">\u00d6\u011frenci Deneyimi<\/h2>\t\t\t\t<\/div>\n\t\t\t\t<\/div>\n\t\t\t\t<div class=\"elementor-element elementor-element-63260862 elementor-widget-divider--view-line elementor-widget elementor-widget-divider\" data-id=\"63260862\" data-element_type=\"widget\" data-widget_type=\"divider.default\">\n\t\t\t\t<div class=\"elementor-widget-container\">\n\t\t\t\t\t\t\t<div class=\"elementor-divider\">\n\t\t\t<span class=\"elementor-divider-separator\">\n\t\t\t\t\t\t<\/span>\n\t\t<\/div>\n\t\t\t\t\t\t<\/div>\n\t\t\t\t<\/div>\n\t\t\t\t\t<\/div>\n\t\t<\/div>\n\t\t\t\t\t<\/div>\n\t\t<\/section>\n\t\t\t\t<section class=\"elementor-section elementor-top-section elementor-element elementor-element-4debb41 elementor-section-boxed elementor-section-height-default elementor-section-height-default\" data-id=\"4debb41\" data-element_type=\"section\">\n\t\t\t\t\t\t<div class=\"elementor-container elementor-column-gap-default\">\n\t\t\t\t\t<div class=\"elementor-column elementor-col-100 elementor-top-column elementor-element elementor-element-28420b1\" data-id=\"28420b1\" data-element_type=\"column\">\n\t\t\t<div class=\"elementor-widget-wrap elementor-element-populated\">\n\t\t\t\t\t\t<div class=\"elementor-element elementor-element-e007b90 elementor-widget elementor-widget-ova_testimonial\" data-id=\"e007b90\" data-element_type=\"widget\" data-settings=\"{&quot;pause_on_hover&quot;:&quot;yes&quot;,&quot;infinite&quot;:&quot;yes&quot;,&quot;autoplay&quot;:&quot;yes&quot;,&quot;autoplay_speed&quot;:3000,&quot;dot_control&quot;:&quot;yes&quot;}\" data-widget_type=\"ova_testimonial.default\">\n\t\t\t\t<div class=\"elementor-widget-container\">\n\t\t\t\t\t\n\t\t\n\t\t\t<section class=\"ova-testimonial \">\n\t\t\t\t<div class=\"slide-testimonials owl-carousel owl-theme\" data-options=\"{&quot;items&quot;:3,&quot;slideBy&quot;:1,&quot;margin&quot;:30,&quot;autoplayHoverPause&quot;:true,&quot;loop&quot;:true,&quot;autoplay&quot;:true,&quot;autoplayTimeout&quot;:3000,&quot;smartSpeed&quot;:500,&quot;dots&quot;:true}\">\n\t\t\t\t\t\t\t\t\t\t\t<div class=\"item\">\n\t\t\t\t\t\t\t<div class=\"client_info\">\n\t\t\t\t\t\t\t\t\t\t\t\t\t\t\t\t\t<p class=\"evaluate\">\u00d6\u011frenci Deneyimi\nAtat\u00fcrk \u00dcniversitesi Frans\u0131z Dili ve Edebiyat\u0131 b\u00f6l\u00fcm\u00fc, \u00f6\u011frencilerin dillerini geli\u015ftirmeleri ve k\u00fclt\u00fcrleri ke\u015ffetmeleri i\u00e7in ideal bir ortam sunar. \u00d6\u011frenciler, uzman \u00f6\u011fretmenler e\u015fli\u011finde Frans\u0131zca dilbilgisi, edebiyat ve k\u00fclt\u00fcr konular\u0131nda derinlemesine bilgi sahibi olurlar.\n\nB\u00f6l\u00fcm\u00fcn sundu\u011fu imkanlar aras\u0131nda dil laboratuvarlar\u0131, k\u00fct\u00fcphane ve k\u00fclt\u00fcrel etkinlikler bulunur. \u00d6\u011frenciler, bu olanaklardan yararlanarak pratik becerilerini geli\u015ftirir ve kendilerini farkl\u0131 alanlarda geli\u015ftirebilirler.\n\nAyr\u0131ca, b\u00f6l\u00fcm \u00f6\u011frencilerine \u00e7e\u015fitli projeler ve at\u00f6lye \u00e7al\u0131\u015fmalar\u0131 ile deneyimsel \u00f6\u011frenme f\u0131rsatlar\u0131 sunar. Bu sayede, \u00f6\u011frenciler teorik bilgileri prati\u011fe d\u00f6kerek ger\u00e7ek ya\u015fam uygulamalar\u0131nda kullanabilirler.\n\n\u00d6\u011frencilerin akademik ve ki\u015fisel geli\u015fimlerini desteklemek amac\u0131yla b\u00f6l\u00fcm, dan\u0131\u015fmanl\u0131k hizmetleri ve kariyer planlama gibi oportuniteleri de sa\u011flar. B\u00f6ylece, mezunlar kendilerini i\u015f piyasas\u0131nda veya akademik kariyerde ba\u015far\u0131l\u0131 bir \u015fekilde konumland\u0131rabilirler.\n\nAtat\u00fcrk \u00dcniversitesi Frans\u0131z Dili ve Edebiyat\u0131 b\u00f6l\u00fcm\u00fcnde ge\u00e7irilen zaman, \u00f6\u011frencilere sadece dil ve edebiyat hakk\u0131nda de\u011fil, ayn\u0131 zamanda k\u00fcresel vatanda\u015fl\u0131k, ele\u015ftirel d\u00fc\u015f\u00fcnme ve ileti\u015fim becerileri gibi \u00f6nemli ya\u015fam becerileri kazand\u0131r\u0131r. Bu deneyim, mezunlar\u0131n pers\u00f6nal ve profesyonel ya\u015famlar\u0131nda olumlu bir \u015fekilde etkiler.<\/p>\n\t\t\t\t\t\t\t\t\n\t\t\t\t\t\t\t\t<div class=\"info\">\n\t\t\t\t\t\t\t\t\t\t\t\t\t\t\t\t\t\t<div class=\"name-job\">\n\t\t\t\t\t\t\t\t\t\t\t\t\t\t\t\t\t\t\t\t\t<p class=\"name second_font\">\u00d6\u011frenci Deneyimi\nAtat\u00fcrk \u00dcniversitesi Frans\u0131z Dili ve Edebiyat\u0131 b\u00f6l\u00fcm\u00fc, \u00f6\u011frencilerin dillerini geli\u015ftirmeleri ve k\u00fclt\u00fcrleri ke\u015ffetmeleri i\u00e7in ideal bir ortam sunar. \u00d6\u011frenciler, uzman \u00f6\u011fretmenler e\u015fli\u011finde Frans\u0131zca dilbilgisi, edebiyat ve k\u00fclt\u00fcr konular\u0131nda derinlemesine bilgi sahibi olurlar.\n\nB\u00f6l\u00fcm\u00fcn sundu\u011fu imkanlar aras\u0131nda dil laboratuvarlar\u0131, k\u00fct\u00fcphane ve k\u00fclt\u00fcrel etkinlikler bulunur. \u00d6\u011frenciler, bu olanaklardan yararlanarak pratik becerilerini geli\u015ftirir ve kendilerini farkl\u0131 alanlarda geli\u015ftirebilirler.\n\nAyr\u0131ca, b\u00f6l\u00fcm \u00f6\u011frencilerine \u00e7e\u015fitli projeler ve at\u00f6lye \u00e7al\u0131\u015fmalar\u0131 ile deneyimsel \u00f6\u011frenme f\u0131rsatlar\u0131 sunar. Bu sayede, \u00f6\u011frenciler teorik bilgileri prati\u011fe d\u00f6kerek ger\u00e7ek ya\u015fam uygulamalar\u0131nda kullanabilirler.\n\n\u00d6\u011frencilerin akademik ve ki\u015fisel geli\u015fimlerini desteklemek amac\u0131yla b\u00f6l\u00fcm, dan\u0131\u015fmanl\u0131k hizmetleri ve kariyer planlama gibi oportuniteleri de sa\u011flar. B\u00f6ylece, mezunlar kendilerini i\u015f piyasas\u0131nda veya akademik kariyerde ba\u015far\u0131l\u0131 bir \u015fekilde konumland\u0131rabilirler.\n\nAtat\u00fcrk \u00dcniversitesi Frans\u0131z Dili ve Edebiyat\u0131 b\u00f6l\u00fcm\u00fcnde ge\u00e7irilen zaman, \u00f6\u011frencilere sadece dil ve edebiyat hakk\u0131nda de\u011fil, ayn\u0131 zamanda k\u00fcresel vatanda\u015fl\u0131k, ele\u015ftirel d\u00fc\u015f\u00fcnme ve ileti\u015fim becerileri gibi \u00f6nemli ya\u015fam becerileri kazand\u0131r\u0131r. Bu deneyim, mezunlar\u0131n pers\u00f6nal ve profesyonel ya\u015famlar\u0131nda olumlu bir \u015fekilde etkiler.<\/p>\n\t\t\t\t\t\t\t\t\t\t\t\t\t\t\t\t\t\t\t\t\t\t\t\t\t\t\t\t\t\t\t<p class=\"job\">\u00d6\u011frenci Deneyimi\nAtat\u00fcrk \u00dcniversitesi Frans\u0131z Dili ve Edebiyat\u0131 b\u00f6l\u00fcm\u00fc, \u00f6\u011frencilerin dillerini geli\u015ftirmeleri ve k\u00fclt\u00fcrleri ke\u015ffetmeleri i\u00e7in ideal bir ortam sunar. \u00d6\u011frenciler, uzman \u00f6\u011fretmenler e\u015fli\u011finde Frans\u0131zca dilbilgisi, edebiyat ve k\u00fclt\u00fcr konular\u0131nda derinlemesine bilgi sahibi olurlar.\n\nB\u00f6l\u00fcm\u00fcn sundu\u011fu imkanlar aras\u0131nda dil laboratuvarlar\u0131, k\u00fct\u00fcphane ve k\u00fclt\u00fcrel etkinlikler bulunur. \u00d6\u011frenciler, bu olanaklardan yararlanarak pratik becerilerini geli\u015ftirir ve kendilerini farkl\u0131 alanlarda geli\u015ftirebilirler.\n\nAyr\u0131ca, b\u00f6l\u00fcm \u00f6\u011frencilerine \u00e7e\u015fitli projeler ve at\u00f6lye \u00e7al\u0131\u015fmalar\u0131 ile deneyimsel \u00f6\u011frenme f\u0131rsatlar\u0131 sunar. Bu sayede, \u00f6\u011frenciler teorik bilgileri prati\u011fe d\u00f6kerek ger\u00e7ek ya\u015fam uygulamalar\u0131nda kullanabilirler.\n\n\u00d6\u011frencilerin akademik ve ki\u015fisel geli\u015fimlerini desteklemek amac\u0131yla b\u00f6l\u00fcm, dan\u0131\u015fmanl\u0131k hizmetleri ve kariyer planlama gibi oportuniteleri de sa\u011flar. B\u00f6ylece, mezunlar kendilerini i\u015f piyasas\u0131nda veya akademik kariyerde ba\u015far\u0131l\u0131 bir \u015fekilde konumland\u0131rabilirler.\n\nAtat\u00fcrk \u00dcniversitesi Frans\u0131z Dili ve Edebiyat\u0131 b\u00f6l\u00fcm\u00fcnde ge\u00e7irilen zaman, \u00f6\u011frencilere sadece dil ve edebiyat hakk\u0131nda de\u011fil, ayn\u0131 zamanda k\u00fcresel vatanda\u015fl\u0131k, ele\u015ftirel d\u00fc\u015f\u00fcnme ve ileti\u015fim becerileri gibi \u00f6nemli ya\u015fam becerileri kazand\u0131r\u0131r. Bu deneyim, mezunlar\u0131n pers\u00f6nal ve profesyonel ya\u015famlar\u0131nda olumlu bir \u015fekilde etkiler.<\/p>\n\t\t\t\t\t\t\t\t\t\t\t\t\t\t\t\t\t\t\t<\/div>\n\t\t\t\t\t\t\t\t<\/div>\n\t\t\t\t\t\t\t\t\n\t\t\t\t\t\t\t\t\t\t\t\t\t\t\t\t\t<div class=\"icon-quote\">\n\t\t\t\t\t\t\t\t\t\t<span class=\"flaticon-left-quote-1\"><\/span>\n\t\t\t\t\t\t\t\t\t<\/div>\n\t\t\t\t\t\t\t\t\t\t\t\t\t\t\t<\/div>\n\t\t\t\t\t\t<\/div>\n\t\t\t\t\t\t\t\t\t<\/div>\n\t\t\t<\/section>\n\n\t\t\t\t\n\t\t\t\t\t\t<\/div>\n\t\t\t\t<\/div>\n\t\t\t\t\t<\/div>\n\t\t<\/div>\n\t\t\t\t\t<\/div>\n\t\t<\/section>\n\t\t\t\t<\/div>\n\t\t","protected":false},"excerpt":{"rendered":"<p>**\u00d6\u011frenci Deneyimi** Frans\u0131z Dili ve Edebiyat\u0131 b\u00f6l\u00fcm\u00fcnde okumak, yaln\u0131zca akademik bilgi edinmekten daha fazlas\u0131n\u0131 sa\u011flar. \u00d6\u011frencilerimiz, dil becerilerini geli\u015ftirirken ayn\u0131 zamanda Frans\u0131z k\u00fclt\u00fcr\u00fcn\u00fc ve edebiyat\u0131n\u0131 derinlemesine ke\u015ffederler. B\u00f6l\u00fcm\u00fcm\u00fcz\u00fcn sundu\u011fu zengin i\u00e7erikli ders program\u0131 ve deneyimli \u00f6\u011fretim kadrosu, \u00f6\u011frencilere teorik ve pratik bilgi kazand\u0131r\u0131rken, onlara farkl\u0131 k\u00fclt\u00fcrel ba\u011flamlar\u0131 anlamak i\u00e7in gerekli ara\u00e7lar\u0131 da sa\u011flar. \u00d6\u011frenci deneyimi, [&hellip;]<\/p>\n","protected":false},"author":1,"featured_media":0,"parent":0,"menu_order":0,"comment_status":"closed","ping_status":"closed","template":"elementor_header_footer","meta":{"footnotes":""},"class_list":["post-5734","page","type-page","status-publish","hentry"],"_links":{"self":[{"href":"https:\/\/atauni.edu.tr\/fransiz-dili-ve-edebiyati\/wp-json\/wp\/v2\/pages\/5734","targetHints":{"allow":["GET"]}}],"collection":[{"href":"https:\/\/atauni.edu.tr\/fransiz-dili-ve-edebiyati\/wp-json\/wp\/v2\/pages"}],"about":[{"href":"https:\/\/atauni.edu.tr\/fransiz-dili-ve-edebiyati\/wp-json\/wp\/v2\/types\/page"}],"author":[{"embeddable":true,"href":"https:\/\/atauni.edu.tr\/fransiz-dili-ve-edebiyati\/wp-json\/wp\/v2\/users\/1"}],"replies":[{"embeddable":true,"href":"https:\/\/atauni.edu.tr\/fransiz-dili-ve-edebiyati\/wp-json\/wp\/v2\/comments?post=5734"}],"version-history":[{"count":20,"href":"https:\/\/atauni.edu.tr\/fransiz-dili-ve-edebiyati\/wp-json\/wp\/v2\/pages\/5734\/revisions"}],"predecessor-version":[{"id":6103,"href":"https:\/\/atauni.edu.tr\/fransiz-dili-ve-edebiyati\/wp-json\/wp\/v2\/pages\/5734\/revisions\/6103"}],"wp:attachment":[{"href":"https:\/\/atauni.edu.tr\/fransiz-dili-ve-edebiyati\/wp-json\/wp\/v2\/media?parent=5734"}],"curies":[{"name":"wp","href":"https:\/\/api.w.org\/{rel}","templated":true}]}}