{"id":5751,"date":"2021-07-13T12:50:27","date_gmt":"2021-07-13T09:50:27","guid":{"rendered":"https:\/\/portaltest.atauni.edu.tr\/bilgisayar-muhendisligi\/?page_id=5751"},"modified":"2021-08-27T15:49:39","modified_gmt":"2021-08-27T12:49:39","slug":"lisansustu-ders-listesi","status":"publish","type":"page","link":"https:\/\/atauni.edu.tr\/fransiz-dili-ve-edebiyati\/lisansustu-ders-listesi\/","title":{"rendered":"Ders Listesi"},"content":{"rendered":"\t\t<div data-elementor-type=\"wp-page\" data-elementor-id=\"5751\" class=\"elementor elementor-5751\" data-elementor-post-type=\"page\">\n\t\t\t\t\t\t<section class=\"elementor-section elementor-top-section elementor-element elementor-element-730d320 elementor-section-boxed elementor-section-height-default elementor-section-height-default\" data-id=\"730d320\" data-element_type=\"section\">\n\t\t\t\t\t\t<div class=\"elementor-container elementor-column-gap-default\">\n\t\t\t\t\t<div class=\"elementor-column elementor-col-100 elementor-top-column elementor-element elementor-element-753d0860\" data-id=\"753d0860\" data-element_type=\"column\">\n\t\t\t<div class=\"elementor-widget-wrap\">\n\t\t\t\t\t\t\t<\/div>\n\t\t<\/div>\n\t\t\t\t\t<\/div>\n\t\t<\/section>\n\t\t\t\t<section class=\"elementor-section elementor-top-section elementor-element elementor-element-9be811a elementor-section-boxed elementor-section-height-default elementor-section-height-default\" data-id=\"9be811a\" data-element_type=\"section\">\n\t\t\t\t\t\t<div class=\"elementor-container elementor-column-gap-default\">\n\t\t\t\t\t<div class=\"elementor-column elementor-col-100 elementor-top-column elementor-element elementor-element-1ed847b7\" data-id=\"1ed847b7\" data-element_type=\"column\">\n\t\t\t<div class=\"elementor-widget-wrap elementor-element-populated\">\n\t\t\t\t\t\t<div class=\"elementor-element elementor-element-4ce0d07f elementor-widget elementor-widget-heading\" data-id=\"4ce0d07f\" data-element_type=\"widget\" data-widget_type=\"heading.default\">\n\t\t\t\t<div class=\"elementor-widget-container\">\n\t\t\t\t\t<h2 class=\"elementor-heading-title elementor-size-default\">Lisans\u00fcst\u00fc Ders Listesi<\/h2>\t\t\t\t<\/div>\n\t\t\t\t<\/div>\n\t\t\t\t<div class=\"elementor-element elementor-element-63260862 elementor-widget-divider--view-line elementor-widget elementor-widget-divider\" data-id=\"63260862\" data-element_type=\"widget\" data-widget_type=\"divider.default\">\n\t\t\t\t<div class=\"elementor-widget-container\">\n\t\t\t\t\t\t\t<div class=\"elementor-divider\">\n\t\t\t<span class=\"elementor-divider-separator\">\n\t\t\t\t\t\t<\/span>\n\t\t<\/div>\n\t\t\t\t\t\t<\/div>\n\t\t\t\t<\/div>\n\t\t\t\t\t<\/div>\n\t\t<\/div>\n\t\t\t\t\t<\/div>\n\t\t<\/section>\n\t\t\t\t<section class=\"elementor-section elementor-top-section elementor-element elementor-element-6a5b7ef elementor-section-boxed elementor-section-height-default elementor-section-height-default\" data-id=\"6a5b7ef\" data-element_type=\"section\">\n\t\t\t\t\t\t<div class=\"elementor-container elementor-column-gap-default\">\n\t\t\t\t\t<div class=\"elementor-column elementor-col-100 elementor-top-column elementor-element elementor-element-ce70762\" data-id=\"ce70762\" data-element_type=\"column\">\n\t\t\t<div class=\"elementor-widget-wrap elementor-element-populated\">\n\t\t\t\t\t\t<div class=\"elementor-element elementor-element-b780842 elementor-widget elementor-widget-text-editor\" data-id=\"b780842\" data-element_type=\"widget\" data-widget_type=\"text-editor.default\">\n\t\t\t\t<div class=\"elementor-widget-container\">\n\t\t\t\t\t\t\t\t\t<p>Atat\u00fcrk \u00dcniversitesi Frans\u0131z Dili ve Edebiyat\u0131 b\u00f6l\u00fcm\u00fcn\u00fcn ders listesi, \u00f6\u011frencilerin akademik ilerleyi\u015fini desteklemek amac\u0131yla haz\u0131rlanm\u0131\u015ft\u0131r. Bu liste, \u00f6\u011frencilere b\u00f6l\u00fcme ait temel ve zorunlu derslerin yan\u0131 s\u0131ra se\u00e7meli dersleri de g\u00f6sterir.<\/p>\n<p>Dersler genellikle d\u00f6rt y\u0131ll\u0131k lisans e\u011fitimi s\u00fcresince da\u011f\u0131t\u0131lm\u0131\u015ft\u0131r ve her y\u0131l certain say\u0131da ders bulunur. \u0130lk y\u0131llar\u0131nda \u00f6\u011frenciler daha \u00e7ok dil habiliteini geli\u015ftirmeye y\u00f6nelik temel derslerle kar\u015f\u0131la\u015f\u0131rken, ilerleyen y\u0131llarda edebiyat ve k\u00fclt\u00fcr hakk\u0131nda daha derinlemesine bilgiler i\u00e7eren derslere yer verilir.<\/p>\n<p>\u00d6\u011frencilerin kendi ilgi alanlar\u0131na g\u00f6re se\u00e7ebilecekleri \u00e7e\u015fitli se\u00e7meli dersler de mevcuttur. Bu se\u00e7meli dersler, \u00f6\u011frencilere farkl\u0131 konularda uzmanla\u015fmalar\u0131na veya belirli bir alanda daha derinlemesine bilgi sahibi olmalar\u0131na olanak tan\u0131r.<\/p>\n<p>B\u00f6l\u00fcm\u00fcn ders listesinde yer alan baz\u0131 ba\u015fl\u0131ca ders konular\u0131 aras\u0131nda Frans\u0131z dili habiliteini geli\u015ftirme, Frans\u0131z edebiyat\u0131 tarihi, Frans\u0131z k\u00fclt\u00fcr\u00fc ve Medeniyeti, \u00e7eviri teknikleri ve dil bilimi bulunur. \u00d6\u011frencilerin bu \u00e7e\u015fitlilikte verilen derslerle birlikte hem dil becerilerini geli\u015ftirmeleri hem de Frans\u0131z edebiyat\u0131n\u0131n zengin k\u00fclt\u00fcrel miras\u0131n\u0131 tan\u0131malar\u0131 ama\u00e7lan\u0131r.<\/p>\n<p>Atat\u00fcrk \u00dcniversitesi Frans\u0131z Dili ve Edebiyat\u0131 b\u00f6l\u00fcm\u00fcn\u00fcn sundu\u011fu kapsaml\u0131 e\u011fitim program\u0131, \u00f6\u011frencilerin sadece akademik ba\u015far\u0131ya de\u011fil, ayn\u0131 zamanda ki\u015fisel geli\u015fim ve kariyer hedeflerine ula\u015fmalar\u0131na da katk\u0131da bulunur. Mezun olanlar, dil habiliteini g\u00fc\u00e7l\u00fc bir \u015fekilde kazanm\u0131\u015f olarak \u00e7e\u015fitli sekt\u00f6rlerde istihdam edilebilirler.<\/p>\t\t\t\t\t\t\t\t<\/div>\n\t\t\t\t<\/div>\n\t\t\t\t\t<\/div>\n\t\t<\/div>\n\t\t\t\t\t<\/div>\n\t\t<\/section>\n\t\t\t\t<\/div>\n\t\t","protected":false},"excerpt":{"rendered":"<p>**Frans\u0131z Dili ve Edebiyat\u0131 Ders Listesi** Frans\u0131z Dili ve Edebiyat\u0131 b\u00f6l\u00fcm\u00fc, \u00f6\u011frencilere Frans\u0131z dilini ve edebiyat\u0131n\u0131 derinlemesine \u00f6\u011frenme f\u0131rsat\u0131 sunan zengin bir akademik programd\u0131r. B\u00f6l\u00fcm\u00fcn ders listesinde yer alan \u00e7e\u015fitli kurslar, \u00f6\u011frencilerin dil becerilerini geli\u015ftirmelerine, Frans\u0131z edebiyat\u0131n\u0131n farkl\u0131 d\u00f6nemlerini ke\u015ffetmelerine ve k\u00fclt\u00fcrel anlay\u0131\u015f\u0131 derinle\u015ftirmelerine yard\u0131mc\u0131 olur. **Dil Becerileri Dersleri:** &#8211; **Temel Frans\u0131zca**: Temel dil becerilerinin [&hellip;]<\/p>\n","protected":false},"author":1,"featured_media":0,"parent":0,"menu_order":0,"comment_status":"closed","ping_status":"closed","template":"elementor_header_footer","meta":{"footnotes":""},"class_list":["post-5751","page","type-page","status-publish","hentry"],"_links":{"self":[{"href":"https:\/\/atauni.edu.tr\/fransiz-dili-ve-edebiyati\/wp-json\/wp\/v2\/pages\/5751","targetHints":{"allow":["GET"]}}],"collection":[{"href":"https:\/\/atauni.edu.tr\/fransiz-dili-ve-edebiyati\/wp-json\/wp\/v2\/pages"}],"about":[{"href":"https:\/\/atauni.edu.tr\/fransiz-dili-ve-edebiyati\/wp-json\/wp\/v2\/types\/page"}],"author":[{"embeddable":true,"href":"https:\/\/atauni.edu.tr\/fransiz-dili-ve-edebiyati\/wp-json\/wp\/v2\/users\/1"}],"replies":[{"embeddable":true,"href":"https:\/\/atauni.edu.tr\/fransiz-dili-ve-edebiyati\/wp-json\/wp\/v2\/comments?post=5751"}],"version-history":[{"count":11,"href":"https:\/\/atauni.edu.tr\/fransiz-dili-ve-edebiyati\/wp-json\/wp\/v2\/pages\/5751\/revisions"}],"predecessor-version":[{"id":6097,"href":"https:\/\/atauni.edu.tr\/fransiz-dili-ve-edebiyati\/wp-json\/wp\/v2\/pages\/5751\/revisions\/6097"}],"wp:attachment":[{"href":"https:\/\/atauni.edu.tr\/fransiz-dili-ve-edebiyati\/wp-json\/wp\/v2\/media?parent=5751"}],"curies":[{"name":"wp","href":"https:\/\/api.w.org\/{rel}","templated":true}]}}