{"id":5762,"date":"2021-07-13T12:55:48","date_gmt":"2021-07-13T09:55:48","guid":{"rendered":"https:\/\/portaltest.atauni.edu.tr\/bilgisayar-muhendisligi\/?page_id=5762"},"modified":"2021-09-13T10:25:33","modified_gmt":"2021-09-13T07:25:33","slug":"lisans-ders-listesi","status":"publish","type":"page","link":"https:\/\/atauni.edu.tr\/fransiz-dili-ve-edebiyati\/lisans-ders-listesi\/","title":{"rendered":"Ders Listesi"},"content":{"rendered":"\t\t<div data-elementor-type=\"wp-page\" data-elementor-id=\"5762\" class=\"elementor elementor-5762\" data-elementor-post-type=\"page\">\n\t\t\t\t\t\t<section class=\"elementor-section elementor-top-section elementor-element elementor-element-730d320 elementor-section-boxed elementor-section-height-default elementor-section-height-default\" data-id=\"730d320\" data-element_type=\"section\">\n\t\t\t\t\t\t<div class=\"elementor-container elementor-column-gap-default\">\n\t\t\t\t\t<div class=\"elementor-column elementor-col-100 elementor-top-column elementor-element elementor-element-753d0860\" data-id=\"753d0860\" data-element_type=\"column\">\n\t\t\t<div class=\"elementor-widget-wrap\">\n\t\t\t\t\t\t\t<\/div>\n\t\t<\/div>\n\t\t\t\t\t<\/div>\n\t\t<\/section>\n\t\t\t\t<section class=\"elementor-section elementor-top-section elementor-element elementor-element-9be811a elementor-section-boxed elementor-section-height-default elementor-section-height-default\" data-id=\"9be811a\" data-element_type=\"section\">\n\t\t\t\t\t\t<div class=\"elementor-container elementor-column-gap-default\">\n\t\t\t\t\t<div class=\"elementor-column elementor-col-100 elementor-top-column elementor-element elementor-element-1ed847b7\" data-id=\"1ed847b7\" data-element_type=\"column\">\n\t\t\t<div class=\"elementor-widget-wrap elementor-element-populated\">\n\t\t\t\t\t\t<div class=\"elementor-element elementor-element-4ce0d07f elementor-widget elementor-widget-heading\" data-id=\"4ce0d07f\" data-element_type=\"widget\" data-widget_type=\"heading.default\">\n\t\t\t\t<div class=\"elementor-widget-container\">\n\t\t\t\t\t<h2 class=\"elementor-heading-title elementor-size-default\">Lisans Ders Listesi<\/h2>\t\t\t\t<\/div>\n\t\t\t\t<\/div>\n\t\t\t\t<div class=\"elementor-element elementor-element-63260862 elementor-widget-divider--view-line elementor-widget elementor-widget-divider\" data-id=\"63260862\" data-element_type=\"widget\" data-widget_type=\"divider.default\">\n\t\t\t\t<div class=\"elementor-widget-container\">\n\t\t\t\t\t\t\t<div class=\"elementor-divider\">\n\t\t\t<span class=\"elementor-divider-separator\">\n\t\t\t\t\t\t<\/span>\n\t\t<\/div>\n\t\t\t\t\t\t<\/div>\n\t\t\t\t<\/div>\n\t\t\t\t\t<\/div>\n\t\t<\/div>\n\t\t\t\t\t<\/div>\n\t\t<\/section>\n\t\t\t\t<section class=\"elementor-section elementor-top-section elementor-element elementor-element-ff12562 elementor-section-boxed elementor-section-height-default elementor-section-height-default\" data-id=\"ff12562\" data-element_type=\"section\">\n\t\t\t\t\t\t<div class=\"elementor-container elementor-column-gap-default\">\n\t\t\t\t\t<div class=\"elementor-column elementor-col-100 elementor-top-column elementor-element elementor-element-2aa5f38\" data-id=\"2aa5f38\" data-element_type=\"column\">\n\t\t\t<div class=\"elementor-widget-wrap elementor-element-populated\">\n\t\t\t\t\t\t<div class=\"elementor-element elementor-element-3f6c81d elementor-widget elementor-widget-text-editor\" data-id=\"3f6c81d\" data-element_type=\"widget\" data-widget_type=\"text-editor.default\">\n\t\t\t\t<div class=\"elementor-widget-container\">\n\t\t\t\t\t\t\t\t\t<p>Frans\u0131z Dili ve Edebiyat\u0131 b\u00f6l\u00fcm\u00fcn\u00fcn ders listesi, \u00f6\u011frencilerin dil becerilerini geli\u015ftirmelerine ve Frans\u0131z edebiyat\u0131n\u0131 derinlemesine incelemelerine yard\u0131mc\u0131 olur.<\/p>\n<p>Dersler, temel dilbilgisi kurallar\u0131ndan ba\u015flayarak, ileri seviye dil kullan\u0131m\u0131 ve edebi analiz konular\u0131na kadar \u00e7e\u015fitlilik g\u00f6sterir.<\/p>\n<p>\u00d6\u011frenciler, Frans\u0131zca konu\u015fma, yazma, okuma ve dinleme becerilerini geli\u015ftirirken ayn\u0131 zamanda Frans\u0131z k\u00fclt\u00fcr\u00fc ve tarihi hakk\u0131nda da bilgi sahibi olurlar.<\/p>\n<p>Ders listesinde yer alan baz\u0131 dersler \u015funlard\u0131r:<\/p>\n<ul>\n<li>Frans\u0131zca Dilbilgisi<\/li>\n<li>Frans\u0131zca Konu\u015fma ve Yazma Becerileri<\/li>\n<li>Frans\u0131zca Edebiyat\u0131 Tarihi<\/li>\n<li>Fransa Tarihi ve K\u00fclt\u00fcr\u00fc<\/li>\n<li>\u00c7eviribilim ve Uygulamalar\u0131<\/li>\n<li>Yabanc\u0131 Dil \u00d6\u011fretimi Y\u00f6ntemleri<\/li>\n<\/ul>\n<p>Bu dersler, \u00f6\u011frencilerin Frans\u0131z Dili ve Edebiyat\u0131 alan\u0131nda geni\u015f bir perspektife sahip olmalar\u0131n\u0131 ama\u00e7lar.<\/p>\t\t\t\t\t\t\t\t<\/div>\n\t\t\t\t<\/div>\n\t\t\t\t\t<\/div>\n\t\t<\/div>\n\t\t\t\t\t<\/div>\n\t\t<\/section>\n\t\t\t\t<\/div>\n\t\t","protected":false},"excerpt":{"rendered":"<p>Frans\u0131z Dili ve Edebiyat\u0131 b\u00f6l\u00fcm\u00fcnde sunulan dersler, \u00f6\u011frencilerin dil becerilerini geli\u015ftirmelerine ve Frans\u0131z edebiyat\u0131n\u0131 derinlemesine incelemelerine olanak tan\u0131yan geni\u015f bir yelpazeyi kapsar. Bu b\u00f6l\u00fcm\u00fcn sundu\u011fu ders \u00e7e\u015fitlili\u011fi, \u00f6\u011frencilere Frans\u0131z k\u00fclt\u00fcr\u00fcn\u00fc ve tarihi ba\u011flam\u0131n\u0131 anlamalar\u0131na yard\u0131mc\u0131 olurken ayn\u0131 zamanda dilbilgisi ve ileti\u015fim becerilerini de geli\u015ftirir. A\u015fa\u011f\u0131da belirtilen dersler, Frans\u0131z Dili ve Edebiyat\u0131 b\u00f6l\u00fcm\u00fcn\u00fcn temel ve se\u00e7meli [&hellip;]<\/p>\n","protected":false},"author":1,"featured_media":0,"parent":0,"menu_order":0,"comment_status":"closed","ping_status":"closed","template":"elementor_header_footer","meta":{"footnotes":""},"class_list":["post-5762","page","type-page","status-publish","hentry"],"_links":{"self":[{"href":"https:\/\/atauni.edu.tr\/fransiz-dili-ve-edebiyati\/wp-json\/wp\/v2\/pages\/5762","targetHints":{"allow":["GET"]}}],"collection":[{"href":"https:\/\/atauni.edu.tr\/fransiz-dili-ve-edebiyati\/wp-json\/wp\/v2\/pages"}],"about":[{"href":"https:\/\/atauni.edu.tr\/fransiz-dili-ve-edebiyati\/wp-json\/wp\/v2\/types\/page"}],"author":[{"embeddable":true,"href":"https:\/\/atauni.edu.tr\/fransiz-dili-ve-edebiyati\/wp-json\/wp\/v2\/users\/1"}],"replies":[{"embeddable":true,"href":"https:\/\/atauni.edu.tr\/fransiz-dili-ve-edebiyati\/wp-json\/wp\/v2\/comments?post=5762"}],"version-history":[{"count":11,"href":"https:\/\/atauni.edu.tr\/fransiz-dili-ve-edebiyati\/wp-json\/wp\/v2\/pages\/5762\/revisions"}],"predecessor-version":[{"id":6123,"href":"https:\/\/atauni.edu.tr\/fransiz-dili-ve-edebiyati\/wp-json\/wp\/v2\/pages\/5762\/revisions\/6123"}],"wp:attachment":[{"href":"https:\/\/atauni.edu.tr\/fransiz-dili-ve-edebiyati\/wp-json\/wp\/v2\/media?parent=5762"}],"curies":[{"name":"wp","href":"https:\/\/api.w.org\/{rel}","templated":true}]}}