{"id":5765,"date":"2021-07-13T12:56:51","date_gmt":"2021-07-13T09:56:51","guid":{"rendered":"https:\/\/portaltest.atauni.edu.tr\/bilgisayar-muhendisligi\/?page_id=5765"},"modified":"2021-08-27T15:48:18","modified_gmt":"2021-08-27T12:48:18","slug":"anabilim-dallari","status":"publish","type":"page","link":"https:\/\/atauni.edu.tr\/fransiz-dili-ve-edebiyati\/anabilim-dallari\/","title":{"rendered":"Anabilim Dallar\u0131"},"content":{"rendered":"\t\t<div data-elementor-type=\"wp-page\" data-elementor-id=\"5765\" class=\"elementor elementor-5765\" data-elementor-post-type=\"page\">\n\t\t\t\t\t\t<section class=\"elementor-section elementor-top-section elementor-element elementor-element-730d320 elementor-section-boxed elementor-section-height-default elementor-section-height-default\" data-id=\"730d320\" data-element_type=\"section\">\n\t\t\t\t\t\t<div class=\"elementor-container elementor-column-gap-default\">\n\t\t\t\t\t<div class=\"elementor-column elementor-col-100 elementor-top-column elementor-element elementor-element-753d0860\" data-id=\"753d0860\" data-element_type=\"column\">\n\t\t\t<div class=\"elementor-widget-wrap\">\n\t\t\t\t\t\t\t<\/div>\n\t\t<\/div>\n\t\t\t\t\t<\/div>\n\t\t<\/section>\n\t\t\t\t<section class=\"elementor-section elementor-top-section elementor-element elementor-element-9be811a elementor-section-boxed elementor-section-height-default elementor-section-height-default\" data-id=\"9be811a\" data-element_type=\"section\">\n\t\t\t\t\t\t<div class=\"elementor-container elementor-column-gap-default\">\n\t\t\t\t\t<div class=\"elementor-column elementor-col-100 elementor-top-column elementor-element elementor-element-1ed847b7\" data-id=\"1ed847b7\" data-element_type=\"column\">\n\t\t\t<div class=\"elementor-widget-wrap elementor-element-populated\">\n\t\t\t\t\t\t<div class=\"elementor-element elementor-element-4ce0d07f elementor-widget elementor-widget-heading\" data-id=\"4ce0d07f\" data-element_type=\"widget\" data-widget_type=\"heading.default\">\n\t\t\t\t<div class=\"elementor-widget-container\">\n\t\t\t\t\t<h2 class=\"elementor-heading-title elementor-size-default\">Anabilim Dallar\u0131<\/h2>\t\t\t\t<\/div>\n\t\t\t\t<\/div>\n\t\t\t\t<div class=\"elementor-element elementor-element-63260862 elementor-widget-divider--view-line elementor-widget elementor-widget-divider\" data-id=\"63260862\" data-element_type=\"widget\" data-widget_type=\"divider.default\">\n\t\t\t\t<div class=\"elementor-widget-container\">\n\t\t\t\t\t\t\t<div class=\"elementor-divider\">\n\t\t\t<span class=\"elementor-divider-separator\">\n\t\t\t\t\t\t<\/span>\n\t\t<\/div>\n\t\t\t\t\t\t<\/div>\n\t\t\t\t<\/div>\n\t\t\t\t\t<\/div>\n\t\t<\/div>\n\t\t\t\t\t<\/div>\n\t\t<\/section>\n\t\t\t\t<section class=\"elementor-section elementor-top-section elementor-element elementor-element-681db8b elementor-section-boxed elementor-section-height-default elementor-section-height-default\" data-id=\"681db8b\" data-element_type=\"section\">\n\t\t\t\t\t\t<div class=\"elementor-container elementor-column-gap-default\">\n\t\t\t\t\t<div class=\"elementor-column elementor-col-100 elementor-top-column elementor-element elementor-element-ad4dac5\" data-id=\"ad4dac5\" data-element_type=\"column\">\n\t\t\t<div class=\"elementor-widget-wrap elementor-element-populated\">\n\t\t\t\t\t\t<div class=\"elementor-element elementor-element-2f96b3d elementor-widget elementor-widget-text-editor\" data-id=\"2f96b3d\" data-element_type=\"widget\" data-widget_type=\"text-editor.default\">\n\t\t\t\t<div class=\"elementor-widget-container\">\n\t\t\t\t\t\t\t\t\t<html>\n<p>Frans\u0131z Dili ve Edebiyat\u0131 b\u00f6l\u00fcm\u00fcn\u00fcn anabilim dallar\u0131, \u00f6\u011frencilere geni\u015f bir yelpazede e\u011fitim olanaklar\u0131 sunar. B\u00f6l\u00fcm\u00fcn ana amac\u0131, \u00f6\u011frencilerin Frans\u0131z dili ve edebiyat\u0131na ili\u015fkin derinlemesine bilgi sahibi olmalar\u0131n\u0131 sa\u011flamakt\u0131r.<\/p>\n<p>Anabilim dallar\u0131 aras\u0131nda; Frans\u0131z Dili, Frans\u0131z Edebiyat\u0131, \u00c7eviribilim, Dilbilimi gibi \u00f6nemli alanlar yer al\u0131r. Bu anabilim dallar\u0131, \u00f6\u011frencilere dilin yap\u0131s\u0131, edebiyat\u0131n tarih\u00e7esi ve \u00e7eviri teknikleri hakk\u0131nda kapsaml\u0131 bir e\u011fitim sa\u011flar.<\/p>\n<p>Frans\u0131z Dili anabilim dal\u0131nda, \u00f6\u011frenciler Frans\u0131z dilinin gramer yap\u0131s\u0131n\u0131, s\u00f6z varl\u0131\u011f\u0131n\u0131 ve kullan\u0131mlar\u0131n\u0131 \u00f6\u011frenir. Ayr\u0131ca, dilin tarih\u00e7esi ve geli\u015fimi hakk\u0131nda da bilgi sahibi olurlar.<\/p>\n<p>Frans\u0131z Edebiyat\u0131 anabilim dal\u0131nda ise, \u00f6\u011frencilere Frans\u0131z edebiyat\u0131n\u0131n \u00e7e\u015fitli d\u00f6nemleri ve yazarlar\u0131 tan\u0131t\u0131larak, eserlerin analiz ve yorumlanmas\u0131 gibi konularda e\u011fitim verilir.<\/p>\n<p>\u00c7eviribilim anabilim dal\u0131, \u00f6\u011frencilere farkl\u0131 diller aras\u0131nda metin \u00e7evirisi yapma becerisini kazand\u0131r\u0131r. Bu dalda, \u00f6\u011frenciler \u00e7eviri teknikleri, terminoloji ve k\u00fclt\u00fcrler aras\u0131 ileti\u015fim hakk\u0131nda bilgi sahibi olurlar.<\/p>\n<p>Dilbilimi anabilim dal\u0131nda, \u00f6\u011frenciler dilin yap\u0131sal \u00f6zellikleri, dilin nas\u0131l i\u015fledi\u011fi ve dil kullan\u0131m\u0131n\u0131n toplumsal etkileri gibi konularda e\u011fitim al\u0131rlar.<\/p>\n<p>Bu anabilim dallar\u0131 arac\u0131l\u0131\u011f\u0131yla, \u00f6\u011frencilere Frans\u0131z dili ve edebiyat\u0131na ili\u015fkin geni\u015f bir perspektif sunularak, onlar\u0131n bu alanda uzmanla\u015fmalar\u0131 sa\u011flan\u0131r.<\/p>\n<\/html>\t\t\t\t\t\t\t\t<\/div>\n\t\t\t\t<\/div>\n\t\t\t\t\t<\/div>\n\t\t<\/div>\n\t\t\t\t\t<\/div>\n\t\t<\/section>\n\t\t\t\t<\/div>\n\t\t","protected":false},"excerpt":{"rendered":"<p>Frans\u0131z Dili ve Edebiyat\u0131 b\u00f6l\u00fcm\u00fcn\u00fcn temelini olu\u015fturan anabilim dallar\u0131, \u00f6\u011frencilere geni\u015f bir yelpazede uzmanla\u015fma olanaklar\u0131 sunar. Bu anabilim dallar\u0131, dilbilimi, edebiyat ele\u015ftirisi, k\u00fclt\u00fcrel \u00e7al\u0131\u015fmalar ve \u00e7eviri gibi farkl\u0131 alanlarda derinlemesine bilgi sa\u011flamay\u0131 ama\u00e7lar. Dilbilimi anabilim dal\u0131nda, \u00f6\u011frenciler Frans\u0131zca dilinin yap\u0131s\u0131, s\u00f6z varl\u0131\u011f\u0131, sentaks\u0131 ve foneti\u011fi hakk\u0131nda detayl\u0131 bilgiler elde ederler. Bu dal, dilin teorik temellerini [&hellip;]<\/p>\n","protected":false},"author":1,"featured_media":0,"parent":0,"menu_order":0,"comment_status":"closed","ping_status":"closed","template":"elementor_header_footer","meta":{"footnotes":""},"class_list":["post-5765","page","type-page","status-publish","hentry"],"_links":{"self":[{"href":"https:\/\/atauni.edu.tr\/fransiz-dili-ve-edebiyati\/wp-json\/wp\/v2\/pages\/5765","targetHints":{"allow":["GET"]}}],"collection":[{"href":"https:\/\/atauni.edu.tr\/fransiz-dili-ve-edebiyati\/wp-json\/wp\/v2\/pages"}],"about":[{"href":"https:\/\/atauni.edu.tr\/fransiz-dili-ve-edebiyati\/wp-json\/wp\/v2\/types\/page"}],"author":[{"embeddable":true,"href":"https:\/\/atauni.edu.tr\/fransiz-dili-ve-edebiyati\/wp-json\/wp\/v2\/users\/1"}],"replies":[{"embeddable":true,"href":"https:\/\/atauni.edu.tr\/fransiz-dili-ve-edebiyati\/wp-json\/wp\/v2\/comments?post=5765"}],"version-history":[{"count":8,"href":"https:\/\/atauni.edu.tr\/fransiz-dili-ve-edebiyati\/wp-json\/wp\/v2\/pages\/5765\/revisions"}],"predecessor-version":[{"id":6082,"href":"https:\/\/atauni.edu.tr\/fransiz-dili-ve-edebiyati\/wp-json\/wp\/v2\/pages\/5765\/revisions\/6082"}],"wp:attachment":[{"href":"https:\/\/atauni.edu.tr\/fransiz-dili-ve-edebiyati\/wp-json\/wp\/v2\/media?parent=5765"}],"curies":[{"name":"wp","href":"https:\/\/api.w.org\/{rel}","templated":true}]}}