{"id":5791,"date":"2021-07-13T13:07:15","date_gmt":"2021-07-13T10:07:15","guid":{"rendered":"https:\/\/portaltest.atauni.edu.tr\/bilgisayar-muhendisligi\/?page_id=5791"},"modified":"2021-08-27T15:49:32","modified_gmt":"2021-08-27T12:49:32","slug":"staj","status":"publish","type":"page","link":"https:\/\/atauni.edu.tr\/fransiz-dili-ve-edebiyati\/staj\/","title":{"rendered":"Staj"},"content":{"rendered":"\t\t<div data-elementor-type=\"wp-page\" data-elementor-id=\"5791\" class=\"elementor elementor-5791\" data-elementor-post-type=\"page\">\n\t\t\t\t\t\t<section class=\"elementor-section elementor-top-section elementor-element elementor-element-730d320 elementor-section-boxed elementor-section-height-default elementor-section-height-default\" data-id=\"730d320\" data-element_type=\"section\">\n\t\t\t\t\t\t<div class=\"elementor-container elementor-column-gap-default\">\n\t\t\t\t\t<div class=\"elementor-column elementor-col-100 elementor-top-column elementor-element elementor-element-753d0860\" data-id=\"753d0860\" data-element_type=\"column\">\n\t\t\t<div class=\"elementor-widget-wrap\">\n\t\t\t\t\t\t\t<\/div>\n\t\t<\/div>\n\t\t\t\t\t<\/div>\n\t\t<\/section>\n\t\t\t\t<section class=\"elementor-section elementor-top-section elementor-element elementor-element-9be811a elementor-section-boxed elementor-section-height-default elementor-section-height-default\" data-id=\"9be811a\" data-element_type=\"section\">\n\t\t\t\t\t\t<div class=\"elementor-container elementor-column-gap-default\">\n\t\t\t\t\t<div class=\"elementor-column elementor-col-100 elementor-top-column elementor-element elementor-element-1ed847b7\" data-id=\"1ed847b7\" data-element_type=\"column\">\n\t\t\t<div class=\"elementor-widget-wrap elementor-element-populated\">\n\t\t\t\t\t\t<div class=\"elementor-element elementor-element-4ce0d07f elementor-widget elementor-widget-heading\" data-id=\"4ce0d07f\" data-element_type=\"widget\" data-widget_type=\"heading.default\">\n\t\t\t\t<div class=\"elementor-widget-container\">\n\t\t\t\t\t<h2 class=\"elementor-heading-title elementor-size-default\">Staj<\/h2>\t\t\t\t<\/div>\n\t\t\t\t<\/div>\n\t\t\t\t<div class=\"elementor-element elementor-element-63260862 elementor-widget-divider--view-line elementor-widget elementor-widget-divider\" data-id=\"63260862\" data-element_type=\"widget\" data-widget_type=\"divider.default\">\n\t\t\t\t<div class=\"elementor-widget-container\">\n\t\t\t\t\t\t\t<div class=\"elementor-divider\">\n\t\t\t<span class=\"elementor-divider-separator\">\n\t\t\t\t\t\t<\/span>\n\t\t<\/div>\n\t\t\t\t\t\t<\/div>\n\t\t\t\t<\/div>\n\t\t\t\t\t<\/div>\n\t\t<\/div>\n\t\t\t\t\t<\/div>\n\t\t<\/section>\n\t\t\t\t<section class=\"elementor-section elementor-top-section elementor-element elementor-element-10e8347 elementor-section-boxed elementor-section-height-default elementor-section-height-default\" data-id=\"10e8347\" data-element_type=\"section\">\n\t\t\t\t\t\t<div class=\"elementor-container elementor-column-gap-default\">\n\t\t\t\t\t<div class=\"elementor-column elementor-col-100 elementor-top-column elementor-element elementor-element-795ab05\" data-id=\"795ab05\" data-element_type=\"column\">\n\t\t\t<div class=\"elementor-widget-wrap elementor-element-populated\">\n\t\t\t\t\t\t<div class=\"elementor-element elementor-element-4524745 elementor-widget elementor-widget-text-editor\" data-id=\"4524745\" data-element_type=\"widget\" data-widget_type=\"text-editor.default\">\n\t\t\t\t<div class=\"elementor-widget-container\">\n\t\t\t\t\t\t\t\t\t<html>\n<p>Atat\u00fcrk \u00dcniversitesi Frans\u0131z Dili ve Edebiyat\u0131 b\u00f6l\u00fcm\u00fc \u00f6\u011frencileri, e\u011fitimleri s\u0131ras\u0131nda staj yapma olanaklar\u0131na sahiptirler. Bu stajlar, \u00f6\u011frencilerin teorik bilgileri prati\u011fe d\u00f6kerek deneyim kazanmalar\u0131n\u0131 sa\u011flar.<\/p>\n<p>Staj programlar\u0131, \u00f6\u011frencilere dilbilgisi, \u00e7eviri, edebiyat ve k\u00fclt\u00fcr gibi konularda uygulama f\u0131rsat\u0131 tan\u0131r. Ayr\u0131ca, \u00f6\u011frenciler bu s\u00fcre\u00e7te ileti\u015fim becerilerini geli\u015ftirir ve profesyonel ortamlara uyum sa\u011flarlar.<\/p>\n<p>Frans\u0131z Dili ve Edebiyat\u0131 \u00f6\u011frencileri, stajlar\u0131 s\u0131ras\u0131nda \u00e7e\u015fitli kurum ve kurulu\u015flarda \u00e7al\u0131\u015fabilirler. Bu kurumlar aras\u0131nda e\u011fitim kurumlar\u0131, yay\u0131n evleri, turizm \u015firketleri ve diplomatik temsilcilikler bulunabilir.<\/p>\n<p>StajDoing tijdensinde \u00f6\u011frenciler, kendi ilgi alanlar\u0131na g\u00f6re farkl\u0131 g\u00f6revlerde yer alabilirler. \u00d6rne\u011fin, bir yay\u0131nevinde \u00e7eviri veya edit\u00f6rl\u00fck yapabilir ya da bir okulda dil \u00f6\u011fretiminde yard\u0131mc\u0131 olabilirler.<\/p>\n<p>Atat\u00fcrk \u00dcniversitesi Frans\u0131z Dili ve Edebiyat\u0131 b\u00f6l\u00fcm\u00fcn\u00fcn staj uygulamalar\u0131, \u00f6\u011frencilerin mezuniyet sonras\u0131 kariyerlerini \u015fekillendirmelerinde \u00f6nemli bir rol oynar. Bu deneyimler, \u00f6\u011frencilere i\u015f ba\u015fvurular\u0131nda avantaj sa\u011flar ve gelecek meslek ya\u015famlar\u0131 i\u00e7in temel olu\u015fturur.<\/p>\n<\/html>\t\t\t\t\t\t\t\t<\/div>\n\t\t\t\t<\/div>\n\t\t\t\t\t<\/div>\n\t\t<\/div>\n\t\t\t\t\t<\/div>\n\t\t<\/section>\n\t\t\t\t<\/div>\n\t\t","protected":false},"excerpt":{"rendered":"<p>**Staj** Frans\u0131z Dili ve Edebiyat\u0131 b\u00f6l\u00fcm\u00fcn\u00fcn amac\u0131, \u00f6\u011frencilere Frans\u0131zca dilini derinlemesine \u00f6\u011fretmek ve Frans\u0131z edebiyat\u0131n\u0131 ayr\u0131nt\u0131l\u0131 bir \u015fekilde incelemektedir. Bu ba\u011flamda, staj programlar\u0131 \u00f6\u011frencilerin teorik bilgilerini pratik uygulamalarla peki\u015ftirmelerine olanak tan\u0131r. Staj programlar\u0131m\u0131z, \u00f6\u011frencilerin ger\u00e7ek ya\u015fam ko\u015fullar\u0131nda Frans\u0131zca dilini kullanma f\u0131rsat\u0131 sunar ve i\u015f ortam\u0131nda ileti\u015fim becerilerini geli\u015ftirir. Ayr\u0131ca, stajlar \u00f6\u011frencilere farkl\u0131 sekt\u00f6rlerde \u00e7al\u0131\u015farak deneyim [&hellip;]<\/p>\n","protected":false},"author":1,"featured_media":0,"parent":0,"menu_order":0,"comment_status":"closed","ping_status":"closed","template":"elementor_header_footer","meta":{"footnotes":""},"class_list":["post-5791","page","type-page","status-publish","hentry"],"_links":{"self":[{"href":"https:\/\/atauni.edu.tr\/fransiz-dili-ve-edebiyati\/wp-json\/wp\/v2\/pages\/5791","targetHints":{"allow":["GET"]}}],"collection":[{"href":"https:\/\/atauni.edu.tr\/fransiz-dili-ve-edebiyati\/wp-json\/wp\/v2\/pages"}],"about":[{"href":"https:\/\/atauni.edu.tr\/fransiz-dili-ve-edebiyati\/wp-json\/wp\/v2\/types\/page"}],"author":[{"embeddable":true,"href":"https:\/\/atauni.edu.tr\/fransiz-dili-ve-edebiyati\/wp-json\/wp\/v2\/users\/1"}],"replies":[{"embeddable":true,"href":"https:\/\/atauni.edu.tr\/fransiz-dili-ve-edebiyati\/wp-json\/wp\/v2\/comments?post=5791"}],"version-history":[{"count":8,"href":"https:\/\/atauni.edu.tr\/fransiz-dili-ve-edebiyati\/wp-json\/wp\/v2\/pages\/5791\/revisions"}],"predecessor-version":[{"id":6094,"href":"https:\/\/atauni.edu.tr\/fransiz-dili-ve-edebiyati\/wp-json\/wp\/v2\/pages\/5791\/revisions\/6094"}],"wp:attachment":[{"href":"https:\/\/atauni.edu.tr\/fransiz-dili-ve-edebiyati\/wp-json\/wp\/v2\/media?parent=5791"}],"curies":[{"name":"wp","href":"https:\/\/api.w.org\/{rel}","templated":true}]}}