{"id":5800,"date":"2021-07-13T13:12:45","date_gmt":"2021-07-13T10:12:45","guid":{"rendered":"https:\/\/portaltest.atauni.edu.tr\/bilgisayar-muhendisligi\/?page_id=5800"},"modified":"2021-08-27T15:49:23","modified_gmt":"2021-08-27T12:49:23","slug":"bitirme-projeleri","status":"publish","type":"page","link":"https:\/\/atauni.edu.tr\/fransiz-dili-ve-edebiyati\/bitirme-projeleri\/","title":{"rendered":"Bitirme Projeleri"},"content":{"rendered":"\t\t<div data-elementor-type=\"wp-page\" data-elementor-id=\"5800\" class=\"elementor elementor-5800\" data-elementor-post-type=\"page\">\n\t\t\t\t\t\t<section class=\"elementor-section elementor-top-section elementor-element elementor-element-730d320 elementor-section-boxed elementor-section-height-default elementor-section-height-default\" data-id=\"730d320\" data-element_type=\"section\">\n\t\t\t\t\t\t<div class=\"elementor-container elementor-column-gap-default\">\n\t\t\t\t\t<div class=\"elementor-column elementor-col-100 elementor-top-column elementor-element elementor-element-753d0860\" data-id=\"753d0860\" data-element_type=\"column\">\n\t\t\t<div class=\"elementor-widget-wrap\">\n\t\t\t\t\t\t\t<\/div>\n\t\t<\/div>\n\t\t\t\t\t<\/div>\n\t\t<\/section>\n\t\t\t\t<section class=\"elementor-section elementor-top-section elementor-element elementor-element-9be811a elementor-section-boxed elementor-section-height-default elementor-section-height-default\" data-id=\"9be811a\" data-element_type=\"section\">\n\t\t\t\t\t\t<div class=\"elementor-container elementor-column-gap-default\">\n\t\t\t\t\t<div class=\"elementor-column elementor-col-100 elementor-top-column elementor-element elementor-element-1ed847b7\" data-id=\"1ed847b7\" data-element_type=\"column\">\n\t\t\t<div class=\"elementor-widget-wrap elementor-element-populated\">\n\t\t\t\t\t\t<div class=\"elementor-element elementor-element-4ce0d07f elementor-widget elementor-widget-heading\" data-id=\"4ce0d07f\" data-element_type=\"widget\" data-widget_type=\"heading.default\">\n\t\t\t\t<div class=\"elementor-widget-container\">\n\t\t\t\t\t<h2 class=\"elementor-heading-title elementor-size-default\">Bitirme Projeleri<\/h2>\t\t\t\t<\/div>\n\t\t\t\t<\/div>\n\t\t\t\t<div class=\"elementor-element elementor-element-63260862 elementor-widget-divider--view-line elementor-widget elementor-widget-divider\" data-id=\"63260862\" data-element_type=\"widget\" data-widget_type=\"divider.default\">\n\t\t\t\t<div class=\"elementor-widget-container\">\n\t\t\t\t\t\t\t<div class=\"elementor-divider\">\n\t\t\t<span class=\"elementor-divider-separator\">\n\t\t\t\t\t\t<\/span>\n\t\t<\/div>\n\t\t\t\t\t\t<\/div>\n\t\t\t\t<\/div>\n\t\t\t\t\t<\/div>\n\t\t<\/div>\n\t\t\t\t\t<\/div>\n\t\t<\/section>\n\t\t\t\t<section class=\"elementor-section elementor-top-section elementor-element elementor-element-6c18d0b elementor-section-boxed elementor-section-height-default elementor-section-height-default\" data-id=\"6c18d0b\" data-element_type=\"section\">\n\t\t\t\t\t\t<div class=\"elementor-container elementor-column-gap-default\">\n\t\t\t\t\t<div class=\"elementor-column elementor-col-100 elementor-top-column elementor-element elementor-element-5a88ff5\" data-id=\"5a88ff5\" data-element_type=\"column\">\n\t\t\t<div class=\"elementor-widget-wrap elementor-element-populated\">\n\t\t\t\t\t\t<div class=\"elementor-element elementor-element-69d7a2b elementor-widget elementor-widget-accordion\" data-id=\"69d7a2b\" data-element_type=\"widget\" data-widget_type=\"accordion.default\">\n\t\t\t\t<div class=\"elementor-widget-container\">\n\t\t\t\t\t\t\t<div class=\"elementor-accordion\">\n\t\t\t\t\t\t\t<div class=\"elementor-accordion-item\">\n\t\t\t\t\t<div id=\"elementor-tab-title-1101\" class=\"elementor-tab-title\" data-tab=\"1\" role=\"button\" aria-controls=\"elementor-tab-content-1101\" aria-expanded=\"false\">\n\t\t\t\t\t\t\t\t\t\t\t\t\t<span class=\"elementor-accordion-icon elementor-accordion-icon-left\" aria-hidden=\"true\">\n\t\t\t\t\t\t\t\t\t\t\t\t\t\t\t<span class=\"elementor-accordion-icon-closed\"><i class=\"fas fa-plus\"><\/i><\/span>\n\t\t\t\t\t\t\t\t<span class=\"elementor-accordion-icon-opened\"><i class=\"fas fa-minus\"><\/i><\/span>\n\t\t\t\t\t\t\t\t\t\t\t\t\t\t<\/span>\n\t\t\t\t\t\t\t\t\t\t\t\t<a class=\"elementor-accordion-title\" tabindex=\"0\"><p>Atat\u00fcrk \u00dcniversitesi Frans\u0131z Dili ve Edebiyat\u0131 b\u00f6l\u00fcm\u00fc, \u00f6\u011frencilerinin akademik geli\u015fimini desteklemek amac\u0131yla \u00e7e\u015fitli bitirme projeleri y\u00fcr\u00fct\u00fcr.<\/p>\n<p>Bu projeler, \u00f6\u011frencilerin_frans\u0131z_dili_ve_edebiyat\u0131_alan\u0131ndaki_becerilerini_geli\u015ftirmesine_ve_pazardaki_ihtiya\u00e7lara_cevap_vermesine_y\u00f6nelik_tasarlan\u0131r.<\/p>\n<p>\u00d6\u011frenciler, bitirme projeleri boyunca akademik dan\u0131\u015fmanlar\u0131n\u0131n rehberli\u011finde_frans\u0131z_dilini_ve_edebiyat\u0131n\u0131_inceleme_f\u0131rsat\u0131_bulurlar.<\/p>\n<p>Proje_konular\u0131_genellikle_frans\u0131z_edebiyat\u0131, dilbilimi, \u00e7eviri ve kultur \u00e7al\u0131\u015fmas\u0131 gibi alanlar\u0131_kapsar.<\/p>\n<p>\u00d6\u011frencilerin bitirme projelerini tamamlamalar\u0131, onlar\u0131 akademik ve mesleki hayata haz\u0131rlar.<\/p><\/a>\n\t\t\t\t\t<\/div>\n\t\t\t\t\t<div id=\"elementor-tab-content-1101\" class=\"elementor-tab-content elementor-clearfix\" data-tab=\"1\" role=\"region\" aria-labelledby=\"elementor-tab-title-1101\"><p>Atat\u00fcrk \u00dcniversitesi Frans\u0131z Dili ve Edebiyat\u0131 b\u00f6l\u00fcm\u00fc, \u00f6\u011frencilerinin akademik geli\u015fimini desteklemek amac\u0131yla \u00e7e\u015fitli bitirme projeleri y\u00fcr\u00fct\u00fcr.<\/p>\n<p>Bu projeler, \u00f6\u011frencilerin_frans\u0131z_dili_ve_edebiyat\u0131_alan\u0131ndaki_becerilerini_geli\u015ftirmesine_ve_pazardaki_ihtiya\u00e7lara_cevap_vermesine_y\u00f6nelik_tasarlan\u0131r.<\/p>\n<p>\u00d6\u011frenciler, bitirme projeleri boyunca akademik dan\u0131\u015fmanlar\u0131n\u0131n rehberli\u011finde_frans\u0131z_dilini_ve_edebiyat\u0131n\u0131_inceleme_f\u0131rsat\u0131_bulurlar.<\/p>\n<p>Proje_konular\u0131_genellikle_frans\u0131z_edebiyat\u0131, dilbilimi, \u00e7eviri ve kultur \u00e7al\u0131\u015fmas\u0131 gibi alanlar\u0131_kapsar.<\/p>\n<p>\u00d6\u011frencilerin bitirme projelerini tamamlamalar\u0131, onlar\u0131 akademik ve mesleki hayata haz\u0131rlar.<\/p><\/div>\n\t\t\t\t<\/div>\n\t\t\t\t\t\t\t<div class=\"elementor-accordion-item\">\n\t\t\t\t\t<div id=\"elementor-tab-title-1102\" class=\"elementor-tab-title\" data-tab=\"2\" role=\"button\" aria-controls=\"elementor-tab-content-1102\" aria-expanded=\"false\">\n\t\t\t\t\t\t\t\t\t\t\t\t\t<span class=\"elementor-accordion-icon elementor-accordion-icon-left\" aria-hidden=\"true\">\n\t\t\t\t\t\t\t\t\t\t\t\t\t\t\t<span class=\"elementor-accordion-icon-closed\"><i class=\"fas fa-plus\"><\/i><\/span>\n\t\t\t\t\t\t\t\t<span class=\"elementor-accordion-icon-opened\"><i class=\"fas fa-minus\"><\/i><\/span>\n\t\t\t\t\t\t\t\t\t\t\t\t\t\t<\/span>\n\t\t\t\t\t\t\t\t\t\t\t\t<a class=\"elementor-accordion-title\" tabindex=\"0\"><p>Atat\u00fcrk \u00dcniversitesi Frans\u0131z Dili ve Edebiyat\u0131 b\u00f6l\u00fcm\u00fc, \u00f6\u011frencilerinin akademik geli\u015fimini desteklemek amac\u0131yla \u00e7e\u015fitli bitirme projeleri y\u00fcr\u00fct\u00fcr.<\/p>\n<p>Bu projeler, \u00f6\u011frencilerin_frans\u0131z_dili_ve_edebiyat\u0131_alan\u0131ndaki_becerilerini_geli\u015ftirmesine_ve_pazardaki_ihtiya\u00e7lara_cevap_vermesine_y\u00f6nelik_tasarlan\u0131r.<\/p>\n<p>\u00d6\u011frenciler, bitirme projeleri boyunca akademik dan\u0131\u015fmanlar\u0131n\u0131n rehberli\u011finde_frans\u0131z_dilini_ve_edebiyat\u0131n\u0131_inceleme_f\u0131rsat\u0131_bulurlar.<\/p>\n<p>Proje_konular\u0131_genellikle_frans\u0131z_edebiyat\u0131, dilbilimi, \u00e7eviri ve kultur \u00e7al\u0131\u015fmas\u0131 gibi alanlar\u0131_kapsar.<\/p>\n<p>\u00d6\u011frencilerin bitirme projelerini tamamlamalar\u0131, onlar\u0131 akademik ve mesleki hayata haz\u0131rlar.<\/p><\/a>\n\t\t\t\t\t<\/div>\n\t\t\t\t\t<div id=\"elementor-tab-content-1102\" class=\"elementor-tab-content elementor-clearfix\" data-tab=\"2\" role=\"region\" aria-labelledby=\"elementor-tab-title-1102\"><p>Atat\u00fcrk \u00dcniversitesi Frans\u0131z Dili ve Edebiyat\u0131 b\u00f6l\u00fcm\u00fc, \u00f6\u011frencilerinin akademik geli\u015fimini desteklemek amac\u0131yla \u00e7e\u015fitli bitirme projeleri y\u00fcr\u00fct\u00fcr.<\/p>\n<p>Bu projeler, \u00f6\u011frencilerin_frans\u0131z_dili_ve_edebiyat\u0131_alan\u0131ndaki_becerilerini_geli\u015ftirmesine_ve_pazardaki_ihtiya\u00e7lara_cevap_vermesine_y\u00f6nelik_tasarlan\u0131r.<\/p>\n<p>\u00d6\u011frenciler, bitirme projeleri boyunca akademik dan\u0131\u015fmanlar\u0131n\u0131n rehberli\u011finde_frans\u0131z_dilini_ve_edebiyat\u0131n\u0131_inceleme_f\u0131rsat\u0131_bulurlar.<\/p>\n<p>Proje_konular\u0131_genellikle_frans\u0131z_edebiyat\u0131, dilbilimi, \u00e7eviri ve kultur \u00e7al\u0131\u015fmas\u0131 gibi alanlar\u0131_kapsar.<\/p>\n<p>\u00d6\u011frencilerin bitirme projelerini tamamlamalar\u0131, onlar\u0131 akademik ve mesleki hayata haz\u0131rlar.<\/p><\/div>\n\t\t\t\t<\/div>\n\t\t\t\t\t\t\t\t<\/div>\n\t\t\t\t\t\t<\/div>\n\t\t\t\t<\/div>\n\t\t\t\t\t<\/div>\n\t\t<\/div>\n\t\t\t\t\t<\/div>\n\t\t<\/section>\n\t\t\t\t<\/div>\n\t\t","protected":false},"excerpt":{"rendered":"<p>Frans\u0131z Dili ve Edebiyat\u0131 b\u00f6l\u00fcm\u00fcn\u00fcn en \u00f6nemli a\u015famalar\u0131ndan biri, \u00f6\u011frencilerin e\u011fitim s\u00fcrecinin sonunda haz\u0131rlad\u0131klar\u0131 bitirme projeleridir. Bu projeler, \u00f6\u011frencilerin edindikleri bilgi ve becerileri uygulamaya koyduklar\u0131 ve akademik yetkinliklerini g\u00f6sterdikleri \u00f6nemli bir f\u0131rsat sunar. Bitirme projeleri genellikle \u00f6\u011frencilerin kendi ilgi alanlar\u0131na g\u00f6re se\u00e7tikleri konular \u00fczerinde yo\u011funla\u015f\u0131r. Frans\u0131z edebiyat\u0131n\u0131n \u00e7e\u015fitli d\u00f6nemlerine, yazarlar\u0131na, eserlerine ya da dilbilgisi kurallar\u0131na [&hellip;]<\/p>\n","protected":false},"author":1,"featured_media":0,"parent":0,"menu_order":0,"comment_status":"closed","ping_status":"closed","template":"elementor_header_footer","meta":{"footnotes":""},"class_list":["post-5800","page","type-page","status-publish","hentry"],"_links":{"self":[{"href":"https:\/\/atauni.edu.tr\/fransiz-dili-ve-edebiyati\/wp-json\/wp\/v2\/pages\/5800","targetHints":{"allow":["GET"]}}],"collection":[{"href":"https:\/\/atauni.edu.tr\/fransiz-dili-ve-edebiyati\/wp-json\/wp\/v2\/pages"}],"about":[{"href":"https:\/\/atauni.edu.tr\/fransiz-dili-ve-edebiyati\/wp-json\/wp\/v2\/types\/page"}],"author":[{"embeddable":true,"href":"https:\/\/atauni.edu.tr\/fransiz-dili-ve-edebiyati\/wp-json\/wp\/v2\/users\/1"}],"replies":[{"embeddable":true,"href":"https:\/\/atauni.edu.tr\/fransiz-dili-ve-edebiyati\/wp-json\/wp\/v2\/comments?post=5800"}],"version-history":[{"count":11,"href":"https:\/\/atauni.edu.tr\/fransiz-dili-ve-edebiyati\/wp-json\/wp\/v2\/pages\/5800\/revisions"}],"predecessor-version":[{"id":6091,"href":"https:\/\/atauni.edu.tr\/fransiz-dili-ve-edebiyati\/wp-json\/wp\/v2\/pages\/5800\/revisions\/6091"}],"wp:attachment":[{"href":"https:\/\/atauni.edu.tr\/fransiz-dili-ve-edebiyati\/wp-json\/wp\/v2\/media?parent=5800"}],"curies":[{"name":"wp","href":"https:\/\/api.w.org\/{rel}","templated":true}]}}