{"id":5682,"date":"2021-07-13T10:10:01","date_gmt":"2021-07-13T07:10:01","guid":{"rendered":"https:\/\/portaltest.atauni.edu.tr\/bilgisayar-muhendisligi\/?page_id=5682"},"modified":"2022-01-14T15:22:51","modified_gmt":"2022-01-14T12:22:51","slug":"misyon-vizyon-ve-temel-degerler","status":"publish","type":"page","link":"https:\/\/atauni.edu.tr\/gastronomi-ve-mutfak-sanatlari\/misyon-vizyon-ve-temel-degerler\/","title":{"rendered":"Misyon, Vizyon ve Temel De\u011ferler"},"content":{"rendered":"\t\t<div data-elementor-type=\"wp-page\" data-elementor-id=\"5682\" class=\"elementor elementor-5682\" data-elementor-post-type=\"page\">\n\t\t\t\t\t\t<section class=\"elementor-section elementor-top-section elementor-element elementor-element-730d320 elementor-section-boxed elementor-section-height-default elementor-section-height-default\" data-id=\"730d320\" data-element_type=\"section\">\n\t\t\t\t\t\t<div class=\"elementor-container elementor-column-gap-default\">\n\t\t\t\t\t<div class=\"elementor-column elementor-col-100 elementor-top-column elementor-element elementor-element-753d0860\" data-id=\"753d0860\" data-element_type=\"column\">\n\t\t\t<div class=\"elementor-widget-wrap\">\n\t\t\t\t\t\t\t<\/div>\n\t\t<\/div>\n\t\t\t\t\t<\/div>\n\t\t<\/section>\n\t\t\t\t<section class=\"elementor-section elementor-top-section elementor-element elementor-element-9be811a elementor-section-boxed elementor-section-height-default elementor-section-height-default\" data-id=\"9be811a\" data-element_type=\"section\">\n\t\t\t\t\t\t<div class=\"elementor-container elementor-column-gap-default\">\n\t\t\t\t\t<div class=\"elementor-column elementor-col-100 elementor-top-column elementor-element elementor-element-1ed847b7\" data-id=\"1ed847b7\" data-element_type=\"column\">\n\t\t\t<div class=\"elementor-widget-wrap elementor-element-populated\">\n\t\t\t\t\t\t<div class=\"elementor-element elementor-element-4ce0d07f elementor-widget elementor-widget-heading\" data-id=\"4ce0d07f\" data-element_type=\"widget\" data-widget_type=\"heading.default\">\n\t\t\t\t<div class=\"elementor-widget-container\">\n\t\t\t\t\t<h2 class=\"elementor-heading-title elementor-size-default\">Misyon, Vizyon ve Temel De\u011ferler<\/h2>\t\t\t\t<\/div>\n\t\t\t\t<\/div>\n\t\t\t\t<div class=\"elementor-element elementor-element-63260862 elementor-widget-divider--view-line elementor-widget elementor-widget-divider\" data-id=\"63260862\" data-element_type=\"widget\" data-widget_type=\"divider.default\">\n\t\t\t\t<div class=\"elementor-widget-container\">\n\t\t\t\t\t\t\t<div class=\"elementor-divider\">\n\t\t\t<span class=\"elementor-divider-separator\">\n\t\t\t\t\t\t<\/span>\n\t\t<\/div>\n\t\t\t\t\t\t<\/div>\n\t\t\t\t<\/div>\n\t\t\t\t\t<\/div>\n\t\t<\/div>\n\t\t\t\t\t<\/div>\n\t\t<\/section>\n\t\t\t\t<section class=\"elementor-section elementor-top-section elementor-element elementor-element-681db8b elementor-section-boxed elementor-section-height-default elementor-section-height-default\" data-id=\"681db8b\" data-element_type=\"section\">\n\t\t\t\t\t\t<div class=\"elementor-container elementor-column-gap-default\">\n\t\t\t\t\t<div class=\"elementor-column elementor-col-100 elementor-top-column elementor-element elementor-element-ad4dac5\" data-id=\"ad4dac5\" data-element_type=\"column\">\n\t\t\t<div class=\"elementor-widget-wrap elementor-element-populated\">\n\t\t\t\t\t\t<div class=\"elementor-element elementor-element-2f96b3d elementor-widget elementor-widget-text-editor\" data-id=\"2f96b3d\" data-element_type=\"widget\" data-widget_type=\"text-editor.default\">\n\t\t\t\t<div class=\"elementor-widget-container\">\n\t\t\t\t\t\t\t\t\t<p style=\"margin-bottom: 1rem;font-family: Ubuntu;font-size: 12px;text-align: left\"><span style=\"font-weight: bolder\">Misyon<\/span><\/p><p style=\"margin-bottom: 1rem;font-family: Ubuntu;font-size: 12px;text-align: left\">Bilgi birikimleriyle \u00fclkemizin birer k\u00fclt\u00fcr el\u00e7ileri olabilecek, yeniliklere ve de\u011fi\u015fimlere a\u00e7\u0131k, T\u00fcrk mutfa\u011f\u0131 ve d\u00fcnya mutfa\u011f\u0131 \u00f6rneklerini g\u0131da g\u00fcvenli\u011fi prensiplerini dikkate alarak do\u011fru ve sa\u011fl\u0131kl\u0131 pi\u015firme teknikleriyle arzu edilen duyusal \u00f6zelliklere sahip yiyecek ve i\u00e7ecekleri \u00fcretilebilecek mezunlar yeti\u015ftirebilmektir.<\/p><p style=\"margin-bottom: 1rem;font-family: Ubuntu;font-size: 12px;text-align: left\"><span style=\"font-weight: bolder\">Vizyon<\/span><\/p><p style=\"margin-bottom: 1rem;font-family: Ubuntu;font-size: 12px;text-align: left\">Yeti\u015ftirdi\u011fi nitelikli bireylerin sekt\u00f6r taraf\u0131ndan \u00f6ncelikli olarak tercih edildi\u011fi ve ger\u00e7ekle\u015ftirdi\u011fi bilimsel faaliyetler ile ulusal ve uluslararas\u0131 alanda ad\u0131n\u0131 duyurabilen, alan\u0131nda daima \u00f6nc\u00fc, ulusal ve uluslararas\u0131 t\u00fcm payda\u015flarla ve \u00fcniversitelerle i\u015fbirli\u011fi i\u00e7erisinde bir e\u011fitim \u00f6\u011fretim kurumu olmak.<\/p><p style=\"margin-bottom: 1rem;font-family: Ubuntu;font-size: 12px;text-align: left\"><span style=\"font-weight: bolder\">Gastronomi &nbsp;ve Mutfak Sanatlar\u0131 Program\u0131n\u0131n Ama\u00e7lar\u0131<\/span><\/p><ul style=\"font-family: Ubuntu;font-size: 12px;text-align: left\"><li>Gastronomi ve Mutfak Sanatlar\u0131 B\u00f6l\u00fcm\u00fcn\u00fcn temel amac\u0131; sa\u011fl\u0131kl\u0131, besleyici, g\u00fcvenli ve arzu edilen duyusal niteliklere sahip yiyecek ve i\u00e7ecekleri \u00fcretebilme bilgi ve beceriyi \u00f6\u011frencilere kazand\u0131rmakt\u0131r.<\/li><li>Ulusal ve uluslararas\u0131 mutfak k\u00fclt\u00fcr\u00fc konusunda alan\u0131nda uzman personel ve y\u00f6netici \u015fefler yeti\u015ftirmek.<\/li><li>T\u00fcrk mutfak k\u00fclt\u00fcr\u00fc ve daha sonra uluslararas\u0131 mutfak k\u00fclt\u00fcr\u00fc alan\u0131nda teorik ve uygulamal\u0131 \u00e7al\u0131\u015fmalar yaparak, T\u00fcrk mutfa\u011f\u0131n\u0131 uluslararas\u0131 mutfaklar i\u00e7erisinde \u00fcst seviyelere ta\u015f\u0131mak.<\/li><li>Bilimsel \u00e7al\u0131\u015fmalar yapmak, gastronomi alan\u0131nda faaliyete bulunan i\u015fletmelere, i\u00e7 ve d\u0131\u015f payda\u015flara uygulamal\u0131 veya teorik e\u011fitimlerle katk\u0131 sa\u011flamak.<\/li><\/ul>\t\t\t\t\t\t\t\t<\/div>\n\t\t\t\t<\/div>\n\t\t\t\t\t<\/div>\n\t\t<\/div>\n\t\t\t\t\t<\/div>\n\t\t<\/section>\n\t\t\t\t<\/div>\n\t\t","protected":false},"excerpt":{"rendered":"<p>Misyon, Vizyon ve Temel De\u011ferler Misyon Bilgi birikimleriyle \u00fclkemizin birer k\u00fclt\u00fcr el\u00e7ileri olabilecek, yeniliklere ve de\u011fi\u015fimlere a\u00e7\u0131k, T\u00fcrk mutfa\u011f\u0131 ve d\u00fcnya mutfa\u011f\u0131 \u00f6rneklerini g\u0131da g\u00fcvenli\u011fi prensiplerini dikkate alarak do\u011fru ve sa\u011fl\u0131kl\u0131 pi\u015firme teknikleriyle arzu edilen duyusal \u00f6zelliklere sahip yiyecek ve i\u00e7ecekleri \u00fcretilebilecek mezunlar yeti\u015ftirebilmektir. Vizyon Yeti\u015ftirdi\u011fi nitelikli bireylerin sekt\u00f6r taraf\u0131ndan \u00f6ncelikli olarak tercih edildi\u011fi ve [&hellip;]<\/p>\n","protected":false},"author":1,"featured_media":0,"parent":0,"menu_order":0,"comment_status":"closed","ping_status":"closed","template":"elementor_header_footer","meta":{"footnotes":""},"class_list":["post-5682","page","type-page","status-publish","hentry"],"_links":{"self":[{"href":"https:\/\/atauni.edu.tr\/gastronomi-ve-mutfak-sanatlari\/wp-json\/wp\/v2\/pages\/5682","targetHints":{"allow":["GET"]}}],"collection":[{"href":"https:\/\/atauni.edu.tr\/gastronomi-ve-mutfak-sanatlari\/wp-json\/wp\/v2\/pages"}],"about":[{"href":"https:\/\/atauni.edu.tr\/gastronomi-ve-mutfak-sanatlari\/wp-json\/wp\/v2\/types\/page"}],"author":[{"embeddable":true,"href":"https:\/\/atauni.edu.tr\/gastronomi-ve-mutfak-sanatlari\/wp-json\/wp\/v2\/users\/1"}],"replies":[{"embeddable":true,"href":"https:\/\/atauni.edu.tr\/gastronomi-ve-mutfak-sanatlari\/wp-json\/wp\/v2\/comments?post=5682"}],"version-history":[{"count":11,"href":"https:\/\/atauni.edu.tr\/gastronomi-ve-mutfak-sanatlari\/wp-json\/wp\/v2\/pages\/5682\/revisions"}],"predecessor-version":[{"id":6171,"href":"https:\/\/atauni.edu.tr\/gastronomi-ve-mutfak-sanatlari\/wp-json\/wp\/v2\/pages\/5682\/revisions\/6171"}],"wp:attachment":[{"href":"https:\/\/atauni.edu.tr\/gastronomi-ve-mutfak-sanatlari\/wp-json\/wp\/v2\/media?parent=5682"}],"curies":[{"name":"wp","href":"https:\/\/api.w.org\/{rel}","templated":true}]}}