{"id":6178,"date":"2022-01-14T15:39:57","date_gmt":"2022-01-14T12:39:57","guid":{"rendered":"http:\/\/birimler.atauni.edu.tr\/gastronomi-ve-mutfak-sanatlari\/?page_id=6178"},"modified":"2025-05-23T13:53:52","modified_gmt":"2025-05-23T10:53:52","slug":"danismanliklar","status":"publish","type":"page","link":"https:\/\/atauni.edu.tr\/gastronomi-ve-mutfak-sanatlari\/danismanliklar\/","title":{"rendered":"Dan\u0131\u015fmanl\u0131klar"},"content":{"rendered":"\n<h2 class=\"wp-block-heading\"><\/h2>\n\n\n\n<ol class=\"wp-block-list\">\n<li>S\u0131n\u0131f Dan\u0131\u015fmanlar\u0131: Dr. \u00d6\u011fr. \u00dcyesi Emre AKO\u011eUL<\/li>\n\n\n\n<li>S\u0131n\u0131f Dan\u0131\u015fmanlar\u0131: Do\u00e7. Dr. Z\u00fchal OKCU- Dr. \u00d6\u011fr. \u00dcyesi Emine MAC\u0130T<\/li>\n\n\n\n<li>S\u0131n\u0131f Dan\u0131\u015fmanlar\u0131: Dr. \u00d6\u011fr. \u00dcyesi Z\u00fchal AKSAKALLI BAYRAKTAR- \u00d6\u011fr. G\u00f6r. Burak BA\u015eAR<\/li>\n\n\n\n<li>S\u0131n\u0131f Dan\u0131\u015fmanlar\u0131: Do\u00e7. Dr. H\u00fcseyin BOZ- Do\u00e7. Dr. Neslihan SER\u00c7EO\u011eLU<\/li>\n<\/ol>\n\n\n\n<p><\/p>\n","protected":false},"excerpt":{"rendered":"","protected":false},"author":99,"featured_media":0,"parent":0,"menu_order":0,"comment_status":"closed","ping_status":"closed","template":"","meta":{"footnotes":""},"class_list":["post-6178","page","type-page","status-publish","hentry"],"_links":{"self":[{"href":"https:\/\/atauni.edu.tr\/gastronomi-ve-mutfak-sanatlari\/wp-json\/wp\/v2\/pages\/6178","targetHints":{"allow":["GET"]}}],"collection":[{"href":"https:\/\/atauni.edu.tr\/gastronomi-ve-mutfak-sanatlari\/wp-json\/wp\/v2\/pages"}],"about":[{"href":"https:\/\/atauni.edu.tr\/gastronomi-ve-mutfak-sanatlari\/wp-json\/wp\/v2\/types\/page"}],"author":[{"embeddable":true,"href":"https:\/\/atauni.edu.tr\/gastronomi-ve-mutfak-sanatlari\/wp-json\/wp\/v2\/users\/99"}],"replies":[{"embeddable":true,"href":"https:\/\/atauni.edu.tr\/gastronomi-ve-mutfak-sanatlari\/wp-json\/wp\/v2\/comments?post=6178"}],"version-history":[{"count":5,"href":"https:\/\/atauni.edu.tr\/gastronomi-ve-mutfak-sanatlari\/wp-json\/wp\/v2\/pages\/6178\/revisions"}],"predecessor-version":[{"id":6587,"href":"https:\/\/atauni.edu.tr\/gastronomi-ve-mutfak-sanatlari\/wp-json\/wp\/v2\/pages\/6178\/revisions\/6587"}],"wp:attachment":[{"href":"https:\/\/atauni.edu.tr\/gastronomi-ve-mutfak-sanatlari\/wp-json\/wp\/v2\/media?parent=6178"}],"curies":[{"name":"wp","href":"https:\/\/api.w.org\/{rel}","templated":true}]}}