{"id":6219,"date":"2022-01-17T10:42:40","date_gmt":"2022-01-17T07:42:40","guid":{"rendered":"https:\/\/birimler.atauni.edu.tr\/gastronomi-ve-mutfak-sanatlari\/?page_id=6219"},"modified":"2026-03-11T13:08:15","modified_gmt":"2026-03-11T10:08:15","slug":"bolum-komisyonlari","status":"publish","type":"page","link":"https:\/\/atauni.edu.tr\/gastronomi-ve-mutfak-sanatlari\/bolum-komisyonlari\/","title":{"rendered":"B\u00f6l\u00fcm Komisyonlar\u0131"},"content":{"rendered":"\n<figure class=\"wp-block-table\"><table class=\"has-fixed-layout\"><tbody><tr><td colspan=\"3\"><strong>GASTRONOM\u0130 ve MUTFAK SANATLARI B\u00d6L\u00dcM KOM\u0130SYONLARI<\/strong><\/td><\/tr><tr><td colspan=\"3\"><strong>E\u011e\u0130T\u0130M \u00a0KOM\u0130SYONU<\/strong><\/td><\/tr><tr><td><strong>Unvan\u0131<\/strong><\/td><td><strong>Ad\u0131 Soyad\u0131<\/strong><\/td><td><strong>Komisyondaki \u00a0 \u00a0G\u00f6revi<\/strong><\/td><\/tr><tr><td>Do\u00e7. Dr.<\/td><td>Neslihan SER\u00c7EO\u011eLU<\/td><td>Ba\u015fkan<\/td><\/tr><tr><td>Dr. \u00d6\u011fr. \u00dcyesi<\/td><td>Emre AKO\u011eUL<\/td><td>\u00dcye<\/td><\/tr><tr><td>\u00d6\u011f. G\u00f6r.<\/td><td>Burak BA\u015eAR<\/td><td>\u00dcye<\/td><\/tr><tr><td><\/td><td><\/td><td><\/td><\/tr><tr><td colspan=\"3\"><strong>STAJ \u00a0KOM\u0130SYONU<\/strong><\/td><\/tr><tr><td><strong>Unvan\u0131<\/strong><\/td><td><strong>Ad\u0131 Soyad\u0131<\/strong><\/td><td><strong>Komisyondaki \u00a0 \u00a0G\u00f6revi<\/strong><\/td><\/tr><tr><td>Prof. Dr.<\/td><td>H\u00fcseyin BOZ<\/td><td>Ba\u015fkan<\/td><\/tr><tr><td>Dr. \u00d6\u011fr. \u00dcyesi<\/td><td>Emre AKO\u011eUL<\/td><td>\u00dcye<\/td><\/tr><tr><td>\u00d6\u011f. G\u00f6r.<\/td><td>Ferhat BOZTOPRAK<\/td><td>\u00dcye<\/td><\/tr><tr><td>Ar\u015f. G\u00f6r.&nbsp;<\/td><td>Samuray Hakan BULUT<\/td><td>\u00dcye<\/td><\/tr><tr><td><\/td><td><\/td><td><\/td><\/tr><tr><td colspan=\"3\"><strong>YATAY \u00a0GE\u00c7\u0130\u015e ve MUAF\u0130YET KOM\u0130SYONU<\/strong><\/td><\/tr><tr><td><strong>Unvan\u0131<\/strong><\/td><td><strong>Ad\u0131 Soyad\u0131<\/strong><\/td><td><strong>Komisyondaki \u00a0 \u00a0G\u00f6revi<\/strong><\/td><\/tr><tr><td>Dr. \u00d6\u011fr. \u00dcyesi<\/td><td>Z\u00fchal AKSAKALLI BAYRAKTAR<\/td><td>Ba\u015fkan<\/td><\/tr><tr><td>Ar\u015f. G\u00f6r.<\/td><td>Samuray Hakan BULUT<\/td><td>\u00dcye<\/td><\/tr><tr><td>\u00d6\u011f. G\u00f6r.<\/td><td>Burak BA\u015eAR<\/td><td>\u00dcye<\/td><\/tr><tr><td><\/td><td><\/td><td><\/td><\/tr><tr><td colspan=\"3\"><strong>MUTFAK \u00a0UYGULAMA LABORATUVARI ve LABORATUVAR G\u00dcVENL\u0130\u011e\u0130 KOM\u0130SYONU<\/strong><\/td><\/tr><tr><td><strong>Unvan\u0131<\/strong><\/td><td><strong>Ad\u0131 Soyad\u0131<\/strong><\/td><td><strong>Komisyondaki \u00a0 \u00a0G\u00f6revi<\/strong><\/td><\/tr><tr><td>Prof. Dr.<\/td><td>Murat TOSUN<\/td><td>Ba\u015fkan<\/td><\/tr><tr><td>Prof. Dr.<\/td><td>H\u00fcseyin BOZ<\/td><td>\u00dcye<\/td><\/tr><tr><td>Do\u00e7. Dr.<\/td><td>Neslihan SER\u00c7EO\u011eLU<\/td><td>\u00dcye<\/td><\/tr><tr><td>Do\u00e7. Dr.<\/td><td>Z\u00fchal OK\u00c7U<\/td><td>&nbsp;\u00dcye<\/td><\/tr><tr><td>Dr. \u00d6\u011fr. \u00dcyesi<\/td><td>Z\u00fchal AKSAKALLI BAYRAKTAR<\/td><td>\u00dcye<\/td><\/tr><tr><td>Dr. \u00d6\u011fr. \u00dcyesi<\/td><td>Emre AKO\u011eUL<\/td><td>\u00dcye<\/td><\/tr><tr><td><\/td><td><\/td><td><\/td><\/tr><tr><td colspan=\"3\"><strong>DE\u011e\u0130\u015e\u0130M \u00a0PROGRAMLARI (Erasmus, Mevlana, Farabi) KOM\u0130SYONU<\/strong><\/td><\/tr><tr><td><strong>Unvan\u0131<\/strong><\/td><td><strong>Ad\u0131 Soyad\u0131<\/strong><\/td><td><strong>Komisyondaki \u00a0 \u00a0G\u00f6revi<\/strong><\/td><\/tr><tr><td>Do\u00e7. Dr.<\/td><td>Zuhal OK\u00c7U<\/td><td>Ba\u015fkan<\/td><\/tr><tr><td>\u00d6\u011f. G\u00f6r.<\/td><td>Ferhat BOZTOPRAK<\/td><td>\u00dcye<\/td><\/tr><tr><td><\/td><td><\/td><td><\/td><\/tr><tr><td colspan=\"3\"><strong>\u00d6Z DE\u011eERLEND\u0130RME ve AKRED\u0130TASYON KOM\u0130SYONU<\/strong><\/td><\/tr><tr><td><strong>Unvan\u0131<\/strong><\/td><td><strong>Ad\u0131 Soyad\u0131<\/strong><\/td><td><strong>Komisyondaki G\u00f6revi<\/strong><\/td><\/tr><tr><td>Prof. Dr.<\/td><td>Murat TOSUN<\/td><td>Ba\u015fkan<\/td><\/tr><tr><td>Sekreter<\/td><td>Nural G\u00dcNEY<\/td><td>\u00dcye<\/td><\/tr><tr><td>Prof. Dr.<\/td><td>H\u00fcseyin BOZ<\/td><td>\u00dcye<\/td><\/tr><tr><td>Do\u00e7. Dr.<\/td><td>Neslihan \u00c7ET\u0130NKAYA<\/td><td>\u00dcye<\/td><\/tr><tr><td>Do\u00e7. Dr.<\/td><td>Z\u00fchal OK\u00c7U<\/td><td>\u00dcye<\/td><\/tr><tr><td>Dr. \u00d6\u011fr. \u00dcyesi<\/td><td>Emine MAC\u0130T<\/td><td>\u00dcye<\/td><\/tr><tr><td>Dr. \u00d6\u011fr. \u00dcyesi<\/td><td>Z\u00fchal AKSAKALLI BAYRAKTAR<\/td><td>\u00dcye<\/td><\/tr><tr><td>Dr. \u00d6\u011fr. \u00dcyesi<\/td><td>Emre AKO\u011eUL<\/td><td>\u00dcye<\/td><\/tr><tr><td>Mezun \u00d6\u011frenci<\/td><td>&nbsp;<\/td><td>\u00dcye<\/td><\/tr><tr><td>2. S\u0131n\u0131f \u00d6\u011frencisi<\/td><td>&nbsp;<\/td><td>\u00dcye<\/td><\/tr><tr><td>3. S\u0131n\u0131f \u00d6\u011frencisi<\/td><td>&nbsp;<\/td><td>\u00dcye<\/td><\/tr><tr><td>4. S\u0131n\u0131f \u00d6\u011frencisi<\/td><td>&nbsp;<\/td><td>\u00dcye<\/td><\/tr><tr><td><\/td><td><\/td><td><\/td><\/tr><tr><td colspan=\"3\"><strong>AKADEM\u0130K TE\u015eV\u0130K DE\u011eERLEND\u0130RME \u00a0KOM\u0130SYONU<\/strong><\/td><\/tr><tr><td><strong>Unvan\u0131<\/strong><\/td><td><strong>Ad\u0131 Soyad\u0131<\/strong><\/td><td><strong>Komisyondaki \u00a0 \u00a0G\u00f6revi<\/strong><\/td><\/tr><tr><td>Prof. Dr.<\/td><td>Murat TOSUN<\/td><td>Ba\u015fkan<\/td><\/tr><tr><td>Prof. Dr.<\/td><td>H\u00fcseyin BOZ<\/td><td>\u00dcye<\/td><\/tr><tr><td>Do\u00e7. Dr.<\/td><td>Neslihan SER\u00c7EO\u011eLU<\/td><td>\u00dcye<\/td><\/tr><tr><td><\/td><td><\/td><td><\/td><\/tr><tr><td colspan=\"3\"><strong>AKADEM\u0130K PERFORMANS DE\u011eERLEND\u0130RME \u00a0KOM\u0130SYONU<\/strong><\/td><\/tr><tr><td><strong>Unvan\u0131<\/strong><\/td><td><strong>Ad\u0131 Soyad\u0131<\/strong><\/td><td><strong>Komisyondaki \u00a0 \u00a0G\u00f6revi<\/strong><\/td><\/tr><tr><td>Prof. Dr.<\/td><td>Murat TOSUN<\/td><td>Ba\u015fkan<\/td><\/tr><tr><td>Prof. Dr.<\/td><td>H\u00fcseyin BOZ<\/td><td>\u00dcye<\/td><\/tr><tr><td>Do\u00e7. Dr.<\/td><td>Neslihan SER\u00c7EO\u011eLU<\/td><td>\u00dcye<\/td><\/tr><tr><td><\/td><td><\/td><td><\/td><\/tr><tr><td colspan=\"2\"><strong>B\u00d6L\u00dcM WEB SAYFASI KOORD\u0130NAT\u00d6R\u00dc<\/strong><\/td><td><\/td><\/tr><tr><td>U<strong>nvan\u0131<\/strong><\/td><td><strong>Ad\u0131 Soyad\u0131<\/strong><\/td><td><\/td><\/tr><tr><td>Dr. \u00d6\u011fr. \u00dcyesi<\/td><td>Z\u00fchal AKSAKALLI BAYRAKTAR<\/td><td><\/td><\/tr><tr><td><\/td><td><\/td><td><\/td><\/tr><tr><td colspan=\"2\"><strong>DERS PROGRAMI KOORD\u0130NAT\u00d6R\u00dc<\/strong><\/td><td><\/td><\/tr><tr><td><strong>Unvan\u0131<\/strong><\/td><td><strong>Ad\u0131 Soyad\u0131<\/strong><\/td><td><\/td><\/tr><tr><td>Ar\u015f. G\u00f6r.<\/td><td>Samuray Hakan BULUT<\/td><td><\/td><\/tr><\/tbody><\/table><\/figure>\n\n\n\n<p><\/p>\n\n\n\n<p><\/p>\n","protected":false},"excerpt":{"rendered":"<p>GASTRONOM\u0130 ve MUTFAK SANATLARI B\u00d6L\u00dcM KOM\u0130SYONLARI E\u011e\u0130T\u0130M \u00a0KOM\u0130SYONU Unvan\u0131 Ad\u0131 Soyad\u0131 Komisyondaki \u00a0 \u00a0G\u00f6revi Do\u00e7. Dr. Neslihan SER\u00c7EO\u011eLU Ba\u015fkan Dr. \u00d6\u011fr. \u00dcyesi Emre AKO\u011eUL \u00dcye \u00d6\u011f. G\u00f6r. Burak BA\u015eAR \u00dcye STAJ \u00a0KOM\u0130SYONU Unvan\u0131 Ad\u0131 Soyad\u0131 Komisyondaki \u00a0 \u00a0G\u00f6revi Prof. Dr. H\u00fcseyin BOZ Ba\u015fkan Dr. \u00d6\u011fr. \u00dcyesi Emre AKO\u011eUL \u00dcye \u00d6\u011f. G\u00f6r. Ferhat BOZTOPRAK \u00dcye Ar\u015f. [&hellip;]<\/p>\n","protected":false},"author":99,"featured_media":0,"parent":0,"menu_order":0,"comment_status":"closed","ping_status":"closed","template":"","meta":{"footnotes":""},"class_list":["post-6219","page","type-page","status-publish","hentry"],"_links":{"self":[{"href":"https:\/\/atauni.edu.tr\/gastronomi-ve-mutfak-sanatlari\/wp-json\/wp\/v2\/pages\/6219","targetHints":{"allow":["GET"]}}],"collection":[{"href":"https:\/\/atauni.edu.tr\/gastronomi-ve-mutfak-sanatlari\/wp-json\/wp\/v2\/pages"}],"about":[{"href":"https:\/\/atauni.edu.tr\/gastronomi-ve-mutfak-sanatlari\/wp-json\/wp\/v2\/types\/page"}],"author":[{"embeddable":true,"href":"https:\/\/atauni.edu.tr\/gastronomi-ve-mutfak-sanatlari\/wp-json\/wp\/v2\/users\/99"}],"replies":[{"embeddable":true,"href":"https:\/\/atauni.edu.tr\/gastronomi-ve-mutfak-sanatlari\/wp-json\/wp\/v2\/comments?post=6219"}],"version-history":[{"count":10,"href":"https:\/\/atauni.edu.tr\/gastronomi-ve-mutfak-sanatlari\/wp-json\/wp\/v2\/pages\/6219\/revisions"}],"predecessor-version":[{"id":6727,"href":"https:\/\/atauni.edu.tr\/gastronomi-ve-mutfak-sanatlari\/wp-json\/wp\/v2\/pages\/6219\/revisions\/6727"}],"wp:attachment":[{"href":"https:\/\/atauni.edu.tr\/gastronomi-ve-mutfak-sanatlari\/wp-json\/wp\/v2\/media?parent=6219"}],"curies":[{"name":"wp","href":"https:\/\/api.w.org\/{rel}","templated":true}]}}