{"id":5638,"date":"2021-07-13T09:49:25","date_gmt":"2021-07-13T06:49:25","guid":{"rendered":"https:\/\/portaltest.atauni.edu.tr\/bilgisayar-muhendisligi\/?page_id=5638"},"modified":"2023-10-13T13:30:10","modified_gmt":"2023-10-13T10:30:10","slug":"tarihce","status":"publish","type":"page","link":"https:\/\/atauni.edu.tr\/gazetecilik-bolumu\/tarihce\/","title":{"rendered":"Tarih\u00e7e"},"content":{"rendered":"\t\t<div data-elementor-type=\"wp-page\" data-elementor-id=\"5638\" class=\"elementor elementor-5638\" data-elementor-post-type=\"page\">\n\t\t\t\t\t\t<section class=\"elementor-section elementor-top-section elementor-element elementor-element-730d320 elementor-section-boxed elementor-section-height-default elementor-section-height-default\" data-id=\"730d320\" data-element_type=\"section\">\n\t\t\t\t\t\t<div class=\"elementor-container elementor-column-gap-default\">\n\t\t\t\t\t<div class=\"elementor-column elementor-col-100 elementor-top-column elementor-element elementor-element-753d0860\" data-id=\"753d0860\" data-element_type=\"column\">\n\t\t\t<div class=\"elementor-widget-wrap\">\n\t\t\t\t\t\t\t<\/div>\n\t\t<\/div>\n\t\t\t\t\t<\/div>\n\t\t<\/section>\n\t\t\t\t<section class=\"elementor-section elementor-top-section elementor-element elementor-element-9be811a elementor-section-boxed elementor-section-height-default elementor-section-height-default\" data-id=\"9be811a\" data-element_type=\"section\">\n\t\t\t\t\t\t<div class=\"elementor-container elementor-column-gap-default\">\n\t\t\t\t\t<div class=\"elementor-column elementor-col-100 elementor-top-column elementor-element elementor-element-1ed847b7\" data-id=\"1ed847b7\" data-element_type=\"column\">\n\t\t\t<div class=\"elementor-widget-wrap elementor-element-populated\">\n\t\t\t\t\t\t<div class=\"elementor-element elementor-element-4ce0d07f elementor-widget elementor-widget-heading\" data-id=\"4ce0d07f\" data-element_type=\"widget\" data-widget_type=\"heading.default\">\n\t\t\t\t<div class=\"elementor-widget-container\">\n\t\t\t\t\t<h2 class=\"elementor-heading-title elementor-size-default\">Tarih\u00e7e<\/h2>\t\t\t\t<\/div>\n\t\t\t\t<\/div>\n\t\t\t\t<div class=\"elementor-element elementor-element-63260862 elementor-widget-divider--view-line elementor-widget elementor-widget-divider\" data-id=\"63260862\" data-element_type=\"widget\" data-widget_type=\"divider.default\">\n\t\t\t\t<div class=\"elementor-widget-container\">\n\t\t\t\t\t\t\t<div class=\"elementor-divider\">\n\t\t\t<span class=\"elementor-divider-separator\">\n\t\t\t\t\t\t<\/span>\n\t\t<\/div>\n\t\t\t\t\t\t<\/div>\n\t\t\t\t<\/div>\n\t\t\t\t\t<\/div>\n\t\t<\/div>\n\t\t\t\t\t<\/div>\n\t\t<\/section>\n\t\t\t\t<section class=\"elementor-section elementor-top-section elementor-element elementor-element-681db8b elementor-section-boxed elementor-section-height-default elementor-section-height-default\" data-id=\"681db8b\" data-element_type=\"section\">\n\t\t\t\t\t\t<div class=\"elementor-container elementor-column-gap-default\">\n\t\t\t\t\t<div class=\"elementor-column elementor-col-100 elementor-top-column elementor-element elementor-element-ad4dac5\" data-id=\"ad4dac5\" data-element_type=\"column\">\n\t\t\t<div class=\"elementor-widget-wrap elementor-element-populated\">\n\t\t\t\t\t\t<div class=\"elementor-element elementor-element-2f96b3d elementor-widget__width-initial elementor-widget elementor-widget-text-editor\" data-id=\"2f96b3d\" data-element_type=\"widget\" data-widget_type=\"text-editor.default\">\n\t\t\t\t<div class=\"elementor-widget-container\">\n\t\t\t\t\t\t\t\t\t<div>\n<p style=\"line-height: 18pt;background-image: initial;background-position: initial;background-size: initial;background-attachment: initial\"><span style=\"font-size: 11.5pt;font-family: Arial;color: #383838\">Gazetecilik B\u00f6l\u00fcm\u00fc 2003-2004 y\u0131l\u0131nda ilk \u00f6\u011frencilerini alarak e\u011fitim-\u00f6\u011fretim hayat\u0131na ba\u015flam\u0131\u015ft\u0131r.<\/span><\/p>\n<p style=\"line-height: 18pt;background-image: initial;background-position: initial;background-size: initial;background-attachment: initial\"><span style=\"font-size: 11.5pt;font-family: Arial;color: #383838\">B\u00f6l\u00fcm\u00fcn b\u00f6l\u00fcm ba\u015fkanl\u0131\u011f\u0131n\u0131 ilk olarak Osman G\u00fcnd\u00fcz \u00fcstlenmi\u015f; ard\u0131ndan s\u0131ras\u0131yla Serpil S\u00fcrmeli ve Necla Mora bu g\u00f6revi y\u00fcr\u00fctm\u00fc\u015ft\u00fcr.&nbsp;<\/span><span style=\"font-family: Arial;font-size: 11.5pt;letter-spacing: 0px\">2005 y\u0131l\u0131nda bu g\u00f6reve atanan U\u011fur Yavuz ise 2016 y\u0131l\u0131na kadar b\u00f6l\u00fcm ba\u015fkanl\u0131\u011f\u0131 g\u00f6revini s\u00fcrd\u00fcrm\u00fc\u015f; 2016- 2019 y\u0131llar\u0131 aras\u0131nda H\u00fcseyin K\u00f6se, 2019-2022 y\u0131llar\u0131 aras\u0131nda Hakan Temizt\u00fcrk ve 2023 y\u0131l\u0131 itibariyle Besim Y\u0131ld\u0131r\u0131m bu g\u00f6revi \u00fcstlenmi\u015ftir.<\/span><\/p>\n<p style=\"line-height: 18pt;background-image: initial;background-position: initial;background-size: initial;background-attachment: initial\"><span style=\"font-size: 11.5pt;font-family: Arial;color: #383838\">B\u00f6l\u00fcm ilk kuruldu\u011funda \u00f6\u011fretim kadrosu olduk\u00e7a s\u0131n\u0131rl\u0131 iken ilerleyen y\u0131llarda \u0130stanbul, Ankara ve \u0130zmir\u2019deki \u00fcniversitelerde y\u00fcksek lisans ve doktora e\u011fitimlerini tamamlayan \u00f6\u011fretim elemanlar\u0131n\u0131n \u00f6\u011fretim \u00fcyesi olmalar\u0131yla kadro geli\u015fmi\u015f ve geni\u015flemi\u015ftir.<\/span><\/p>\n<p style=\"line-height: 18pt;background-image: initial;background-position: initial;background-size: initial;background-attachment: initial\"><span style=\"font-size: 11.5pt;font-family: Arial;color: #383838\">\u0130lk d\u00f6nemlerinde birinci \u00f6\u011fretimle ve y\u0131ll\u0131k ortalama 50 \u00f6\u011frenci alarak e\u011fitime ba\u015flayan b\u00f6l\u00fcme daha sonra ikinci \u00f6\u011fretim program\u0131 eklenmi\u015f ve kontenjanlar 200\u2019e \u00e7\u0131kar\u0131lm\u0131\u015ft\u0131r. B\u00f6ylece b\u00f6l\u00fcm\u00fcn aktif \u00f6\u011frenci say\u0131s\u0131 2.500\u2019\u00fc a\u015fm\u0131\u015ft\u0131r.&nbsp;<\/span><span style=\"font-family: Arial;font-size: 11.5pt;letter-spacing: 0px\">Bug\u00fcne kadar b\u00f6l\u00fcmden 3.000\u2019i a\u015fk\u0131n \u00f6\u011frenci mezun olmu\u015ftur.<\/span><\/p>\n<\/div>\n<div>&nbsp;<\/div>\t\t\t\t\t\t\t\t<\/div>\n\t\t\t\t<\/div>\n\t\t\t\t\t<\/div>\n\t\t<\/div>\n\t\t\t\t\t<\/div>\n\t\t<\/section>\n\t\t\t\t<\/div>\n\t\t","protected":false},"excerpt":{"rendered":"<p>Tarih\u00e7e Gazetecilik B\u00f6l\u00fcm\u00fc 2003-2004 y\u0131l\u0131nda ilk \u00f6\u011frencilerini alarak e\u011fitim-\u00f6\u011fretim hayat\u0131na ba\u015flam\u0131\u015ft\u0131r. B\u00f6l\u00fcm\u00fcn b\u00f6l\u00fcm ba\u015fkanl\u0131\u011f\u0131n\u0131 ilk olarak Osman G\u00fcnd\u00fcz \u00fcstlenmi\u015f; ard\u0131ndan s\u0131ras\u0131yla Serpil S\u00fcrmeli ve Necla Mora bu g\u00f6revi y\u00fcr\u00fctm\u00fc\u015ft\u00fcr.&nbsp;2005 y\u0131l\u0131nda bu g\u00f6reve atanan U\u011fur Yavuz ise 2016 y\u0131l\u0131na kadar b\u00f6l\u00fcm ba\u015fkanl\u0131\u011f\u0131 g\u00f6revini s\u00fcrd\u00fcrm\u00fc\u015f; 2016- 2019 y\u0131llar\u0131 aras\u0131nda H\u00fcseyin K\u00f6se, 2019-2022 y\u0131llar\u0131 aras\u0131nda Hakan Temizt\u00fcrk ve [&hellip;]<\/p>\n","protected":false},"author":1,"featured_media":0,"parent":0,"menu_order":0,"comment_status":"closed","ping_status":"closed","template":"","meta":{"footnotes":""},"class_list":["post-5638","page","type-page","status-publish","hentry"],"_links":{"self":[{"href":"https:\/\/atauni.edu.tr\/gazetecilik-bolumu\/wp-json\/wp\/v2\/pages\/5638","targetHints":{"allow":["GET"]}}],"collection":[{"href":"https:\/\/atauni.edu.tr\/gazetecilik-bolumu\/wp-json\/wp\/v2\/pages"}],"about":[{"href":"https:\/\/atauni.edu.tr\/gazetecilik-bolumu\/wp-json\/wp\/v2\/types\/page"}],"author":[{"embeddable":true,"href":"https:\/\/atauni.edu.tr\/gazetecilik-bolumu\/wp-json\/wp\/v2\/users\/1"}],"replies":[{"embeddable":true,"href":"https:\/\/atauni.edu.tr\/gazetecilik-bolumu\/wp-json\/wp\/v2\/comments?post=5638"}],"version-history":[{"count":31,"href":"https:\/\/atauni.edu.tr\/gazetecilik-bolumu\/wp-json\/wp\/v2\/pages\/5638\/revisions"}],"predecessor-version":[{"id":6246,"href":"https:\/\/atauni.edu.tr\/gazetecilik-bolumu\/wp-json\/wp\/v2\/pages\/5638\/revisions\/6246"}],"wp:attachment":[{"href":"https:\/\/atauni.edu.tr\/gazetecilik-bolumu\/wp-json\/wp\/v2\/media?parent=5638"}],"curies":[{"name":"wp","href":"https:\/\/api.w.org\/{rel}","templated":true}]}}