{"id":5682,"date":"2021-07-13T10:10:01","date_gmt":"2021-07-13T07:10:01","guid":{"rendered":"https:\/\/portaltest.atauni.edu.tr\/bilgisayar-muhendisligi\/?page_id=5682"},"modified":"2023-10-13T13:31:13","modified_gmt":"2023-10-13T10:31:13","slug":"misyon-vizyon-ve-temel-degerler","status":"publish","type":"page","link":"https:\/\/atauni.edu.tr\/gazetecilik-bolumu\/misyon-vizyon-ve-temel-degerler\/","title":{"rendered":"Misyon ve Vizyon"},"content":{"rendered":"\t\t<div data-elementor-type=\"wp-page\" data-elementor-id=\"5682\" class=\"elementor elementor-5682\" data-elementor-post-type=\"page\">\n\t\t\t\t\t\t<section class=\"elementor-section elementor-top-section elementor-element elementor-element-730d320 elementor-section-boxed elementor-section-height-default elementor-section-height-default\" data-id=\"730d320\" data-element_type=\"section\">\n\t\t\t\t\t\t<div class=\"elementor-container elementor-column-gap-default\">\n\t\t\t\t\t<div class=\"elementor-column elementor-col-100 elementor-top-column elementor-element elementor-element-753d0860\" data-id=\"753d0860\" data-element_type=\"column\">\n\t\t\t<div class=\"elementor-widget-wrap\">\n\t\t\t\t\t\t\t<\/div>\n\t\t<\/div>\n\t\t\t\t\t<\/div>\n\t\t<\/section>\n\t\t\t\t<section class=\"elementor-section elementor-top-section elementor-element elementor-element-9be811a elementor-section-boxed elementor-section-height-default elementor-section-height-default\" data-id=\"9be811a\" data-element_type=\"section\">\n\t\t\t\t\t\t<div class=\"elementor-container elementor-column-gap-default\">\n\t\t\t\t\t<div class=\"elementor-column elementor-col-100 elementor-top-column elementor-element elementor-element-1ed847b7\" data-id=\"1ed847b7\" data-element_type=\"column\">\n\t\t\t<div class=\"elementor-widget-wrap elementor-element-populated\">\n\t\t\t\t\t\t<div class=\"elementor-element elementor-element-4ce0d07f elementor-widget elementor-widget-heading\" data-id=\"4ce0d07f\" data-element_type=\"widget\" data-widget_type=\"heading.default\">\n\t\t\t\t<div class=\"elementor-widget-container\">\n\t\t\t\t\t<h2 class=\"elementor-heading-title elementor-size-default\">Misyon ve Vizyon<\/h2>\t\t\t\t<\/div>\n\t\t\t\t<\/div>\n\t\t\t\t<div class=\"elementor-element elementor-element-63260862 elementor-widget-divider--view-line elementor-widget elementor-widget-divider\" data-id=\"63260862\" data-element_type=\"widget\" data-widget_type=\"divider.default\">\n\t\t\t\t<div class=\"elementor-widget-container\">\n\t\t\t\t\t\t\t<div class=\"elementor-divider\">\n\t\t\t<span class=\"elementor-divider-separator\">\n\t\t\t\t\t\t<\/span>\n\t\t<\/div>\n\t\t\t\t\t\t<\/div>\n\t\t\t\t<\/div>\n\t\t\t\t\t<\/div>\n\t\t<\/div>\n\t\t\t\t\t<\/div>\n\t\t<\/section>\n\t\t\t\t<section class=\"elementor-section elementor-top-section elementor-element elementor-element-681db8b elementor-section-boxed elementor-section-height-default elementor-section-height-default\" data-id=\"681db8b\" data-element_type=\"section\">\n\t\t\t\t\t\t<div class=\"elementor-container elementor-column-gap-default\">\n\t\t\t\t\t<div class=\"elementor-column elementor-col-100 elementor-top-column elementor-element elementor-element-ad4dac5\" data-id=\"ad4dac5\" data-element_type=\"column\">\n\t\t\t<div class=\"elementor-widget-wrap elementor-element-populated\">\n\t\t\t\t\t\t<div class=\"elementor-element elementor-element-2f96b3d elementor-widget elementor-widget-text-editor\" data-id=\"2f96b3d\" data-element_type=\"widget\" data-widget_type=\"text-editor.default\">\n\t\t\t\t<div class=\"elementor-widget-container\">\n\t\t\t\t\t\t\t\t\t<div><p style=\"line-height: 18pt;background-image: initial;background-position: initial;background-size: initial;background-attachment: initial\"><strong><span style=\"font-size: 11.5pt;font-family: Arial;color: #383838\">Misyon<\/span><\/strong><\/p><p style=\"line-height: 18pt;background-image: initial;background-position: initial;background-size: initial;background-attachment: initial\"><span style=\"font-size: 11.5pt;font-family: Arial;color: #383838\">\u0130leti\u015fim ve gazetecilik alan\u0131nda uzman, donan\u0131ml\u0131, ekip \u00e7al\u0131\u015fmas\u0131na yatk\u0131n, yeniliklere a\u00e7\u0131k, mesle\u011fin ve alan\u0131n\u0131n etik de\u011ferlerini g\u00f6zeten, ele\u015ftirel d\u00fc\u015f\u00fcnebilen, toplumsal konulara hassasiyet g\u00f6steren, mesle\u011fini icra ederken kamu yarar\u0131n\u0131 \u00f6nceleyen, sosyal ve mesleki hak ve sorumluluklar\u0131n\u0131n bilincinde olan, fikirleri ve projeleriyle \u00fclkesine ve d\u00fcnyaya faydal\u0131 olabilecek \u00e7a\u011fda\u015f ileti\u015fimcileri yeti\u015ftirmek ve b\u00f6ylece demokratik ve e\u015fitlik\u00e7i bir ileti\u015fim ortam\u0131n\u0131n olu\u015fmas\u0131na katk\u0131 sa\u011flamakt\u0131r.<\/span><\/p><p style=\"line-height: 18pt;background-image: initial;background-position: initial;background-size: initial;background-attachment: initial\"><span style=\"font-size: 11.5pt;font-family: Arial;color: #383838\">Ayn\u0131 zamanda Atat\u00fcrk \u00dcniversitesinin \u2018hayat\u0131n hizmetinde\u2019 misyonuyla uyumlu olarak, toplumun ihtiya\u00e7lar\u0131n\u0131 ve beklentilerini kar\u015f\u0131layacak \u00e7al\u0131\u015fmalar yapmakt\u0131r.<\/span><\/p><p style=\"line-height: 18pt;background-image: initial;background-position: initial;background-size: initial;background-attachment: initial\"><strong><span style=\"font-size: 11.5pt;font-family: Arial;color: #383838\">Vizyon<\/span><\/strong><\/p><p style=\"line-height: 18pt;background-image: initial;background-position: initial;background-size: initial;background-attachment: initial\"><span style=\"font-size: 11.5pt;font-family: Arial;color: #383838\">Alan\u0131ndaki geli\u015fmeleri takip edip bilgi ve becerilerini g\u00fcncelleyerek yapt\u0131\u011f\u0131 i\u015flerle ulusal ve uluslararas\u0131 arenada varl\u0131k g\u00f6steren, kritik d\u00fc\u015f\u00fcnme becerilerini ve teknolojiyi kullanarak yenilik\u00e7i ve \u00e7\u00f6z\u00fcm geli\u015ftirici toplumsal katk\u0131 sa\u011flayan, yarat\u0131c\u0131, duyarl\u0131 bireyler yeti\u015ftirerek \u2018hep ileriye\u2019 y\u00f6nelik \u00e7al\u0131\u015fmalarla akademik ve mesleki alanda kendisinden s\u00f6z ettiren bir b\u00f6l\u00fcm olmakt\u0131r.<\/span><\/p><\/div><div>\u00a0<\/div>\t\t\t\t\t\t\t\t<\/div>\n\t\t\t\t<\/div>\n\t\t\t\t\t<\/div>\n\t\t<\/div>\n\t\t\t\t\t<\/div>\n\t\t<\/section>\n\t\t\t\t<\/div>\n\t\t","protected":false},"excerpt":{"rendered":"<p>Misyon ve Vizyon Misyon \u0130leti\u015fim ve gazetecilik alan\u0131nda uzman, donan\u0131ml\u0131, ekip \u00e7al\u0131\u015fmas\u0131na yatk\u0131n, yeniliklere a\u00e7\u0131k, mesle\u011fin ve alan\u0131n\u0131n etik de\u011ferlerini g\u00f6zeten, ele\u015ftirel d\u00fc\u015f\u00fcnebilen, toplumsal konulara hassasiyet g\u00f6steren, mesle\u011fini icra ederken kamu yarar\u0131n\u0131 \u00f6nceleyen, sosyal ve mesleki hak ve sorumluluklar\u0131n\u0131n bilincinde olan, fikirleri ve projeleriyle \u00fclkesine ve d\u00fcnyaya faydal\u0131 olabilecek \u00e7a\u011fda\u015f ileti\u015fimcileri yeti\u015ftirmek ve b\u00f6ylece demokratik [&hellip;]<\/p>\n","protected":false},"author":1,"featured_media":0,"parent":0,"menu_order":0,"comment_status":"closed","ping_status":"closed","template":"elementor_header_footer","meta":{"footnotes":""},"class_list":["post-5682","page","type-page","status-publish","hentry"],"_links":{"self":[{"href":"https:\/\/atauni.edu.tr\/gazetecilik-bolumu\/wp-json\/wp\/v2\/pages\/5682","targetHints":{"allow":["GET"]}}],"collection":[{"href":"https:\/\/atauni.edu.tr\/gazetecilik-bolumu\/wp-json\/wp\/v2\/pages"}],"about":[{"href":"https:\/\/atauni.edu.tr\/gazetecilik-bolumu\/wp-json\/wp\/v2\/types\/page"}],"author":[{"embeddable":true,"href":"https:\/\/atauni.edu.tr\/gazetecilik-bolumu\/wp-json\/wp\/v2\/users\/1"}],"replies":[{"embeddable":true,"href":"https:\/\/atauni.edu.tr\/gazetecilik-bolumu\/wp-json\/wp\/v2\/comments?post=5682"}],"version-history":[{"count":12,"href":"https:\/\/atauni.edu.tr\/gazetecilik-bolumu\/wp-json\/wp\/v2\/pages\/5682\/revisions"}],"predecessor-version":[{"id":6247,"href":"https:\/\/atauni.edu.tr\/gazetecilik-bolumu\/wp-json\/wp\/v2\/pages\/5682\/revisions\/6247"}],"wp:attachment":[{"href":"https:\/\/atauni.edu.tr\/gazetecilik-bolumu\/wp-json\/wp\/v2\/media?parent=5682"}],"curies":[{"name":"wp","href":"https:\/\/api.w.org\/{rel}","templated":true}]}}