{"id":6581,"date":"2025-08-12T14:22:41","date_gmt":"2025-08-12T11:22:41","guid":{"rendered":"https:\/\/birimler.atauni.edu.tr\/gazetecilik-bolumu\/?page_id=6581"},"modified":"2025-08-12T14:22:41","modified_gmt":"2025-08-12T11:22:41","slug":"haberler","status":"publish","type":"page","link":"https:\/\/atauni.edu.tr\/gazetecilik-bolumu\/haberler\/","title":{"rendered":"Haberler"},"content":{"rendered":"<form method=\"get\" class=\"row g-3\" style=\"margin-bottom: 20px;\"><div class=\"col-md-3\"><input type=\"text\" name=\"haber_ara\" class=\"form-control\" placeholder=\"Haber ara...\" value=\"\"><\/div><div class=\"col-md-3\"><input type=\"date\" name=\"baslangic_tarihi\" class=\"form-control\" value=\"\"><\/div><div class=\"col-md-3\"><input type=\"date\" name=\"bitis_tarihi\" class=\"form-control\" value=\"\"><\/div><div class=\"col-md-3\"><button type=\"submit\" class=\"btn btn-secondary w-50\">Filtrele<\/button><\/div><\/form><ul class=\"kategori-yazilari-liste\"><li style=\"display: flex; margin-bottom: 10px; align-items: center;\"><div class=\"post-thumbnail\" style=\"margin-right: 15px;\"><a href=\"https:\/\/atauni.edu.tr\/gazetecilik-bolumu\/2026\/04\/22\/ataturk-iletisim-gazetesinin-107-sayisi-yayimlandi\/\"><img decoding=\"async\" width=\"150\" height=\"150\" src=\"https:\/\/atauni.edu.tr\/gazetecilik-bolumu\/wp-content\/uploads\/sites\/654\/2026\/04\/Ekran-goruntusu-2026-04-22-135148-e1776855245151-150x150.png\" class=\"attachment-thumbnail size-thumbnail wp-post-image\" alt=\"\" \/><\/a><\/div><div class=\"post-content\" style=\"flex-grow: 1;\"><span class=\"post-date habertarih\" style=\"display: block; font-weight: bold; margin-bottom: 5px;\">22 Nisan 2026<\/span><a class=\"haberbaslik\" href=\"https:\/\/atauni.edu.tr\/gazetecilik-bolumu\/2026\/04\/22\/ataturk-iletisim-gazetesinin-107-sayisi-yayimlandi\/\">Atat\u00fcrk \u0130leti\u015fim Gazetesi&#8217;nin 107. Say\u0131s\u0131 Yay\u0131mland\u0131<\/a><\/div><\/li><li style=\"display: flex; margin-bottom: 10px; align-items: center;\"><div class=\"post-thumbnail\" style=\"margin-right: 15px;\"><a href=\"https:\/\/atauni.edu.tr\/gazetecilik-bolumu\/2025\/12\/09\/ataturk-iletisim-gazetesinin-106-sayisi-yayimlandi\/\"><img decoding=\"async\" width=\"150\" height=\"150\" src=\"https:\/\/atauni.edu.tr\/gazetecilik-bolumu\/wp-content\/uploads\/sites\/654\/2026\/04\/Ekran-goruntusu-2026-04-22-140109-150x150.png\" class=\"attachment-thumbnail size-thumbnail wp-post-image\" alt=\"\" \/><\/a><\/div><div class=\"post-content\" style=\"flex-grow: 1;\"><span class=\"post-date habertarih\" style=\"display: block; font-weight: bold; margin-bottom: 5px;\">9 Aral\u0131k 2025<\/span><a class=\"haberbaslik\" href=\"https:\/\/atauni.edu.tr\/gazetecilik-bolumu\/2025\/12\/09\/ataturk-iletisim-gazetesinin-106-sayisi-yayimlandi\/\">Atat\u00fcrk \u0130leti\u015fim Gazetesi&#8217;nin 106. Say\u0131s\u0131 Yay\u0131mland\u0131<\/a><\/div><\/li><li style=\"display: flex; margin-bottom: 10px; align-items: center;\"><div class=\"post-thumbnail\" style=\"margin-right: 15px;\"><a href=\"https:\/\/atauni.edu.tr\/gazetecilik-bolumu\/2025\/02\/21\/ataturk-iletisimin-105-sayisi-cikti\/\"><img decoding=\"async\" width=\"150\" height=\"150\" src=\"https:\/\/atauni.edu.tr\/gazetecilik-bolumu\/wp-content\/uploads\/sites\/654\/2025\/02\/105-Aralik-2024-e1740138395400-150x150.png\" class=\"attachment-thumbnail size-thumbnail wp-post-image\" alt=\"\" \/><\/a><\/div><div class=\"post-content\" style=\"flex-grow: 1;\"><span class=\"post-date habertarih\" style=\"display: block; font-weight: bold; margin-bottom: 5px;\">21 \u015eubat 2025<\/span><a class=\"haberbaslik\" href=\"https:\/\/atauni.edu.tr\/gazetecilik-bolumu\/2025\/02\/21\/ataturk-iletisimin-105-sayisi-cikti\/\">Atat\u00fcrk \u0130leti\u015fim\u2019in 105. Say\u0131s\u0131 \u00c7\u0131kt\u0131<\/a><\/div><\/li><li style=\"display: flex; margin-bottom: 10px; align-items: center;\"><div class=\"post-thumbnail\" style=\"margin-right: 15px;\"><a href=\"https:\/\/atauni.edu.tr\/gazetecilik-bolumu\/2024\/11\/04\/iletisim-fakultesinde-afganistan-izlenimleri-konulu-soylesi-gerceklestirildi\/\"><img loading=\"lazy\" decoding=\"async\" width=\"150\" height=\"150\" src=\"https:\/\/atauni.edu.tr\/gazetecilik-bolumu\/wp-content\/uploads\/sites\/654\/2024\/11\/265A0716-scaled-e1730715293709-150x150.jpg\" class=\"attachment-thumbnail size-thumbnail wp-post-image\" alt=\"\" \/><\/a><\/div><div class=\"post-content\" style=\"flex-grow: 1;\"><span class=\"post-date habertarih\" style=\"display: block; font-weight: bold; margin-bottom: 5px;\">4 Kas\u0131m 2024<\/span><a class=\"haberbaslik\" href=\"https:\/\/atauni.edu.tr\/gazetecilik-bolumu\/2024\/11\/04\/iletisim-fakultesinde-afganistan-izlenimleri-konulu-soylesi-gerceklestirildi\/\">\u0130leti\u015fim Fak\u00fcltesinde &#8220;Afganistan \u0130zlenimleri&#8221; Konulu S\u00f6yle\u015fi Ger\u00e7ekle\u015ftirildi<\/a><\/div><\/li><li style=\"display: flex; margin-bottom: 10px; align-items: center;\"><div class=\"post-thumbnail\" style=\"margin-right: 15px;\"><a href=\"https:\/\/atauni.edu.tr\/gazetecilik-bolumu\/2024\/09\/16\/ataturk-iletisimin-104-sayisi-cikti\/\"><img loading=\"lazy\" decoding=\"async\" width=\"150\" height=\"150\" src=\"https:\/\/atauni.edu.tr\/gazetecilik-bolumu\/wp-content\/uploads\/sites\/654\/2024\/09\/Screenshot_4-2-150x150.png\" class=\"attachment-thumbnail size-thumbnail wp-post-image\" alt=\"\" \/><\/a><\/div><div class=\"post-content\" style=\"flex-grow: 1;\"><span class=\"post-date habertarih\" style=\"display: block; font-weight: bold; margin-bottom: 5px;\">16 Eyl\u00fcl 2024<\/span><a class=\"haberbaslik\" href=\"https:\/\/atauni.edu.tr\/gazetecilik-bolumu\/2024\/09\/16\/ataturk-iletisimin-104-sayisi-cikti\/\">Atat\u00fcrk \u0130leti\u015fim\u2019in 104. Say\u0131s\u0131 \u00c7\u0131kt\u0131<\/a><\/div><\/li><li style=\"display: flex; margin-bottom: 10px; align-items: center;\"><div class=\"post-thumbnail\" style=\"margin-right: 15px;\"><a href=\"https:\/\/atauni.edu.tr\/gazetecilik-bolumu\/2024\/03\/18\/ataturk-iletisimin-103uncu-sayisi-cikti\/\"><img loading=\"lazy\" decoding=\"async\" width=\"150\" height=\"150\" src=\"https:\/\/atauni.edu.tr\/gazetecilik-bolumu\/wp-content\/uploads\/sites\/654\/2024\/03\/103.-Sayi-Aralik-2023-1-e1710751684146-150x150.png\" class=\"attachment-thumbnail size-thumbnail wp-post-image\" alt=\"\" \/><\/a><\/div><div class=\"post-content\" style=\"flex-grow: 1;\"><span class=\"post-date habertarih\" style=\"display: block; font-weight: bold; margin-bottom: 5px;\">18 Mart 2024<\/span><a class=\"haberbaslik\" href=\"https:\/\/atauni.edu.tr\/gazetecilik-bolumu\/2024\/03\/18\/ataturk-iletisimin-103uncu-sayisi-cikti\/\">Atat\u00fcrk \u0130leti\u015fim&#8217;in 103. Say\u0131s\u0131 \u00c7\u0131kt\u0131<\/a><\/div><\/li><li style=\"display: flex; margin-bottom: 10px; align-items: center;\"><div class=\"post-thumbnail\" style=\"margin-right: 15px;\"><a href=\"https:\/\/atauni.edu.tr\/gazetecilik-bolumu\/2024\/01\/04\/gazeteci-yazar-mehmet-akif-ersoyun-katilimiyla-kariyer-soylesisi-gerceklestirildi\/\"><img loading=\"lazy\" decoding=\"async\" width=\"150\" height=\"150\" src=\"https:\/\/atauni.edu.tr\/gazetecilik-bolumu\/wp-content\/uploads\/sites\/654\/2024\/03\/IMG-20240102-WA0157-scaled-1-150x150.jpg\" class=\"attachment-thumbnail size-thumbnail wp-post-image\" alt=\"\" \/><\/a><\/div><div class=\"post-content\" style=\"flex-grow: 1;\"><span class=\"post-date habertarih\" style=\"display: block; font-weight: bold; margin-bottom: 5px;\">4 Ocak 2024<\/span><a class=\"haberbaslik\" href=\"https:\/\/atauni.edu.tr\/gazetecilik-bolumu\/2024\/01\/04\/gazeteci-yazar-mehmet-akif-ersoyun-katilimiyla-kariyer-soylesisi-gerceklestirildi\/\">Gazeteci-Yazar Mehmet Akif Ersoy\u2019un Kat\u0131l\u0131m\u0131yla Kariyer S\u00f6yle\u015fisi Ger\u00e7ekle\u015ftirildi<\/a><\/div><\/li><li style=\"display: flex; margin-bottom: 10px; align-items: center;\"><div class=\"post-thumbnail\" style=\"margin-right: 15px;\"><a href=\"https:\/\/atauni.edu.tr\/gazetecilik-bolumu\/2023\/12\/22\/unutulma-hakki-paneli-duzenlendi\/\"><img loading=\"lazy\" decoding=\"async\" width=\"150\" height=\"150\" src=\"https:\/\/atauni.edu.tr\/gazetecilik-bolumu\/wp-content\/uploads\/sites\/654\/2024\/03\/d1d4871a-c3da-461b-abc2-35646a95932e-e1710750281450-150x150.jpg\" class=\"attachment-thumbnail size-thumbnail wp-post-image\" alt=\"\" \/><\/a><\/div><div class=\"post-content\" style=\"flex-grow: 1;\"><span class=\"post-date habertarih\" style=\"display: block; font-weight: bold; margin-bottom: 5px;\">22 Aral\u0131k 2023<\/span><a class=\"haberbaslik\" href=\"https:\/\/atauni.edu.tr\/gazetecilik-bolumu\/2023\/12\/22\/unutulma-hakki-paneli-duzenlendi\/\">\u2018UNUTULMA HAKKI\u2019 Paneli D\u00fczenlendi<\/a><\/div><\/li><li style=\"display: flex; margin-bottom: 10px; align-items: center;\"><div class=\"post-thumbnail\" style=\"margin-right: 15px;\"><a href=\"https:\/\/atauni.edu.tr\/gazetecilik-bolumu\/2023\/12\/18\/madde-kullanimiyla-mucadelede-ileri-adim-semineri-duzenlendi\/\"><img loading=\"lazy\" decoding=\"async\" width=\"150\" height=\"150\" src=\"https:\/\/atauni.edu.tr\/gazetecilik-bolumu\/wp-content\/uploads\/sites\/654\/2020\/07\/IMG_1446-scaled-2-150x150.jpg\" class=\"attachment-thumbnail size-thumbnail wp-post-image\" alt=\"\" \/><\/a><\/div><div class=\"post-content\" style=\"flex-grow: 1;\"><span class=\"post-date habertarih\" style=\"display: block; font-weight: bold; margin-bottom: 5px;\">18 Aral\u0131k 2023<\/span><a class=\"haberbaslik\" href=\"https:\/\/atauni.edu.tr\/gazetecilik-bolumu\/2023\/12\/18\/madde-kullanimiyla-mucadelede-ileri-adim-semineri-duzenlendi\/\">\u201cMadde Kullan\u0131m\u0131yla M\u00fccadelede \u0130leri Ad\u0131m\u201d Semineri D\u00fczenlendi<\/a><\/div><\/li><li style=\"display: flex; margin-bottom: 10px; align-items: center;\"><div class=\"post-thumbnail\" style=\"margin-right: 15px;\"><a href=\"https:\/\/atauni.edu.tr\/gazetecilik-bolumu\/2023\/10\/13\/ataturk-universitesi-iletisim-fakultesi-ilad-ve-iledak-tarafindan-bes-yilligina-akredite-edildi\/\"><img loading=\"lazy\" decoding=\"async\" width=\"150\" height=\"150\" src=\"https:\/\/atauni.edu.tr\/gazetecilik-bolumu\/wp-content\/uploads\/sites\/654\/2023\/10\/AA\u0303_-GZT_page-0001-1-scaled-1-150x150.jpg\" class=\"attachment-thumbnail size-thumbnail wp-post-image\" alt=\"\" \/><\/a><\/div><div class=\"post-content\" style=\"flex-grow: 1;\"><span class=\"post-date habertarih\" style=\"display: block; font-weight: bold; margin-bottom: 5px;\">13 Ekim 2023<\/span><a class=\"haberbaslik\" href=\"https:\/\/atauni.edu.tr\/gazetecilik-bolumu\/2023\/10\/13\/ataturk-universitesi-iletisim-fakultesi-ilad-ve-iledak-tarafindan-bes-yilligina-akredite-edildi\/\">Atat\u00fcrk \u00dcniversitesi \u0130leti\u015fim Fak\u00fcltesi, \u0130LAD ve \u0130LEDAK taraf\u0131ndan be\u015f y\u0131ll\u0131\u011f\u0131na akredite edildi.<\/a><\/div><\/li><\/ul><nav class=\"pagination\" style=\"margin-top: 20px;\"><ul class='page-numbers'>\n\t<li><span aria-current=\"page\" class=\"page-numbers current\">1<\/span><\/li>\n\t<li><a class=\"page-numbers\" href=\"https:\/\/atauni.edu.tr\/gazetecilik-bolumu\/wp-json\/wp\/v2\/pages\/6581\/page\/2\/\">2<\/a><\/li>\n\t<li><a class=\"next page-numbers\" href=\"https:\/\/atauni.edu.tr\/gazetecilik-bolumu\/wp-json\/wp\/v2\/pages\/6581\/page\/2\/\">Sonraki &raquo;<\/a><\/li>\n<\/ul>\n<\/nav>\n\n\n\n<p><\/p>\n","protected":false},"excerpt":{"rendered":"","protected":false},"author":1,"featured_media":0,"parent":0,"menu_order":0,"comment_status":"closed","ping_status":"closed","template":"","meta":{"footnotes":""},"class_list":["post-6581","page","type-page","status-publish","hentry"],"_links":{"self":[{"href":"https:\/\/atauni.edu.tr\/gazetecilik-bolumu\/wp-json\/wp\/v2\/pages\/6581","targetHints":{"allow":["GET"]}}],"collection":[{"href":"https:\/\/atauni.edu.tr\/gazetecilik-bolumu\/wp-json\/wp\/v2\/pages"}],"about":[{"href":"https:\/\/atauni.edu.tr\/gazetecilik-bolumu\/wp-json\/wp\/v2\/types\/page"}],"author":[{"embeddable":true,"href":"https:\/\/atauni.edu.tr\/gazetecilik-bolumu\/wp-json\/wp\/v2\/users\/1"}],"replies":[{"embeddable":true,"href":"https:\/\/atauni.edu.tr\/gazetecilik-bolumu\/wp-json\/wp\/v2\/comments?post=6581"}],"version-history":[{"count":1,"href":"https:\/\/atauni.edu.tr\/gazetecilik-bolumu\/wp-json\/wp\/v2\/pages\/6581\/revisions"}],"predecessor-version":[{"id":6584,"href":"https:\/\/atauni.edu.tr\/gazetecilik-bolumu\/wp-json\/wp\/v2\/pages\/6581\/revisions\/6584"}],"wp:attachment":[{"href":"https:\/\/atauni.edu.tr\/gazetecilik-bolumu\/wp-json\/wp\/v2\/media?parent=6581"}],"curies":[{"name":"wp","href":"https:\/\/api.w.org\/{rel}","templated":true}]}}