{"id":5638,"date":"2021-07-13T09:49:25","date_gmt":"2021-07-13T06:49:25","guid":{"rendered":"https:\/\/portaltest.atauni.edu.tr\/bilgisayar-muhendisligi\/?page_id=5638"},"modified":"2021-12-21T15:45:36","modified_gmt":"2021-12-21T12:45:36","slug":"tarihce","status":"publish","type":"page","link":"https:\/\/atauni.edu.tr\/geleneksel-el-sanatlari-programi-io\/tarihce\/","title":{"rendered":"Tarih\u00e7e"},"content":{"rendered":"\t\t<div data-elementor-type=\"wp-page\" data-elementor-id=\"5638\" class=\"elementor elementor-5638\" data-elementor-post-type=\"page\">\n\t\t\t\t\t\t<section class=\"elementor-section elementor-top-section elementor-element elementor-element-730d320 elementor-section-boxed elementor-section-height-default elementor-section-height-default\" data-id=\"730d320\" data-element_type=\"section\">\n\t\t\t\t\t\t<div class=\"elementor-container elementor-column-gap-default\">\n\t\t\t\t\t<div class=\"elementor-column elementor-col-100 elementor-top-column elementor-element elementor-element-753d0860\" data-id=\"753d0860\" data-element_type=\"column\">\n\t\t\t<div class=\"elementor-widget-wrap\">\n\t\t\t\t\t\t\t<\/div>\n\t\t<\/div>\n\t\t\t\t\t<\/div>\n\t\t<\/section>\n\t\t\t\t<section class=\"elementor-section elementor-top-section elementor-element elementor-element-9be811a elementor-section-boxed elementor-section-height-default elementor-section-height-default\" data-id=\"9be811a\" data-element_type=\"section\">\n\t\t\t\t\t\t<div class=\"elementor-container elementor-column-gap-default\">\n\t\t\t\t\t<div class=\"elementor-column elementor-col-100 elementor-top-column elementor-element elementor-element-1ed847b7\" data-id=\"1ed847b7\" data-element_type=\"column\">\n\t\t\t<div class=\"elementor-widget-wrap elementor-element-populated\">\n\t\t\t\t\t\t<div class=\"elementor-element elementor-element-4ce0d07f elementor-widget elementor-widget-heading\" data-id=\"4ce0d07f\" data-element_type=\"widget\" data-widget_type=\"heading.default\">\n\t\t\t\t<div class=\"elementor-widget-container\">\n\t\t\t\t\t<h2 class=\"elementor-heading-title elementor-size-default\">Tarih\u00e7e<\/h2>\t\t\t\t<\/div>\n\t\t\t\t<\/div>\n\t\t\t\t<div class=\"elementor-element elementor-element-63260862 elementor-widget-divider--view-line elementor-widget elementor-widget-divider\" data-id=\"63260862\" data-element_type=\"widget\" data-widget_type=\"divider.default\">\n\t\t\t\t<div class=\"elementor-widget-container\">\n\t\t\t\t\t\t\t<div class=\"elementor-divider\">\n\t\t\t<span class=\"elementor-divider-separator\">\n\t\t\t\t\t\t<\/span>\n\t\t<\/div>\n\t\t\t\t\t\t<\/div>\n\t\t\t\t<\/div>\n\t\t\t\t\t<\/div>\n\t\t<\/div>\n\t\t\t\t\t<\/div>\n\t\t<\/section>\n\t\t\t\t<section class=\"elementor-section elementor-top-section elementor-element elementor-element-681db8b elementor-section-boxed elementor-section-height-default elementor-section-height-default\" data-id=\"681db8b\" data-element_type=\"section\">\n\t\t\t\t\t\t<div class=\"elementor-container elementor-column-gap-default\">\n\t\t\t\t\t<div class=\"elementor-column elementor-col-100 elementor-top-column elementor-element elementor-element-ad4dac5\" data-id=\"ad4dac5\" data-element_type=\"column\">\n\t\t\t<div class=\"elementor-widget-wrap elementor-element-populated\">\n\t\t\t\t\t\t<div class=\"elementor-element elementor-element-2f96b3d elementor-widget elementor-widget-text-editor\" data-id=\"2f96b3d\" data-element_type=\"widget\" data-widget_type=\"text-editor.default\">\n\t\t\t\t<div class=\"elementor-widget-container\">\n\t\t\t\t\t\t\t\t\t<p>Geleneksel El Sanatlar\u0131 B\u00f6l\u00fcm\u00fc, 2001 y\u0131l\u0131nda&nbsp; okulumuz b\u00fcnyesinde e\u011fitim ve \u00f6\u011fretime ba\u015flam\u0131\u015ft\u0131r. Tezhip sanat\u0131 ba\u015fta olmak \u00fczere, ebru, nak\u0131\u015f, dekoratif y\u00fczey boyama ve benzeri dallarda e\u011fitimi devam etmektedir. B\u00f6l\u00fcm\u00fcm\u00fczde uygulama ve teorik derslerle birlikte e\u011fitim verilmektedir. B\u00f6l\u00fcm\u00fcn amac\u0131 unutulmaya y\u00fcz tutmu\u015f el sanatlar\u0131m\u0131z\u0131 canland\u0131rmak, bilimsel ve akademik y\u00f6ntemlerle korumak, ya\u015fatmak ve sonraki nesillere en iyi \u015fekilde aktarabilmektir.<\/p><p><span style=\"letter-spacing: 0px\">E\u011fitim esnas\u0131nda \u00f6\u011frencilere el becerileri kazand\u0131r\u0131l\u0131p, bu beceriyi en iyi \u015fekilde kullanma alanlar\u0131 olu\u015fturulur. B\u00f6l\u00fcm hakk\u0131nda genel bilgiler verilerek b\u00f6l\u00fcm ve derslerin tan\u0131t\u0131m\u0131 yap\u0131l\u0131r. \u00d6\u011frencinin tasar\u0131m ve \u00e7izim yetene\u011fi geli\u015ftirilir. Ayn\u0131 zamanda motif bilgisi, nak\u0131\u015fta kullan\u0131lan geleneksel y\u00f6ntemler, bu sanatlarda kullan\u0131lan malzemeleri tan\u0131ma ve kullanma odakl\u0131 beceriler sunulur.<\/span><\/p>\n<p>B\u00f6l\u00fcmden mezun olan \u00f6\u011frenci;<\/p>\n<ul>\n<li>K\u00fclt\u00fcr\u00fcm\u00fcz\u00fc tarihsel bir bak\u0131\u015f a\u00e7\u0131s\u0131yla yorumlayabilir.<\/li>\n<li>Mesleki ile ilgili geleneksel ve \u00e7a\u011fda\u015f eserleri yorumlayabilir.<\/li>\n<li>Disiplin i\u00e7i ve disiplinler aras\u0131 tak\u0131m \u00e7al\u0131\u015fmas\u0131 yapabilir.<\/li>\n<li>El sanatlar\u0131 ile ilgili g\u00fcncel kuramsal ve uygulamal\u0131 bilgilere sahip olur.<\/li>\n<li>Mesleki ve etik sorumluluk blincine sahip olur<\/li>\n<li>Alan\u0131 ile ilgili problemleri \u00e7\u00f6zebilecek seviyede temel ve mesleki matematik bilgisi kazan\u0131r.<\/li>\n<li>Alan\u0131 ile ilgili sorunlar\u0131 tespit edip \u00e7\u00f6z\u00fcm \u00f6nerileri sunabilir.<\/li>\n<li>Sanatsal etkinliklere kat\u0131l\u0131m sa\u011flad\u0131\u011f\u0131nda bir eser hakk\u0131nda inceleme yap\u0131p yorumlayabilir.<\/li>\n<li>Ulusal ve uluslararas\u0131 sanatsal etkinlikler d\u00fczenleyebilir.<\/li>\n<\/ul>\t\t\t\t\t\t\t\t<\/div>\n\t\t\t\t<\/div>\n\t\t\t\t\t<\/div>\n\t\t<\/div>\n\t\t\t\t\t<\/div>\n\t\t<\/section>\n\t\t\t\t<\/div>\n\t\t","protected":false},"excerpt":{"rendered":"<p>Tarih\u00e7e Geleneksel El Sanatlar\u0131 B\u00f6l\u00fcm\u00fc, 2001 y\u0131l\u0131nda&nbsp; okulumuz b\u00fcnyesinde e\u011fitim ve \u00f6\u011fretime ba\u015flam\u0131\u015ft\u0131r. Tezhip sanat\u0131 ba\u015fta olmak \u00fczere, ebru, nak\u0131\u015f, dekoratif y\u00fczey boyama ve benzeri dallarda e\u011fitimi devam etmektedir. B\u00f6l\u00fcm\u00fcm\u00fczde uygulama ve teorik derslerle birlikte e\u011fitim verilmektedir. B\u00f6l\u00fcm\u00fcn amac\u0131 unutulmaya y\u00fcz tutmu\u015f el sanatlar\u0131m\u0131z\u0131 canland\u0131rmak, bilimsel ve akademik y\u00f6ntemlerle korumak, ya\u015fatmak ve sonraki nesillere en [&hellip;]<\/p>\n","protected":false},"author":1,"featured_media":0,"parent":0,"menu_order":0,"comment_status":"closed","ping_status":"closed","template":"","meta":{"footnotes":""},"class_list":["post-5638","page","type-page","status-publish","hentry"],"_links":{"self":[{"href":"https:\/\/atauni.edu.tr\/geleneksel-el-sanatlari-programi-io\/wp-json\/wp\/v2\/pages\/5638","targetHints":{"allow":["GET"]}}],"collection":[{"href":"https:\/\/atauni.edu.tr\/geleneksel-el-sanatlari-programi-io\/wp-json\/wp\/v2\/pages"}],"about":[{"href":"https:\/\/atauni.edu.tr\/geleneksel-el-sanatlari-programi-io\/wp-json\/wp\/v2\/types\/page"}],"author":[{"embeddable":true,"href":"https:\/\/atauni.edu.tr\/geleneksel-el-sanatlari-programi-io\/wp-json\/wp\/v2\/users\/1"}],"replies":[{"embeddable":true,"href":"https:\/\/atauni.edu.tr\/geleneksel-el-sanatlari-programi-io\/wp-json\/wp\/v2\/comments?post=5638"}],"version-history":[{"count":29,"href":"https:\/\/atauni.edu.tr\/geleneksel-el-sanatlari-programi-io\/wp-json\/wp\/v2\/pages\/5638\/revisions"}],"predecessor-version":[{"id":6233,"href":"https:\/\/atauni.edu.tr\/geleneksel-el-sanatlari-programi-io\/wp-json\/wp\/v2\/pages\/5638\/revisions\/6233"}],"wp:attachment":[{"href":"https:\/\/atauni.edu.tr\/geleneksel-el-sanatlari-programi-io\/wp-json\/wp\/v2\/media?parent=5638"}],"curies":[{"name":"wp","href":"https:\/\/api.w.org\/{rel}","templated":true}]}}