{"id":5682,"date":"2021-07-13T10:10:01","date_gmt":"2021-07-13T07:10:01","guid":{"rendered":"https:\/\/portaltest.atauni.edu.tr\/bilgisayar-muhendisligi\/?page_id=5682"},"modified":"2021-12-21T15:43:37","modified_gmt":"2021-12-21T12:43:37","slug":"misyon-vizyon-ve-temel-degerler","status":"publish","type":"page","link":"https:\/\/atauni.edu.tr\/geleneksel-el-sanatlari-programi-io\/misyon-vizyon-ve-temel-degerler\/","title":{"rendered":"Misyon, Vizyon ve Temel De\u011ferler"},"content":{"rendered":"\t\t<div data-elementor-type=\"wp-page\" data-elementor-id=\"5682\" class=\"elementor elementor-5682\" data-elementor-post-type=\"page\">\n\t\t\t\t\t\t<section class=\"elementor-section elementor-top-section elementor-element elementor-element-730d320 elementor-section-boxed elementor-section-height-default elementor-section-height-default\" data-id=\"730d320\" data-element_type=\"section\">\n\t\t\t\t\t\t<div class=\"elementor-container elementor-column-gap-default\">\n\t\t\t\t\t<div class=\"elementor-column elementor-col-100 elementor-top-column elementor-element elementor-element-753d0860\" data-id=\"753d0860\" data-element_type=\"column\">\n\t\t\t<div class=\"elementor-widget-wrap\">\n\t\t\t\t\t\t\t<\/div>\n\t\t<\/div>\n\t\t\t\t\t<\/div>\n\t\t<\/section>\n\t\t\t\t<section class=\"elementor-section elementor-top-section elementor-element elementor-element-9be811a elementor-section-boxed elementor-section-height-default elementor-section-height-default\" data-id=\"9be811a\" data-element_type=\"section\">\n\t\t\t\t\t\t<div class=\"elementor-container elementor-column-gap-default\">\n\t\t\t\t\t<div class=\"elementor-column elementor-col-100 elementor-top-column elementor-element elementor-element-1ed847b7\" data-id=\"1ed847b7\" data-element_type=\"column\">\n\t\t\t<div class=\"elementor-widget-wrap elementor-element-populated\">\n\t\t\t\t\t\t<div class=\"elementor-element elementor-element-4ce0d07f elementor-widget elementor-widget-heading\" data-id=\"4ce0d07f\" data-element_type=\"widget\" data-widget_type=\"heading.default\">\n\t\t\t\t<div class=\"elementor-widget-container\">\n\t\t\t\t\t<h2 class=\"elementor-heading-title elementor-size-default\">Misyon, Vizyon ve Temel De\u011ferler<\/h2>\t\t\t\t<\/div>\n\t\t\t\t<\/div>\n\t\t\t\t<div class=\"elementor-element elementor-element-63260862 elementor-widget-divider--view-line elementor-widget elementor-widget-divider\" data-id=\"63260862\" data-element_type=\"widget\" data-widget_type=\"divider.default\">\n\t\t\t\t<div class=\"elementor-widget-container\">\n\t\t\t\t\t\t\t<div class=\"elementor-divider\">\n\t\t\t<span class=\"elementor-divider-separator\">\n\t\t\t\t\t\t<\/span>\n\t\t<\/div>\n\t\t\t\t\t\t<\/div>\n\t\t\t\t<\/div>\n\t\t\t\t\t<\/div>\n\t\t<\/div>\n\t\t\t\t\t<\/div>\n\t\t<\/section>\n\t\t\t\t<section class=\"elementor-section elementor-top-section elementor-element elementor-element-681db8b elementor-section-boxed elementor-section-height-default elementor-section-height-default\" data-id=\"681db8b\" data-element_type=\"section\">\n\t\t\t\t\t\t<div class=\"elementor-container elementor-column-gap-default\">\n\t\t\t\t\t<div class=\"elementor-column elementor-col-100 elementor-top-column elementor-element elementor-element-ad4dac5\" data-id=\"ad4dac5\" data-element_type=\"column\">\n\t\t\t<div class=\"elementor-widget-wrap elementor-element-populated\">\n\t\t\t\t\t\t<div class=\"elementor-element elementor-element-2f96b3d elementor-widget elementor-widget-text-editor\" data-id=\"2f96b3d\" data-element_type=\"widget\" data-widget_type=\"text-editor.default\">\n\t\t\t\t<div class=\"elementor-widget-container\">\n\t\t\t\t\t\t\t\t\t<p>Misyonumuz, el sanatlar\u0131 alan\u0131nda e\u011fitim \u00f6\u011fretim sunmak; el sanatlar\u0131m\u0131z\u0131n eski \u00f6rnekleri ile yeni \u00f6rnekleri aras\u0131nda ba\u011f kurmak ve unutulmaya y\u00fcz tutmu\u015f el sanatlar\u0131m\u0131z\u0131 g\u00fcn y\u00fcz\u00fcnde tutarak gelecek ku\u015faklara aktarmada etkin g\u00f6revler alacak uzman elemanlar yeti\u015ftirmektir. Geleneksel motifleri \u00f6zg\u00fcn tasar\u0131mlarla bir araya getirerek, eski ve yeni teknikleri farkl\u0131 \u015fekillerde yorumlayarak, taklit\u00e7ilikten olabildi\u011fince uzak bir o kadar \u00f6zg\u00fcn, bilin\u00e7li, nitelikli, yarat\u0131c\u0131 birer sanat\u00e7\u0131 aday\u0131 yeti\u015ftirmektir.<\/p><p>Vizyonumuz, alan\u0131nda yetkin elemanlar yeti\u015ftirmek i\u00e7in gerekli altyap\u0131s\u0131 ve en yeni\u00a0 teknik donan\u0131m\u0131 olu\u015fturup, kaliteli malzemeler kullanarak \u00f6\u011frencilerimizin hizmetine sunarak toplumun ayd\u0131nlanmas\u0131na katk\u0131da bulunabilecek, bilgisini yetene\u011fi ile birle\u015ftirerek taklitten uzak, s\u00fcrekli ilerlemeyi hedef edinen, aktif olarak \u00e7al\u0131\u015fan, ara\u015ft\u0131ran, d\u00fc\u015f\u00fcnen ve \u00fcreten bir nesil yeti\u015ftirerek etik ve estetik de\u011ferler \u00e7er\u00e7evesinde topluma potansiyel\u00a0 bireyler yeti\u015ftirmektir.<\/p><p>Temel De\u011ferler;<\/p><p>\u2713 Atat\u00fcrk \u0130lke ve \u0130nk\u0131l\u00e2plar\u0131na ba\u011fl\u0131 kalarak gen\u00e7 bireyler yeti\u015ftirmek<\/p><p>\u2713 \u0130nsan haklar\u0131na sayg\u0131l\u0131, toplum yarar\u0131na olan her t\u00fcrl\u00fc yeniliklere ve ara\u015ft\u0131rmalara a\u00e7\u0131k olmak<\/p><p>\u2713 Sanatsal etkinlikleri desteklemek, kat\u0131l\u0131mlar\u0131 sa\u011flamak ve payla\u015f\u0131mc\u0131 olmak<\/p><p>\u2713 Okulumuzu ulusal ve uluslararas\u0131 alanda tercih edilen standartlar\u0131na ta\u015f\u0131mak<\/p><p>\u2713 Akademik anlamda etik anlay\u0131\u015fa, ho\u015fg\u00f6r\u00fc ve a\u00e7\u0131kl\u0131\u011fa sahip olmak<\/p><p>\u2713 \u00d6zg\u00fcrl\u00fck ve disiplin anlay\u0131\u015f\u0131 i\u00e7erisinde geli\u015fime ve yenilik\u00e7ili\u011fe a\u00e7\u0131k olmak<\/p><p>\u2713 Akademik ba\u015far\u0131y\u0131 olumlu etkileyecek niteliklere sahip ekip ruhunu olu\u015fturmak<\/p><p>\u00a0\u2713 K\u00fclt\u00fcr ve Sanat\u0131 de\u011ferli k\u0131lmak i\u00e7in yarat\u0131c\u0131l\u0131\u011f\u0131 geli\u015ftirmek ve \u00fcretkenli\u011fi art\u0131rmak.<\/p>\t\t\t\t\t\t\t\t<\/div>\n\t\t\t\t<\/div>\n\t\t\t\t\t<\/div>\n\t\t<\/div>\n\t\t\t\t\t<\/div>\n\t\t<\/section>\n\t\t\t\t<\/div>\n\t\t","protected":false},"excerpt":{"rendered":"<p>Misyon, Vizyon ve Temel De\u011ferler Misyonumuz, el sanatlar\u0131 alan\u0131nda e\u011fitim \u00f6\u011fretim sunmak; el sanatlar\u0131m\u0131z\u0131n eski \u00f6rnekleri ile yeni \u00f6rnekleri aras\u0131nda ba\u011f kurmak ve unutulmaya y\u00fcz tutmu\u015f el sanatlar\u0131m\u0131z\u0131 g\u00fcn y\u00fcz\u00fcnde tutarak gelecek ku\u015faklara aktarmada etkin g\u00f6revler alacak uzman elemanlar yeti\u015ftirmektir. Geleneksel motifleri \u00f6zg\u00fcn tasar\u0131mlarla bir araya getirerek, eski ve yeni teknikleri farkl\u0131 \u015fekillerde yorumlayarak, taklit\u00e7ilikten [&hellip;]<\/p>\n","protected":false},"author":1,"featured_media":0,"parent":0,"menu_order":0,"comment_status":"closed","ping_status":"closed","template":"elementor_header_footer","meta":{"footnotes":""},"class_list":["post-5682","page","type-page","status-publish","hentry"],"_links":{"self":[{"href":"https:\/\/atauni.edu.tr\/geleneksel-el-sanatlari-programi-io\/wp-json\/wp\/v2\/pages\/5682","targetHints":{"allow":["GET"]}}],"collection":[{"href":"https:\/\/atauni.edu.tr\/geleneksel-el-sanatlari-programi-io\/wp-json\/wp\/v2\/pages"}],"about":[{"href":"https:\/\/atauni.edu.tr\/geleneksel-el-sanatlari-programi-io\/wp-json\/wp\/v2\/types\/page"}],"author":[{"embeddable":true,"href":"https:\/\/atauni.edu.tr\/geleneksel-el-sanatlari-programi-io\/wp-json\/wp\/v2\/users\/1"}],"replies":[{"embeddable":true,"href":"https:\/\/atauni.edu.tr\/geleneksel-el-sanatlari-programi-io\/wp-json\/wp\/v2\/comments?post=5682"}],"version-history":[{"count":11,"href":"https:\/\/atauni.edu.tr\/geleneksel-el-sanatlari-programi-io\/wp-json\/wp\/v2\/pages\/5682\/revisions"}],"predecessor-version":[{"id":6229,"href":"https:\/\/atauni.edu.tr\/geleneksel-el-sanatlari-programi-io\/wp-json\/wp\/v2\/pages\/5682\/revisions\/6229"}],"wp:attachment":[{"href":"https:\/\/atauni.edu.tr\/geleneksel-el-sanatlari-programi-io\/wp-json\/wp\/v2\/media?parent=5682"}],"curies":[{"name":"wp","href":"https:\/\/api.w.org\/{rel}","templated":true}]}}