{"id":5734,"date":"2021-07-13T11:37:45","date_gmt":"2021-07-13T08:37:45","guid":{"rendered":"https:\/\/portaltest.atauni.edu.tr\/bilgisayar-muhendisligi\/?page_id=5734"},"modified":"2021-12-16T00:22:10","modified_gmt":"2021-12-15T21:22:10","slug":"ogrenci-deneyimi","status":"publish","type":"page","link":"https:\/\/atauni.edu.tr\/geleneksel-el-sanatlari-programi-io\/ogrenci-deneyimi\/","title":{"rendered":"\u00d6\u011frenci Deneyimi"},"content":{"rendered":"\t\t<div data-elementor-type=\"wp-page\" data-elementor-id=\"5734\" class=\"elementor elementor-5734\" data-elementor-post-type=\"page\">\n\t\t\t\t\t\t<section class=\"elementor-section elementor-top-section elementor-element elementor-element-9be811a elementor-section-boxed elementor-section-height-default elementor-section-height-default\" data-id=\"9be811a\" data-element_type=\"section\">\n\t\t\t\t\t\t<div class=\"elementor-container elementor-column-gap-default\">\n\t\t\t\t\t<div class=\"elementor-column elementor-col-100 elementor-top-column elementor-element elementor-element-1ed847b7\" data-id=\"1ed847b7\" data-element_type=\"column\">\n\t\t\t<div class=\"elementor-widget-wrap elementor-element-populated\">\n\t\t\t\t\t\t<div class=\"elementor-element elementor-element-4ce0d07f elementor-widget elementor-widget-heading\" data-id=\"4ce0d07f\" data-element_type=\"widget\" data-widget_type=\"heading.default\">\n\t\t\t\t<div class=\"elementor-widget-container\">\n\t\t\t\t\t<h2 class=\"elementor-heading-title elementor-size-default\">\u00d6\u011frenci Deneyimi<\/h2>\t\t\t\t<\/div>\n\t\t\t\t<\/div>\n\t\t\t\t<div class=\"elementor-element elementor-element-63260862 elementor-widget-divider--view-line elementor-widget elementor-widget-divider\" data-id=\"63260862\" data-element_type=\"widget\" data-widget_type=\"divider.default\">\n\t\t\t\t<div class=\"elementor-widget-container\">\n\t\t\t\t\t\t\t<div class=\"elementor-divider\">\n\t\t\t<span class=\"elementor-divider-separator\">\n\t\t\t\t\t\t<\/span>\n\t\t<\/div>\n\t\t\t\t\t\t<\/div>\n\t\t\t\t<\/div>\n\t\t\t\t\t<\/div>\n\t\t<\/div>\n\t\t\t\t\t<\/div>\n\t\t<\/section>\n\t\t\t\t<section class=\"elementor-section elementor-top-section elementor-element elementor-element-85bd6b9 elementor-section-boxed elementor-section-height-default elementor-section-height-default\" data-id=\"85bd6b9\" data-element_type=\"section\">\n\t\t\t\t\t\t<div class=\"elementor-container elementor-column-gap-default\">\n\t\t\t\t\t<div class=\"elementor-column elementor-col-100 elementor-top-column elementor-element elementor-element-9c7d702\" data-id=\"9c7d702\" data-element_type=\"column\">\n\t\t\t<div class=\"elementor-widget-wrap elementor-element-populated\">\n\t\t\t\t\t\t<div class=\"elementor-element elementor-element-9a5db30 elementor-widget elementor-widget-text-editor\" data-id=\"9a5db30\" data-element_type=\"widget\" data-widget_type=\"text-editor.default\">\n\t\t\t\t<div class=\"elementor-widget-container\">\n\t\t\t\t\t\t\t\t\t<p style=\"text-align: justify;text-indent: 35.4pt;line-height: 150%;background-image: initial;background-position: initial;background-size: initial;background-attachment: initial\">Mezun \u00f6\u011frencilerimiz el sanatlar\u0131 sekt\u00f6r\u00fcn\u00fcn nak\u0131\u015f\na\u011f\u0131rl\u0131kl\u0131 dallar\u0131n\u0131n yan\u0131 s\u0131ra Geleneksel T\u00fcrk S\u00fcsleme Sanatlar\u0131 dallar\u0131nda da\n(Ebru, Tezhip) at\u00f6lyelerde \u00e7al\u0131\u015fabilmektedir.<\/p><p style=\"text-align: justify;text-indent: 35.4pt;line-height: 150%;background-image: initial;background-position: initial;background-size: initial;background-attachment: initial\"><span style=\"text-indent: 35.4pt;letter-spacing: 0px\">Milli Saraylar, Vak\u0131flar Genel M\u00fcd\u00fcrl\u00fc\u011f\u00fc, K\u00fclt\u00fcr Bakanl\u0131\u011f\u0131n\u0131n\nilgili birimlerinde; y\u00f6rede ve \u00fclkedeki konuyla ilgili \u00f6zel at\u00f6lyelerde \u00e7al\u0131\u015fabilmekte\nveya kendi \u00f6zel at\u00f6lyelerini kurabilmektedirler.<\/span><\/p><p style=\"text-align: justify;text-indent: 35.4pt;line-height: 150%;background-image: initial;background-position: initial;background-size: initial;background-attachment: initial\"><\/p><p>\n\n\n\n<\/p><p style=\"text-align: justify;line-height: 150%;background-image: initial;background-position: initial;background-size: initial;background-attachment: initial\">Meslek\ne\u011fitimi s\u00fcresince \u00f6\u011frenciler beceri e\u011fitimi yapt\u0131klar\u0131 i\u015fletmede ayl\u0131k olarak\nasgari \u00fccretin % 30\u2019 undan az olmamak \u00fczere \u00fccret al\u0131rlar. E\u011fitim g\u00f6ren\nadaylar\u0131n i\u015f kazas\u0131, i\u015f riski ve meslek hastal\u0131klar\u0131 ile ilgili sigorta\nprimleri devlet\u00e7e kar\u015f\u0131lan\u0131r. B\u00fct\u00fcn \u00f6\u011frenci haklar\u0131ndan yararlan\u0131r. E\u011fitim\ng\u00f6r\u00fclen i\u015fletmenin sa\u011flayaca\u011f\u0131 sosyal olanaklardan faydalan\u0131r. \u00d6zel sekt\u00f6rde\n\u00e7al\u0131\u015fanlar yetene\u011fine, i\u015fletmenin \u00fccret politikas\u0131na g\u00f6re asgari \u00fccretten az\nolmamak \u00fczere de\u011fi\u015fen miktarlarda \u00fccret al\u0131rlar. Kamu sekt\u00f6r\u00fcnde \u00e7al\u0131\u015fanlar\nise; lise mezunlar\u0131na g\u00f6re bir \u00fcst derece ile g\u00f6reve ba\u015flarlar ve asgari\n\u00fccretin yakla\u015f\u0131k 2-3 kat\u0131 civar\u0131nda \u00fccret almaktad\u0131rlar.<\/p>\t\t\t\t\t\t\t\t<\/div>\n\t\t\t\t<\/div>\n\t\t\t\t\t<\/div>\n\t\t<\/div>\n\t\t\t\t\t<\/div>\n\t\t<\/section>\n\t\t\t\t<\/div>\n\t\t","protected":false},"excerpt":{"rendered":"<p>\u00d6\u011frenci Deneyimi Mezun \u00f6\u011frencilerimiz el sanatlar\u0131 sekt\u00f6r\u00fcn\u00fcn nak\u0131\u015f a\u011f\u0131rl\u0131kl\u0131 dallar\u0131n\u0131n yan\u0131 s\u0131ra Geleneksel T\u00fcrk S\u00fcsleme Sanatlar\u0131 dallar\u0131nda da (Ebru, Tezhip) at\u00f6lyelerde \u00e7al\u0131\u015fabilmektedir. Milli Saraylar, Vak\u0131flar Genel M\u00fcd\u00fcrl\u00fc\u011f\u00fc, K\u00fclt\u00fcr Bakanl\u0131\u011f\u0131n\u0131n ilgili birimlerinde; y\u00f6rede ve \u00fclkedeki konuyla ilgili \u00f6zel at\u00f6lyelerde \u00e7al\u0131\u015fabilmekte veya kendi \u00f6zel at\u00f6lyelerini kurabilmektedirler. Meslek e\u011fitimi s\u00fcresince \u00f6\u011frenciler beceri e\u011fitimi yapt\u0131klar\u0131 i\u015fletmede ayl\u0131k olarak asgari [&hellip;]<\/p>\n","protected":false},"author":1,"featured_media":0,"parent":0,"menu_order":0,"comment_status":"closed","ping_status":"closed","template":"elementor_header_footer","meta":{"footnotes":""},"class_list":["post-5734","page","type-page","status-publish","hentry"],"_links":{"self":[{"href":"https:\/\/atauni.edu.tr\/geleneksel-el-sanatlari-programi-io\/wp-json\/wp\/v2\/pages\/5734","targetHints":{"allow":["GET"]}}],"collection":[{"href":"https:\/\/atauni.edu.tr\/geleneksel-el-sanatlari-programi-io\/wp-json\/wp\/v2\/pages"}],"about":[{"href":"https:\/\/atauni.edu.tr\/geleneksel-el-sanatlari-programi-io\/wp-json\/wp\/v2\/types\/page"}],"author":[{"embeddable":true,"href":"https:\/\/atauni.edu.tr\/geleneksel-el-sanatlari-programi-io\/wp-json\/wp\/v2\/users\/1"}],"replies":[{"embeddable":true,"href":"https:\/\/atauni.edu.tr\/geleneksel-el-sanatlari-programi-io\/wp-json\/wp\/v2\/comments?post=5734"}],"version-history":[{"count":26,"href":"https:\/\/atauni.edu.tr\/geleneksel-el-sanatlari-programi-io\/wp-json\/wp\/v2\/pages\/5734\/revisions"}],"predecessor-version":[{"id":6188,"href":"https:\/\/atauni.edu.tr\/geleneksel-el-sanatlari-programi-io\/wp-json\/wp\/v2\/pages\/5734\/revisions\/6188"}],"wp:attachment":[{"href":"https:\/\/atauni.edu.tr\/geleneksel-el-sanatlari-programi-io\/wp-json\/wp\/v2\/media?parent=5734"}],"curies":[{"name":"wp","href":"https:\/\/api.w.org\/{rel}","templated":true}]}}