{"id":5638,"date":"2021-07-13T09:49:25","date_gmt":"2021-07-13T06:49:25","guid":{"rendered":"https:\/\/portaltest.atauni.edu.tr\/bilgisayar-muhendisligi\/?page_id=5638"},"modified":"2022-02-23T17:04:22","modified_gmt":"2022-02-23T14:04:22","slug":"tarihce","status":"publish","type":"page","link":"https:\/\/atauni.edu.tr\/geleneksel-turk-sanatlari-bolumu\/tarihce\/","title":{"rendered":"Tarih\u00e7e"},"content":{"rendered":"\t\t<div data-elementor-type=\"wp-page\" data-elementor-id=\"5638\" class=\"elementor elementor-5638\" data-elementor-post-type=\"page\">\n\t\t\t\t\t\t<section class=\"elementor-section elementor-top-section elementor-element elementor-element-730d320 elementor-section-boxed elementor-section-height-default elementor-section-height-default\" data-id=\"730d320\" data-element_type=\"section\">\n\t\t\t\t\t\t<div class=\"elementor-container elementor-column-gap-default\">\n\t\t\t\t\t<div class=\"elementor-column elementor-col-100 elementor-top-column elementor-element elementor-element-753d0860\" data-id=\"753d0860\" data-element_type=\"column\">\n\t\t\t<div class=\"elementor-widget-wrap\">\n\t\t\t\t\t\t\t<\/div>\n\t\t<\/div>\n\t\t\t\t\t<\/div>\n\t\t<\/section>\n\t\t\t\t<section class=\"elementor-section elementor-top-section elementor-element elementor-element-9be811a elementor-section-boxed elementor-section-height-default elementor-section-height-default\" data-id=\"9be811a\" data-element_type=\"section\">\n\t\t\t\t\t\t<div class=\"elementor-container elementor-column-gap-default\">\n\t\t\t\t\t<div class=\"elementor-column elementor-col-100 elementor-top-column elementor-element elementor-element-1ed847b7\" data-id=\"1ed847b7\" data-element_type=\"column\">\n\t\t\t<div class=\"elementor-widget-wrap elementor-element-populated\">\n\t\t\t\t\t\t<div class=\"elementor-element elementor-element-4ce0d07f elementor-widget elementor-widget-heading\" data-id=\"4ce0d07f\" data-element_type=\"widget\" data-widget_type=\"heading.default\">\n\t\t\t\t<div class=\"elementor-widget-container\">\n\t\t\t\t\t<h2 class=\"elementor-heading-title elementor-size-default\">Tarih\u00e7e<\/h2>\t\t\t\t<\/div>\n\t\t\t\t<\/div>\n\t\t\t\t<div class=\"elementor-element elementor-element-63260862 elementor-widget-divider--view-line elementor-widget elementor-widget-divider\" data-id=\"63260862\" data-element_type=\"widget\" data-widget_type=\"divider.default\">\n\t\t\t\t<div class=\"elementor-widget-container\">\n\t\t\t\t\t\t\t<div class=\"elementor-divider\">\n\t\t\t<span class=\"elementor-divider-separator\">\n\t\t\t\t\t\t<\/span>\n\t\t<\/div>\n\t\t\t\t\t\t<\/div>\n\t\t\t\t<\/div>\n\t\t\t\t\t<\/div>\n\t\t<\/div>\n\t\t\t\t\t<\/div>\n\t\t<\/section>\n\t\t\t\t<section class=\"elementor-section elementor-top-section elementor-element elementor-element-681db8b elementor-section-boxed elementor-section-height-default elementor-section-height-default\" data-id=\"681db8b\" data-element_type=\"section\">\n\t\t\t\t\t\t<div class=\"elementor-container elementor-column-gap-default\">\n\t\t\t\t\t<div class=\"elementor-column elementor-col-100 elementor-top-column elementor-element elementor-element-ad4dac5\" data-id=\"ad4dac5\" data-element_type=\"column\">\n\t\t\t<div class=\"elementor-widget-wrap elementor-element-populated\">\n\t\t\t\t\t\t<div class=\"elementor-element elementor-element-2f96b3d elementor-widget elementor-widget-text-editor\" data-id=\"2f96b3d\" data-element_type=\"widget\" data-widget_type=\"text-editor.default\">\n\t\t\t\t<div class=\"elementor-widget-container\">\n\t\t\t\t\t\t\t\t\t<p>1992 y\u0131l\u0131nda kurulan Atat\u00fcrk \u00dcniversitesi G\u00fczel Sanatlar Fak\u00fcltesi B\u00f6l\u00fcmleri aras\u0131nda yer alan Geleneksel T\u00fcrk Sanatlar\u0131 B\u00f6l\u00fcm\u00fc 1994 y\u0131l\u0131ndan itibaren e\u011fitim \u00f6\u011fretime ba\u015flam\u0131\u015f, B\u00f6l\u00fcmde Tezhip Anasanat Dal\u0131, Hal\u0131-Kilim ve Eski Kuma\u015f Desenleri Anasanat Dal\u0131, Cilt Anasanat Dal\u0131, Eski \u00c7ini Onar\u0131m\u0131 Anasanat Dal\u0131 ve Eski Yaz\u0131 Anasanat Dal\u0131 olmak \u00fczere 5 Anasanat Dal\u0131 vard\u0131r. Tezhip Anasanat Dal\u0131 ve Hal\u0131-Kilim ve Eski Kuma\u015f Desenleri Anasanat Dal\u0131 b\u00f6l\u00fcm\u00fcn kurulu\u015fundan itibaren i\u015flevini s\u00fcrd\u00fcrmektedir.<\/p><p>Geleneksel T\u00fcrk Sanatlar\u0131 B\u00f6l\u00fcm\u00fc \u00d6\u011frencileri \u0130kinci S\u0131n\u0131ftan itibaren Hal\u0131-Kilim ve Eski Kuma\u015f Desenleri Anasanat Dal\u0131 ve Tezhip Anasanat Dal\u0131\u2019ndan birini tercih ederek bran\u015flara ayr\u0131l\u0131rlar.<\/p><p>B\u00f6l\u00fcmde, 3 Tezhip Anasanat Dal\u0131 At\u00f6lyesi, 3 Hal\u0131-Kilim ve Eski Kuma\u015f Anasanat Dal\u0131 At\u00f6lyesi, 1 Do\u011fal Boya At\u00f6lyesi, 2 Dokuma At\u00f6lyesi, 1 Tak\u0131 Tasar\u0131m\u0131 At\u00f6lyesi, 1 \u00c7ini At\u00f6lyesi, 1 Bilgisayar Laboratuar\u0131 (16 Bilgisayarl\u0131), 1 Ebru At\u00f6lyesi bulunmaktad\u0131r<\/p><p>Geleneksel T\u00fcrk Sanatlar\u0131 B\u00f6l\u00fcm\u00fcnde \u00f6nce Sosyal Bilimler Enstit\u00fcs\u00fcne, g\u00fcn\u00fcm\u00fczde de G\u00fczel Sanatlar Enstit\u00fcs\u00fcne ba\u011fl\u0131 olarak 1995 y\u0131l\u0131ndan itibaren Y\u00fcksek Lisans program\u0131 a\u00e7\u0131lm\u0131\u015f ve halen devam etmektedir.<\/p>\t\t\t\t\t\t\t\t<\/div>\n\t\t\t\t<\/div>\n\t\t\t\t\t<\/div>\n\t\t<\/div>\n\t\t\t\t\t<\/div>\n\t\t<\/section>\n\t\t\t\t<\/div>\n\t\t","protected":false},"excerpt":{"rendered":"<p>Tarih\u00e7e 1992 y\u0131l\u0131nda kurulan Atat\u00fcrk \u00dcniversitesi G\u00fczel Sanatlar Fak\u00fcltesi B\u00f6l\u00fcmleri aras\u0131nda yer alan Geleneksel T\u00fcrk Sanatlar\u0131 B\u00f6l\u00fcm\u00fc 1994 y\u0131l\u0131ndan itibaren e\u011fitim \u00f6\u011fretime ba\u015flam\u0131\u015f, B\u00f6l\u00fcmde Tezhip Anasanat Dal\u0131, Hal\u0131-Kilim ve Eski Kuma\u015f Desenleri Anasanat Dal\u0131, Cilt Anasanat Dal\u0131, Eski \u00c7ini Onar\u0131m\u0131 Anasanat Dal\u0131 ve Eski Yaz\u0131 Anasanat Dal\u0131 olmak \u00fczere 5 Anasanat Dal\u0131 vard\u0131r. Tezhip Anasanat [&hellip;]<\/p>\n","protected":false},"author":1,"featured_media":0,"parent":0,"menu_order":0,"comment_status":"closed","ping_status":"closed","template":"","meta":{"footnotes":""},"class_list":["post-5638","page","type-page","status-publish","hentry"],"_links":{"self":[{"href":"https:\/\/atauni.edu.tr\/geleneksel-turk-sanatlari-bolumu\/wp-json\/wp\/v2\/pages\/5638","targetHints":{"allow":["GET"]}}],"collection":[{"href":"https:\/\/atauni.edu.tr\/geleneksel-turk-sanatlari-bolumu\/wp-json\/wp\/v2\/pages"}],"about":[{"href":"https:\/\/atauni.edu.tr\/geleneksel-turk-sanatlari-bolumu\/wp-json\/wp\/v2\/types\/page"}],"author":[{"embeddable":true,"href":"https:\/\/atauni.edu.tr\/geleneksel-turk-sanatlari-bolumu\/wp-json\/wp\/v2\/users\/1"}],"replies":[{"embeddable":true,"href":"https:\/\/atauni.edu.tr\/geleneksel-turk-sanatlari-bolumu\/wp-json\/wp\/v2\/comments?post=5638"}],"version-history":[{"count":25,"href":"https:\/\/atauni.edu.tr\/geleneksel-turk-sanatlari-bolumu\/wp-json\/wp\/v2\/pages\/5638\/revisions"}],"predecessor-version":[{"id":6224,"href":"https:\/\/atauni.edu.tr\/geleneksel-turk-sanatlari-bolumu\/wp-json\/wp\/v2\/pages\/5638\/revisions\/6224"}],"wp:attachment":[{"href":"https:\/\/atauni.edu.tr\/geleneksel-turk-sanatlari-bolumu\/wp-json\/wp\/v2\/media?parent=5638"}],"curies":[{"name":"wp","href":"https:\/\/api.w.org\/{rel}","templated":true}]}}