{"id":5734,"date":"2021-07-13T11:37:45","date_gmt":"2021-07-13T08:37:45","guid":{"rendered":"https:\/\/portaltest.atauni.edu.tr\/bilgisayar-muhendisligi\/?page_id=5734"},"modified":"2022-02-23T17:26:33","modified_gmt":"2022-02-23T14:26:33","slug":"ogrenci-deneyimi","status":"publish","type":"page","link":"https:\/\/atauni.edu.tr\/geleneksel-turk-sanatlari-bolumu\/ogrenci-deneyimi\/","title":{"rendered":"\u00d6\u011frenci Deneyimi"},"content":{"rendered":"\t\t<div data-elementor-type=\"wp-page\" data-elementor-id=\"5734\" class=\"elementor elementor-5734\" data-elementor-post-type=\"page\">\n\t\t\t\t\t\t<section class=\"elementor-section elementor-top-section elementor-element elementor-element-730d320 elementor-section-boxed elementor-section-height-default elementor-section-height-default\" data-id=\"730d320\" data-element_type=\"section\">\n\t\t\t\t\t\t<div class=\"elementor-container elementor-column-gap-default\">\n\t\t\t\t\t<div class=\"elementor-column elementor-col-100 elementor-top-column elementor-element elementor-element-753d0860\" data-id=\"753d0860\" data-element_type=\"column\">\n\t\t\t<div class=\"elementor-widget-wrap\">\n\t\t\t\t\t\t\t<\/div>\n\t\t<\/div>\n\t\t\t\t\t<\/div>\n\t\t<\/section>\n\t\t\t\t<section class=\"elementor-section elementor-top-section elementor-element elementor-element-9be811a elementor-section-boxed elementor-section-height-default elementor-section-height-default\" data-id=\"9be811a\" data-element_type=\"section\">\n\t\t\t\t\t\t<div class=\"elementor-container elementor-column-gap-default\">\n\t\t\t\t\t<div class=\"elementor-column elementor-col-100 elementor-top-column elementor-element elementor-element-1ed847b7\" data-id=\"1ed847b7\" data-element_type=\"column\">\n\t\t\t<div class=\"elementor-widget-wrap elementor-element-populated\">\n\t\t\t\t\t\t<div class=\"elementor-element elementor-element-4ce0d07f elementor-widget elementor-widget-heading\" data-id=\"4ce0d07f\" data-element_type=\"widget\" data-widget_type=\"heading.default\">\n\t\t\t\t<div class=\"elementor-widget-container\">\n\t\t\t\t\t<h2 class=\"elementor-heading-title elementor-size-default\">\u00d6\u011frenci Deneyimi<\/h2>\t\t\t\t<\/div>\n\t\t\t\t<\/div>\n\t\t\t\t<div class=\"elementor-element elementor-element-63260862 elementor-widget-divider--view-line elementor-widget elementor-widget-divider\" data-id=\"63260862\" data-element_type=\"widget\" data-widget_type=\"divider.default\">\n\t\t\t\t<div class=\"elementor-widget-container\">\n\t\t\t\t\t\t\t<div class=\"elementor-divider\">\n\t\t\t<span class=\"elementor-divider-separator\">\n\t\t\t\t\t\t<\/span>\n\t\t<\/div>\n\t\t\t\t\t\t<\/div>\n\t\t\t\t<\/div>\n\t\t\t\t\t<\/div>\n\t\t<\/div>\n\t\t\t\t\t<\/div>\n\t\t<\/section>\n\t\t\t\t<section class=\"elementor-section elementor-top-section elementor-element elementor-element-4debb41 elementor-section-boxed elementor-section-height-default elementor-section-height-default\" data-id=\"4debb41\" data-element_type=\"section\">\n\t\t\t\t\t\t<div class=\"elementor-container elementor-column-gap-default\">\n\t\t\t\t\t<div class=\"elementor-column elementor-col-100 elementor-top-column elementor-element elementor-element-28420b1\" data-id=\"28420b1\" data-element_type=\"column\">\n\t\t\t<div class=\"elementor-widget-wrap elementor-element-populated\">\n\t\t\t\t\t\t<div class=\"elementor-element elementor-element-e007b90 elementor-widget elementor-widget-ova_testimonial\" data-id=\"e007b90\" data-element_type=\"widget\" data-settings=\"{&quot;pause_on_hover&quot;:&quot;yes&quot;,&quot;infinite&quot;:&quot;yes&quot;,&quot;autoplay&quot;:&quot;yes&quot;,&quot;autoplay_speed&quot;:3000,&quot;dot_control&quot;:&quot;yes&quot;}\" data-widget_type=\"ova_testimonial.default\">\n\t\t\t\t<div class=\"elementor-widget-container\">\n\t\t\t\t\t\n\t\t\t\t\t<section class=\"ova-testimonial version_2\">\n\t\t\t\t<div class=\"slide-testimonials owl-carousel owl-theme \" data-options=\"{&quot;items&quot;:3,&quot;slideBy&quot;:1,&quot;margin&quot;:30,&quot;autoplayHoverPause&quot;:true,&quot;loop&quot;:true,&quot;autoplay&quot;:true,&quot;autoplayTimeout&quot;:3000,&quot;smartSpeed&quot;:500,&quot;dots&quot;:true}\">\n\t\t\t\t\t\t\t\t\t\t\t<div class=\"item\">\n\t\t\t\t\t\t\t<div class=\"client_info\">\n\t\t\t\t\t\t\t\t<div class=\"client\">\n\t\t\t\t\t\t\t\t\t\t\t\t\t\t\t\t\t\t\t<img decoding=\"async\" src=\"\" alt=\"\">\n\t\t\t\t\t\t\t\t\t\t\t\t\t\t\t\t\t<\/div>\n\n\t\t\t\t\t\t\t\t<div class=\"info\">\n\t\t\t\t\t\t\t\t\t\t\t\t\t\t\t\t\t\t\t<p class=\"evaluate second_font\">\u0130\u00e7erik G\u00fcncellenmektedir<\/p>\n\t\t\t\t\t\t\t\t\t\n\t\t\t\t\t\t\t\t\t<div class=\"name-job\">\n\t\t\t\t\t\t\t\t\t\t\t\t\t\t\t\t\t\t\t\t\t<p class=\"name second_font\">Geleneksel T\u00fcrk Sanatlar\u0131 B\u00f6l\u00fcm\u00fc, \u00f6\u011frencilerine zengin bir sanat miras\u0131n\u0131 ke\u015ffetme f\u0131rsat\u0131 sunar. B\u00f6l\u00fcm\u00fcn \u00f6\u011fretim approachu, teorik bilgilerin yan\u0131 s\u0131ra pratik becerilerin geli\u015ftirilmesine de odaklan\u0131r. \u00d6\u011frenciler, geleneksel T\u00fcrk sanatlar\u0131n\u0131n \u00e7e\u015fitli dallar\u0131nda uzmanla\u015farak kendi yeteneklerini ortaya koyarlar.\n\nB\u00f6l\u00fcmdeki \u00f6\u011frenci deneyimi,-sanat tarihi ve teorisi konular\u0131nda kapsaml\u0131 bir e\u011fitim almaktan olu\u015fur. Ayr\u0131ca, \u00f6\u011frencilere geleneksel sanatlar\u0131n uygulama alanlar\u0131nda deneyim kazanma f\u0131rsat\u0131 tan\u0131n\u0131r. Bu sayede, mezunlar hem akademik hem de pratik alanda kendilerini geli\u015ftirebilirler.\n\n\u00d6\u011frencilerin beceri ve yeteneklerini ortaya koymalar\u0131na yard\u0131mc\u0131 olmak i\u00e7in various workshop ve at\u00f6lye \u00e7al\u0131\u015fmalar\u0131 d\u00fczenlenir. Ayr\u0131ca, b\u00f6l\u00fcm\u00fcn organizasyonlar\u0131nda \u00f6\u011frencilere aktif olarak kat\u0131lma f\u0131rsat\u0131 verilir. B\u00f6ylelikle, \u00f6\u011frenciler hem sanat\u0131n teorik\u65b9\u9762lerini \u00f6\u011frenir hem de uygulamal\u0131 deneyim kazan\u0131rlar.\n\nB\u00f6l\u00fcm, \u00f6\u011frencilerine mezun olduktan sonra \u00e7e\u015fitli alanlarda \u00e7al\u0131\u015fabilme imkan\u0131 sunar. Mezunlar, sanat e\u011fitimcisi, restorat\u00f6r, konservat\u00f6r, sanat historian veya sanat\u00e7\u0131 olarak \u00e7al\u0131\u015fabilirler. Ayr\u0131ca, b\u00f6l\u00fcm\u00fcn verdi\u011fi e\u011fitim, \u00f6\u011frencilerin di\u011fer disiplinlerde de ba\u015far\u0131l\u0131 olmalar\u0131na yard\u0131mc\u0131 olur.\n\nGeleneksel T\u00fcrk Sanatlar\u0131 B\u00f6l\u00fcm\u00fc, \u00f6\u011frencilerine sadece bir meslek de\u011fil, ayn\u0131 zamanda bir ya\u015fam tarz\u0131 sunar. \u00d6\u011frenciler, zengin bir k\u00fclt\u00fcrel miras\u0131 ke\u015ffeder ve bu miras\u0131 gelece\u011fe ta\u015f\u0131ma sorumlulu\u011funu \u00fcstlenirler. B\u00f6l\u00fcm\u00fcn mezunlar\u0131, toplumda sanat\u0131n \u00f6nemini vurgulayan ve sanat\u0131n geli\u015fimine katk\u0131da bulunan bireyler olarak yeti\u015firler.<\/p>\n\t\t\t\t\t\t\t\t\t\t\t\t\t\t\t\t\t\t\t\t\t\t\t\t\t\t\t\t\t\t\t<p class=\"job\">Geleneksel T\u00fcrk Sanatlar\u0131 B\u00f6l\u00fcm\u00fc, \u00f6\u011frencilerine zengin bir sanat miras\u0131n\u0131 ke\u015ffetme f\u0131rsat\u0131 sunar. B\u00f6l\u00fcm\u00fcn \u00f6\u011fretim approachu, teorik bilgilerin yan\u0131 s\u0131ra pratik becerilerin geli\u015ftirilmesine de odaklan\u0131r. \u00d6\u011frenciler, geleneksel T\u00fcrk sanatlar\u0131n\u0131n \u00e7e\u015fitli dallar\u0131nda uzmanla\u015farak kendi yeteneklerini ortaya koyarlar.\n\nB\u00f6l\u00fcmdeki \u00f6\u011frenci deneyimi,-sanat tarihi ve teorisi konular\u0131nda kapsaml\u0131 bir e\u011fitim almaktan olu\u015fur. Ayr\u0131ca, \u00f6\u011frencilere geleneksel sanatlar\u0131n uygulama alanlar\u0131nda deneyim kazanma f\u0131rsat\u0131 tan\u0131n\u0131r. Bu sayede, mezunlar hem akademik hem de pratik alanda kendilerini geli\u015ftirebilirler.\n\n\u00d6\u011frencilerin beceri ve yeteneklerini ortaya koymalar\u0131na yard\u0131mc\u0131 olmak i\u00e7in various workshop ve at\u00f6lye \u00e7al\u0131\u015fmalar\u0131 d\u00fczenlenir. Ayr\u0131ca, b\u00f6l\u00fcm\u00fcn organizasyonlar\u0131nda \u00f6\u011frencilere aktif olarak kat\u0131lma f\u0131rsat\u0131 verilir. B\u00f6ylelikle, \u00f6\u011frenciler hem sanat\u0131n teorik\u65b9\u9762lerini \u00f6\u011frenir hem de uygulamal\u0131 deneyim kazan\u0131rlar.\n\nB\u00f6l\u00fcm, \u00f6\u011frencilerine mezun olduktan sonra \u00e7e\u015fitli alanlarda \u00e7al\u0131\u015fabilme imkan\u0131 sunar. Mezunlar, sanat e\u011fitimcisi, restorat\u00f6r, konservat\u00f6r, sanat historian veya sanat\u00e7\u0131 olarak \u00e7al\u0131\u015fabilirler. Ayr\u0131ca, b\u00f6l\u00fcm\u00fcn verdi\u011fi e\u011fitim, \u00f6\u011frencilerin di\u011fer disiplinlerde de ba\u015far\u0131l\u0131 olmalar\u0131na yard\u0131mc\u0131 olur.\n\nGeleneksel T\u00fcrk Sanatlar\u0131 B\u00f6l\u00fcm\u00fc, \u00f6\u011frencilerine sadece bir meslek de\u011fil, ayn\u0131 zamanda bir ya\u015fam tarz\u0131 sunar. \u00d6\u011frenciler, zengin bir k\u00fclt\u00fcrel miras\u0131 ke\u015ffeder ve bu miras\u0131 gelece\u011fe ta\u015f\u0131ma sorumlulu\u011funu \u00fcstlenirler. B\u00f6l\u00fcm\u00fcn mezunlar\u0131, toplumda sanat\u0131n \u00f6nemini vurgulayan ve sanat\u0131n geli\u015fimine katk\u0131da bulunan bireyler olarak yeti\u015firler.<\/p>\n\t\t\t\t\t\t\t\t\t\t\t\t\t\t\t\t\t\t\t<\/div>\n\t\t\t\t\t\t\t\t<\/div>\n\t\t\t\t\t\t\t\t\n\t\t\t\t\t\t\t\t\t\t\t\t\t\t\t\t\t<div class=\"icon-quote\">\n\t\t\t\t\t\t\t\t\t\t<span class=\"flaticon-left-quote-1\"><\/span>\n\t\t\t\t\t\t\t\t\t<\/div>\n\t\t\t\t\t\t\t\t\t\t\t\t\t\t\t<\/div>\n\t\t\t\t\t\t<\/div>\n\t\t\t\t\t\t\t\t\t<\/div>\n\t\t\t<\/section>\n\t\t\t\t\n\t\t\t\t\t\t<\/div>\n\t\t\t\t<\/div>\n\t\t\t\t\t<\/div>\n\t\t<\/div>\n\t\t\t\t\t<\/div>\n\t\t<\/section>\n\t\t\t\t<\/div>\n\t\t","protected":false},"excerpt":{"rendered":"<p>\u00d6\u011frenci Deneyimi \u0130\u00e7erik G\u00fcncellenmektedir Lorem Ipsum Lorem Ipsum<\/p>\n","protected":false},"author":1,"featured_media":0,"parent":0,"menu_order":0,"comment_status":"closed","ping_status":"closed","template":"elementor_header_footer","meta":{"footnotes":""},"class_list":["post-5734","page","type-page","status-publish","hentry"],"_links":{"self":[{"href":"https:\/\/atauni.edu.tr\/geleneksel-turk-sanatlari-bolumu\/wp-json\/wp\/v2\/pages\/5734","targetHints":{"allow":["GET"]}}],"collection":[{"href":"https:\/\/atauni.edu.tr\/geleneksel-turk-sanatlari-bolumu\/wp-json\/wp\/v2\/pages"}],"about":[{"href":"https:\/\/atauni.edu.tr\/geleneksel-turk-sanatlari-bolumu\/wp-json\/wp\/v2\/types\/page"}],"author":[{"embeddable":true,"href":"https:\/\/atauni.edu.tr\/geleneksel-turk-sanatlari-bolumu\/wp-json\/wp\/v2\/users\/1"}],"replies":[{"embeddable":true,"href":"https:\/\/atauni.edu.tr\/geleneksel-turk-sanatlari-bolumu\/wp-json\/wp\/v2\/comments?post=5734"}],"version-history":[{"count":23,"href":"https:\/\/atauni.edu.tr\/geleneksel-turk-sanatlari-bolumu\/wp-json\/wp\/v2\/pages\/5734\/revisions"}],"predecessor-version":[{"id":6236,"href":"https:\/\/atauni.edu.tr\/geleneksel-turk-sanatlari-bolumu\/wp-json\/wp\/v2\/pages\/5734\/revisions\/6236"}],"wp:attachment":[{"href":"https:\/\/atauni.edu.tr\/geleneksel-turk-sanatlari-bolumu\/wp-json\/wp\/v2\/media?parent=5734"}],"curies":[{"name":"wp","href":"https:\/\/api.w.org\/{rel}","templated":true}]}}