{"id":5800,"date":"2021-07-13T13:12:45","date_gmt":"2021-07-13T10:12:45","guid":{"rendered":"https:\/\/portaltest.atauni.edu.tr\/bilgisayar-muhendisligi\/?page_id=5800"},"modified":"2021-08-27T15:49:23","modified_gmt":"2021-08-27T12:49:23","slug":"bitirme-projeleri","status":"publish","type":"page","link":"https:\/\/atauni.edu.tr\/geleneksel-turk-sanatlari-bolumu\/bitirme-projeleri\/","title":{"rendered":"Bitirme Projeleri"},"content":{"rendered":"\t\t<div data-elementor-type=\"wp-page\" data-elementor-id=\"5800\" class=\"elementor elementor-5800\" data-elementor-post-type=\"page\">\n\t\t\t\t\t\t<section class=\"elementor-section elementor-top-section elementor-element elementor-element-730d320 elementor-section-boxed elementor-section-height-default elementor-section-height-default\" data-id=\"730d320\" data-element_type=\"section\">\n\t\t\t\t\t\t<div class=\"elementor-container elementor-column-gap-default\">\n\t\t\t\t\t<div class=\"elementor-column elementor-col-100 elementor-top-column elementor-element elementor-element-753d0860\" data-id=\"753d0860\" data-element_type=\"column\">\n\t\t\t<div class=\"elementor-widget-wrap\">\n\t\t\t\t\t\t\t<\/div>\n\t\t<\/div>\n\t\t\t\t\t<\/div>\n\t\t<\/section>\n\t\t\t\t<section class=\"elementor-section elementor-top-section elementor-element elementor-element-9be811a elementor-section-boxed elementor-section-height-default elementor-section-height-default\" data-id=\"9be811a\" data-element_type=\"section\">\n\t\t\t\t\t\t<div class=\"elementor-container elementor-column-gap-default\">\n\t\t\t\t\t<div class=\"elementor-column elementor-col-100 elementor-top-column elementor-element elementor-element-1ed847b7\" data-id=\"1ed847b7\" data-element_type=\"column\">\n\t\t\t<div class=\"elementor-widget-wrap elementor-element-populated\">\n\t\t\t\t\t\t<div class=\"elementor-element elementor-element-4ce0d07f elementor-widget elementor-widget-heading\" data-id=\"4ce0d07f\" data-element_type=\"widget\" data-widget_type=\"heading.default\">\n\t\t\t\t<div class=\"elementor-widget-container\">\n\t\t\t\t\t<h2 class=\"elementor-heading-title elementor-size-default\">Bitirme Projeleri<\/h2>\t\t\t\t<\/div>\n\t\t\t\t<\/div>\n\t\t\t\t<div class=\"elementor-element elementor-element-63260862 elementor-widget-divider--view-line elementor-widget elementor-widget-divider\" data-id=\"63260862\" data-element_type=\"widget\" data-widget_type=\"divider.default\">\n\t\t\t\t<div class=\"elementor-widget-container\">\n\t\t\t\t\t\t\t<div class=\"elementor-divider\">\n\t\t\t<span class=\"elementor-divider-separator\">\n\t\t\t\t\t\t<\/span>\n\t\t<\/div>\n\t\t\t\t\t\t<\/div>\n\t\t\t\t<\/div>\n\t\t\t\t\t<\/div>\n\t\t<\/div>\n\t\t\t\t\t<\/div>\n\t\t<\/section>\n\t\t\t\t<section class=\"elementor-section elementor-top-section elementor-element elementor-element-6c18d0b elementor-section-boxed elementor-section-height-default elementor-section-height-default\" data-id=\"6c18d0b\" data-element_type=\"section\">\n\t\t\t\t\t\t<div class=\"elementor-container elementor-column-gap-default\">\n\t\t\t\t\t<div class=\"elementor-column elementor-col-100 elementor-top-column elementor-element elementor-element-5a88ff5\" data-id=\"5a88ff5\" data-element_type=\"column\">\n\t\t\t<div class=\"elementor-widget-wrap elementor-element-populated\">\n\t\t\t\t\t\t<div class=\"elementor-element elementor-element-69d7a2b elementor-widget elementor-widget-accordion\" data-id=\"69d7a2b\" data-element_type=\"widget\" data-widget_type=\"accordion.default\">\n\t\t\t\t<div class=\"elementor-widget-container\">\n\t\t\t\t\t\t\t<div class=\"elementor-accordion\">\n\t\t\t\t\t\t\t<div class=\"elementor-accordion-item\">\n\t\t\t\t\t<div id=\"elementor-tab-title-1101\" class=\"elementor-tab-title\" data-tab=\"1\" role=\"button\" aria-controls=\"elementor-tab-content-1101\" aria-expanded=\"false\">\n\t\t\t\t\t\t\t\t\t\t\t\t\t<span class=\"elementor-accordion-icon elementor-accordion-icon-left\" aria-hidden=\"true\">\n\t\t\t\t\t\t\t\t\t\t\t\t\t\t\t<span class=\"elementor-accordion-icon-closed\"><i class=\"fas fa-plus\"><\/i><\/span>\n\t\t\t\t\t\t\t\t<span class=\"elementor-accordion-icon-opened\"><i class=\"fas fa-minus\"><\/i><\/span>\n\t\t\t\t\t\t\t\t\t\t\t\t\t\t<\/span>\n\t\t\t\t\t\t\t\t\t\t\t\t<a class=\"elementor-accordion-title\" tabindex=\"0\"><p>Geleneksel T\u00fcrk Sanatlar\u0131 B\u00f6l\u00fcm\u00fc, \u00f6\u011frencilerine sanat\u0131n \u00e7e\u015fitli dallar\u0131nda derinlemesine e\u011fitim vermektedir. B\u00f6l\u00fcm\u00fcn amac\u0131, geleneksel T\u00fcrk sanatlar\u0131n\u0131 koruman\u0131n yan\u0131 s\u0131ra, bu sanatlara yeni perspektifler kazand\u0131rmakt\u0131r.<\/p>\n<p>Bitirme projeleri, \u00f6\u011frencilerin b\u00f6l\u00fcmde \u00f6\u011frendikleri teorik ve pratik bilgileri uygulama f\u0131rsat\u0131 bulduklar\u0131 \u00f6nemli bir a\u015famad\u0131r. Bu projeler arac\u0131l\u0131\u011f\u0131yla \u00f6\u011frenciler, se\u00e7tikleri geleneksel sanat dal\u0131nda uzmanla\u015farak kendilerini geli\u015ftirirler.<\/p>\n<p>Projelerin konular\u0131 genellikle traditionel T\u00fcrk sanatlar\u0131n\u0131n farkl\u0131 alanlar\u0131n\u0131 kapsar. Bunlar aras\u0131nda minyat\u00fcr, hat sanat\u0131, tezhip, ebru ve daha bir\u00e7ok \u0442\u0440\u0430\u0434\u0438yonel sanat dallar\u0131 bulunur. \u00d6\u011frenciler, bu konulardan birini se\u00e7erek, derinlemesine bir ara\u015ft\u0131rma ve uygulama s\u00fcreci y\u00fcr\u00fct\u00fcrler.<\/p>\n<p>Bitirme projelerinin sunumlar\u0131, b\u00f6l\u00fcm\u00fcn erfahren hocalar\u0131 taraf\u0131ndan de\u011ferlendirilir. De\u011ferlendirme kriterleri aras\u0131nda proje konusunun \u00f6zg\u00fcnl\u00fc\u011f\u00fc, uygulamalar\u0131n kalitesi, sunumun etkileyicili\u011fi gibi fakt\u00f6rler bulunur.<\/p>\n<p>Bu s\u00fcre\u00e7, \u00f6\u011frencilere sadece sanatlar\u0131n\u0131 geli\u015ftirme f\u0131rsat\u0131 vermez, ayn\u0131 zamanda ara\u015ft\u0131rma, planlama ve y\u00fcr\u00fctme becerilerini de g\u00fc\u00e7lendirir. Sonu\u00e7 olarak, Geleneksel T\u00fcrk Sanatlar\u0131 B\u00f6l\u00fcm\u00fc'nden mezun olan \u00f6\u011frenciler, hem geleneksel T\u00fcrk sanatlar\u0131na kar\u015f\u0131 derin bir anlay\u0131\u015fa sahip olur, hem de bu sanatlara yeni ve yarat\u0131c\u0131 perspektifler kazand\u0131rma yetene\u011fine sahip olurlar.<\/p><\/a>\n\t\t\t\t\t<\/div>\n\t\t\t\t\t<div id=\"elementor-tab-content-1101\" class=\"elementor-tab-content elementor-clearfix\" data-tab=\"1\" role=\"region\" aria-labelledby=\"elementor-tab-title-1101\"><p>Geleneksel T\u00fcrk Sanatlar\u0131 B\u00f6l\u00fcm\u00fc, \u00f6\u011frencilerine sanat\u0131n \u00e7e\u015fitli dallar\u0131nda derinlemesine e\u011fitim vermektedir. B\u00f6l\u00fcm\u00fcn amac\u0131, geleneksel T\u00fcrk sanatlar\u0131n\u0131 koruman\u0131n yan\u0131 s\u0131ra, bu sanatlara yeni perspektifler kazand\u0131rmakt\u0131r.<\/p>\n<p>Bitirme projeleri, \u00f6\u011frencilerin b\u00f6l\u00fcmde \u00f6\u011frendikleri teorik ve pratik bilgileri uygulama f\u0131rsat\u0131 bulduklar\u0131 \u00f6nemli bir a\u015famad\u0131r. Bu projeler arac\u0131l\u0131\u011f\u0131yla \u00f6\u011frenciler, se\u00e7tikleri geleneksel sanat dal\u0131nda uzmanla\u015farak kendilerini geli\u015ftirirler.<\/p>\n<p>Projelerin konular\u0131 genellikle traditionel T\u00fcrk sanatlar\u0131n\u0131n farkl\u0131 alanlar\u0131n\u0131 kapsar. Bunlar aras\u0131nda minyat\u00fcr, hat sanat\u0131, tezhip, ebru ve daha bir\u00e7ok \u0442\u0440\u0430\u0434\u0438yonel sanat dallar\u0131 bulunur. \u00d6\u011frenciler, bu konulardan birini se\u00e7erek, derinlemesine bir ara\u015ft\u0131rma ve uygulama s\u00fcreci y\u00fcr\u00fct\u00fcrler.<\/p>\n<p>Bitirme projelerinin sunumlar\u0131, b\u00f6l\u00fcm\u00fcn erfahren hocalar\u0131 taraf\u0131ndan de\u011ferlendirilir. De\u011ferlendirme kriterleri aras\u0131nda proje konusunun \u00f6zg\u00fcnl\u00fc\u011f\u00fc, uygulamalar\u0131n kalitesi, sunumun etkileyicili\u011fi gibi fakt\u00f6rler bulunur.<\/p>\n<p>Bu s\u00fcre\u00e7, \u00f6\u011frencilere sadece sanatlar\u0131n\u0131 geli\u015ftirme f\u0131rsat\u0131 vermez, ayn\u0131 zamanda ara\u015ft\u0131rma, planlama ve y\u00fcr\u00fctme becerilerini de g\u00fc\u00e7lendirir. Sonu\u00e7 olarak, Geleneksel T\u00fcrk Sanatlar\u0131 B\u00f6l\u00fcm\u00fc&#8217;nden mezun olan \u00f6\u011frenciler, hem geleneksel T\u00fcrk sanatlar\u0131na kar\u015f\u0131 derin bir anlay\u0131\u015fa sahip olur, hem de bu sanatlara yeni ve yarat\u0131c\u0131 perspektifler kazand\u0131rma yetene\u011fine sahip olurlar.<\/p><\/div>\n\t\t\t\t<\/div>\n\t\t\t\t\t\t\t<div class=\"elementor-accordion-item\">\n\t\t\t\t\t<div id=\"elementor-tab-title-1102\" class=\"elementor-tab-title\" data-tab=\"2\" role=\"button\" aria-controls=\"elementor-tab-content-1102\" aria-expanded=\"false\">\n\t\t\t\t\t\t\t\t\t\t\t\t\t<span class=\"elementor-accordion-icon elementor-accordion-icon-left\" aria-hidden=\"true\">\n\t\t\t\t\t\t\t\t\t\t\t\t\t\t\t<span class=\"elementor-accordion-icon-closed\"><i class=\"fas fa-plus\"><\/i><\/span>\n\t\t\t\t\t\t\t\t<span class=\"elementor-accordion-icon-opened\"><i class=\"fas fa-minus\"><\/i><\/span>\n\t\t\t\t\t\t\t\t\t\t\t\t\t\t<\/span>\n\t\t\t\t\t\t\t\t\t\t\t\t<a class=\"elementor-accordion-title\" tabindex=\"0\"><p>Geleneksel T\u00fcrk Sanatlar\u0131 B\u00f6l\u00fcm\u00fc, \u00f6\u011frencilerine sanat\u0131n \u00e7e\u015fitli dallar\u0131nda derinlemesine e\u011fitim vermektedir. B\u00f6l\u00fcm\u00fcn amac\u0131, geleneksel T\u00fcrk sanatlar\u0131n\u0131 koruman\u0131n yan\u0131 s\u0131ra, bu sanatlara yeni perspektifler kazand\u0131rmakt\u0131r.<\/p>\n<p>Bitirme projeleri, \u00f6\u011frencilerin b\u00f6l\u00fcmde \u00f6\u011frendikleri teorik ve pratik bilgileri uygulama f\u0131rsat\u0131 bulduklar\u0131 \u00f6nemli bir a\u015famad\u0131r. Bu projeler arac\u0131l\u0131\u011f\u0131yla \u00f6\u011frenciler, se\u00e7tikleri geleneksel sanat dal\u0131nda uzmanla\u015farak kendilerini geli\u015ftirirler.<\/p>\n<p>Projelerin konular\u0131 genellikle traditionel T\u00fcrk sanatlar\u0131n\u0131n farkl\u0131 alanlar\u0131n\u0131 kapsar. Bunlar aras\u0131nda minyat\u00fcr, hat sanat\u0131, tezhip, ebru ve daha bir\u00e7ok \u0442\u0440\u0430\u0434\u0438yonel sanat dallar\u0131 bulunur. \u00d6\u011frenciler, bu konulardan birini se\u00e7erek, derinlemesine bir ara\u015ft\u0131rma ve uygulama s\u00fcreci y\u00fcr\u00fct\u00fcrler.<\/p>\n<p>Bitirme projelerinin sunumlar\u0131, b\u00f6l\u00fcm\u00fcn erfahren hocalar\u0131 taraf\u0131ndan de\u011ferlendirilir. De\u011ferlendirme kriterleri aras\u0131nda proje konusunun \u00f6zg\u00fcnl\u00fc\u011f\u00fc, uygulamalar\u0131n kalitesi, sunumun etkileyicili\u011fi gibi fakt\u00f6rler bulunur.<\/p>\n<p>Bu s\u00fcre\u00e7, \u00f6\u011frencilere sadece sanatlar\u0131n\u0131 geli\u015ftirme f\u0131rsat\u0131 vermez, ayn\u0131 zamanda ara\u015ft\u0131rma, planlama ve y\u00fcr\u00fctme becerilerini de g\u00fc\u00e7lendirir. Sonu\u00e7 olarak, Geleneksel T\u00fcrk Sanatlar\u0131 B\u00f6l\u00fcm\u00fc'nden mezun olan \u00f6\u011frenciler, hem geleneksel T\u00fcrk sanatlar\u0131na kar\u015f\u0131 derin bir anlay\u0131\u015fa sahip olur, hem de bu sanatlara yeni ve yarat\u0131c\u0131 perspektifler kazand\u0131rma yetene\u011fine sahip olurlar.<\/p><\/a>\n\t\t\t\t\t<\/div>\n\t\t\t\t\t<div id=\"elementor-tab-content-1102\" class=\"elementor-tab-content elementor-clearfix\" data-tab=\"2\" role=\"region\" aria-labelledby=\"elementor-tab-title-1102\"><p>Geleneksel T\u00fcrk Sanatlar\u0131 B\u00f6l\u00fcm\u00fc, \u00f6\u011frencilerine sanat\u0131n \u00e7e\u015fitli dallar\u0131nda derinlemesine e\u011fitim vermektedir. B\u00f6l\u00fcm\u00fcn amac\u0131, geleneksel T\u00fcrk sanatlar\u0131n\u0131 koruman\u0131n yan\u0131 s\u0131ra, bu sanatlara yeni perspektifler kazand\u0131rmakt\u0131r.<\/p>\n<p>Bitirme projeleri, \u00f6\u011frencilerin b\u00f6l\u00fcmde \u00f6\u011frendikleri teorik ve pratik bilgileri uygulama f\u0131rsat\u0131 bulduklar\u0131 \u00f6nemli bir a\u015famad\u0131r. Bu projeler arac\u0131l\u0131\u011f\u0131yla \u00f6\u011frenciler, se\u00e7tikleri geleneksel sanat dal\u0131nda uzmanla\u015farak kendilerini geli\u015ftirirler.<\/p>\n<p>Projelerin konular\u0131 genellikle traditionel T\u00fcrk sanatlar\u0131n\u0131n farkl\u0131 alanlar\u0131n\u0131 kapsar. Bunlar aras\u0131nda minyat\u00fcr, hat sanat\u0131, tezhip, ebru ve daha bir\u00e7ok \u0442\u0440\u0430\u0434\u0438yonel sanat dallar\u0131 bulunur. \u00d6\u011frenciler, bu konulardan birini se\u00e7erek, derinlemesine bir ara\u015ft\u0131rma ve uygulama s\u00fcreci y\u00fcr\u00fct\u00fcrler.<\/p>\n<p>Bitirme projelerinin sunumlar\u0131, b\u00f6l\u00fcm\u00fcn erfahren hocalar\u0131 taraf\u0131ndan de\u011ferlendirilir. De\u011ferlendirme kriterleri aras\u0131nda proje konusunun \u00f6zg\u00fcnl\u00fc\u011f\u00fc, uygulamalar\u0131n kalitesi, sunumun etkileyicili\u011fi gibi fakt\u00f6rler bulunur.<\/p>\n<p>Bu s\u00fcre\u00e7, \u00f6\u011frencilere sadece sanatlar\u0131n\u0131 geli\u015ftirme f\u0131rsat\u0131 vermez, ayn\u0131 zamanda ara\u015ft\u0131rma, planlama ve y\u00fcr\u00fctme becerilerini de g\u00fc\u00e7lendirir. Sonu\u00e7 olarak, Geleneksel T\u00fcrk Sanatlar\u0131 B\u00f6l\u00fcm\u00fc&#8217;nden mezun olan \u00f6\u011frenciler, hem geleneksel T\u00fcrk sanatlar\u0131na kar\u015f\u0131 derin bir anlay\u0131\u015fa sahip olur, hem de bu sanatlara yeni ve yarat\u0131c\u0131 perspektifler kazand\u0131rma yetene\u011fine sahip olurlar.<\/p><\/div>\n\t\t\t\t<\/div>\n\t\t\t\t\t\t\t\t<\/div>\n\t\t\t\t\t\t<\/div>\n\t\t\t\t<\/div>\n\t\t\t\t\t<\/div>\n\t\t<\/div>\n\t\t\t\t\t<\/div>\n\t\t<\/section>\n\t\t\t\t<\/div>\n\t\t","protected":false},"excerpt":{"rendered":"<p>Geleneksel T\u00fcrk Sanatlar\u0131 B\u00f6l\u00fcm\u00fcm\u00fcz, \u00f6\u011frencilerinin yarat\u0131c\u0131l\u0131klar\u0131n\u0131 ve yeteneklerini sergilemeleri i\u00e7in \u00e7e\u015fitli f\u0131rsatlar sunmaktad\u0131r. &#8220;Bitirme Projeleri&#8221; ba\u015fl\u0131\u011f\u0131 alt\u0131nda, \u00f6\u011frencilerimizin akademik e\u011fitimleri s\u00fcresince edindikleri bilgi ve becerilerini pratik olarak uygulamaya koyduklar\u0131 \u00f6nemli bir \u00e7al\u0131\u015fma s\u00fcrecini payla\u015fmak istiyoruz. Bu b\u00f6l\u00fcmde, \u00f6\u011frencilerimiz geleneksel T\u00fcrk sanatlar\u0131n\u0131 farkl\u0131 perspektiflerden ele alarak, ara\u015ft\u0131rma ve uygulama projelerini ger\u00e7ekle\u015ftirirler. Projeler, \u00f6\u011frencilerin se\u00e7mi\u015f olduklar\u0131 \u00f6zel [&hellip;]<\/p>\n","protected":false},"author":1,"featured_media":0,"parent":0,"menu_order":0,"comment_status":"closed","ping_status":"closed","template":"elementor_header_footer","meta":{"footnotes":""},"class_list":["post-5800","page","type-page","status-publish","hentry"],"_links":{"self":[{"href":"https:\/\/atauni.edu.tr\/geleneksel-turk-sanatlari-bolumu\/wp-json\/wp\/v2\/pages\/5800","targetHints":{"allow":["GET"]}}],"collection":[{"href":"https:\/\/atauni.edu.tr\/geleneksel-turk-sanatlari-bolumu\/wp-json\/wp\/v2\/pages"}],"about":[{"href":"https:\/\/atauni.edu.tr\/geleneksel-turk-sanatlari-bolumu\/wp-json\/wp\/v2\/types\/page"}],"author":[{"embeddable":true,"href":"https:\/\/atauni.edu.tr\/geleneksel-turk-sanatlari-bolumu\/wp-json\/wp\/v2\/users\/1"}],"replies":[{"embeddable":true,"href":"https:\/\/atauni.edu.tr\/geleneksel-turk-sanatlari-bolumu\/wp-json\/wp\/v2\/comments?post=5800"}],"version-history":[{"count":11,"href":"https:\/\/atauni.edu.tr\/geleneksel-turk-sanatlari-bolumu\/wp-json\/wp\/v2\/pages\/5800\/revisions"}],"predecessor-version":[{"id":6091,"href":"https:\/\/atauni.edu.tr\/geleneksel-turk-sanatlari-bolumu\/wp-json\/wp\/v2\/pages\/5800\/revisions\/6091"}],"wp:attachment":[{"href":"https:\/\/atauni.edu.tr\/geleneksel-turk-sanatlari-bolumu\/wp-json\/wp\/v2\/media?parent=5800"}],"curies":[{"name":"wp","href":"https:\/\/api.w.org\/{rel}","templated":true}]}}