{"id":6071,"date":"2021-08-27T15:45:02","date_gmt":"2021-08-27T12:45:02","guid":{"rendered":"http:\/\/birimler.atauni.edu.tr\/geleneksel-turk-sanatlari-bolumu\/?page_id=6071"},"modified":"2021-09-13T10:22:11","modified_gmt":"2021-09-13T07:22:11","slug":"bolum-kurulu-kararlari","status":"publish","type":"page","link":"https:\/\/atauni.edu.tr\/geleneksel-turk-sanatlari-bolumu\/bolum-kurulu-kararlari\/","title":{"rendered":"B\u00f6l\u00fcm Kurulu Kararlar\u0131"},"content":{"rendered":"\t\t<div data-elementor-type=\"wp-page\" data-elementor-id=\"6071\" class=\"elementor elementor-6071\" data-elementor-post-type=\"page\">\n\t\t\t\t\t\t<section class=\"elementor-section elementor-top-section elementor-element elementor-element-730d320 elementor-section-boxed elementor-section-height-default elementor-section-height-default\" data-id=\"730d320\" data-element_type=\"section\">\n\t\t\t\t\t\t<div class=\"elementor-container elementor-column-gap-default\">\n\t\t\t\t\t<div class=\"elementor-column elementor-col-100 elementor-top-column elementor-element elementor-element-753d0860\" data-id=\"753d0860\" data-element_type=\"column\">\n\t\t\t<div class=\"elementor-widget-wrap\">\n\t\t\t\t\t\t\t<\/div>\n\t\t<\/div>\n\t\t\t\t\t<\/div>\n\t\t<\/section>\n\t\t\t\t<section class=\"elementor-section elementor-top-section elementor-element elementor-element-9be811a elementor-section-boxed elementor-section-height-default elementor-section-height-default\" data-id=\"9be811a\" data-element_type=\"section\">\n\t\t\t\t\t\t<div class=\"elementor-container elementor-column-gap-default\">\n\t\t\t\t\t<div class=\"elementor-column elementor-col-100 elementor-top-column elementor-element elementor-element-1ed847b7\" data-id=\"1ed847b7\" data-element_type=\"column\">\n\t\t\t<div class=\"elementor-widget-wrap elementor-element-populated\">\n\t\t\t\t\t\t<div class=\"elementor-element elementor-element-4ce0d07f elementor-widget elementor-widget-heading\" data-id=\"4ce0d07f\" data-element_type=\"widget\" data-widget_type=\"heading.default\">\n\t\t\t\t<div class=\"elementor-widget-container\">\n\t\t\t\t\t<h2 class=\"elementor-heading-title elementor-size-default\">B\u00f6l\u00fcm Kurulu Kararlar\u0131<\/h2>\t\t\t\t<\/div>\n\t\t\t\t<\/div>\n\t\t\t\t<div class=\"elementor-element elementor-element-63260862 elementor-widget-divider--view-line elementor-widget elementor-widget-divider\" data-id=\"63260862\" data-element_type=\"widget\" data-widget_type=\"divider.default\">\n\t\t\t\t<div class=\"elementor-widget-container\">\n\t\t\t\t\t\t\t<div class=\"elementor-divider\">\n\t\t\t<span class=\"elementor-divider-separator\">\n\t\t\t\t\t\t<\/span>\n\t\t<\/div>\n\t\t\t\t\t\t<\/div>\n\t\t\t\t<\/div>\n\t\t\t\t\t<\/div>\n\t\t<\/div>\n\t\t\t\t\t<\/div>\n\t\t<\/section>\n\t\t\t\t<section class=\"elementor-section elementor-top-section elementor-element elementor-element-681db8b elementor-section-boxed elementor-section-height-default elementor-section-height-default\" data-id=\"681db8b\" data-element_type=\"section\">\n\t\t\t\t\t\t<div class=\"elementor-container elementor-column-gap-default\">\n\t\t\t\t\t<div class=\"elementor-column elementor-col-100 elementor-top-column elementor-element elementor-element-ad4dac5\" data-id=\"ad4dac5\" data-element_type=\"column\">\n\t\t\t<div class=\"elementor-widget-wrap elementor-element-populated\">\n\t\t\t\t\t\t<div class=\"elementor-element elementor-element-2f96b3d elementor-widget elementor-widget-text-editor\" data-id=\"2f96b3d\" data-element_type=\"widget\" data-widget_type=\"text-editor.default\">\n\t\t\t\t<div class=\"elementor-widget-container\">\n\t\t\t\t\t\t\t\t\t<p>Atat\u00fcrk \u00dcniversitesi Geleneksel T\u00fcrk Sanatlar\u0131 B\u00f6l\u00fcm\u00fc, e\u011fitim-\u00f6\u011fretim s\u00fcre\u00e7lerinde \u00e7e\u015fitli kararlar al\u0131r. Bu kararlar genellikle b\u00f6l\u00fcm\u00fcn i\u015fleyi\u015fini d\u00fczenlemek, \u00f6\u011frencilerin ihtiya\u00e7lar\u0131n\u0131 kar\u015f\u0131lamak ve akademik performans\u0131 artt\u0131rmak amac\u0131n\u0131 ta\u015f\u0131r.<\/p>\n<p>B\u00f6l\u00fcm Kurulu Kararlar\u0131, \u00f6\u011fretim elemanlar\u0131n\u0131n kat\u0131l\u0131m\u0131yla al\u0131nan kararlar\u0131 i\u00e7erir. Bu kararlar, ders m\u00fcfredat\u0131n\u0131n g\u00fcncellenmesinden, yeni programlar\u0131n eklenmesine kadar geni\u015f bir yelpazeyi kapsayabilir.<\/p>\n<p>\u00d6\u011frencilerin e\u011fitim kalitesini artt\u0131rmak ve mezun olduktan sonra ba\u015far\u0131l\u0131 bir \u015fekilde mesle\u011fe ba\u015flamalar\u0131na yard\u0131mc\u0131 olmak i\u00e7in al\u0131nan kararlar, b\u00f6l\u00fcm\u00fcn misyonunu destekler.<\/p>\n<p>Bu kararlar ayn\u0131 zamanda \u00f6\u011frenci-\u00f6\u011fretim eleman\u0131 etkile\u015fimini g\u00fc\u00e7lendirmek,-sanatsal yeteneklerin geli\u015fimine katk\u0131da bulunmak gibi konularda da \u00f6nem ta\u015f\u0131r.<\/p>\t\t\t\t\t\t\t\t<\/div>\n\t\t\t\t<\/div>\n\t\t\t\t\t<\/div>\n\t\t<\/div>\n\t\t\t\t\t<\/div>\n\t\t<\/section>\n\t\t\t\t<\/div>\n\t\t","protected":false},"excerpt":{"rendered":"<p>Geleneksel T\u00fcrk Sanatlar\u0131 B\u00f6l\u00fcm\u00fcm\u00fcz\u00fcn akademik ve idari i\u015fleyi\u015fini belirleyen \u00f6nemli kararlar, b\u00f6l\u00fcm kurulumuz taraf\u0131ndan al\u0131nmaktad\u0131r. Bu kapsamda, e\u011fitim-\u00f6\u011fretim s\u00fcre\u00e7lerinin geli\u015ftirilmesi, ara\u015ft\u0131rma projelerinin y\u00f6nlendirilmesi, \u00f6\u011frencilere sunulan hizmetlerin iyile\u015ftirilmesi gibi konularda al\u0131nan kararlar, b\u00f6l\u00fcm\u00fcm\u00fcz\u00fcn gelece\u011fi a\u00e7\u0131s\u0131ndan kritik \u00f6nem ta\u015f\u0131maktad\u0131r. B\u00f6l\u00fcm Kurulu Kararlar\u0131, ayn\u0131 zamanda Geleneksel T\u00fcrk Sanatlar\u0131&#8217;n\u0131n zengin k\u00fclt\u00fcrel miras\u0131n\u0131 korumak ve gelecek nesillere aktarmak amac\u0131yla at\u0131lan [&hellip;]<\/p>\n","protected":false},"author":1,"featured_media":0,"parent":0,"menu_order":0,"comment_status":"closed","ping_status":"closed","template":"elementor_header_footer","meta":{"footnotes":""},"class_list":["post-6071","page","type-page","status-publish","hentry"],"_links":{"self":[{"href":"https:\/\/atauni.edu.tr\/geleneksel-turk-sanatlari-bolumu\/wp-json\/wp\/v2\/pages\/6071","targetHints":{"allow":["GET"]}}],"collection":[{"href":"https:\/\/atauni.edu.tr\/geleneksel-turk-sanatlari-bolumu\/wp-json\/wp\/v2\/pages"}],"about":[{"href":"https:\/\/atauni.edu.tr\/geleneksel-turk-sanatlari-bolumu\/wp-json\/wp\/v2\/types\/page"}],"author":[{"embeddable":true,"href":"https:\/\/atauni.edu.tr\/geleneksel-turk-sanatlari-bolumu\/wp-json\/wp\/v2\/users\/1"}],"replies":[{"embeddable":true,"href":"https:\/\/atauni.edu.tr\/geleneksel-turk-sanatlari-bolumu\/wp-json\/wp\/v2\/comments?post=6071"}],"version-history":[{"count":7,"href":"https:\/\/atauni.edu.tr\/geleneksel-turk-sanatlari-bolumu\/wp-json\/wp\/v2\/pages\/6071\/revisions"}],"predecessor-version":[{"id":6120,"href":"https:\/\/atauni.edu.tr\/geleneksel-turk-sanatlari-bolumu\/wp-json\/wp\/v2\/pages\/6071\/revisions\/6120"}],"wp:attachment":[{"href":"https:\/\/atauni.edu.tr\/geleneksel-turk-sanatlari-bolumu\/wp-json\/wp\/v2\/media?parent=6071"}],"curies":[{"name":"wp","href":"https:\/\/api.w.org\/{rel}","templated":true}]}}