{"id":6940,"date":"2025-06-26T11:31:45","date_gmt":"2025-06-26T08:31:45","guid":{"rendered":"https:\/\/birimler.atauni.edu.tr\/geleneksel-turk-sanatlari-bolumu\/?page_id=6940"},"modified":"2025-07-30T15:42:47","modified_gmt":"2025-07-30T12:42:47","slug":"duyurular","status":"publish","type":"page","link":"https:\/\/atauni.edu.tr\/geleneksel-turk-sanatlari-bolumu\/duyurular\/","title":{"rendered":"Duyurular"},"content":{"rendered":"<form method=\"get\" class=\"row g-3\" style=\"margin-bottom: 20px;\"><div class=\"col-md-3\"><input type=\"text\" name=\"Duyuru_ara\" class=\"form-control\" placeholder=\"Duyuru ara...\" value=\"\"><\/div><div class=\"col-md-3\"><input type=\"date\" name=\"baslangic_tarihi\" class=\"form-control\" value=\"\"><\/div><div class=\"col-md-3\"><input type=\"date\" name=\"bitis_tarihi\" class=\"form-control\" value=\"\"><\/div><div class=\"col-md-3\"><button type=\"submit\" class=\"btn btn-secondary w-50\">Filtrele<\/button><\/div><\/form><ul class=\"kategori-yazilari-liste\"><li style=\"display: flex; margin-bottom: 10px; align-items: center;\"><div class=\"post-content\" style=\"flex-grow: 1;\"><span class=\"post-date Duyurutarih\" style=\"display: block; font-weight: bold; margin-bottom: 5px;\">27 Mart 2026<\/span><a class=\"Duyurubaslik\" href=\"https:\/\/atauni.edu.tr\/geleneksel-turk-sanatlari-bolumu\/2026\/03\/27\/geleneksel2025-2026-bahar-yariyili-vizefinalbut-sinav-tarihleri\/\">GELENEKSEL2025-2026 BAHAR YARIYILI V\u0130ZE,F\u0130NAL,B\u00dcT SINAV TAR\u0130HLER\u0130<\/a><\/div><\/li><li style=\"display: flex; margin-bottom: 10px; align-items: center;\"><div class=\"post-content\" style=\"flex-grow: 1;\"><span class=\"post-date Duyurutarih\" style=\"display: block; font-weight: bold; margin-bottom: 5px;\">6 \u015eubat 2026<\/span><a class=\"Duyurubaslik\" href=\"https:\/\/atauni.edu.tr\/geleneksel-turk-sanatlari-bolumu\/2026\/02\/06\/geleneksel-2025-26-bahar-ders-programi-2\/\">GELENEKSEL 2025-26 BAHAR DERS PROGRAMI<\/a><\/div><\/li><\/ul>\n\n\n\n<p><\/p>\n","protected":false},"excerpt":{"rendered":"","protected":false},"author":8,"featured_media":0,"parent":0,"menu_order":0,"comment_status":"closed","ping_status":"closed","template":"","meta":{"footnotes":""},"class_list":["post-6940","page","type-page","status-publish","hentry"],"_links":{"self":[{"href":"https:\/\/atauni.edu.tr\/geleneksel-turk-sanatlari-bolumu\/wp-json\/wp\/v2\/pages\/6940","targetHints":{"allow":["GET"]}}],"collection":[{"href":"https:\/\/atauni.edu.tr\/geleneksel-turk-sanatlari-bolumu\/wp-json\/wp\/v2\/pages"}],"about":[{"href":"https:\/\/atauni.edu.tr\/geleneksel-turk-sanatlari-bolumu\/wp-json\/wp\/v2\/types\/page"}],"author":[{"embeddable":true,"href":"https:\/\/atauni.edu.tr\/geleneksel-turk-sanatlari-bolumu\/wp-json\/wp\/v2\/users\/8"}],"replies":[{"embeddable":true,"href":"https:\/\/atauni.edu.tr\/geleneksel-turk-sanatlari-bolumu\/wp-json\/wp\/v2\/comments?post=6940"}],"version-history":[{"count":2,"href":"https:\/\/atauni.edu.tr\/geleneksel-turk-sanatlari-bolumu\/wp-json\/wp\/v2\/pages\/6940\/revisions"}],"predecessor-version":[{"id":6946,"href":"https:\/\/atauni.edu.tr\/geleneksel-turk-sanatlari-bolumu\/wp-json\/wp\/v2\/pages\/6940\/revisions\/6946"}],"wp:attachment":[{"href":"https:\/\/atauni.edu.tr\/geleneksel-turk-sanatlari-bolumu\/wp-json\/wp\/v2\/media?parent=6940"}],"curies":[{"name":"wp","href":"https:\/\/api.w.org\/{rel}","templated":true}]}}