{"id":5638,"date":"2021-07-13T09:49:25","date_gmt":"2021-07-13T06:49:25","guid":{"rendered":"https:\/\/portaltest.atauni.edu.tr\/bilgisayar-muhendisligi\/?page_id=5638"},"modified":"2021-09-13T10:21:35","modified_gmt":"2021-09-13T07:21:35","slug":"tarihce","status":"publish","type":"page","link":"https:\/\/atauni.edu.tr\/gen-muhendisligi\/tarihce\/","title":{"rendered":"Tarih\u00e7e"},"content":{"rendered":"\t\t<div data-elementor-type=\"wp-page\" data-elementor-id=\"5638\" class=\"elementor elementor-5638\" data-elementor-post-type=\"page\">\n\t\t\t\t\t\t<section class=\"elementor-section elementor-top-section elementor-element elementor-element-730d320 elementor-section-boxed elementor-section-height-default elementor-section-height-default\" data-id=\"730d320\" data-element_type=\"section\">\n\t\t\t\t\t\t<div class=\"elementor-container elementor-column-gap-default\">\n\t\t\t\t\t<div class=\"elementor-column elementor-col-100 elementor-top-column elementor-element elementor-element-753d0860\" data-id=\"753d0860\" data-element_type=\"column\">\n\t\t\t<div class=\"elementor-widget-wrap\">\n\t\t\t\t\t\t\t<\/div>\n\t\t<\/div>\n\t\t\t\t\t<\/div>\n\t\t<\/section>\n\t\t\t\t<section class=\"elementor-section elementor-top-section elementor-element elementor-element-9be811a elementor-section-boxed elementor-section-height-default elementor-section-height-default\" data-id=\"9be811a\" data-element_type=\"section\">\n\t\t\t\t\t\t<div class=\"elementor-container elementor-column-gap-default\">\n\t\t\t\t\t<div class=\"elementor-column elementor-col-100 elementor-top-column elementor-element elementor-element-1ed847b7\" data-id=\"1ed847b7\" data-element_type=\"column\">\n\t\t\t<div class=\"elementor-widget-wrap elementor-element-populated\">\n\t\t\t\t\t\t<div class=\"elementor-element elementor-element-4ce0d07f elementor-widget elementor-widget-heading\" data-id=\"4ce0d07f\" data-element_type=\"widget\" data-widget_type=\"heading.default\">\n\t\t\t\t<div class=\"elementor-widget-container\">\n\t\t\t\t\t<h2 class=\"elementor-heading-title elementor-size-default\">Tarih\u00e7e<\/h2>\t\t\t\t<\/div>\n\t\t\t\t<\/div>\n\t\t\t\t<div class=\"elementor-element elementor-element-63260862 elementor-widget-divider--view-line elementor-widget elementor-widget-divider\" data-id=\"63260862\" data-element_type=\"widget\" data-widget_type=\"divider.default\">\n\t\t\t\t<div class=\"elementor-widget-container\">\n\t\t\t\t\t\t\t<div class=\"elementor-divider\">\n\t\t\t<span class=\"elementor-divider-separator\">\n\t\t\t\t\t\t<\/span>\n\t\t<\/div>\n\t\t\t\t\t\t<\/div>\n\t\t\t\t<\/div>\n\t\t\t\t\t<\/div>\n\t\t<\/div>\n\t\t\t\t\t<\/div>\n\t\t<\/section>\n\t\t\t\t<section class=\"elementor-section elementor-top-section elementor-element elementor-element-681db8b elementor-section-boxed elementor-section-height-default elementor-section-height-default\" data-id=\"681db8b\" data-element_type=\"section\">\n\t\t\t\t\t\t<div class=\"elementor-container elementor-column-gap-default\">\n\t\t\t\t\t<div class=\"elementor-column elementor-col-100 elementor-top-column elementor-element elementor-element-ad4dac5\" data-id=\"ad4dac5\" data-element_type=\"column\">\n\t\t\t<div class=\"elementor-widget-wrap elementor-element-populated\">\n\t\t\t\t\t\t<div class=\"elementor-element elementor-element-2f96b3d elementor-widget elementor-widget-text-editor\" data-id=\"2f96b3d\" data-element_type=\"widget\" data-widget_type=\"text-editor.default\">\n\t\t\t\t<div class=\"elementor-widget-container\">\n\t\t\t\t\t\t\t\t\t<p>Atat\u00fcrk \u00dcniversitesi Gen M\u00fchendisli\u011fi b\u00f6l\u00fcm\u00fcn\u00fcn kurulu\u015f hikayesi, bilim ve teknolojinin ilerlemesiyle birlikte giderek daha \u00f6nemli hale gelen genetik ve molek\u00fcler biyoloji alan\u0131ndaki \u00e7al\u0131\u015fmalar\u0131 i\u00e7erir. Bu b\u00f6l\u00fcm\u00fcn ortaya \u00e7\u0131k\u0131\u015f\u0131, insanl\u0131k tarihi boyunca insanlar\u0131n do\u011fay\u0131 anlama ve kontrol etme arzusundan kaynaklanmaktad\u0131r.<\/p>\n<p>Gen m\u00fchendisli\u011finin temelleri, DNA yap\u0131lar\u0131n\u0131n ke\u015ffi ve genetik bilginin i\u015flenmesiyle at\u0131lm\u0131\u015ft\u0131r. Zaman i\u00e7inde, bu alanlar daha da geli\u015ferek modern biyoteknoloji ve genetik m\u00fchendisli\u011fine do\u011fru evrimle\u015fmi\u015ftir.<\/p>\n<p>Atat\u00fcrk \u00dcniversitesi gibi kurumlar\u0131n bu alanda e\u011fitim vermeye ba\u015flamas\u0131, \u00fclkenin bilim ve teknoloji alan\u0131nda ilerlemesine katk\u0131da bulunma amac\u0131n\u0131 ta\u015f\u0131r. Bu t\u00fcr b\u00f6l\u00fcmlerin kurulmas\u0131, gelecekteki ara\u015ft\u0131rmac\u0131lar\u0131n ve bilim insanlar\u0131n\u0131n yeti\u015ftirilmesine y\u00f6nelik \u00f6nemli bir ad\u0131md\u0131r.<\/p>\n<p>Bu b\u00f6l\u00fcmde y\u00fcr\u00fct\u00fclen \u00e7al\u0131\u015fmalar, genetik hastal\u0131klar\u0131n anla\u015f\u0131lmas\u0131, bitki ve hayvanlarda verimlilik artt\u0131r\u0131m\u0131, \u00e7evre sorunlar\u0131n\u0131n \u00e7\u00f6z\u00fcm\u00fc gibi geni\u015f bir yelpazeyi kapsar. \u00d6\u011frencilere teorik ve pratik e\u011fitim vererek, onlar\u0131 bu alanda \u00e7al\u0131\u015fmaya haz\u0131rlayan bir m\u00fcfredat sunulur.<\/p>\n<p>Atat\u00fcrk \u00dcniversitesi Gen M\u00fchendisli\u011fi b\u00f6l\u00fcm\u00fc, bilim ve teknoloji alan\u0131ndaki geli\u015fmelerin takip edilmesi ve bunlara katk\u0131da bulunulmas\u0131 i\u00e7in \u00f6nemli bir merkez olarak g\u00f6r\u00fcl\u00fcr. B\u00f6l\u00fcm\u00fcn faaliyetleri, akademik \u00e7al\u0131\u015fmalar\u0131n yan\u0131 s\u0131ra toplumun bilimsel konularda fark\u0131ndal\u0131\u011f\u0131n\u0131n art\u0131r\u0131lmas\u0131na da y\u00f6neliktir.<\/p>\t\t\t\t\t\t\t\t<\/div>\n\t\t\t\t<\/div>\n\t\t\t\t\t<\/div>\n\t\t<\/div>\n\t\t\t\t\t<\/div>\n\t\t<\/section>\n\t\t\t\t<\/div>\n\t\t","protected":false},"excerpt":{"rendered":"<p>Tarih\u00e7e Gen m\u00fchendisli\u011finin tarihi, 1970&#8217;li y\u0131llarda molek\u00fcler biyoloji ve genetik alan\u0131ndaki h\u0131zl\u0131 geli\u015fmelerin sonucunda ba\u015flam\u0131\u015ft\u0131r. Bu d\u00f6nemde, DNA&#8217;n\u0131n yap\u0131s\u0131 ve i\u015flevi hakk\u0131nda elde edilen yeni bilgiler, canl\u0131 organizmalar\u0131n genetik materyallerini de\u011fi\u015ftirme olas\u0131l\u0131\u011f\u0131n\u0131 ortaya \u00e7\u0131karm\u0131\u015ft\u0131r. \u0130lk gen m\u00fchendisli\u011fi \u00e7al\u0131\u015fmalar\u0131, 1970&#8217;li y\u0131llarda Paul Berg ve ekibinin DNA&#8217;y\u0131 kesme ve birle\u015ftirme tekniklerini geli\u015ftirmesiyle ba\u015flam\u0131\u015ft\u0131r. Bu teknikler,scientistlerin DNA&#8217;y\u0131 belirli [&hellip;]<\/p>\n","protected":false},"author":1,"featured_media":0,"parent":0,"menu_order":0,"comment_status":"closed","ping_status":"closed","template":"","meta":{"footnotes":""},"class_list":["post-5638","page","type-page","status-publish","hentry"],"_links":{"self":[{"href":"https:\/\/atauni.edu.tr\/gen-muhendisligi\/wp-json\/wp\/v2\/pages\/5638","targetHints":{"allow":["GET"]}}],"collection":[{"href":"https:\/\/atauni.edu.tr\/gen-muhendisligi\/wp-json\/wp\/v2\/pages"}],"about":[{"href":"https:\/\/atauni.edu.tr\/gen-muhendisligi\/wp-json\/wp\/v2\/types\/page"}],"author":[{"embeddable":true,"href":"https:\/\/atauni.edu.tr\/gen-muhendisligi\/wp-json\/wp\/v2\/users\/1"}],"replies":[{"embeddable":true,"href":"https:\/\/atauni.edu.tr\/gen-muhendisligi\/wp-json\/wp\/v2\/comments?post=5638"}],"version-history":[{"count":22,"href":"https:\/\/atauni.edu.tr\/gen-muhendisligi\/wp-json\/wp\/v2\/pages\/5638\/revisions"}],"predecessor-version":[{"id":6117,"href":"https:\/\/atauni.edu.tr\/gen-muhendisligi\/wp-json\/wp\/v2\/pages\/5638\/revisions\/6117"}],"wp:attachment":[{"href":"https:\/\/atauni.edu.tr\/gen-muhendisligi\/wp-json\/wp\/v2\/media?parent=5638"}],"curies":[{"name":"wp","href":"https:\/\/api.w.org\/{rel}","templated":true}]}}