{"id":5751,"date":"2021-07-13T12:50:27","date_gmt":"2021-07-13T09:50:27","guid":{"rendered":"https:\/\/portaltest.atauni.edu.tr\/bilgisayar-muhendisligi\/?page_id=5751"},"modified":"2021-08-27T15:49:39","modified_gmt":"2021-08-27T12:49:39","slug":"lisansustu-ders-listesi","status":"publish","type":"page","link":"https:\/\/atauni.edu.tr\/gen-muhendisligi\/lisansustu-ders-listesi\/","title":{"rendered":"Ders Listesi"},"content":{"rendered":"\t\t<div data-elementor-type=\"wp-page\" data-elementor-id=\"5751\" class=\"elementor elementor-5751\" data-elementor-post-type=\"page\">\n\t\t\t\t\t\t<section class=\"elementor-section elementor-top-section elementor-element elementor-element-730d320 elementor-section-boxed elementor-section-height-default elementor-section-height-default\" data-id=\"730d320\" data-element_type=\"section\">\n\t\t\t\t\t\t<div class=\"elementor-container elementor-column-gap-default\">\n\t\t\t\t\t<div class=\"elementor-column elementor-col-100 elementor-top-column elementor-element elementor-element-753d0860\" data-id=\"753d0860\" data-element_type=\"column\">\n\t\t\t<div class=\"elementor-widget-wrap\">\n\t\t\t\t\t\t\t<\/div>\n\t\t<\/div>\n\t\t\t\t\t<\/div>\n\t\t<\/section>\n\t\t\t\t<section class=\"elementor-section elementor-top-section elementor-element elementor-element-9be811a elementor-section-boxed elementor-section-height-default elementor-section-height-default\" data-id=\"9be811a\" data-element_type=\"section\">\n\t\t\t\t\t\t<div class=\"elementor-container elementor-column-gap-default\">\n\t\t\t\t\t<div class=\"elementor-column elementor-col-100 elementor-top-column elementor-element elementor-element-1ed847b7\" data-id=\"1ed847b7\" data-element_type=\"column\">\n\t\t\t<div class=\"elementor-widget-wrap elementor-element-populated\">\n\t\t\t\t\t\t<div class=\"elementor-element elementor-element-4ce0d07f elementor-widget elementor-widget-heading\" data-id=\"4ce0d07f\" data-element_type=\"widget\" data-widget_type=\"heading.default\">\n\t\t\t\t<div class=\"elementor-widget-container\">\n\t\t\t\t\t<h2 class=\"elementor-heading-title elementor-size-default\">Lisans\u00fcst\u00fc Ders Listesi<\/h2>\t\t\t\t<\/div>\n\t\t\t\t<\/div>\n\t\t\t\t<div class=\"elementor-element elementor-element-63260862 elementor-widget-divider--view-line elementor-widget elementor-widget-divider\" data-id=\"63260862\" data-element_type=\"widget\" data-widget_type=\"divider.default\">\n\t\t\t\t<div class=\"elementor-widget-container\">\n\t\t\t\t\t\t\t<div class=\"elementor-divider\">\n\t\t\t<span class=\"elementor-divider-separator\">\n\t\t\t\t\t\t<\/span>\n\t\t<\/div>\n\t\t\t\t\t\t<\/div>\n\t\t\t\t<\/div>\n\t\t\t\t\t<\/div>\n\t\t<\/div>\n\t\t\t\t\t<\/div>\n\t\t<\/section>\n\t\t\t\t<section class=\"elementor-section elementor-top-section elementor-element elementor-element-6a5b7ef elementor-section-boxed elementor-section-height-default elementor-section-height-default\" data-id=\"6a5b7ef\" data-element_type=\"section\">\n\t\t\t\t\t\t<div class=\"elementor-container elementor-column-gap-default\">\n\t\t\t\t\t<div class=\"elementor-column elementor-col-100 elementor-top-column elementor-element elementor-element-ce70762\" data-id=\"ce70762\" data-element_type=\"column\">\n\t\t\t<div class=\"elementor-widget-wrap elementor-element-populated\">\n\t\t\t\t\t\t<div class=\"elementor-element elementor-element-b780842 elementor-widget elementor-widget-text-editor\" data-id=\"b780842\" data-element_type=\"widget\" data-widget_type=\"text-editor.default\">\n\t\t\t\t<div class=\"elementor-widget-container\">\n\t\t\t\t\t\t\t\t\t<html>\n<body>\n<h2>Ders Listesi<\/h2>\n<p>Gen M\u00fchendisli\u011fi b\u00f6l\u00fcm\u00fc, \u00f6\u011frencilere genetik m\u00fchendisli\u011finin temel ilkeleri ve uygulamalar\u0131 hakk\u0131nda derin bir anlay\u0131\u015f kazand\u0131rmay\u0131 ama\u00e7lar. Bu ama\u00e7 do\u011frultusunda sunulan dersler, teori ve prati\u011fi birle\u015ftirerek \u00f6\u011frencilerin alanda uzmanla\u015fmalar\u0131na yard\u0131mc\u0131 olur.<\/p>\n<p>\u00d6rnek dersler aras\u0131nda;<\/p>\n<ul>\n  <li>Genetik \u0130lkeler<\/li>\n  <li>Molek\u00fcler Biyoloji<\/li>\n  <li>Genomik ve Proteomik<\/li>\n  <li>Biyoistatistik<\/li>\n  <li>Bitki ve Hayvan Gen M\u00fchendisli\u011fi<\/li>\n  <li>Rekombinant DNA Teknolojisi<\/li>\n  <li>Synthetic Biyoloji<\/li>\n  <li>Gen Terapisi ve Uygulamalar\u0131<\/li>\n<\/ul>\n<p>Bu dersler, \u00f6\u011frencilere gen m\u00fchendisli\u011finin teorik ve pratik uygulamalar\u0131n\u0131 \u00f6\u011frenme f\u0131rsat\u0131 sunar. Ayr\u0131ca, b\u00f6l\u00fcm\u00fcn sundu\u011fu se\u00e7meli derslerle birlikte, \u00f6\u011frenciler ilgi duyduklar\u0131 alanlarda uzmanla\u015fabilirler.<\/p>\n<\/body>\n<\/html>\t\t\t\t\t\t\t\t<\/div>\n\t\t\t\t<\/div>\n\t\t\t\t\t<\/div>\n\t\t<\/div>\n\t\t\t\t\t<\/div>\n\t\t<\/section>\n\t\t\t\t<\/div>\n\t\t","protected":false},"excerpt":{"rendered":"<p>**Ders Listesi** Gen M\u00fchendisli\u011fi b\u00f6l\u00fcm\u00fc, \u00f6\u011frencilere genetik m\u00fchendisli\u011finin temel prensipleri ve uygulamalar\u0131 hakk\u0131nda derinlemesine bilgi kazand\u0131rmay\u0131 ama\u00e7lar. B\u00f6l\u00fcm\u00fcn ders i\u00e7eri\u011fi, teorik ve pratik bilgilerin entegrasyonu yoluyla \u00f6\u011frencilerin bu alandaki geli\u015fmeleri takip edebilmesini ve katk\u0131da bulunabilmesini hedefler. A\u015fa\u011f\u0131daki listede, Gen M\u00fchendisli\u011fi b\u00f6l\u00fcm\u00fcn\u00fcn sundu\u011fu baz\u0131 ana dersler yer almaktad\u0131r: 1. **Giri\u015f to Genetik**: Bu derste, genetik biliminin [&hellip;]<\/p>\n","protected":false},"author":1,"featured_media":0,"parent":0,"menu_order":0,"comment_status":"closed","ping_status":"closed","template":"elementor_header_footer","meta":{"footnotes":""},"class_list":["post-5751","page","type-page","status-publish","hentry"],"_links":{"self":[{"href":"https:\/\/atauni.edu.tr\/gen-muhendisligi\/wp-json\/wp\/v2\/pages\/5751","targetHints":{"allow":["GET"]}}],"collection":[{"href":"https:\/\/atauni.edu.tr\/gen-muhendisligi\/wp-json\/wp\/v2\/pages"}],"about":[{"href":"https:\/\/atauni.edu.tr\/gen-muhendisligi\/wp-json\/wp\/v2\/types\/page"}],"author":[{"embeddable":true,"href":"https:\/\/atauni.edu.tr\/gen-muhendisligi\/wp-json\/wp\/v2\/users\/1"}],"replies":[{"embeddable":true,"href":"https:\/\/atauni.edu.tr\/gen-muhendisligi\/wp-json\/wp\/v2\/comments?post=5751"}],"version-history":[{"count":11,"href":"https:\/\/atauni.edu.tr\/gen-muhendisligi\/wp-json\/wp\/v2\/pages\/5751\/revisions"}],"predecessor-version":[{"id":6097,"href":"https:\/\/atauni.edu.tr\/gen-muhendisligi\/wp-json\/wp\/v2\/pages\/5751\/revisions\/6097"}],"wp:attachment":[{"href":"https:\/\/atauni.edu.tr\/gen-muhendisligi\/wp-json\/wp\/v2\/media?parent=5751"}],"curies":[{"name":"wp","href":"https:\/\/api.w.org\/{rel}","templated":true}]}}