{"id":5765,"date":"2021-07-13T12:56:51","date_gmt":"2021-07-13T09:56:51","guid":{"rendered":"https:\/\/portaltest.atauni.edu.tr\/bilgisayar-muhendisligi\/?page_id=5765"},"modified":"2021-08-27T15:48:18","modified_gmt":"2021-08-27T12:48:18","slug":"anabilim-dallari","status":"publish","type":"page","link":"https:\/\/atauni.edu.tr\/gen-muhendisligi\/anabilim-dallari\/","title":{"rendered":"Anabilim Dallar\u0131"},"content":{"rendered":"\t\t<div data-elementor-type=\"wp-page\" data-elementor-id=\"5765\" class=\"elementor elementor-5765\" data-elementor-post-type=\"page\">\n\t\t\t\t\t\t<section class=\"elementor-section elementor-top-section elementor-element elementor-element-730d320 elementor-section-boxed elementor-section-height-default elementor-section-height-default\" data-id=\"730d320\" data-element_type=\"section\">\n\t\t\t\t\t\t<div class=\"elementor-container elementor-column-gap-default\">\n\t\t\t\t\t<div class=\"elementor-column elementor-col-100 elementor-top-column elementor-element elementor-element-753d0860\" data-id=\"753d0860\" data-element_type=\"column\">\n\t\t\t<div class=\"elementor-widget-wrap\">\n\t\t\t\t\t\t\t<\/div>\n\t\t<\/div>\n\t\t\t\t\t<\/div>\n\t\t<\/section>\n\t\t\t\t<section class=\"elementor-section elementor-top-section elementor-element elementor-element-9be811a elementor-section-boxed elementor-section-height-default elementor-section-height-default\" data-id=\"9be811a\" data-element_type=\"section\">\n\t\t\t\t\t\t<div class=\"elementor-container elementor-column-gap-default\">\n\t\t\t\t\t<div class=\"elementor-column elementor-col-100 elementor-top-column elementor-element elementor-element-1ed847b7\" data-id=\"1ed847b7\" data-element_type=\"column\">\n\t\t\t<div class=\"elementor-widget-wrap elementor-element-populated\">\n\t\t\t\t\t\t<div class=\"elementor-element elementor-element-4ce0d07f elementor-widget elementor-widget-heading\" data-id=\"4ce0d07f\" data-element_type=\"widget\" data-widget_type=\"heading.default\">\n\t\t\t\t<div class=\"elementor-widget-container\">\n\t\t\t\t\t<h2 class=\"elementor-heading-title elementor-size-default\">Anabilim Dallar\u0131<\/h2>\t\t\t\t<\/div>\n\t\t\t\t<\/div>\n\t\t\t\t<div class=\"elementor-element elementor-element-63260862 elementor-widget-divider--view-line elementor-widget elementor-widget-divider\" data-id=\"63260862\" data-element_type=\"widget\" data-widget_type=\"divider.default\">\n\t\t\t\t<div class=\"elementor-widget-container\">\n\t\t\t\t\t\t\t<div class=\"elementor-divider\">\n\t\t\t<span class=\"elementor-divider-separator\">\n\t\t\t\t\t\t<\/span>\n\t\t<\/div>\n\t\t\t\t\t\t<\/div>\n\t\t\t\t<\/div>\n\t\t\t\t\t<\/div>\n\t\t<\/div>\n\t\t\t\t\t<\/div>\n\t\t<\/section>\n\t\t\t\t<section class=\"elementor-section elementor-top-section elementor-element elementor-element-681db8b elementor-section-boxed elementor-section-height-default elementor-section-height-default\" data-id=\"681db8b\" data-element_type=\"section\">\n\t\t\t\t\t\t<div class=\"elementor-container elementor-column-gap-default\">\n\t\t\t\t\t<div class=\"elementor-column elementor-col-100 elementor-top-column elementor-element elementor-element-ad4dac5\" data-id=\"ad4dac5\" data-element_type=\"column\">\n\t\t\t<div class=\"elementor-widget-wrap elementor-element-populated\">\n\t\t\t\t\t\t<div class=\"elementor-element elementor-element-2f96b3d elementor-widget elementor-widget-text-editor\" data-id=\"2f96b3d\" data-element_type=\"widget\" data-widget_type=\"text-editor.default\">\n\t\t\t\t<div class=\"elementor-widget-container\">\n\t\t\t\t\t\t\t\t\t<h2>Anabilim Dallar\u0131<\/h2>\n<p>Gen m\u00fchendisli\u011fi b\u00f6l\u00fcm\u00fcn\u00fcn anabilim dallar\u0131, bu alanda uzmanl\u0131k kazanmak isteyen \u00f6\u011frencilere y\u00f6nelik \u00e7e\u015fitli konularda derinlemesine e\u011fitim sa\u011flar. Bu anabilim dallar\u0131 genellikle genetik, molek\u00fcler biyoloji, biyoteknoloji ve ilgili alanlarda yo\u011funla\u015f\u0131r.<\/p>\n<p>\u00d6rne\u011fin, bir anabilim dal\u0131 gen ifadesi ve d\u00fczenlenmesine odaklanabilir. Bu dalda \u00f6\u011frenciler, nas\u0131l certain genlerin aktivitesinin h\u00fccre i\u00e7inde kontrol edildi\u011fini ve bu s\u00fcre\u00e7lerin canl\u0131 organizmalar\u0131n geli\u015fimi ve sa\u011fl\u0131\u011f\u0131 \u00fczerindeki etkilerini inceleyebilir.<\/p>\n<p>Ba\u015fka bir anabilim dal\u0131 ise biyoteknolojiye odaklanabilir. Bu alanda \u00f6\u011frenciler, mikroorganizmalar\u0131 ve di\u011fer biyolojik sistemleri \u00e7e\u015fitli end\u00fcstriyel uygulamalar i\u00e7in nas\u0131l tasarlay\u0131p geli\u015ftirebileceklerini \u00f6\u011frenirler. Bu, yeni ila\u00e7lar\u0131n ke\u015ffi, g\u0131da \u00fcretimi veya \u00e7evre temizleme teknolojileri gibi alanlar\u0131 i\u00e7erebilir.<\/p>\n<p>Gen m\u00fchendisli\u011fi anabilim dallar\u0131 ayr\u0131ca, bitki ve hayvan geneti\u011fi, sintetik biyoloji, genomik ve epigenetik gibi konular\u0131 da kapsayabilir. Her bir dal, \u00f6\u011frencilere belirli bir alanda uzmanla\u015farak bu alanlarda ara\u015ft\u0131rma ve geli\u015ftirme yapma f\u0131rsat\u0131 sunar.<\/p>\t\t\t\t\t\t\t\t<\/div>\n\t\t\t\t<\/div>\n\t\t\t\t\t<\/div>\n\t\t<\/div>\n\t\t\t\t\t<\/div>\n\t\t<\/section>\n\t\t\t\t<\/div>\n\t\t","protected":false},"excerpt":{"rendered":"<p>Gen M\u00fchendisli\u011fi Anabilim Dallar\u0131 Gen m\u00fchendisli\u011finin temel hedefi, canl\u0131 organizmalardaki genlerin yap\u0131s\u0131n\u0131, i\u015flevini ve etkile\u015fimlerini anlamak ve bu bilgileri \u00e7e\u015fitli alanlarda uygulamakt\u0131r. Bu disiplin alt\u0131nda bir\u00e7ok anabilim dal\u0131 bulunmaktad\u0131r. \u0130\u015fte baz\u0131lar\u0131: 1. **Molek\u00fcler Biyoloji**: Canl\u0131lar\u0131n yap\u0131 ta\u015flar\u0131n\u0131 olu\u015fturan molek\u00fcllerin yap\u0131s\u0131n\u0131, i\u015flevini ve etkile\u015fimlerini inceleyen bir aland\u0131r. 2. **Genetik**: Kal\u0131t\u0131m ve varyasyonun temel prensiplerini ara\u015ft\u0131ran, genlerin [&hellip;]<\/p>\n","protected":false},"author":1,"featured_media":0,"parent":0,"menu_order":0,"comment_status":"closed","ping_status":"closed","template":"elementor_header_footer","meta":{"footnotes":""},"class_list":["post-5765","page","type-page","status-publish","hentry"],"_links":{"self":[{"href":"https:\/\/atauni.edu.tr\/gen-muhendisligi\/wp-json\/wp\/v2\/pages\/5765","targetHints":{"allow":["GET"]}}],"collection":[{"href":"https:\/\/atauni.edu.tr\/gen-muhendisligi\/wp-json\/wp\/v2\/pages"}],"about":[{"href":"https:\/\/atauni.edu.tr\/gen-muhendisligi\/wp-json\/wp\/v2\/types\/page"}],"author":[{"embeddable":true,"href":"https:\/\/atauni.edu.tr\/gen-muhendisligi\/wp-json\/wp\/v2\/users\/1"}],"replies":[{"embeddable":true,"href":"https:\/\/atauni.edu.tr\/gen-muhendisligi\/wp-json\/wp\/v2\/comments?post=5765"}],"version-history":[{"count":8,"href":"https:\/\/atauni.edu.tr\/gen-muhendisligi\/wp-json\/wp\/v2\/pages\/5765\/revisions"}],"predecessor-version":[{"id":6082,"href":"https:\/\/atauni.edu.tr\/gen-muhendisligi\/wp-json\/wp\/v2\/pages\/5765\/revisions\/6082"}],"wp:attachment":[{"href":"https:\/\/atauni.edu.tr\/gen-muhendisligi\/wp-json\/wp\/v2\/media?parent=5765"}],"curies":[{"name":"wp","href":"https:\/\/api.w.org\/{rel}","templated":true}]}}