{"id":5800,"date":"2021-07-13T13:12:45","date_gmt":"2021-07-13T10:12:45","guid":{"rendered":"https:\/\/portaltest.atauni.edu.tr\/bilgisayar-muhendisligi\/?page_id=5800"},"modified":"2021-08-27T15:49:23","modified_gmt":"2021-08-27T12:49:23","slug":"bitirme-projeleri","status":"publish","type":"page","link":"https:\/\/atauni.edu.tr\/gen-muhendisligi\/bitirme-projeleri\/","title":{"rendered":"Bitirme Projeleri"},"content":{"rendered":"\t\t<div data-elementor-type=\"wp-page\" data-elementor-id=\"5800\" class=\"elementor elementor-5800\" data-elementor-post-type=\"page\">\n\t\t\t\t\t\t<section class=\"elementor-section elementor-top-section elementor-element elementor-element-730d320 elementor-section-boxed elementor-section-height-default elementor-section-height-default\" data-id=\"730d320\" data-element_type=\"section\">\n\t\t\t\t\t\t<div class=\"elementor-container elementor-column-gap-default\">\n\t\t\t\t\t<div class=\"elementor-column elementor-col-100 elementor-top-column elementor-element elementor-element-753d0860\" data-id=\"753d0860\" data-element_type=\"column\">\n\t\t\t<div class=\"elementor-widget-wrap\">\n\t\t\t\t\t\t\t<\/div>\n\t\t<\/div>\n\t\t\t\t\t<\/div>\n\t\t<\/section>\n\t\t\t\t<section class=\"elementor-section elementor-top-section elementor-element elementor-element-9be811a elementor-section-boxed elementor-section-height-default elementor-section-height-default\" data-id=\"9be811a\" data-element_type=\"section\">\n\t\t\t\t\t\t<div class=\"elementor-container elementor-column-gap-default\">\n\t\t\t\t\t<div class=\"elementor-column elementor-col-100 elementor-top-column elementor-element elementor-element-1ed847b7\" data-id=\"1ed847b7\" data-element_type=\"column\">\n\t\t\t<div class=\"elementor-widget-wrap elementor-element-populated\">\n\t\t\t\t\t\t<div class=\"elementor-element elementor-element-4ce0d07f elementor-widget elementor-widget-heading\" data-id=\"4ce0d07f\" data-element_type=\"widget\" data-widget_type=\"heading.default\">\n\t\t\t\t<div class=\"elementor-widget-container\">\n\t\t\t\t\t<h2 class=\"elementor-heading-title elementor-size-default\">Bitirme Projeleri<\/h2>\t\t\t\t<\/div>\n\t\t\t\t<\/div>\n\t\t\t\t<div class=\"elementor-element elementor-element-63260862 elementor-widget-divider--view-line elementor-widget elementor-widget-divider\" data-id=\"63260862\" data-element_type=\"widget\" data-widget_type=\"divider.default\">\n\t\t\t\t<div class=\"elementor-widget-container\">\n\t\t\t\t\t\t\t<div class=\"elementor-divider\">\n\t\t\t<span class=\"elementor-divider-separator\">\n\t\t\t\t\t\t<\/span>\n\t\t<\/div>\n\t\t\t\t\t\t<\/div>\n\t\t\t\t<\/div>\n\t\t\t\t\t<\/div>\n\t\t<\/div>\n\t\t\t\t\t<\/div>\n\t\t<\/section>\n\t\t\t\t<section class=\"elementor-section elementor-top-section elementor-element elementor-element-6c18d0b elementor-section-boxed elementor-section-height-default elementor-section-height-default\" data-id=\"6c18d0b\" data-element_type=\"section\">\n\t\t\t\t\t\t<div class=\"elementor-container elementor-column-gap-default\">\n\t\t\t\t\t<div class=\"elementor-column elementor-col-100 elementor-top-column elementor-element elementor-element-5a88ff5\" data-id=\"5a88ff5\" data-element_type=\"column\">\n\t\t\t<div class=\"elementor-widget-wrap elementor-element-populated\">\n\t\t\t\t\t\t<div class=\"elementor-element elementor-element-69d7a2b elementor-widget elementor-widget-accordion\" data-id=\"69d7a2b\" data-element_type=\"widget\" data-widget_type=\"accordion.default\">\n\t\t\t\t<div class=\"elementor-widget-container\">\n\t\t\t\t\t\t\t<div class=\"elementor-accordion\">\n\t\t\t\t\t\t\t<div class=\"elementor-accordion-item\">\n\t\t\t\t\t<div id=\"elementor-tab-title-1101\" class=\"elementor-tab-title\" data-tab=\"1\" role=\"button\" aria-controls=\"elementor-tab-content-1101\" aria-expanded=\"false\">\n\t\t\t\t\t\t\t\t\t\t\t\t\t<span class=\"elementor-accordion-icon elementor-accordion-icon-left\" aria-hidden=\"true\">\n\t\t\t\t\t\t\t\t\t\t\t\t\t\t\t<span class=\"elementor-accordion-icon-closed\"><i class=\"fas fa-plus\"><\/i><\/span>\n\t\t\t\t\t\t\t\t<span class=\"elementor-accordion-icon-opened\"><i class=\"fas fa-minus\"><\/i><\/span>\n\t\t\t\t\t\t\t\t\t\t\t\t\t\t<\/span>\n\t\t\t\t\t\t\t\t\t\t\t\t<a class=\"elementor-accordion-title\" tabindex=\"0\"><html>\n<p>Atat\u00fcrk \u00dcniversitesi Gen M\u00fchendisli\u011fi b\u00f6l\u00fcm\u00fc, \u00f6\u011frencilerinin mezuniyet \u00e7al\u0131\u015fmalar\u0131n\u0131 desteklemek amac\u0131yla \"Bitirme Projeleri\" ba\u015fl\u0131\u011f\u0131 alt\u0131nda \u00e7e\u015fitli \u00e7al\u0131\u015fmalar y\u00fcr\u00fct\u00fcr. Bu projeler, \u00f6\u011frencilerin e\u011fitim s\u00fcresi boyunca edindikleri bilgi ve becerilerini uygulamaya ge\u00e7irerek bir proje haz\u0131rlamalar\u0131na olanak tan\u0131r.<\/p>\n<p>Bitirme projeleri genellikle akademik y\u0131l\u0131n son d\u00f6neminde yap\u0131l\u0131r ve \u00f6\u011frencilere belirli bir s\u00fcre verilir. \u00d6\u011frenciler, ilgi alanlar\u0131na g\u00f6re se\u00e7tikleri konular \u00fczerinde derinlemesine ara\u015ft\u0131rma yaparak bir proje tasarlar ve uygulayarak sonu\u00e7lar\u0131n\u0131 sunarlar.<\/p>\n<p>Proje konular\u0131 gen m\u00fchendisli\u011finin \u00e7e\u015fitli alanlar\u0131n\u0131 kapsar. \u00d6\u011frenciler, bitkisel veya hayvansal \u00fcretimdeki verimlili\u011fi art\u0131rmaya y\u00f6nelik \u00e7al\u0131\u015fmalardan, hastal\u0131klara kar\u015f\u0131 diren\u00e7li organizma geli\u015ftirmeye kadar farkl\u0131 alanda projelerini ger\u00e7ekle\u015ftirebilirler.<\/p>\n<p>Bitirme projelerinin amac\u0131, \u00f6\u011frencilere pratik deneyim kazand\u0131rarak teorik bilgileri uygulamal\u0131 olarak peki\u015ftirmektir. Ayn\u0131 zamanda, \u00f6\u011frencilerin ara\u015ft\u0131rma ve analiz becerilerini geli\u015ftirmelerine yard\u0131mc\u0131 olur ve gelecekteki kariyerlerinde kar\u015f\u0131la\u015fabilecekleri sorunlar\u0131 \u00e7\u00f6zmede daha yetkin olmalar\u0131n\u0131 sa\u011flar.<\/p>\n<p>\u00d6\u011frenciler, projelerini tamamlay\u0131p sunumlar\u0131n\u0131 yapt\u0131ktan sonra, akademik dan\u0131\u015fmanlar\u0131 ve b\u00f6l\u00fcm j\u00fcrisi taraf\u0131ndan de\u011ferlendirilir. Ba\u015far\u0131l\u0131 bulunan \u00f6\u011frenciler, mezuniyetlerine bir ad\u0131m daha yakla\u015fm\u0131\u015f olurlar.<\/p>\n<\/html><\/a>\n\t\t\t\t\t<\/div>\n\t\t\t\t\t<div id=\"elementor-tab-content-1101\" class=\"elementor-tab-content elementor-clearfix\" data-tab=\"1\" role=\"region\" aria-labelledby=\"elementor-tab-title-1101\"><html>\n<p>Atat\u00fcrk \u00dcniversitesi Gen M\u00fchendisli\u011fi b\u00f6l\u00fcm\u00fc, \u00f6\u011frencilerinin mezuniyet \u00e7al\u0131\u015fmalar\u0131n\u0131 desteklemek amac\u0131yla &#8220;Bitirme Projeleri&#8221; ba\u015fl\u0131\u011f\u0131 alt\u0131nda \u00e7e\u015fitli \u00e7al\u0131\u015fmalar y\u00fcr\u00fct\u00fcr. Bu projeler, \u00f6\u011frencilerin e\u011fitim s\u00fcresi boyunca edindikleri bilgi ve becerilerini uygulamaya ge\u00e7irerek bir proje haz\u0131rlamalar\u0131na olanak tan\u0131r.<\/p>\n<p>Bitirme projeleri genellikle akademik y\u0131l\u0131n son d\u00f6neminde yap\u0131l\u0131r ve \u00f6\u011frencilere belirli bir s\u00fcre verilir. \u00d6\u011frenciler, ilgi alanlar\u0131na g\u00f6re se\u00e7tikleri konular \u00fczerinde derinlemesine ara\u015ft\u0131rma yaparak bir proje tasarlar ve uygulayarak sonu\u00e7lar\u0131n\u0131 sunarlar.<\/p>\n<p>Proje konular\u0131 gen m\u00fchendisli\u011finin \u00e7e\u015fitli alanlar\u0131n\u0131 kapsar. \u00d6\u011frenciler, bitkisel veya hayvansal \u00fcretimdeki verimlili\u011fi art\u0131rmaya y\u00f6nelik \u00e7al\u0131\u015fmalardan, hastal\u0131klara kar\u015f\u0131 diren\u00e7li organizma geli\u015ftirmeye kadar farkl\u0131 alanda projelerini ger\u00e7ekle\u015ftirebilirler.<\/p>\n<p>Bitirme projelerinin amac\u0131, \u00f6\u011frencilere pratik deneyim kazand\u0131rarak teorik bilgileri uygulamal\u0131 olarak peki\u015ftirmektir. Ayn\u0131 zamanda, \u00f6\u011frencilerin ara\u015ft\u0131rma ve analiz becerilerini geli\u015ftirmelerine yard\u0131mc\u0131 olur ve gelecekteki kariyerlerinde kar\u015f\u0131la\u015fabilecekleri sorunlar\u0131 \u00e7\u00f6zmede daha yetkin olmalar\u0131n\u0131 sa\u011flar.<\/p>\n<p>\u00d6\u011frenciler, projelerini tamamlay\u0131p sunumlar\u0131n\u0131 yapt\u0131ktan sonra, akademik dan\u0131\u015fmanlar\u0131 ve b\u00f6l\u00fcm j\u00fcrisi taraf\u0131ndan de\u011ferlendirilir. Ba\u015far\u0131l\u0131 bulunan \u00f6\u011frenciler, mezuniyetlerine bir ad\u0131m daha yakla\u015fm\u0131\u015f olurlar.<\/p>\n<\/html><\/div>\n\t\t\t\t<\/div>\n\t\t\t\t\t\t\t<div class=\"elementor-accordion-item\">\n\t\t\t\t\t<div id=\"elementor-tab-title-1102\" class=\"elementor-tab-title\" data-tab=\"2\" role=\"button\" aria-controls=\"elementor-tab-content-1102\" aria-expanded=\"false\">\n\t\t\t\t\t\t\t\t\t\t\t\t\t<span class=\"elementor-accordion-icon elementor-accordion-icon-left\" aria-hidden=\"true\">\n\t\t\t\t\t\t\t\t\t\t\t\t\t\t\t<span class=\"elementor-accordion-icon-closed\"><i class=\"fas fa-plus\"><\/i><\/span>\n\t\t\t\t\t\t\t\t<span class=\"elementor-accordion-icon-opened\"><i class=\"fas fa-minus\"><\/i><\/span>\n\t\t\t\t\t\t\t\t\t\t\t\t\t\t<\/span>\n\t\t\t\t\t\t\t\t\t\t\t\t<a class=\"elementor-accordion-title\" tabindex=\"0\"><html>\n<p>Atat\u00fcrk \u00dcniversitesi Gen M\u00fchendisli\u011fi b\u00f6l\u00fcm\u00fc, \u00f6\u011frencilerinin mezuniyet \u00e7al\u0131\u015fmalar\u0131n\u0131 desteklemek amac\u0131yla \"Bitirme Projeleri\" ba\u015fl\u0131\u011f\u0131 alt\u0131nda \u00e7e\u015fitli \u00e7al\u0131\u015fmalar y\u00fcr\u00fct\u00fcr. Bu projeler, \u00f6\u011frencilerin e\u011fitim s\u00fcresi boyunca edindikleri bilgi ve becerilerini uygulamaya ge\u00e7irerek bir proje haz\u0131rlamalar\u0131na olanak tan\u0131r.<\/p>\n<p>Bitirme projeleri genellikle akademik y\u0131l\u0131n son d\u00f6neminde yap\u0131l\u0131r ve \u00f6\u011frencilere belirli bir s\u00fcre verilir. \u00d6\u011frenciler, ilgi alanlar\u0131na g\u00f6re se\u00e7tikleri konular \u00fczerinde derinlemesine ara\u015ft\u0131rma yaparak bir proje tasarlar ve uygulayarak sonu\u00e7lar\u0131n\u0131 sunarlar.<\/p>\n<p>Proje konular\u0131 gen m\u00fchendisli\u011finin \u00e7e\u015fitli alanlar\u0131n\u0131 kapsar. \u00d6\u011frenciler, bitkisel veya hayvansal \u00fcretimdeki verimlili\u011fi art\u0131rmaya y\u00f6nelik \u00e7al\u0131\u015fmalardan, hastal\u0131klara kar\u015f\u0131 diren\u00e7li organizma geli\u015ftirmeye kadar farkl\u0131 alanda projelerini ger\u00e7ekle\u015ftirebilirler.<\/p>\n<p>Bitirme projelerinin amac\u0131, \u00f6\u011frencilere pratik deneyim kazand\u0131rarak teorik bilgileri uygulamal\u0131 olarak peki\u015ftirmektir. Ayn\u0131 zamanda, \u00f6\u011frencilerin ara\u015ft\u0131rma ve analiz becerilerini geli\u015ftirmelerine yard\u0131mc\u0131 olur ve gelecekteki kariyerlerinde kar\u015f\u0131la\u015fabilecekleri sorunlar\u0131 \u00e7\u00f6zmede daha yetkin olmalar\u0131n\u0131 sa\u011flar.<\/p>\n<p>\u00d6\u011frenciler, projelerini tamamlay\u0131p sunumlar\u0131n\u0131 yapt\u0131ktan sonra, akademik dan\u0131\u015fmanlar\u0131 ve b\u00f6l\u00fcm j\u00fcrisi taraf\u0131ndan de\u011ferlendirilir. Ba\u015far\u0131l\u0131 bulunan \u00f6\u011frenciler, mezuniyetlerine bir ad\u0131m daha yakla\u015fm\u0131\u015f olurlar.<\/p>\n<\/html><\/a>\n\t\t\t\t\t<\/div>\n\t\t\t\t\t<div id=\"elementor-tab-content-1102\" class=\"elementor-tab-content elementor-clearfix\" data-tab=\"2\" role=\"region\" aria-labelledby=\"elementor-tab-title-1102\"><html>\n<p>Atat\u00fcrk \u00dcniversitesi Gen M\u00fchendisli\u011fi b\u00f6l\u00fcm\u00fc, \u00f6\u011frencilerinin mezuniyet \u00e7al\u0131\u015fmalar\u0131n\u0131 desteklemek amac\u0131yla &#8220;Bitirme Projeleri&#8221; ba\u015fl\u0131\u011f\u0131 alt\u0131nda \u00e7e\u015fitli \u00e7al\u0131\u015fmalar y\u00fcr\u00fct\u00fcr. Bu projeler, \u00f6\u011frencilerin e\u011fitim s\u00fcresi boyunca edindikleri bilgi ve becerilerini uygulamaya ge\u00e7irerek bir proje haz\u0131rlamalar\u0131na olanak tan\u0131r.<\/p>\n<p>Bitirme projeleri genellikle akademik y\u0131l\u0131n son d\u00f6neminde yap\u0131l\u0131r ve \u00f6\u011frencilere belirli bir s\u00fcre verilir. \u00d6\u011frenciler, ilgi alanlar\u0131na g\u00f6re se\u00e7tikleri konular \u00fczerinde derinlemesine ara\u015ft\u0131rma yaparak bir proje tasarlar ve uygulayarak sonu\u00e7lar\u0131n\u0131 sunarlar.<\/p>\n<p>Proje konular\u0131 gen m\u00fchendisli\u011finin \u00e7e\u015fitli alanlar\u0131n\u0131 kapsar. \u00d6\u011frenciler, bitkisel veya hayvansal \u00fcretimdeki verimlili\u011fi art\u0131rmaya y\u00f6nelik \u00e7al\u0131\u015fmalardan, hastal\u0131klara kar\u015f\u0131 diren\u00e7li organizma geli\u015ftirmeye kadar farkl\u0131 alanda projelerini ger\u00e7ekle\u015ftirebilirler.<\/p>\n<p>Bitirme projelerinin amac\u0131, \u00f6\u011frencilere pratik deneyim kazand\u0131rarak teorik bilgileri uygulamal\u0131 olarak peki\u015ftirmektir. Ayn\u0131 zamanda, \u00f6\u011frencilerin ara\u015ft\u0131rma ve analiz becerilerini geli\u015ftirmelerine yard\u0131mc\u0131 olur ve gelecekteki kariyerlerinde kar\u015f\u0131la\u015fabilecekleri sorunlar\u0131 \u00e7\u00f6zmede daha yetkin olmalar\u0131n\u0131 sa\u011flar.<\/p>\n<p>\u00d6\u011frenciler, projelerini tamamlay\u0131p sunumlar\u0131n\u0131 yapt\u0131ktan sonra, akademik dan\u0131\u015fmanlar\u0131 ve b\u00f6l\u00fcm j\u00fcrisi taraf\u0131ndan de\u011ferlendirilir. Ba\u015far\u0131l\u0131 bulunan \u00f6\u011frenciler, mezuniyetlerine bir ad\u0131m daha yakla\u015fm\u0131\u015f olurlar.<\/p>\n<\/html><\/div>\n\t\t\t\t<\/div>\n\t\t\t\t\t\t\t\t<\/div>\n\t\t\t\t\t\t<\/div>\n\t\t\t\t<\/div>\n\t\t\t\t\t<\/div>\n\t\t<\/div>\n\t\t\t\t\t<\/div>\n\t\t<\/section>\n\t\t\t\t<\/div>\n\t\t","protected":false},"excerpt":{"rendered":"<p>**Bitirme Projeleri** Gen m\u00fchendisli\u011fi b\u00f6l\u00fcm\u00fcn\u00fcn son a\u015famas\u0131nda \u00f6\u011frenciler, e\u011fitimleri boyunca edindikleri bilgileri uygulamal\u0131 olarak g\u00f6stermek amac\u0131yla bitirme projelerini ger\u00e7ekle\u015ftirirler. Bu projeler, \u00f6\u011frencilerinIndependent \u00e7al\u0131\u015farak bir problemi tan\u0131mlama, \u00e7\u00f6z\u00fcme ula\u015fma ve sonu\u00e7lar\u0131 sunma becerilerini geli\u015ftirmelerine yard\u0131mc\u0131 olur. Bitirme projeleri, genellikle akademik y\u0131l\u0131n son d\u00f6neminde ba\u015flar ve birka\u00e7 ay s\u00fcrer. \u00d6\u011frenciler, proje konular\u0131n\u0131 belirlerken ilgi alanlar\u0131na ve b\u00f6l\u00fcm\u00fcn [&hellip;]<\/p>\n","protected":false},"author":1,"featured_media":0,"parent":0,"menu_order":0,"comment_status":"closed","ping_status":"closed","template":"elementor_header_footer","meta":{"footnotes":""},"class_list":["post-5800","page","type-page","status-publish","hentry"],"_links":{"self":[{"href":"https:\/\/atauni.edu.tr\/gen-muhendisligi\/wp-json\/wp\/v2\/pages\/5800","targetHints":{"allow":["GET"]}}],"collection":[{"href":"https:\/\/atauni.edu.tr\/gen-muhendisligi\/wp-json\/wp\/v2\/pages"}],"about":[{"href":"https:\/\/atauni.edu.tr\/gen-muhendisligi\/wp-json\/wp\/v2\/types\/page"}],"author":[{"embeddable":true,"href":"https:\/\/atauni.edu.tr\/gen-muhendisligi\/wp-json\/wp\/v2\/users\/1"}],"replies":[{"embeddable":true,"href":"https:\/\/atauni.edu.tr\/gen-muhendisligi\/wp-json\/wp\/v2\/comments?post=5800"}],"version-history":[{"count":11,"href":"https:\/\/atauni.edu.tr\/gen-muhendisligi\/wp-json\/wp\/v2\/pages\/5800\/revisions"}],"predecessor-version":[{"id":6091,"href":"https:\/\/atauni.edu.tr\/gen-muhendisligi\/wp-json\/wp\/v2\/pages\/5800\/revisions\/6091"}],"wp:attachment":[{"href":"https:\/\/atauni.edu.tr\/gen-muhendisligi\/wp-json\/wp\/v2\/media?parent=5800"}],"curies":[{"name":"wp","href":"https:\/\/api.w.org\/{rel}","templated":true}]}}