{"id":6071,"date":"2021-08-27T15:45:02","date_gmt":"2021-08-27T12:45:02","guid":{"rendered":"http:\/\/birimler.atauni.edu.tr\/gen-muhendisligi\/?page_id=6071"},"modified":"2021-09-13T10:22:11","modified_gmt":"2021-09-13T07:22:11","slug":"bolum-kurulu-kararlari","status":"publish","type":"page","link":"https:\/\/atauni.edu.tr\/gen-muhendisligi\/bolum-kurulu-kararlari\/","title":{"rendered":"B\u00f6l\u00fcm Kurulu Kararlar\u0131"},"content":{"rendered":"\t\t<div data-elementor-type=\"wp-page\" data-elementor-id=\"6071\" class=\"elementor elementor-6071\" data-elementor-post-type=\"page\">\n\t\t\t\t\t\t<section class=\"elementor-section elementor-top-section elementor-element elementor-element-730d320 elementor-section-boxed elementor-section-height-default elementor-section-height-default\" data-id=\"730d320\" data-element_type=\"section\">\n\t\t\t\t\t\t<div class=\"elementor-container elementor-column-gap-default\">\n\t\t\t\t\t<div class=\"elementor-column elementor-col-100 elementor-top-column elementor-element elementor-element-753d0860\" data-id=\"753d0860\" data-element_type=\"column\">\n\t\t\t<div class=\"elementor-widget-wrap\">\n\t\t\t\t\t\t\t<\/div>\n\t\t<\/div>\n\t\t\t\t\t<\/div>\n\t\t<\/section>\n\t\t\t\t<section class=\"elementor-section elementor-top-section elementor-element elementor-element-9be811a elementor-section-boxed elementor-section-height-default elementor-section-height-default\" data-id=\"9be811a\" data-element_type=\"section\">\n\t\t\t\t\t\t<div class=\"elementor-container elementor-column-gap-default\">\n\t\t\t\t\t<div class=\"elementor-column elementor-col-100 elementor-top-column elementor-element elementor-element-1ed847b7\" data-id=\"1ed847b7\" data-element_type=\"column\">\n\t\t\t<div class=\"elementor-widget-wrap elementor-element-populated\">\n\t\t\t\t\t\t<div class=\"elementor-element elementor-element-4ce0d07f elementor-widget elementor-widget-heading\" data-id=\"4ce0d07f\" data-element_type=\"widget\" data-widget_type=\"heading.default\">\n\t\t\t\t<div class=\"elementor-widget-container\">\n\t\t\t\t\t<h2 class=\"elementor-heading-title elementor-size-default\">B\u00f6l\u00fcm Kurulu Kararlar\u0131<\/h2>\t\t\t\t<\/div>\n\t\t\t\t<\/div>\n\t\t\t\t<div class=\"elementor-element elementor-element-63260862 elementor-widget-divider--view-line elementor-widget elementor-widget-divider\" data-id=\"63260862\" data-element_type=\"widget\" data-widget_type=\"divider.default\">\n\t\t\t\t<div class=\"elementor-widget-container\">\n\t\t\t\t\t\t\t<div class=\"elementor-divider\">\n\t\t\t<span class=\"elementor-divider-separator\">\n\t\t\t\t\t\t<\/span>\n\t\t<\/div>\n\t\t\t\t\t\t<\/div>\n\t\t\t\t<\/div>\n\t\t\t\t\t<\/div>\n\t\t<\/div>\n\t\t\t\t\t<\/div>\n\t\t<\/section>\n\t\t\t\t<section class=\"elementor-section elementor-top-section elementor-element elementor-element-681db8b elementor-section-boxed elementor-section-height-default elementor-section-height-default\" data-id=\"681db8b\" data-element_type=\"section\">\n\t\t\t\t\t\t<div class=\"elementor-container elementor-column-gap-default\">\n\t\t\t\t\t<div class=\"elementor-column elementor-col-100 elementor-top-column elementor-element elementor-element-ad4dac5\" data-id=\"ad4dac5\" data-element_type=\"column\">\n\t\t\t<div class=\"elementor-widget-wrap elementor-element-populated\">\n\t\t\t\t\t\t<div class=\"elementor-element elementor-element-2f96b3d elementor-widget elementor-widget-text-editor\" data-id=\"2f96b3d\" data-element_type=\"widget\" data-widget_type=\"text-editor.default\">\n\t\t\t\t<div class=\"elementor-widget-container\">\n\t\t\t\t\t\t\t\t\t<p>Atat\u00fcrk \u00dcniversitesi Gen M\u00fchendisli\u011fi b\u00f6l\u00fcm\u00fcn\u00fcn akademik ve idari i\u015fleyi\u015fini d\u00fczenlemek \u00fczere al\u0131nan kararlar, B\u00f6l\u00fcm Kurulu Kararlar\u0131 ba\u015fl\u0131\u011f\u0131 alt\u0131nda toplan\u0131r. Bu kararlar, b\u00f6l\u00fcm\u00fcn e\u011fitim-\u00f6\u011fretim faaliyetlerinden ara\u015ft\u0131rma projelerine kadar geni\u015f bir yelpazeyi kapsar.<\/p>\n<p>B\u00f6l\u00fcm Kurulu, akademik personele ek olaraksection idaresi ve \u00f6\u011frenci temsilcilerinden olu\u015fur. Toplant\u0131lar periyodik olarak yap\u0131l\u0131r ve al\u0131nan kararlar, b\u00f6l\u00fcm\u00fcn resmi duyuru panosunda veya web sitesinde payla\u015f\u0131l\u0131r.<\/p>\n<p>Al\u0131nan kararlar aras\u0131nda ders m\u00fcfredat\u0131n\u0131n g\u00fcncellenmesi, yeni ara\u015ft\u0131rma projelerinin ba\u015flat\u0131lmas\u0131, b\u00f6l\u00fcm i\u00e7i workshop ve konferanslar\u0131n organize edilmesi, \u00f6\u011frencilere verilen burs ve te\u015fviklerin belirlenmesi gibi konular yer al\u0131r. Ayr\u0131ca, b\u00f6l\u00fcm\u00fcn stratejik planlamas\u0131 ve vizyonunun belirlenmesi de bu kurulun g\u00f6revleri aras\u0131nda bulunur.<\/p>\n<p>Bu kararlar, Gen M\u00fchendisli\u011fi alan\u0131nda e\u011fitim veren Atat\u00fcrk \u00dcniversitesi&#8217;nin misyonuna uygun olarak \u00f6\u011frencilere kaliteli bir e\u011fitim vermeyi, ara\u015ft\u0131rma faaliyetlerini desteklemeyi ve topluma faydal\u0131 olmay\u0131 hedefler. B\u00f6l\u00fcm\u00fcn gelece\u011fini \u015fekillendiren bu kararlar, ayn\u0131 zamanda sekt\u00f6rle i\u015fbirli\u011fini g\u00fc\u00e7lendirmeye de katk\u0131 sa\u011flar.<\/p>\t\t\t\t\t\t\t\t<\/div>\n\t\t\t\t<\/div>\n\t\t\t\t\t<\/div>\n\t\t<\/div>\n\t\t\t\t\t<\/div>\n\t\t<\/section>\n\t\t\t\t<\/div>\n\t\t","protected":false},"excerpt":{"rendered":"<p>**B\u00f6l\u00fcm Kurulu Kararlar\u0131** Genel Kurul toplant\u0131lar\u0131n\u0131n ard\u0131ndan al\u0131nan kararlar ve b\u00f6l\u00fcm\u00fcn gelece\u011fine y\u00f6n veren \u00f6nemli ad\u0131mlar bu sayfada payla\u015f\u0131lacakt\u0131r. B\u00f6l\u00fcm\u00fcm\u00fcz\u00fcn geli\u015fimi ve akademik ba\u015far\u0131lar\u0131 i\u00e7in al\u0131nan kararlar\u0131n t\u00fcm\u00fc \u015feffaf bir \u015fekilde burada duyurulacakt\u0131r. **Son Kararlar:** &#8211; \u00d6\u011frenci projelerine destek amac\u0131yla yeni bir b\u00fct\u00e7e ayr\u0131lmas\u0131 karar\u0131 al\u0131nd\u0131. &#8211; Ara\u015ft\u0131rma gruplar\u0131n\u0131n say\u0131s\u0131n\u0131n art\u0131r\u0131lmas\u0131 ve daha fazla \u00f6\u011frencinin [&hellip;]<\/p>\n","protected":false},"author":1,"featured_media":0,"parent":0,"menu_order":0,"comment_status":"closed","ping_status":"closed","template":"elementor_header_footer","meta":{"footnotes":""},"class_list":["post-6071","page","type-page","status-publish","hentry"],"_links":{"self":[{"href":"https:\/\/atauni.edu.tr\/gen-muhendisligi\/wp-json\/wp\/v2\/pages\/6071","targetHints":{"allow":["GET"]}}],"collection":[{"href":"https:\/\/atauni.edu.tr\/gen-muhendisligi\/wp-json\/wp\/v2\/pages"}],"about":[{"href":"https:\/\/atauni.edu.tr\/gen-muhendisligi\/wp-json\/wp\/v2\/types\/page"}],"author":[{"embeddable":true,"href":"https:\/\/atauni.edu.tr\/gen-muhendisligi\/wp-json\/wp\/v2\/users\/1"}],"replies":[{"embeddable":true,"href":"https:\/\/atauni.edu.tr\/gen-muhendisligi\/wp-json\/wp\/v2\/comments?post=6071"}],"version-history":[{"count":7,"href":"https:\/\/atauni.edu.tr\/gen-muhendisligi\/wp-json\/wp\/v2\/pages\/6071\/revisions"}],"predecessor-version":[{"id":6120,"href":"https:\/\/atauni.edu.tr\/gen-muhendisligi\/wp-json\/wp\/v2\/pages\/6071\/revisions\/6120"}],"wp:attachment":[{"href":"https:\/\/atauni.edu.tr\/gen-muhendisligi\/wp-json\/wp\/v2\/media?parent=6071"}],"curies":[{"name":"wp","href":"https:\/\/api.w.org\/{rel}","templated":true}]}}