{"id":6783,"date":"2025-08-10T13:51:13","date_gmt":"2025-08-10T10:51:13","guid":{"rendered":"https:\/\/birimler.atauni.edu.tr\/genel-sekreterlik\/?page_id=6783"},"modified":"2025-08-10T13:51:13","modified_gmt":"2025-08-10T10:51:13","slug":"haberler","status":"publish","type":"page","link":"https:\/\/atauni.edu.tr\/genel-sekreterlik\/haberler\/","title":{"rendered":"Haberler"},"content":{"rendered":"<form method=\"get\" class=\"row g-3\" style=\"margin-bottom: 20px;\"><div class=\"col-md-3\"><input type=\"text\" name=\"haber_ara\" class=\"form-control\" placeholder=\"Haber ara...\" value=\"\"><\/div><div class=\"col-md-3\"><input type=\"date\" name=\"baslangic_tarihi\" class=\"form-control\" value=\"\"><\/div><div class=\"col-md-3\"><input type=\"date\" name=\"bitis_tarihi\" class=\"form-control\" value=\"\"><\/div><div class=\"col-md-3\"><button type=\"submit\" class=\"btn btn-secondary w-50\">Filtrele<\/button><\/div><\/form><ul class=\"kategori-yazilari-liste\"><li style=\"display: flex; margin-bottom: 10px; align-items: center;\"><div class=\"post-thumbnail\" style=\"margin-right: 15px;\"><a href=\"https:\/\/atauni.edu.tr\/genel-sekreterlik\/2025\/01\/06\/idari-yoneticilere-tebrik-ziyareti\/\"><img decoding=\"async\" width=\"150\" height=\"150\" src=\"https:\/\/atauni.edu.tr\/genel-sekreterlik\/wp-content\/uploads\/sites\/404\/2025\/01\/IMG-20241211-WA0036-150x150.jpg\" class=\"attachment-thumbnail size-thumbnail wp-post-image\" alt=\"\" \/><\/a><\/div><div class=\"post-content\" style=\"flex-grow: 1;\"><span class=\"post-date habertarih\" style=\"display: block; font-weight: bold; margin-bottom: 5px;\">6 Ocak 2025<\/span><a class=\"haberbaslik\" href=\"https:\/\/atauni.edu.tr\/genel-sekreterlik\/2025\/01\/06\/idari-yoneticilere-tebrik-ziyareti\/\">\u0130dari Y\u00f6neticilere Tebrik Ziyareti<\/a><\/div><\/li><li style=\"display: flex; margin-bottom: 10px; align-items: center;\"><div class=\"post-thumbnail\" style=\"margin-right: 15px;\"><a href=\"https:\/\/atauni.edu.tr\/genel-sekreterlik\/2024\/12\/06\/rektorumuz-hacimuftuoglu-genel-sekreterimiz-doc-dr-ufuk-okkaya-tebrik-ziyareti-gerceklestirdi\/\"><img decoding=\"async\" width=\"150\" height=\"150\" src=\"https:\/\/atauni.edu.tr\/genel-sekreterlik\/wp-content\/uploads\/sites\/404\/2024\/12\/WhatsApp-Image-2024-12-04-at-16.56.14-4-150x150.jpeg\" class=\"attachment-thumbnail size-thumbnail wp-post-image\" alt=\"\" \/><\/a><\/div><div class=\"post-content\" style=\"flex-grow: 1;\"><span class=\"post-date habertarih\" style=\"display: block; font-weight: bold; margin-bottom: 5px;\">6 Aral\u0131k 2024<\/span><a class=\"haberbaslik\" href=\"https:\/\/atauni.edu.tr\/genel-sekreterlik\/2024\/12\/06\/rektorumuz-hacimuftuoglu-genel-sekreterimiz-doc-dr-ufuk-okkaya-tebrik-ziyareti-gerceklestirdi\/\">Rekt\u00f6r\u00fcm\u00fcz Prof.Dr. Ahmet Hac\u0131m\u00fcft\u00fco\u011flu&#8217;ndan, Genel Sekreterimiz Do\u00e7. Dr. Ufuk Okkay\u2019a Tebrik Ziyareti<\/a><\/div><\/li><\/ul>\n\n\n\n<p><\/p>\n","protected":false},"excerpt":{"rendered":"","protected":false},"author":1,"featured_media":0,"parent":0,"menu_order":0,"comment_status":"closed","ping_status":"closed","template":"","meta":{"footnotes":""},"class_list":["post-6783","page","type-page","status-publish","hentry"],"_links":{"self":[{"href":"https:\/\/atauni.edu.tr\/genel-sekreterlik\/wp-json\/wp\/v2\/pages\/6783","targetHints":{"allow":["GET"]}}],"collection":[{"href":"https:\/\/atauni.edu.tr\/genel-sekreterlik\/wp-json\/wp\/v2\/pages"}],"about":[{"href":"https:\/\/atauni.edu.tr\/genel-sekreterlik\/wp-json\/wp\/v2\/types\/page"}],"author":[{"embeddable":true,"href":"https:\/\/atauni.edu.tr\/genel-sekreterlik\/wp-json\/wp\/v2\/users\/1"}],"replies":[{"embeddable":true,"href":"https:\/\/atauni.edu.tr\/genel-sekreterlik\/wp-json\/wp\/v2\/comments?post=6783"}],"version-history":[{"count":1,"href":"https:\/\/atauni.edu.tr\/genel-sekreterlik\/wp-json\/wp\/v2\/pages\/6783\/revisions"}],"predecessor-version":[{"id":6784,"href":"https:\/\/atauni.edu.tr\/genel-sekreterlik\/wp-json\/wp\/v2\/pages\/6783\/revisions\/6784"}],"wp:attachment":[{"href":"https:\/\/atauni.edu.tr\/genel-sekreterlik\/wp-json\/wp\/v2\/media?parent=6783"}],"curies":[{"name":"wp","href":"https:\/\/api.w.org\/{rel}","templated":true}]}}