{"id":5638,"date":"2021-07-13T09:49:25","date_gmt":"2021-07-13T06:49:25","guid":{"rendered":"https:\/\/portaltest.atauni.edu.tr\/bilgisayar-muhendisligi\/?page_id=5638"},"modified":"2021-09-13T10:21:35","modified_gmt":"2021-09-13T07:21:35","slug":"tarihce","status":"publish","type":"page","link":"https:\/\/atauni.edu.tr\/genetik\/tarihce\/","title":{"rendered":"Tarih\u00e7e"},"content":{"rendered":"\t\t<div data-elementor-type=\"wp-page\" data-elementor-id=\"5638\" class=\"elementor elementor-5638\" data-elementor-post-type=\"page\">\n\t\t\t\t\t\t<section class=\"elementor-section elementor-top-section elementor-element elementor-element-730d320 elementor-section-boxed elementor-section-height-default elementor-section-height-default\" data-id=\"730d320\" data-element_type=\"section\">\n\t\t\t\t\t\t<div class=\"elementor-container elementor-column-gap-default\">\n\t\t\t\t\t<div class=\"elementor-column elementor-col-100 elementor-top-column elementor-element elementor-element-753d0860\" data-id=\"753d0860\" data-element_type=\"column\">\n\t\t\t<div class=\"elementor-widget-wrap\">\n\t\t\t\t\t\t\t<\/div>\n\t\t<\/div>\n\t\t\t\t\t<\/div>\n\t\t<\/section>\n\t\t\t\t<section class=\"elementor-section elementor-top-section elementor-element elementor-element-9be811a elementor-section-boxed elementor-section-height-default elementor-section-height-default\" data-id=\"9be811a\" data-element_type=\"section\">\n\t\t\t\t\t\t<div class=\"elementor-container elementor-column-gap-default\">\n\t\t\t\t\t<div class=\"elementor-column elementor-col-100 elementor-top-column elementor-element elementor-element-1ed847b7\" data-id=\"1ed847b7\" data-element_type=\"column\">\n\t\t\t<div class=\"elementor-widget-wrap elementor-element-populated\">\n\t\t\t\t\t\t<div class=\"elementor-element elementor-element-4ce0d07f elementor-widget elementor-widget-heading\" data-id=\"4ce0d07f\" data-element_type=\"widget\" data-widget_type=\"heading.default\">\n\t\t\t\t<div class=\"elementor-widget-container\">\n\t\t\t\t\t<h2 class=\"elementor-heading-title elementor-size-default\">Tarih\u00e7e<\/h2>\t\t\t\t<\/div>\n\t\t\t\t<\/div>\n\t\t\t\t<div class=\"elementor-element elementor-element-63260862 elementor-widget-divider--view-line elementor-widget elementor-widget-divider\" data-id=\"63260862\" data-element_type=\"widget\" data-widget_type=\"divider.default\">\n\t\t\t\t<div class=\"elementor-widget-container\">\n\t\t\t\t\t\t\t<div class=\"elementor-divider\">\n\t\t\t<span class=\"elementor-divider-separator\">\n\t\t\t\t\t\t<\/span>\n\t\t<\/div>\n\t\t\t\t\t\t<\/div>\n\t\t\t\t<\/div>\n\t\t\t\t\t<\/div>\n\t\t<\/div>\n\t\t\t\t\t<\/div>\n\t\t<\/section>\n\t\t\t\t<section class=\"elementor-section elementor-top-section elementor-element elementor-element-681db8b elementor-section-boxed elementor-section-height-default elementor-section-height-default\" data-id=\"681db8b\" data-element_type=\"section\">\n\t\t\t\t\t\t<div class=\"elementor-container elementor-column-gap-default\">\n\t\t\t\t\t<div class=\"elementor-column elementor-col-100 elementor-top-column elementor-element elementor-element-ad4dac5\" data-id=\"ad4dac5\" data-element_type=\"column\">\n\t\t\t<div class=\"elementor-widget-wrap elementor-element-populated\">\n\t\t\t\t\t\t<div class=\"elementor-element elementor-element-2f96b3d elementor-widget elementor-widget-text-editor\" data-id=\"2f96b3d\" data-element_type=\"widget\" data-widget_type=\"text-editor.default\">\n\t\t\t\t<div class=\"elementor-widget-container\">\n\t\t\t\t\t\t\t\t\t<p>Atat\u00fcrk \u00dcniversitesi Genetik b\u00f6l\u00fcm\u00fcn\u00fcn tarihi, \u00fclkenin bilim ve e\u011fitim alan\u0131ndaki geli\u015fim s\u00fcreci ile paralel olarak ilerledi\u011fini s\u00f6yleyebiliriz. Genetik biliminin d\u00fcnya genelindeki ilerlemelerine paralel olarak \u00fclkemizde de bu alanda \u00e7al\u0131\u015fmalara ba\u015flanmas\u0131n\u0131n ard\u0131ndan, bu konuda e\u011fitim veren kurumlar\u0131n kurulmas\u0131na ihtiya\u00e7 duyuldu.<\/p>\n<p>Genetik b\u00f6l\u00fcm\u00fcn\u00fcn kurulma amac\u0131n\u0131n, \u00f6\u011frencilere genetik bilimi ve teknolojinin temel prensiplerini \u00f6\u011fretmek, ara\u015ft\u0131rma ve uygulamalar yaparak bu alan\u0131n geli\u015fmesine katk\u0131da bulunmak oldu\u011fu d\u00fc\u015f\u00fcn\u00fclebilir. B\u00f6l\u00fcm\u00fcn kuruldu\u011fu tarih itibar\u0131yla, akademik kadrosunun zenginle\u015ftirilmesi ve altyap\u0131s\u0131n\u0131n g\u00fc\u00e7lendirilmesinin \u00f6nemsendi\u011fi anla\u015f\u0131labilir.<\/p>\n<p>B\u00f6l\u00fcm\u00fcn e\u011fitim-\u00f6\u011fretim faaliyetleri kapsam\u0131nda genetik derslerinin yan\u0131 s\u0131ra molek\u00fcler biyoloji, biyokimya, biyoistatistik gibi konularda da \u00f6\u011frencilere bilgi verildi\u011fi bilinmektedir. Ayr\u0131ca, mezunlar\u0131n\u0131n ara\u015ft\u0131rma-geli\u015ftirme, sa\u011fl\u0131k, tar\u0131m ve benzeri alanlarda \u00e7al\u0131\u015fabilmesini sa\u011flayacak \u015fekilde yetkinliklerin kazand\u0131r\u0131ld\u0131\u011f\u0131 anla\u015f\u0131labilir.<\/p>\n<p>Genetik b\u00f6l\u00fcm\u00fcn\u00fcn tarih\u00e7esi boyunca, hem e\u011fitim-\u00f6\u011fretim faaliyetlerine hem de bilimsel ara\u015ft\u0131rmalara odakland\u0131\u011f\u0131n\u0131 s\u00f6yleyebiliriz. B\u00f6l\u00fcm\u00fcn akademik ve idari personelinin, ulusal ve uluslararas\u0131 platformlarda yap\u0131lan \u00e7al\u0131\u015fmalara kat\u0131l\u0131mlar\u0131 ve yay\u0131nlar\u0131 ile bilim camias\u0131na katk\u0131da bulunduklar\u0131 d\u00fc\u015f\u00fcn\u00fclebilir.<\/p>\n<p>S\u00fcrekli olarak g\u00fcncellenen m\u00fcfredatlar ve modern laboratuvar olanaklar\u0131 ile \u00f6\u011frencilere pratik deneyim kazand\u0131r\u0131ld\u0131\u011f\u0131 anla\u015f\u0131labilir. Ayr\u0131ca, b\u00f6l\u00fcm\u00fcn toplumun genetikle ilgili ihtiya\u00e7 ve sorunlar\u0131na y\u00f6nelik \u00e7\u00f6z\u00fcmler \u00fcretmeye \u00e7al\u0131\u015ft\u0131\u011f\u0131 da s\u00f6ylenebilir.<\/p>\t\t\t\t\t\t\t\t<\/div>\n\t\t\t\t<\/div>\n\t\t\t\t\t<\/div>\n\t\t<\/div>\n\t\t\t\t\t<\/div>\n\t\t<\/section>\n\t\t\t\t<\/div>\n\t\t","protected":false},"excerpt":{"rendered":"<p>**Tarih\u00e7e** Genetik biliminin tarihi, insan\u0131n var oldu\u011fu g\u00fcnden bu yana devam eden bir s\u00fcre\u00e7tir. \u0130lk\u00e7a\u011flardan beri insanlar, do\u011fadaki \u00e7e\u015fitlilikleri g\u00f6zlemlemi\u015f ve bu \u00e7e\u015fitliliklerin nedenlerini ara\u015ft\u0131rm\u0131\u015flard\u0131r. Genetik bilimi, bu merak\u0131n resultat\u0131 olarak ortaya \u00e7\u0131km\u0131\u015ft\u0131r. \u0130lk genetik \u00e7al\u0131\u015fmalar\u0131, bitki ve hayvan yeti\u015ftiricili\u011fiyle ilgiliydi. \u0130nsanlar, belirli \u00f6zellikleri ta\u015f\u0131yan bitkileri ve hayvanlar\u0131 se\u00e7erek yeti\u015ftirme yoluyla yeni t\u00fcrler olu\u015fturmu\u015flard\u0131r. Bu [&hellip;]<\/p>\n","protected":false},"author":1,"featured_media":0,"parent":0,"menu_order":0,"comment_status":"closed","ping_status":"closed","template":"","meta":{"footnotes":""},"class_list":["post-5638","page","type-page","status-publish","hentry"],"_links":{"self":[{"href":"https:\/\/atauni.edu.tr\/genetik\/wp-json\/wp\/v2\/pages\/5638","targetHints":{"allow":["GET"]}}],"collection":[{"href":"https:\/\/atauni.edu.tr\/genetik\/wp-json\/wp\/v2\/pages"}],"about":[{"href":"https:\/\/atauni.edu.tr\/genetik\/wp-json\/wp\/v2\/types\/page"}],"author":[{"embeddable":true,"href":"https:\/\/atauni.edu.tr\/genetik\/wp-json\/wp\/v2\/users\/1"}],"replies":[{"embeddable":true,"href":"https:\/\/atauni.edu.tr\/genetik\/wp-json\/wp\/v2\/comments?post=5638"}],"version-history":[{"count":22,"href":"https:\/\/atauni.edu.tr\/genetik\/wp-json\/wp\/v2\/pages\/5638\/revisions"}],"predecessor-version":[{"id":6117,"href":"https:\/\/atauni.edu.tr\/genetik\/wp-json\/wp\/v2\/pages\/5638\/revisions\/6117"}],"wp:attachment":[{"href":"https:\/\/atauni.edu.tr\/genetik\/wp-json\/wp\/v2\/media?parent=5638"}],"curies":[{"name":"wp","href":"https:\/\/api.w.org\/{rel}","templated":true}]}}