{"id":5728,"date":"2021-07-13T11:33:38","date_gmt":"2021-07-13T08:33:38","guid":{"rendered":"https:\/\/portaltest.atauni.edu.tr\/bilgisayar-muhendisligi\/?page_id=5728"},"modified":"2021-08-27T15:49:46","modified_gmt":"2021-08-27T12:49:46","slug":"bolum-tanitimi","status":"publish","type":"page","link":"https:\/\/atauni.edu.tr\/genetik\/bolum-tanitimi\/","title":{"rendered":"B\u00f6l\u00fcm Tan\u0131t\u0131m\u0131"},"content":{"rendered":"\t\t<div data-elementor-type=\"wp-page\" data-elementor-id=\"5728\" class=\"elementor elementor-5728\" data-elementor-post-type=\"page\">\n\t\t\t\t\t\t<section class=\"elementor-section elementor-top-section elementor-element elementor-element-730d320 elementor-section-boxed elementor-section-height-default elementor-section-height-default\" data-id=\"730d320\" data-element_type=\"section\">\n\t\t\t\t\t\t<div class=\"elementor-container elementor-column-gap-default\">\n\t\t\t\t\t<div class=\"elementor-column elementor-col-100 elementor-top-column elementor-element elementor-element-753d0860\" data-id=\"753d0860\" data-element_type=\"column\">\n\t\t\t<div class=\"elementor-widget-wrap\">\n\t\t\t\t\t\t\t<\/div>\n\t\t<\/div>\n\t\t\t\t\t<\/div>\n\t\t<\/section>\n\t\t\t\t<section class=\"elementor-section elementor-top-section elementor-element elementor-element-9be811a elementor-section-boxed elementor-section-height-default elementor-section-height-default\" data-id=\"9be811a\" data-element_type=\"section\">\n\t\t\t\t\t\t<div class=\"elementor-container elementor-column-gap-default\">\n\t\t\t\t\t<div class=\"elementor-column elementor-col-100 elementor-top-column elementor-element elementor-element-1ed847b7\" data-id=\"1ed847b7\" data-element_type=\"column\">\n\t\t\t<div class=\"elementor-widget-wrap elementor-element-populated\">\n\t\t\t\t\t\t<div class=\"elementor-element elementor-element-4ce0d07f elementor-widget elementor-widget-heading\" data-id=\"4ce0d07f\" data-element_type=\"widget\" data-widget_type=\"heading.default\">\n\t\t\t\t<div class=\"elementor-widget-container\">\n\t\t\t\t\t<h2 class=\"elementor-heading-title elementor-size-default\">B\u00f6l\u00fcm Tan\u0131t\u0131m\u0131<\/h2>\t\t\t\t<\/div>\n\t\t\t\t<\/div>\n\t\t\t\t<div class=\"elementor-element elementor-element-63260862 elementor-widget-divider--view-line elementor-widget elementor-widget-divider\" data-id=\"63260862\" data-element_type=\"widget\" data-widget_type=\"divider.default\">\n\t\t\t\t<div class=\"elementor-widget-container\">\n\t\t\t\t\t\t\t<div class=\"elementor-divider\">\n\t\t\t<span class=\"elementor-divider-separator\">\n\t\t\t\t\t\t<\/span>\n\t\t<\/div>\n\t\t\t\t\t\t<\/div>\n\t\t\t\t<\/div>\n\t\t\t\t\t<\/div>\n\t\t<\/div>\n\t\t\t\t\t<\/div>\n\t\t<\/section>\n\t\t\t\t<section class=\"elementor-section elementor-top-section elementor-element elementor-element-681db8b elementor-section-boxed elementor-section-height-default elementor-section-height-default\" data-id=\"681db8b\" data-element_type=\"section\">\n\t\t\t\t\t\t<div class=\"elementor-container elementor-column-gap-default\">\n\t\t\t\t\t<div class=\"elementor-column elementor-col-100 elementor-top-column elementor-element elementor-element-ad4dac5\" data-id=\"ad4dac5\" data-element_type=\"column\">\n\t\t\t<div class=\"elementor-widget-wrap elementor-element-populated\">\n\t\t\t\t\t\t<div class=\"elementor-element elementor-element-2f96b3d elementor-widget elementor-widget-text-editor\" data-id=\"2f96b3d\" data-element_type=\"widget\" data-widget_type=\"text-editor.default\">\n\t\t\t\t<div class=\"elementor-widget-container\">\n\t\t\t\t\t\t\t\t\t<html>\n<p>Atat\u00fcrk \u00dcniversitesi Genetik b\u00f6l\u00fcm\u00fc, genetik bilimi ve teknolojisindeki geli\u015fmeleri takip ederek, \u00f6\u011frencilere bu alanda kapsaml\u0131 bir e\u011fitim vermeyi ama\u00e7layan bir b\u00f6l\u00fcmd\u00fcr. B\u00f6l\u00fcm\u00fcn amac\u0131, \u00f6\u011frencilerin genetik konular\u0131nda derinlemesine bilgi sahibi olmalar\u0131n\u0131 sa\u011flamak ve onlar\u0131n bu alandaki g\u00fcncel geli\u015fmeleri takip etmelerini te\u015fvik etmektir.<\/p>\n<p>Genetik b\u00f6l\u00fcm\u00fcnde verilen dersler, teorik ve uygulamal\u0131 olarak \u00e7e\u015fitlendirilmi\u015ftir. Teorik derslerde, genetik ilkeleri, molek\u00fcler biyoloji, genomik, epigenetik gibi konular i\u015flenirken; uygulamal\u0131 derslerde ise laboratuvar \u00e7al\u0131\u015fmalar\u0131, deney tasar\u0131m\u0131 ve veri analizi gibi beceriler kazand\u0131r\u0131l\u0131r.<\/p>\n<p>B\u00f6l\u00fcm, \u00f6\u011frencilerin kendi ilgi alanlar\u0131na g\u00f6re uzmanla\u015fmalar\u0131na olanak tan\u0131r. \u00d6\u011frencilere, bitki geneti\u011fi, hayvan geneti\u011fi, insan geneti\u011fi, mikrobiyal genetik ve biyoteknoloji gibi \u00e7e\u015fitli alt dallarda derinlemesine bilgi kazand\u0131r\u0131lmaya \u00e7al\u0131\u015f\u0131l\u0131r.<\/p>\n<p>Atat\u00fcrk \u00dcniversitesi Genetik b\u00f6l\u00fcm\u00fcn\u00fcn bir di\u011fer amac\u0131 da, \u00f6\u011frencilerin ara\u015ft\u0131rma ve uygulama becerilerini geli\u015ftirmektir. Bu nedenle, \u00f6\u011frencilere tez haz\u0131rlama ve proje y\u00fcr\u00fctme f\u0131rsatlar\u0131 sunularak, onlar\u0131n ba\u011f\u0131ms\u0131z olarak \u00e7al\u0131\u015fma ve ara\u015ft\u0131rmaya y\u00f6nlendirilmeleri sa\u011flan\u0131r.<\/p>\n<p>Mezun olanlar, genetik laboratuvarlar\u0131nda, ara\u015ft\u0131rma enstit\u00fclerinde, biyoteknoloji \u015firketlerinde ve sa\u011fl\u0131k kurumlar\u0131nda \u00e7al\u0131\u015fabilirler. Ayr\u0131ca, akademik kariyer yapmak isteyen mezunlar, y\u00fcksek lisans ve doktora programlar\u0131na ba\u015fvurabilirler.<\/p>\n<\/html>\t\t\t\t\t\t\t\t<\/div>\n\t\t\t\t<\/div>\n\t\t\t\t\t<\/div>\n\t\t<\/div>\n\t\t\t\t\t<\/div>\n\t\t<\/section>\n\t\t\t\t<\/div>\n\t\t","protected":false},"excerpt":{"rendered":"<p>**B\u00f6l\u00fcm Tan\u0131t\u0131m\u0131** Genetik b\u00f6l\u00fcm\u00fc, canl\u0131lar\u0131n kal\u0131tsal \u00f6zelliklerini inceleyen ve bu \u00f6zelliklerin nas\u0131l aktar\u0131ld\u0131\u011f\u0131n\u0131 ara\u015ft\u0131ran bir bilim dal\u0131d\u0131r. Bu b\u00f6l\u00fcmde, \u00f6\u011frenciler DNA&#8217;n\u0131n yap\u0131s\u0131, genetik kod, kal\u0131t\u0131m laws\u0131 gibi temel konular hakk\u0131nda derinlemesine bilgi sahibi olurlar. Genetik b\u00f6l\u00fcm\u00fcn\u00fcn amac\u0131, \u00f6\u011frencilere genetik ilkeleri ve kavramlar\u0131 \u00f6\u011fretmek, genetik ara\u015ft\u0131rma y\u00f6ntemlerini tan\u0131tmak ve bu alanda uzmanla\u015fm\u0131\u015f bireyler yeti\u015ftirmektir. B\u00f6l\u00fcm\u00fcn mezunlar\u0131, [&hellip;]<\/p>\n","protected":false},"author":1,"featured_media":0,"parent":0,"menu_order":0,"comment_status":"closed","ping_status":"closed","template":"elementor_header_footer","meta":{"footnotes":""},"class_list":["post-5728","page","type-page","status-publish","hentry"],"_links":{"self":[{"href":"https:\/\/atauni.edu.tr\/genetik\/wp-json\/wp\/v2\/pages\/5728","targetHints":{"allow":["GET"]}}],"collection":[{"href":"https:\/\/atauni.edu.tr\/genetik\/wp-json\/wp\/v2\/pages"}],"about":[{"href":"https:\/\/atauni.edu.tr\/genetik\/wp-json\/wp\/v2\/types\/page"}],"author":[{"embeddable":true,"href":"https:\/\/atauni.edu.tr\/genetik\/wp-json\/wp\/v2\/users\/1"}],"replies":[{"embeddable":true,"href":"https:\/\/atauni.edu.tr\/genetik\/wp-json\/wp\/v2\/comments?post=5728"}],"version-history":[{"count":8,"href":"https:\/\/atauni.edu.tr\/genetik\/wp-json\/wp\/v2\/pages\/5728\/revisions"}],"predecessor-version":[{"id":6100,"href":"https:\/\/atauni.edu.tr\/genetik\/wp-json\/wp\/v2\/pages\/5728\/revisions\/6100"}],"wp:attachment":[{"href":"https:\/\/atauni.edu.tr\/genetik\/wp-json\/wp\/v2\/media?parent=5728"}],"curies":[{"name":"wp","href":"https:\/\/api.w.org\/{rel}","templated":true}]}}