{"id":5734,"date":"2021-07-13T11:37:45","date_gmt":"2021-07-13T08:37:45","guid":{"rendered":"https:\/\/portaltest.atauni.edu.tr\/bilgisayar-muhendisligi\/?page_id=5734"},"modified":"2021-08-27T15:50:14","modified_gmt":"2021-08-27T12:50:14","slug":"ogrenci-deneyimi","status":"publish","type":"page","link":"https:\/\/atauni.edu.tr\/genetik\/ogrenci-deneyimi\/","title":{"rendered":"\u00d6\u011frenci Deneyimi"},"content":{"rendered":"\t\t<div data-elementor-type=\"wp-page\" data-elementor-id=\"5734\" class=\"elementor elementor-5734\" data-elementor-post-type=\"page\">\n\t\t\t\t\t\t<section class=\"elementor-section elementor-top-section elementor-element elementor-element-730d320 elementor-section-boxed elementor-section-height-default elementor-section-height-default\" data-id=\"730d320\" data-element_type=\"section\">\n\t\t\t\t\t\t<div class=\"elementor-container elementor-column-gap-default\">\n\t\t\t\t\t<div class=\"elementor-column elementor-col-100 elementor-top-column elementor-element elementor-element-753d0860\" data-id=\"753d0860\" data-element_type=\"column\">\n\t\t\t<div class=\"elementor-widget-wrap\">\n\t\t\t\t\t\t\t<\/div>\n\t\t<\/div>\n\t\t\t\t\t<\/div>\n\t\t<\/section>\n\t\t\t\t<section class=\"elementor-section elementor-top-section elementor-element elementor-element-9be811a elementor-section-boxed elementor-section-height-default elementor-section-height-default\" data-id=\"9be811a\" data-element_type=\"section\">\n\t\t\t\t\t\t<div class=\"elementor-container elementor-column-gap-default\">\n\t\t\t\t\t<div class=\"elementor-column elementor-col-100 elementor-top-column elementor-element elementor-element-1ed847b7\" data-id=\"1ed847b7\" data-element_type=\"column\">\n\t\t\t<div class=\"elementor-widget-wrap elementor-element-populated\">\n\t\t\t\t\t\t<div class=\"elementor-element elementor-element-4ce0d07f elementor-widget elementor-widget-heading\" data-id=\"4ce0d07f\" data-element_type=\"widget\" data-widget_type=\"heading.default\">\n\t\t\t\t<div class=\"elementor-widget-container\">\n\t\t\t\t\t<h2 class=\"elementor-heading-title elementor-size-default\">\u00d6\u011frenci Deneyimi<\/h2>\t\t\t\t<\/div>\n\t\t\t\t<\/div>\n\t\t\t\t<div class=\"elementor-element elementor-element-63260862 elementor-widget-divider--view-line elementor-widget elementor-widget-divider\" data-id=\"63260862\" data-element_type=\"widget\" data-widget_type=\"divider.default\">\n\t\t\t\t<div class=\"elementor-widget-container\">\n\t\t\t\t\t\t\t<div class=\"elementor-divider\">\n\t\t\t<span class=\"elementor-divider-separator\">\n\t\t\t\t\t\t<\/span>\n\t\t<\/div>\n\t\t\t\t\t\t<\/div>\n\t\t\t\t<\/div>\n\t\t\t\t\t<\/div>\n\t\t<\/div>\n\t\t\t\t\t<\/div>\n\t\t<\/section>\n\t\t\t\t<section class=\"elementor-section elementor-top-section elementor-element elementor-element-4debb41 elementor-section-boxed elementor-section-height-default elementor-section-height-default\" data-id=\"4debb41\" data-element_type=\"section\">\n\t\t\t\t\t\t<div class=\"elementor-container elementor-column-gap-default\">\n\t\t\t\t\t<div class=\"elementor-column elementor-col-100 elementor-top-column elementor-element elementor-element-28420b1\" data-id=\"28420b1\" data-element_type=\"column\">\n\t\t\t<div class=\"elementor-widget-wrap elementor-element-populated\">\n\t\t\t\t\t\t<div class=\"elementor-element elementor-element-e007b90 elementor-widget elementor-widget-ova_testimonial\" data-id=\"e007b90\" data-element_type=\"widget\" data-settings=\"{&quot;pause_on_hover&quot;:&quot;yes&quot;,&quot;infinite&quot;:&quot;yes&quot;,&quot;autoplay&quot;:&quot;yes&quot;,&quot;autoplay_speed&quot;:3000,&quot;dot_control&quot;:&quot;yes&quot;}\" data-widget_type=\"ova_testimonial.default\">\n\t\t\t\t<div class=\"elementor-widget-container\">\n\t\t\t\t\t\n\t\t\n\t\t\t<section class=\"ova-testimonial \">\n\t\t\t\t<div class=\"slide-testimonials owl-carousel owl-theme\" data-options=\"{&quot;items&quot;:3,&quot;slideBy&quot;:1,&quot;margin&quot;:30,&quot;autoplayHoverPause&quot;:true,&quot;loop&quot;:true,&quot;autoplay&quot;:true,&quot;autoplayTimeout&quot;:3000,&quot;smartSpeed&quot;:500,&quot;dots&quot;:true}\">\n\t\t\t\t\t\t\t\t\t\t\t<div class=\"item\">\n\t\t\t\t\t\t\t<div class=\"client_info\">\n\t\t\t\t\t\t\t\t\t\t\t\t\t\t\t\t\t<p class=\"evaluate\">Atat\u00fcrk \u00dcniversitesi Genetik b\u00f6l\u00fcm\u00fcnde \u00f6\u011frenci deneyimi olduk\u00e7a zengin ve \u00e7e\u015fitlidir. \u00d6\u011frenciler teorik bilgilerin yan\u0131 s\u0131ra pratik uygulamalarla da desteklenmektedir. Laboratuvar \u00e7al\u0131\u015fmalar\u0131, proje haz\u0131rlama ve sunma gibi etkinlikler \u00f6\u011frencilerin kendilerini geli\u015ftirmelerine olanak tan\u0131r.\n\n\u00d6\u011frencilere, akademik dan\u0131\u015fmanlar taraf\u0131ndan rehberlik edilmektedir. Bu sayede \u00f6\u011frenciler, kariyer hedeflerine ula\u015fabilmek ad\u0131na gerekli deste\u011fi al\u0131rlar. B\u00f6l\u00fcm\u00fcn d\u00fczenledi\u011fi seminerler ve konferanslar ise \u00f6\u011frencilerin g\u00fcncel konular hakk\u0131nda bilgi edinmelerini sa\u011flar.\n\nAyr\u0131ca, \u00f6\u011frencilerin birbirleriyle olan etkile\u015fimleri de olduk\u00e7a \u00f6nemlidir. \u00d6\u011frenci kul\u00fcpleri ve sosyal etkinlikler, \u00f6\u011frencilerin hem akademik hem de sosyal geli\u015fimlerine katk\u0131da bulunur. B\u00f6ylelikle Atat\u00fcrk \u00dcniversitesi Genetik b\u00f6l\u00fcm\u00fcnde \u00f6\u011frenciler sadece akademik bilgiler edinmekle kalmaz, ayn\u0131 zamanda toplumsal sorumluluk bilinciyle donat\u0131lm\u0131\u015f bireyler olarak yeti\u015firler.\n\nAtat\u00fcrk \u00dcniversitesi Genetik b\u00f6l\u00fcm\u00fc, \u00f6\u011frencilerin gelece\u011fe haz\u0131rlanmalar\u0131 i\u00e7in gerekli ortam ve olanaklar\u0131 sunmaktad\u0131r. \u00d6\u011frencilere verilen e\u011fitim ve destek, onlar\u0131n kendi alanlar\u0131nda uzmanla\u015farak toplumun geli\u015fimine katk\u0131da bulunmalar\u0131n\u0131 ama\u00e7lar. B\u00f6ylelikle Atat\u00fcrk \u00dcniversitesi Genetik b\u00f6l\u00fcm\u00fcnden mezun olanlar, bilgi ve becerileriyle \u00f6n plana \u00e7\u0131karak ba\u015far\u0131l\u0131 birer profesyonel olarak kariyerlerine ba\u015flarlar.<\/p>\n\t\t\t\t\t\t\t\t\n\t\t\t\t\t\t\t\t<div class=\"info\">\n\t\t\t\t\t\t\t\t\t\t\t\t\t\t\t\t\t\t<div class=\"name-job\">\n\t\t\t\t\t\t\t\t\t\t\t\t\t\t\t\t\t\t\t\t\t<p class=\"name second_font\">Atat\u00fcrk \u00dcniversitesi Genetik b\u00f6l\u00fcm\u00fcnde \u00f6\u011frenci deneyimi olduk\u00e7a zengin ve \u00e7e\u015fitlidir. \u00d6\u011frenciler teorik bilgilerin yan\u0131 s\u0131ra pratik uygulamalarla da desteklenmektedir. Laboratuvar \u00e7al\u0131\u015fmalar\u0131, proje haz\u0131rlama ve sunma gibi etkinlikler \u00f6\u011frencilerin kendilerini geli\u015ftirmelerine olanak tan\u0131r.\n\n\u00d6\u011frencilere, akademik dan\u0131\u015fmanlar taraf\u0131ndan rehberlik edilmektedir. Bu sayede \u00f6\u011frenciler, kariyer hedeflerine ula\u015fabilmek ad\u0131na gerekli deste\u011fi al\u0131rlar. B\u00f6l\u00fcm\u00fcn d\u00fczenledi\u011fi seminerler ve konferanslar ise \u00f6\u011frencilerin g\u00fcncel konular hakk\u0131nda bilgi edinmelerini sa\u011flar.\n\nAyr\u0131ca, \u00f6\u011frencilerin birbirleriyle olan etkile\u015fimleri de olduk\u00e7a \u00f6nemlidir. \u00d6\u011frenci kul\u00fcpleri ve sosyal etkinlikler, \u00f6\u011frencilerin hem akademik hem de sosyal geli\u015fimlerine katk\u0131da bulunur. B\u00f6ylelikle Atat\u00fcrk \u00dcniversitesi Genetik b\u00f6l\u00fcm\u00fcnde \u00f6\u011frenciler sadece akademik bilgiler edinmekle kalmaz, ayn\u0131 zamanda toplumsal sorumluluk bilinciyle donat\u0131lm\u0131\u015f bireyler olarak yeti\u015firler.\n\nAtat\u00fcrk \u00dcniversitesi Genetik b\u00f6l\u00fcm\u00fc, \u00f6\u011frencilerin gelece\u011fe haz\u0131rlanmalar\u0131 i\u00e7in gerekli ortam ve olanaklar\u0131 sunmaktad\u0131r. \u00d6\u011frencilere verilen e\u011fitim ve destek, onlar\u0131n kendi alanlar\u0131nda uzmanla\u015farak toplumun geli\u015fimine katk\u0131da bulunmalar\u0131n\u0131 ama\u00e7lar. B\u00f6ylelikle Atat\u00fcrk \u00dcniversitesi Genetik b\u00f6l\u00fcm\u00fcnden mezun olanlar, bilgi ve becerileriyle \u00f6n plana \u00e7\u0131karak ba\u015far\u0131l\u0131 birer profesyonel olarak kariyerlerine ba\u015flarlar.<\/p>\n\t\t\t\t\t\t\t\t\t\t\t\t\t\t\t\t\t\t\t\t\t\t\t\t\t\t\t\t\t\t\t<p class=\"job\">Atat\u00fcrk \u00dcniversitesi Genetik b\u00f6l\u00fcm\u00fcnde \u00f6\u011frenci deneyimi olduk\u00e7a zengin ve \u00e7e\u015fitlidir. \u00d6\u011frenciler teorik bilgilerin yan\u0131 s\u0131ra pratik uygulamalarla da desteklenmektedir. Laboratuvar \u00e7al\u0131\u015fmalar\u0131, proje haz\u0131rlama ve sunma gibi etkinlikler \u00f6\u011frencilerin kendilerini geli\u015ftirmelerine olanak tan\u0131r.\n\n\u00d6\u011frencilere, akademik dan\u0131\u015fmanlar taraf\u0131ndan rehberlik edilmektedir. Bu sayede \u00f6\u011frenciler, kariyer hedeflerine ula\u015fabilmek ad\u0131na gerekli deste\u011fi al\u0131rlar. B\u00f6l\u00fcm\u00fcn d\u00fczenledi\u011fi seminerler ve konferanslar ise \u00f6\u011frencilerin g\u00fcncel konular hakk\u0131nda bilgi edinmelerini sa\u011flar.\n\nAyr\u0131ca, \u00f6\u011frencilerin birbirleriyle olan etkile\u015fimleri de olduk\u00e7a \u00f6nemlidir. \u00d6\u011frenci kul\u00fcpleri ve sosyal etkinlikler, \u00f6\u011frencilerin hem akademik hem de sosyal geli\u015fimlerine katk\u0131da bulunur. B\u00f6ylelikle Atat\u00fcrk \u00dcniversitesi Genetik b\u00f6l\u00fcm\u00fcnde \u00f6\u011frenciler sadece akademik bilgiler edinmekle kalmaz, ayn\u0131 zamanda toplumsal sorumluluk bilinciyle donat\u0131lm\u0131\u015f bireyler olarak yeti\u015firler.\n\nAtat\u00fcrk \u00dcniversitesi Genetik b\u00f6l\u00fcm\u00fc, \u00f6\u011frencilerin gelece\u011fe haz\u0131rlanmalar\u0131 i\u00e7in gerekli ortam ve olanaklar\u0131 sunmaktad\u0131r. \u00d6\u011frencilere verilen e\u011fitim ve destek, onlar\u0131n kendi alanlar\u0131nda uzmanla\u015farak toplumun geli\u015fimine katk\u0131da bulunmalar\u0131n\u0131 ama\u00e7lar. B\u00f6ylelikle Atat\u00fcrk \u00dcniversitesi Genetik b\u00f6l\u00fcm\u00fcnden mezun olanlar, bilgi ve becerileriyle \u00f6n plana \u00e7\u0131karak ba\u015far\u0131l\u0131 birer profesyonel olarak kariyerlerine ba\u015flarlar.<\/p>\n\t\t\t\t\t\t\t\t\t\t\t\t\t\t\t\t\t\t\t<\/div>\n\t\t\t\t\t\t\t\t<\/div>\n\t\t\t\t\t\t\t\t\n\t\t\t\t\t\t\t\t\t\t\t\t\t\t\t\t\t<div class=\"icon-quote\">\n\t\t\t\t\t\t\t\t\t\t<span class=\"flaticon-left-quote-1\"><\/span>\n\t\t\t\t\t\t\t\t\t<\/div>\n\t\t\t\t\t\t\t\t\t\t\t\t\t\t\t<\/div>\n\t\t\t\t\t\t<\/div>\n\t\t\t\t\t\t\t\t\t<\/div>\n\t\t\t<\/section>\n\n\t\t\t\t\n\t\t\t\t\t\t<\/div>\n\t\t\t\t<\/div>\n\t\t\t\t\t<\/div>\n\t\t<\/div>\n\t\t\t\t\t<\/div>\n\t\t<\/section>\n\t\t\t\t<\/div>\n\t\t","protected":false},"excerpt":{"rendered":"<p>**\u00d6\u011frenci Deneyimi** Genetik b\u00f6l\u00fcm\u00fcm\u00fczde \u00f6\u011frencilerimiz, yaln\u0131zca teorik bilgilerin \u00f6tesinde, laboratuvar ortam\u0131nda uygulamal\u0131 e\u011fitim imk\u00e2n\u0131 bulurlar. \u00d6\u011fretim s\u00fcre\u00e7lerimizde \u00f6\u011frencilerin aktif kat\u0131l\u0131m\u0131n\u0131 te\u015fvik eden bir yakla\u015f\u0131m benimsedik. Bu sayede, \u00f6\u011frencilerimiz geneti\u011fin temel prensiplerini ve g\u00fcncel y\u00f6ntemlerini derinlemesine \u00f6\u011frenirler. **E\u011fitim S\u00fcreci** E\u011fitim s\u00fcrecimizde, \u00f6\u011frencilere geni\u015f bir yelpazede konular sunulur. Bunlar aras\u0131nda kal\u0131t\u0131m ilkeleri, molek\u00fcler biyoloji teknikleri, genomik, epigenetik [&hellip;]<\/p>\n","protected":false},"author":1,"featured_media":0,"parent":0,"menu_order":0,"comment_status":"closed","ping_status":"closed","template":"elementor_header_footer","meta":{"footnotes":""},"class_list":["post-5734","page","type-page","status-publish","hentry"],"_links":{"self":[{"href":"https:\/\/atauni.edu.tr\/genetik\/wp-json\/wp\/v2\/pages\/5734","targetHints":{"allow":["GET"]}}],"collection":[{"href":"https:\/\/atauni.edu.tr\/genetik\/wp-json\/wp\/v2\/pages"}],"about":[{"href":"https:\/\/atauni.edu.tr\/genetik\/wp-json\/wp\/v2\/types\/page"}],"author":[{"embeddable":true,"href":"https:\/\/atauni.edu.tr\/genetik\/wp-json\/wp\/v2\/users\/1"}],"replies":[{"embeddable":true,"href":"https:\/\/atauni.edu.tr\/genetik\/wp-json\/wp\/v2\/comments?post=5734"}],"version-history":[{"count":20,"href":"https:\/\/atauni.edu.tr\/genetik\/wp-json\/wp\/v2\/pages\/5734\/revisions"}],"predecessor-version":[{"id":6103,"href":"https:\/\/atauni.edu.tr\/genetik\/wp-json\/wp\/v2\/pages\/5734\/revisions\/6103"}],"wp:attachment":[{"href":"https:\/\/atauni.edu.tr\/genetik\/wp-json\/wp\/v2\/media?parent=5734"}],"curies":[{"name":"wp","href":"https:\/\/api.w.org\/{rel}","templated":true}]}}