{"id":5765,"date":"2021-07-13T12:56:51","date_gmt":"2021-07-13T09:56:51","guid":{"rendered":"https:\/\/portaltest.atauni.edu.tr\/bilgisayar-muhendisligi\/?page_id=5765"},"modified":"2021-08-27T15:48:18","modified_gmt":"2021-08-27T12:48:18","slug":"anabilim-dallari","status":"publish","type":"page","link":"https:\/\/atauni.edu.tr\/genetik\/anabilim-dallari\/","title":{"rendered":"Anabilim Dallar\u0131"},"content":{"rendered":"\t\t<div data-elementor-type=\"wp-page\" data-elementor-id=\"5765\" class=\"elementor elementor-5765\" data-elementor-post-type=\"page\">\n\t\t\t\t\t\t<section class=\"elementor-section elementor-top-section elementor-element elementor-element-730d320 elementor-section-boxed elementor-section-height-default elementor-section-height-default\" data-id=\"730d320\" data-element_type=\"section\">\n\t\t\t\t\t\t<div class=\"elementor-container elementor-column-gap-default\">\n\t\t\t\t\t<div class=\"elementor-column elementor-col-100 elementor-top-column elementor-element elementor-element-753d0860\" data-id=\"753d0860\" data-element_type=\"column\">\n\t\t\t<div class=\"elementor-widget-wrap\">\n\t\t\t\t\t\t\t<\/div>\n\t\t<\/div>\n\t\t\t\t\t<\/div>\n\t\t<\/section>\n\t\t\t\t<section class=\"elementor-section elementor-top-section elementor-element elementor-element-9be811a elementor-section-boxed elementor-section-height-default elementor-section-height-default\" data-id=\"9be811a\" data-element_type=\"section\">\n\t\t\t\t\t\t<div class=\"elementor-container elementor-column-gap-default\">\n\t\t\t\t\t<div class=\"elementor-column elementor-col-100 elementor-top-column elementor-element elementor-element-1ed847b7\" data-id=\"1ed847b7\" data-element_type=\"column\">\n\t\t\t<div class=\"elementor-widget-wrap elementor-element-populated\">\n\t\t\t\t\t\t<div class=\"elementor-element elementor-element-4ce0d07f elementor-widget elementor-widget-heading\" data-id=\"4ce0d07f\" data-element_type=\"widget\" data-widget_type=\"heading.default\">\n\t\t\t\t<div class=\"elementor-widget-container\">\n\t\t\t\t\t<h2 class=\"elementor-heading-title elementor-size-default\">Anabilim Dallar\u0131<\/h2>\t\t\t\t<\/div>\n\t\t\t\t<\/div>\n\t\t\t\t<div class=\"elementor-element elementor-element-63260862 elementor-widget-divider--view-line elementor-widget elementor-widget-divider\" data-id=\"63260862\" data-element_type=\"widget\" data-widget_type=\"divider.default\">\n\t\t\t\t<div class=\"elementor-widget-container\">\n\t\t\t\t\t\t\t<div class=\"elementor-divider\">\n\t\t\t<span class=\"elementor-divider-separator\">\n\t\t\t\t\t\t<\/span>\n\t\t<\/div>\n\t\t\t\t\t\t<\/div>\n\t\t\t\t<\/div>\n\t\t\t\t\t<\/div>\n\t\t<\/div>\n\t\t\t\t\t<\/div>\n\t\t<\/section>\n\t\t\t\t<section class=\"elementor-section elementor-top-section elementor-element elementor-element-681db8b elementor-section-boxed elementor-section-height-default elementor-section-height-default\" data-id=\"681db8b\" data-element_type=\"section\">\n\t\t\t\t\t\t<div class=\"elementor-container elementor-column-gap-default\">\n\t\t\t\t\t<div class=\"elementor-column elementor-col-100 elementor-top-column elementor-element elementor-element-ad4dac5\" data-id=\"ad4dac5\" data-element_type=\"column\">\n\t\t\t<div class=\"elementor-widget-wrap elementor-element-populated\">\n\t\t\t\t\t\t<div class=\"elementor-element elementor-element-2f96b3d elementor-widget elementor-widget-text-editor\" data-id=\"2f96b3d\" data-element_type=\"widget\" data-widget_type=\"text-editor.default\">\n\t\t\t\t<div class=\"elementor-widget-container\">\n\t\t\t\t\t\t\t\t\t<h2>Anabilim Dallar\u0131<\/h2>\n<p>Genetik anabilim dallar\u0131, genetik biliminin \u00e7e\u015fitli alt alanlar\u0131na odaklanan uzmanl\u0131k b\u00f6l\u00fcmleridir. Bu anabilim dallar\u0131, genetikteki ilerlemeleri desteklemek ve yeni ke\u015fiflere imk\u00e2n tan\u0131mak i\u00e7in thi\u1ebft k\u1ebf edilmi\u015ftir.<\/p>\n<ul>\n  <li>Molek\u00fcler Genetik: Canl\u0131lar\u0131n genetik materyallerini inceleyen, genlerin yap\u0131lar\u0131 ve i\u015flevleri hakk\u0131nda bilgi veren bir aland\u0131r.<\/li>\n  <li>Pop\u00fclasyon Geneti\u011fi: Pop\u00fclasyonlarda genetik varyasyonun da\u011f\u0131l\u0131m\u0131n\u0131 ve evrimi inceleyen bir disiplinidir.<\/li>\n  <li>Klinik Genetik: Hastal\u0131klar\u0131n genetik temellerini ara\u015ft\u0131ran, genetik dan\u0131\u015fmanl\u0131k ve testlerin yap\u0131lmas\u0131n\u0131 kapsayan bir aland\u0131r.<\/li>\n  <li>Bitki Geneti\u011fi: Bitkilerin genetik \u00f6zelliklerini inceleyen, bitki yeti\u015ftirme ve \u0131slah \u00e7al\u0131\u015fmalar\u0131n\u0131 destekleyen bir disiplinidir.<\/li>\n  <li>Hayvan Geneti\u011fi: Hayvanlar\u0131n genetik \u00f6zelliklerini ara\u015ft\u0131ran, hayvan yeti\u015ftirme ve \u0131slah\u0131n\u0131n genetik temelini olu\u015fturan bir al\t\t\t\t\t\t\t\t<\/div>\n\t\t\t\t<\/div>\n\t\t\t\t\t<\/div>\n\t\t<\/div>\n\t\t\t\t\t<\/div>\n\t\t<\/section>\n\t\t\t\t<\/div>\n\t\t","protected":false},"excerpt":{"rendered":"<p>Genetik Anabilim Dallar\u0131 Genetik b\u00f6l\u00fcm\u00fc, canl\u0131lar\u0131n genetik \u00f6zelliklerini inceleyen bir bilim dal\u0131d\u0131r. Genetik anabilim dallar\u0131, bu bilim dal\u0131n\u0131n verschillere y\u00f6nlerine odaklanan farkl\u0131 alanlard\u0131r. \u0130\u015fte genetik anabilim dallar\u0131ndan baz\u0131lar\u0131: 1. Molek\u00fcler Genetik: Canl\u0131lar\u0131n genetik materyallerini molek\u00fcler d\u00fczeyde inceleyen bu anabilim dal\u0131, DNA, RNA ve proteinlerin yap\u0131s\u0131 ve fonksiyonlar\u0131n\u0131 ara\u015ft\u0131r\u0131r. 2. Pop\u00fclasyon Geneti\u011fi: Bir pop\u00fclasyondaki genetik varyasyonlar\u0131 [&hellip;]<\/p>\n","protected":false},"author":1,"featured_media":0,"parent":0,"menu_order":0,"comment_status":"closed","ping_status":"closed","template":"elementor_header_footer","meta":{"footnotes":""},"class_list":["post-5765","page","type-page","status-publish","hentry"],"_links":{"self":[{"href":"https:\/\/atauni.edu.tr\/genetik\/wp-json\/wp\/v2\/pages\/5765","targetHints":{"allow":["GET"]}}],"collection":[{"href":"https:\/\/atauni.edu.tr\/genetik\/wp-json\/wp\/v2\/pages"}],"about":[{"href":"https:\/\/atauni.edu.tr\/genetik\/wp-json\/wp\/v2\/types\/page"}],"author":[{"embeddable":true,"href":"https:\/\/atauni.edu.tr\/genetik\/wp-json\/wp\/v2\/users\/1"}],"replies":[{"embeddable":true,"href":"https:\/\/atauni.edu.tr\/genetik\/wp-json\/wp\/v2\/comments?post=5765"}],"version-history":[{"count":8,"href":"https:\/\/atauni.edu.tr\/genetik\/wp-json\/wp\/v2\/pages\/5765\/revisions"}],"predecessor-version":[{"id":6082,"href":"https:\/\/atauni.edu.tr\/genetik\/wp-json\/wp\/v2\/pages\/5765\/revisions\/6082"}],"wp:attachment":[{"href":"https:\/\/atauni.edu.tr\/genetik\/wp-json\/wp\/v2\/media?parent=5765"}],"curies":[{"name":"wp","href":"https:\/\/api.w.org\/{rel}","templated":true}]}}