{"id":5800,"date":"2021-07-13T13:12:45","date_gmt":"2021-07-13T10:12:45","guid":{"rendered":"https:\/\/portaltest.atauni.edu.tr\/bilgisayar-muhendisligi\/?page_id=5800"},"modified":"2021-08-27T15:49:23","modified_gmt":"2021-08-27T12:49:23","slug":"bitirme-projeleri","status":"publish","type":"page","link":"https:\/\/atauni.edu.tr\/genetik\/bitirme-projeleri\/","title":{"rendered":"Bitirme Projeleri"},"content":{"rendered":"\t\t<div data-elementor-type=\"wp-page\" data-elementor-id=\"5800\" class=\"elementor elementor-5800\" data-elementor-post-type=\"page\">\n\t\t\t\t\t\t<section class=\"elementor-section elementor-top-section elementor-element elementor-element-730d320 elementor-section-boxed elementor-section-height-default elementor-section-height-default\" data-id=\"730d320\" data-element_type=\"section\">\n\t\t\t\t\t\t<div class=\"elementor-container elementor-column-gap-default\">\n\t\t\t\t\t<div class=\"elementor-column elementor-col-100 elementor-top-column elementor-element elementor-element-753d0860\" data-id=\"753d0860\" data-element_type=\"column\">\n\t\t\t<div class=\"elementor-widget-wrap\">\n\t\t\t\t\t\t\t<\/div>\n\t\t<\/div>\n\t\t\t\t\t<\/div>\n\t\t<\/section>\n\t\t\t\t<section class=\"elementor-section elementor-top-section elementor-element elementor-element-9be811a elementor-section-boxed elementor-section-height-default elementor-section-height-default\" data-id=\"9be811a\" data-element_type=\"section\">\n\t\t\t\t\t\t<div class=\"elementor-container elementor-column-gap-default\">\n\t\t\t\t\t<div class=\"elementor-column elementor-col-100 elementor-top-column elementor-element elementor-element-1ed847b7\" data-id=\"1ed847b7\" data-element_type=\"column\">\n\t\t\t<div class=\"elementor-widget-wrap elementor-element-populated\">\n\t\t\t\t\t\t<div class=\"elementor-element elementor-element-4ce0d07f elementor-widget elementor-widget-heading\" data-id=\"4ce0d07f\" data-element_type=\"widget\" data-widget_type=\"heading.default\">\n\t\t\t\t<div class=\"elementor-widget-container\">\n\t\t\t\t\t<h2 class=\"elementor-heading-title elementor-size-default\">Bitirme Projeleri<\/h2>\t\t\t\t<\/div>\n\t\t\t\t<\/div>\n\t\t\t\t<div class=\"elementor-element elementor-element-63260862 elementor-widget-divider--view-line elementor-widget elementor-widget-divider\" data-id=\"63260862\" data-element_type=\"widget\" data-widget_type=\"divider.default\">\n\t\t\t\t<div class=\"elementor-widget-container\">\n\t\t\t\t\t\t\t<div class=\"elementor-divider\">\n\t\t\t<span class=\"elementor-divider-separator\">\n\t\t\t\t\t\t<\/span>\n\t\t<\/div>\n\t\t\t\t\t\t<\/div>\n\t\t\t\t<\/div>\n\t\t\t\t\t<\/div>\n\t\t<\/div>\n\t\t\t\t\t<\/div>\n\t\t<\/section>\n\t\t\t\t<section class=\"elementor-section elementor-top-section elementor-element elementor-element-6c18d0b elementor-section-boxed elementor-section-height-default elementor-section-height-default\" data-id=\"6c18d0b\" data-element_type=\"section\">\n\t\t\t\t\t\t<div class=\"elementor-container elementor-column-gap-default\">\n\t\t\t\t\t<div class=\"elementor-column elementor-col-100 elementor-top-column elementor-element elementor-element-5a88ff5\" data-id=\"5a88ff5\" data-element_type=\"column\">\n\t\t\t<div class=\"elementor-widget-wrap elementor-element-populated\">\n\t\t\t\t\t\t<div class=\"elementor-element elementor-element-69d7a2b elementor-widget elementor-widget-accordion\" data-id=\"69d7a2b\" data-element_type=\"widget\" data-widget_type=\"accordion.default\">\n\t\t\t\t<div class=\"elementor-widget-container\">\n\t\t\t\t\t\t\t<div class=\"elementor-accordion\">\n\t\t\t\t\t\t\t<div class=\"elementor-accordion-item\">\n\t\t\t\t\t<div id=\"elementor-tab-title-1101\" class=\"elementor-tab-title\" data-tab=\"1\" role=\"button\" aria-controls=\"elementor-tab-content-1101\" aria-expanded=\"false\">\n\t\t\t\t\t\t\t\t\t\t\t\t\t<span class=\"elementor-accordion-icon elementor-accordion-icon-left\" aria-hidden=\"true\">\n\t\t\t\t\t\t\t\t\t\t\t\t\t\t\t<span class=\"elementor-accordion-icon-closed\"><i class=\"fas fa-plus\"><\/i><\/span>\n\t\t\t\t\t\t\t\t<span class=\"elementor-accordion-icon-opened\"><i class=\"fas fa-minus\"><\/i><\/span>\n\t\t\t\t\t\t\t\t\t\t\t\t\t\t<\/span>\n\t\t\t\t\t\t\t\t\t\t\t\t<a class=\"elementor-accordion-title\" tabindex=\"0\"><html>\n<body>\n<h2>Bitirme Projeleri<\/h2>\n<p>\u00dcniversitemizin genetik b\u00f6l\u00fcm\u00fcnde e\u011fitim g\u00f6ren \u00f6\u011frencilerin mezun olabilmeleri i\u00e7in haz\u0131rlad\u0131klar\u0131 bitirme projeleri, akademik bir \u00e7al\u0131\u015fman\u0131n \u00f6nemli bir par\u00e7as\u0131n\u0131 olu\u015fturmaktad\u0131r. Bu projeler, \u00f6\u011frencilere ara\u015ft\u0131rma ve analiz becerilerini geli\u015ftirme f\u0131rsat\u0131 sunarken, ayn\u0131 zamanda bilim d\u00fcnyas\u0131na katk\u0131da bulunmalar\u0131n\u0131 sa\u011flamaktad\u0131r.<\/p>\n<p>Bitirme projelerinin konusu, geneti\u011fin \u00e7e\u015fitli alanlar\u0131na ili\u015fkin olabilir. \u00d6\u011frenciler, hocalar\u0131n\u0131n rehberli\u011finde kendi ilgi alanlar\u0131na g\u00f6re proje konular\u0131n\u0131 se\u00e7erek \u00e7al\u0131\u015fmaya ba\u015flarlar. Projelerin tamamlanmas\u0131 i\u00e7in belirlenen s\u00fcre i\u00e7erisinde \u00f6\u011frencilerin ara\u015ft\u0131rma yapmalar\u0131, verileri toplamak ve analiz etmek, sonu\u00e7lar\u0131 de\u011ferlendirmek gibi \u00e7e\u015fitli a\u015famalar\u0131 tamamlamalar\u0131 gerekmektedir.<\/p>\n<p>Projelerin sunumu da \u00f6nemli bir a\u015famay\u0131 olu\u015fturmaktad\u0131r. \u00d6\u011frenciler, yapt\u0131klar\u0131 \u00e7al\u0131\u015fmalar\u0131 akademik camia ile payla\u015fmak \u00fczere sunumlar haz\u0131rlarlar. Bu sunumlar, \u00f6\u011frencilerin ileti\u015fim becerilerini geli\u015ftirirken, ayn\u0131 zamanda \u00e7al\u0131\u015fmalar\u0131n\u0131n di\u011ferleri taraf\u0131ndan anla\u015f\u0131labilir ve ele\u015ftirilebilir olmas\u0131na olanak tan\u0131r.<\/p>\n<p>Bitirme projeleri, yaln\u0131zca \u00f6\u011frencilerin mezuniyeti i\u00e7in de\u011fil, ayr\u0131ca gelecekteki kariyerleri a\u00e7\u0131s\u0131ndan da b\u00fcy\u00fck \u00f6nem ta\u015f\u0131maktad\u0131r. Bu proje tr\u1ea3i nghi\u1ec7mleri, \u00f6\u011frencilere i\u015f ya\u015fam\u0131na ad\u0131m att\u0131klar\u0131nda gereken beceri ve deneyim kazand\u0131rmaya yard\u0131mc\u0131 olur.<\/p>\n<\/body>\n<\/html><\/a>\n\t\t\t\t\t<\/div>\n\t\t\t\t\t<div id=\"elementor-tab-content-1101\" class=\"elementor-tab-content elementor-clearfix\" data-tab=\"1\" role=\"region\" aria-labelledby=\"elementor-tab-title-1101\"><html>\n<body>\n<h2>Bitirme Projeleri<\/h2>\n<p>\u00dcniversitemizin genetik b\u00f6l\u00fcm\u00fcnde e\u011fitim g\u00f6ren \u00f6\u011frencilerin mezun olabilmeleri i\u00e7in haz\u0131rlad\u0131klar\u0131 bitirme projeleri, akademik bir \u00e7al\u0131\u015fman\u0131n \u00f6nemli bir par\u00e7as\u0131n\u0131 olu\u015fturmaktad\u0131r. Bu projeler, \u00f6\u011frencilere ara\u015ft\u0131rma ve analiz becerilerini geli\u015ftirme f\u0131rsat\u0131 sunarken, ayn\u0131 zamanda bilim d\u00fcnyas\u0131na katk\u0131da bulunmalar\u0131n\u0131 sa\u011flamaktad\u0131r.<\/p>\n<p>Bitirme projelerinin konusu, geneti\u011fin \u00e7e\u015fitli alanlar\u0131na ili\u015fkin olabilir. \u00d6\u011frenciler, hocalar\u0131n\u0131n rehberli\u011finde kendi ilgi alanlar\u0131na g\u00f6re proje konular\u0131n\u0131 se\u00e7erek \u00e7al\u0131\u015fmaya ba\u015flarlar. Projelerin tamamlanmas\u0131 i\u00e7in belirlenen s\u00fcre i\u00e7erisinde \u00f6\u011frencilerin ara\u015ft\u0131rma yapmalar\u0131, verileri toplamak ve analiz etmek, sonu\u00e7lar\u0131 de\u011ferlendirmek gibi \u00e7e\u015fitli a\u015famalar\u0131 tamamlamalar\u0131 gerekmektedir.<\/p>\n<p>Projelerin sunumu da \u00f6nemli bir a\u015famay\u0131 olu\u015fturmaktad\u0131r. \u00d6\u011frenciler, yapt\u0131klar\u0131 \u00e7al\u0131\u015fmalar\u0131 akademik camia ile payla\u015fmak \u00fczere sunumlar haz\u0131rlarlar. Bu sunumlar, \u00f6\u011frencilerin ileti\u015fim becerilerini geli\u015ftirirken, ayn\u0131 zamanda \u00e7al\u0131\u015fmalar\u0131n\u0131n di\u011ferleri taraf\u0131ndan anla\u015f\u0131labilir ve ele\u015ftirilebilir olmas\u0131na olanak tan\u0131r.<\/p>\n<p>Bitirme projeleri, yaln\u0131zca \u00f6\u011frencilerin mezuniyeti i\u00e7in de\u011fil, ayr\u0131ca gelecekteki kariyerleri a\u00e7\u0131s\u0131ndan da b\u00fcy\u00fck \u00f6nem ta\u015f\u0131maktad\u0131r. Bu proje tr\u1ea3i nghi\u1ec7mleri, \u00f6\u011frencilere i\u015f ya\u015fam\u0131na ad\u0131m att\u0131klar\u0131nda gereken beceri ve deneyim kazand\u0131rmaya yard\u0131mc\u0131 olur.<\/p>\n<\/body>\n<\/html><\/div>\n\t\t\t\t<\/div>\n\t\t\t\t\t\t\t<div class=\"elementor-accordion-item\">\n\t\t\t\t\t<div id=\"elementor-tab-title-1102\" class=\"elementor-tab-title\" data-tab=\"2\" role=\"button\" aria-controls=\"elementor-tab-content-1102\" aria-expanded=\"false\">\n\t\t\t\t\t\t\t\t\t\t\t\t\t<span class=\"elementor-accordion-icon elementor-accordion-icon-left\" aria-hidden=\"true\">\n\t\t\t\t\t\t\t\t\t\t\t\t\t\t\t<span class=\"elementor-accordion-icon-closed\"><i class=\"fas fa-plus\"><\/i><\/span>\n\t\t\t\t\t\t\t\t<span class=\"elementor-accordion-icon-opened\"><i class=\"fas fa-minus\"><\/i><\/span>\n\t\t\t\t\t\t\t\t\t\t\t\t\t\t<\/span>\n\t\t\t\t\t\t\t\t\t\t\t\t<a class=\"elementor-accordion-title\" tabindex=\"0\"><html>\n<body>\n<h2>Bitirme Projeleri<\/h2>\n<p>\u00dcniversitemizin genetik b\u00f6l\u00fcm\u00fcnde e\u011fitim g\u00f6ren \u00f6\u011frencilerin mezun olabilmeleri i\u00e7in haz\u0131rlad\u0131klar\u0131 bitirme projeleri, akademik bir \u00e7al\u0131\u015fman\u0131n \u00f6nemli bir par\u00e7as\u0131n\u0131 olu\u015fturmaktad\u0131r. Bu projeler, \u00f6\u011frencilere ara\u015ft\u0131rma ve analiz becerilerini geli\u015ftirme f\u0131rsat\u0131 sunarken, ayn\u0131 zamanda bilim d\u00fcnyas\u0131na katk\u0131da bulunmalar\u0131n\u0131 sa\u011flamaktad\u0131r.<\/p>\n<p>Bitirme projelerinin konusu, geneti\u011fin \u00e7e\u015fitli alanlar\u0131na ili\u015fkin olabilir. \u00d6\u011frenciler, hocalar\u0131n\u0131n rehberli\u011finde kendi ilgi alanlar\u0131na g\u00f6re proje konular\u0131n\u0131 se\u00e7erek \u00e7al\u0131\u015fmaya ba\u015flarlar. Projelerin tamamlanmas\u0131 i\u00e7in belirlenen s\u00fcre i\u00e7erisinde \u00f6\u011frencilerin ara\u015ft\u0131rma yapmalar\u0131, verileri toplamak ve analiz etmek, sonu\u00e7lar\u0131 de\u011ferlendirmek gibi \u00e7e\u015fitli a\u015famalar\u0131 tamamlamalar\u0131 gerekmektedir.<\/p>\n<p>Projelerin sunumu da \u00f6nemli bir a\u015famay\u0131 olu\u015fturmaktad\u0131r. \u00d6\u011frenciler, yapt\u0131klar\u0131 \u00e7al\u0131\u015fmalar\u0131 akademik camia ile payla\u015fmak \u00fczere sunumlar haz\u0131rlarlar. Bu sunumlar, \u00f6\u011frencilerin ileti\u015fim becerilerini geli\u015ftirirken, ayn\u0131 zamanda \u00e7al\u0131\u015fmalar\u0131n\u0131n di\u011ferleri taraf\u0131ndan anla\u015f\u0131labilir ve ele\u015ftirilebilir olmas\u0131na olanak tan\u0131r.<\/p>\n<p>Bitirme projeleri, yaln\u0131zca \u00f6\u011frencilerin mezuniyeti i\u00e7in de\u011fil, ayr\u0131ca gelecekteki kariyerleri a\u00e7\u0131s\u0131ndan da b\u00fcy\u00fck \u00f6nem ta\u015f\u0131maktad\u0131r. Bu proje tr\u1ea3i nghi\u1ec7mleri, \u00f6\u011frencilere i\u015f ya\u015fam\u0131na ad\u0131m att\u0131klar\u0131nda gereken beceri ve deneyim kazand\u0131rmaya yard\u0131mc\u0131 olur.<\/p>\n<\/body>\n<\/html><\/a>\n\t\t\t\t\t<\/div>\n\t\t\t\t\t<div id=\"elementor-tab-content-1102\" class=\"elementor-tab-content elementor-clearfix\" data-tab=\"2\" role=\"region\" aria-labelledby=\"elementor-tab-title-1102\"><html>\n<body>\n<h2>Bitirme Projeleri<\/h2>\n<p>\u00dcniversitemizin genetik b\u00f6l\u00fcm\u00fcnde e\u011fitim g\u00f6ren \u00f6\u011frencilerin mezun olabilmeleri i\u00e7in haz\u0131rlad\u0131klar\u0131 bitirme projeleri, akademik bir \u00e7al\u0131\u015fman\u0131n \u00f6nemli bir par\u00e7as\u0131n\u0131 olu\u015fturmaktad\u0131r. Bu projeler, \u00f6\u011frencilere ara\u015ft\u0131rma ve analiz becerilerini geli\u015ftirme f\u0131rsat\u0131 sunarken, ayn\u0131 zamanda bilim d\u00fcnyas\u0131na katk\u0131da bulunmalar\u0131n\u0131 sa\u011flamaktad\u0131r.<\/p>\n<p>Bitirme projelerinin konusu, geneti\u011fin \u00e7e\u015fitli alanlar\u0131na ili\u015fkin olabilir. \u00d6\u011frenciler, hocalar\u0131n\u0131n rehberli\u011finde kendi ilgi alanlar\u0131na g\u00f6re proje konular\u0131n\u0131 se\u00e7erek \u00e7al\u0131\u015fmaya ba\u015flarlar. Projelerin tamamlanmas\u0131 i\u00e7in belirlenen s\u00fcre i\u00e7erisinde \u00f6\u011frencilerin ara\u015ft\u0131rma yapmalar\u0131, verileri toplamak ve analiz etmek, sonu\u00e7lar\u0131 de\u011ferlendirmek gibi \u00e7e\u015fitli a\u015famalar\u0131 tamamlamalar\u0131 gerekmektedir.<\/p>\n<p>Projelerin sunumu da \u00f6nemli bir a\u015famay\u0131 olu\u015fturmaktad\u0131r. \u00d6\u011frenciler, yapt\u0131klar\u0131 \u00e7al\u0131\u015fmalar\u0131 akademik camia ile payla\u015fmak \u00fczere sunumlar haz\u0131rlarlar. Bu sunumlar, \u00f6\u011frencilerin ileti\u015fim becerilerini geli\u015ftirirken, ayn\u0131 zamanda \u00e7al\u0131\u015fmalar\u0131n\u0131n di\u011ferleri taraf\u0131ndan anla\u015f\u0131labilir ve ele\u015ftirilebilir olmas\u0131na olanak tan\u0131r.<\/p>\n<p>Bitirme projeleri, yaln\u0131zca \u00f6\u011frencilerin mezuniyeti i\u00e7in de\u011fil, ayr\u0131ca gelecekteki kariyerleri a\u00e7\u0131s\u0131ndan da b\u00fcy\u00fck \u00f6nem ta\u015f\u0131maktad\u0131r. Bu proje tr\u1ea3i nghi\u1ec7mleri, \u00f6\u011frencilere i\u015f ya\u015fam\u0131na ad\u0131m att\u0131klar\u0131nda gereken beceri ve deneyim kazand\u0131rmaya yard\u0131mc\u0131 olur.<\/p>\n<\/body>\n<\/html><\/div>\n\t\t\t\t<\/div>\n\t\t\t\t\t\t\t\t<\/div>\n\t\t\t\t\t\t<\/div>\n\t\t\t\t<\/div>\n\t\t\t\t\t<\/div>\n\t\t<\/div>\n\t\t\t\t\t<\/div>\n\t\t<\/section>\n\t\t\t\t<\/div>\n\t\t","protected":false},"excerpt":{"rendered":"<p>**Bitirme Projeleri** Genetik bilim dallar\u0131n\u0131n \u00f6nemli bir par\u00e7as\u0131 olan bitirme projeleri, \u00f6\u011frencilerin e\u011fitim s\u00fcrecinde kazand\u0131klar\u0131 teorik bilgileri prati\u011fe d\u00f6kerek ara\u015ft\u0131rma ve uygulama becerilerini geli\u015ftirmelerine yard\u0131mc\u0131 olur. Bu t\u00fcr projeler, \u00f6\u011frencilere yaln\u0131zca akademik bilgilerini peki\u015ftirmekle kalmaz, ayn\u0131 zamanda ba\u011f\u0131ms\u0131z olarak \u00e7al\u0131\u015fabilme, sorun \u00e7\u00f6zme ve ileti\u015fimi etkili bir \u015fekilde kullanma gibi \u00f6nemli ya\u015fam becerileri kazand\u0131r\u0131r. Bitirme projelerinin [&hellip;]<\/p>\n","protected":false},"author":1,"featured_media":0,"parent":0,"menu_order":0,"comment_status":"closed","ping_status":"closed","template":"elementor_header_footer","meta":{"footnotes":""},"class_list":["post-5800","page","type-page","status-publish","hentry"],"_links":{"self":[{"href":"https:\/\/atauni.edu.tr\/genetik\/wp-json\/wp\/v2\/pages\/5800","targetHints":{"allow":["GET"]}}],"collection":[{"href":"https:\/\/atauni.edu.tr\/genetik\/wp-json\/wp\/v2\/pages"}],"about":[{"href":"https:\/\/atauni.edu.tr\/genetik\/wp-json\/wp\/v2\/types\/page"}],"author":[{"embeddable":true,"href":"https:\/\/atauni.edu.tr\/genetik\/wp-json\/wp\/v2\/users\/1"}],"replies":[{"embeddable":true,"href":"https:\/\/atauni.edu.tr\/genetik\/wp-json\/wp\/v2\/comments?post=5800"}],"version-history":[{"count":11,"href":"https:\/\/atauni.edu.tr\/genetik\/wp-json\/wp\/v2\/pages\/5800\/revisions"}],"predecessor-version":[{"id":6091,"href":"https:\/\/atauni.edu.tr\/genetik\/wp-json\/wp\/v2\/pages\/5800\/revisions\/6091"}],"wp:attachment":[{"href":"https:\/\/atauni.edu.tr\/genetik\/wp-json\/wp\/v2\/media?parent=5800"}],"curies":[{"name":"wp","href":"https:\/\/api.w.org\/{rel}","templated":true}]}}