{"id":5638,"date":"2021-07-13T09:49:25","date_gmt":"2021-07-13T06:49:25","guid":{"rendered":"https:\/\/portaltest.atauni.edu.tr\/bilgisayar-muhendisligi\/?page_id=5638"},"modified":"2022-03-02T16:19:11","modified_gmt":"2022-03-02T13:19:11","slug":"tarihce","status":"publish","type":"page","link":"https:\/\/atauni.edu.tr\/gida-analiz-laboratuvarlari-koordinatorlugu\/tarihce\/","title":{"rendered":"Tarih\u00e7e"},"content":{"rendered":"\t\t<div data-elementor-type=\"wp-page\" data-elementor-id=\"5638\" class=\"elementor elementor-5638\" data-elementor-post-type=\"page\">\n\t\t\t\t\t\t<section class=\"elementor-section elementor-top-section elementor-element elementor-element-730d320 elementor-section-boxed elementor-section-height-default elementor-section-height-default\" data-id=\"730d320\" data-element_type=\"section\">\n\t\t\t\t\t\t<div class=\"elementor-container elementor-column-gap-default\">\n\t\t\t\t\t<div class=\"elementor-column elementor-col-100 elementor-top-column elementor-element elementor-element-753d0860\" data-id=\"753d0860\" data-element_type=\"column\">\n\t\t\t<div class=\"elementor-widget-wrap\">\n\t\t\t\t\t\t\t<\/div>\n\t\t<\/div>\n\t\t\t\t\t<\/div>\n\t\t<\/section>\n\t\t\t\t<section class=\"elementor-section elementor-top-section elementor-element elementor-element-9be811a elementor-section-boxed elementor-section-height-default elementor-section-height-default\" data-id=\"9be811a\" data-element_type=\"section\">\n\t\t\t\t\t\t<div class=\"elementor-container elementor-column-gap-default\">\n\t\t\t\t\t<div class=\"elementor-column elementor-col-100 elementor-top-column elementor-element elementor-element-1ed847b7\" data-id=\"1ed847b7\" data-element_type=\"column\">\n\t\t\t<div class=\"elementor-widget-wrap elementor-element-populated\">\n\t\t\t\t\t\t<div class=\"elementor-element elementor-element-4ce0d07f elementor-widget elementor-widget-heading\" data-id=\"4ce0d07f\" data-element_type=\"widget\" data-widget_type=\"heading.default\">\n\t\t\t\t<div class=\"elementor-widget-container\">\n\t\t\t\t\t<h2 class=\"elementor-heading-title elementor-size-default\">Tarih\u00e7e<\/h2>\t\t\t\t<\/div>\n\t\t\t\t<\/div>\n\t\t\t\t<div class=\"elementor-element elementor-element-63260862 elementor-widget-divider--view-line elementor-widget elementor-widget-divider\" data-id=\"63260862\" data-element_type=\"widget\" data-widget_type=\"divider.default\">\n\t\t\t\t<div class=\"elementor-widget-container\">\n\t\t\t\t\t\t\t<div class=\"elementor-divider\">\n\t\t\t<span class=\"elementor-divider-separator\">\n\t\t\t\t\t\t<\/span>\n\t\t<\/div>\n\t\t\t\t\t\t<\/div>\n\t\t\t\t<\/div>\n\t\t\t\t\t<\/div>\n\t\t<\/div>\n\t\t\t\t\t<\/div>\n\t\t<\/section>\n\t\t\t\t<section class=\"elementor-section elementor-top-section elementor-element elementor-element-681db8b elementor-section-boxed elementor-section-height-default elementor-section-height-default\" data-id=\"681db8b\" data-element_type=\"section\">\n\t\t\t\t\t\t<div class=\"elementor-container elementor-column-gap-default\">\n\t\t\t\t\t<div class=\"elementor-column elementor-col-100 elementor-top-column elementor-element elementor-element-ad4dac5\" data-id=\"ad4dac5\" data-element_type=\"column\">\n\t\t\t<div class=\"elementor-widget-wrap elementor-element-populated\">\n\t\t\t\t\t\t<div class=\"elementor-element elementor-element-2f96b3d elementor-widget elementor-widget-text-editor\" data-id=\"2f96b3d\" data-element_type=\"widget\" data-widget_type=\"text-editor.default\">\n\t\t\t\t<div class=\"elementor-widget-container\">\n\t\t\t\t\t\t\t\t\t<p>G\u0131da M\u00fchendisli\u011fi B\u00f6l\u00fcm\u00fc laboratuvarlar\u0131n\u0131n bulundu\u011fu b\u00f6lgeye akredite olmu\u015f g\u0131da analizleri kapsam\u0131nda hizmet verebilmesi amac\u0131 ile \u00dcniversitemiz Senatosunun 20.11.2020 tarih ve 30\/173 say\u0131l\u0131 karar\u0131 ile 29.12.2011 tarih ve 28\/157 (3. M\u00fckerrer) say\u0131l\u0131 Resmi Gazetede yay\u0131mlanan G\u0131da Kontrol Laboratuvarlar\u0131n\u0131n Kurulu\u015f, G\u00f6rev, Yetki ve Sorumluluklar\u0131 ile \u00c7al\u0131\u015fma Usul ve Esaslar\u0131n\u0131n Belirlenmesine Dair Y\u00f6netmelik ilgili h\u00fck\u00fcmleri do\u011frultusunda \u00dcniversitemiz G\u0131da Analiz Laboratuvarlar\u0131 Koordinat\u00f6rl\u00fc\u011f\u00fc b\u00fcnyesinde &#8220;Atat\u00fcrk \u00dcniversitesi \u00d6zel G\u0131da Kontrol Laboratuvar\u0131&#8221; kurulmu\u015ftur. Kurulu\u015fumuz, \u00f6zel ve t\u00fczel ki\u015filerden gelecek g\u0131da analiz taleplerine cevap verecek laboratuvarlardan olu\u015fmaktad\u0131r.<\/p>\t\t\t\t\t\t\t\t<\/div>\n\t\t\t\t<\/div>\n\t\t\t\t\t<\/div>\n\t\t<\/div>\n\t\t\t\t\t<\/div>\n\t\t<\/section>\n\t\t\t\t<\/div>\n\t\t","protected":false},"excerpt":{"rendered":"<p>Tarih\u00e7e G\u0131da M\u00fchendisli\u011fi B\u00f6l\u00fcm\u00fc laboratuvarlar\u0131n\u0131n bulundu\u011fu b\u00f6lgeye akredite olmu\u015f g\u0131da analizleri kapsam\u0131nda hizmet verebilmesi amac\u0131 ile \u00dcniversitemiz Senatosunun 20.11.2020 tarih ve 30\/173 say\u0131l\u0131 karar\u0131 ile 29.12.2011 tarih ve 28\/157 (3. M\u00fckerrer) say\u0131l\u0131 Resmi Gazetede yay\u0131mlanan G\u0131da Kontrol Laboratuvarlar\u0131n\u0131n Kurulu\u015f, G\u00f6rev, Yetki ve Sorumluluklar\u0131 ile \u00c7al\u0131\u015fma Usul ve Esaslar\u0131n\u0131n Belirlenmesine Dair Y\u00f6netmelik ilgili h\u00fck\u00fcmleri do\u011frultusunda \u00dcniversitemiz [&hellip;]<\/p>\n","protected":false},"author":1,"featured_media":0,"parent":0,"menu_order":0,"comment_status":"closed","ping_status":"closed","template":"","meta":{"footnotes":""},"class_list":["post-5638","page","type-page","status-publish","hentry"],"_links":{"self":[{"href":"https:\/\/atauni.edu.tr\/gida-analiz-laboratuvarlari-koordinatorlugu\/wp-json\/wp\/v2\/pages\/5638","targetHints":{"allow":["GET"]}}],"collection":[{"href":"https:\/\/atauni.edu.tr\/gida-analiz-laboratuvarlari-koordinatorlugu\/wp-json\/wp\/v2\/pages"}],"about":[{"href":"https:\/\/atauni.edu.tr\/gida-analiz-laboratuvarlari-koordinatorlugu\/wp-json\/wp\/v2\/types\/page"}],"author":[{"embeddable":true,"href":"https:\/\/atauni.edu.tr\/gida-analiz-laboratuvarlari-koordinatorlugu\/wp-json\/wp\/v2\/users\/1"}],"replies":[{"embeddable":true,"href":"https:\/\/atauni.edu.tr\/gida-analiz-laboratuvarlari-koordinatorlugu\/wp-json\/wp\/v2\/comments?post=5638"}],"version-history":[{"count":25,"href":"https:\/\/atauni.edu.tr\/gida-analiz-laboratuvarlari-koordinatorlugu\/wp-json\/wp\/v2\/pages\/5638\/revisions"}],"predecessor-version":[{"id":6176,"href":"https:\/\/atauni.edu.tr\/gida-analiz-laboratuvarlari-koordinatorlugu\/wp-json\/wp\/v2\/pages\/5638\/revisions\/6176"}],"wp:attachment":[{"href":"https:\/\/atauni.edu.tr\/gida-analiz-laboratuvarlari-koordinatorlugu\/wp-json\/wp\/v2\/media?parent=5638"}],"curies":[{"name":"wp","href":"https:\/\/api.w.org\/{rel}","templated":true}]}}