{"id":6183,"date":"2022-03-03T09:44:10","date_gmt":"2022-03-03T06:44:10","guid":{"rendered":"https:\/\/birimler.atauni.edu.tr\/gida-analiz-laboratuvarlari-koordinatorlugu\/?page_id=6183"},"modified":"2022-03-03T10:06:37","modified_gmt":"2022-03-03T07:06:37","slug":"kalite-politikamiz","status":"publish","type":"page","link":"https:\/\/atauni.edu.tr\/gida-analiz-laboratuvarlari-koordinatorlugu\/kalite-politikamiz\/","title":{"rendered":"Kalite Politikam\u0131z"},"content":{"rendered":"\t\t<div data-elementor-type=\"wp-page\" data-elementor-id=\"6183\" class=\"elementor elementor-6183\" data-elementor-post-type=\"page\">\n\t\t\t\t\t\t<section class=\"elementor-section elementor-top-section elementor-element elementor-element-aa020bd elementor-section-boxed elementor-section-height-default elementor-section-height-default\" data-id=\"aa020bd\" data-element_type=\"section\">\n\t\t\t\t\t\t<div class=\"elementor-container elementor-column-gap-default\">\n\t\t\t\t\t<div class=\"elementor-column elementor-col-100 elementor-top-column elementor-element elementor-element-3868759\" data-id=\"3868759\" data-element_type=\"column\">\n\t\t\t<div class=\"elementor-widget-wrap elementor-element-populated\">\n\t\t\t\t\t\t<div class=\"elementor-element elementor-element-92992ae elementor-widget elementor-widget-heading\" data-id=\"92992ae\" data-element_type=\"widget\" data-widget_type=\"heading.default\">\n\t\t\t\t<div class=\"elementor-widget-container\">\n\t\t\t\t\t<h2 class=\"elementor-heading-title elementor-size-default\">KAL\u0130TE POL\u0130T\u0130KAMIZ<\/h2>\t\t\t\t<\/div>\n\t\t\t\t<\/div>\n\t\t\t\t<div class=\"elementor-element elementor-element-2f8f3ce elementor-widget elementor-widget-text-editor\" data-id=\"2f8f3ce\" data-element_type=\"widget\" data-widget_type=\"text-editor.default\">\n\t\t\t\t<div class=\"elementor-widget-container\">\n\t\t\t\t\t\t\t\t\t<p>Atat\u00fcrk \u00dcniversitesi \u00d6zel G\u0131da Kontrol Laboratuvar\u0131, TS EN ISO\/IEC 17025 Deney ve kalibrasyon laboratuvarlar\u0131n\u0131n yetkinli\u011fi i\u00e7in genel gereklilikler standard\u0131 kapsam\u0131nda; plan ve hedefleri gere\u011fince, mevcut mevzuatlara ve kalite gerekliliklerine uygun olarak tarafs\u0131z, h\u0131zl\u0131, etkin, devaml\u0131, do\u011fru, istikrarl\u0131, g\u00fcvenilir ve ba\u011f\u0131ms\u0131z bir politika izlemeyi, toplum sa\u011fl\u0131\u011f\u0131n\u0131n ve g\u0131da g\u00fcvenli\u011finin korunmas\u0131na ve ayr\u0131ca AR-GE faaliyetlerine y\u00f6nelik mikrobiyolojik, fiziksel ve kimyasal analizlerin do\u011fru ve g\u00fcvenilir olarak sunulmas\u0131n\u0131 ama\u00e7 edinmi\u015ftir. Atat\u00fcrk \u00dcniversitesi \u00d6zel G\u0131da Kontrol Laboratuvar\u0131 Y\u00f6netimi, m\u00fc\u015fterilerine ve ba\u011fl\u0131 oldu\u011fu idareye Ulusal ve Uluslararas\u0131 Standartlar\u0131n gereklerini kar\u015f\u0131layacak d\u00fczey ve kalitede hizmet vermeyi taahh\u00fct eder.<\/p><p>Atat\u00fcrk \u00dcniversitesi \u00d6zel G\u0131da Kontrol Laboratuvar\u0131 Y\u00f6netimi;<\/p><ul><li>T\u00fcm personelin Kalite Politika ve Hedeflerini okumas\u0131n\u0131, anlamas\u0131n\u0131 ve bu politika ve hedeflere uymas\u0131n\u0131 sa\u011flamay\u0131,<\/li><li>Tak\u0131m ruhunun fark\u0131nda olarak, kurulu\u015fumuzun ama\u00e7 ve hedeflerine ula\u015fabilmesi i\u00e7in \u00e7al\u0131\u015fanlar\u0131m\u0131z\u0131n tam kat\u0131l\u0131m\u0131n\u0131 sa\u011flamay\u0131 ve bu do\u011frultuda gerekli \u00e7al\u0131\u015fma ortam\u0131n\u0131 olu\u015fturmay\u0131,<\/li><li>Mevcut ve gelecekteki payda\u015f beklentilerini do\u011fru analiz etmeyi ve en \u00fcst seviyede memnuniyeti sa\u011flamay\u0131,<\/li><li>Yasalara, y\u00f6netmeliklere, meslek etik kurallar\u0131na uygun olarak \u00e7al\u0131\u015fmay\u0131,<\/li><li>M\u00fc\u015fterilere ait gizli bilgilerin ve tescilli haklar\u0131n korunmas\u0131n\u0131, analiz sonu\u00e7lar\u0131n\u0131n g\u00fcvenilir olarak muhafaza edilmesini ve g\u00f6nderilmesinin g\u00fcvence alt\u0131na al\u0131nmas\u0131n\u0131 sa\u011flamay\u0131,<\/li><li>M\u00fc\u015fterilerin yaz\u0131l\u0131 izni olmadan \u00fc\u00e7\u00fcnc\u00fc taraflara m\u00fc\u015fterilerin bilgilerini aktarmamay\u0131,<\/li><li>T\u00fcm personelinin kalite politikalar\u0131n\u0131n benimsenmesini, uygulamas\u0131n\u0131 ve sorumluluklar\u0131n\u0131 anlamas\u0131n\u0131, yap\u0131lan i\u015fin kalitesini ve personelinin kararlar\u0131n\u0131 olumsuz y\u00f6nde etkileyebilecek her t\u00fcrl\u00fc i\u00e7\/d\u0131\u015f bask\u0131lardan ve etkilerden uzak tutulmas\u0131n\u0131 sa\u011flamay\u0131,<\/li><li>\u0130lgili mevzuat \u00e7er\u00e7evesinde; m\u00fc\u015fterilerden gelen talepleri yerine getirebilmek i\u00e7in personelinin yurt i\u00e7i ve yurt d\u0131\u015f\u0131 e\u011fitimlerine kat\u0131lmalar\u0131n\u0131 sa\u011flamay\u0131,<\/li><li>Her d\u00fczeydeki \u00e7al\u0131\u015fan personelinin, kurumun yeterlili\u011fini, d\u00fcr\u00fcstl\u00fc\u011f\u00fcn\u00fc ve ba\u011f\u0131ms\u0131zl\u0131\u011f\u0131n\u0131 kaybedecek veya zay\u0131flatacak bir uygulamaya hi\u00e7bir \u015fekilde dahil olmamas\u0131n\u0131 sa\u011flamay\u0131,<\/li><li>Yap\u0131lan test\/analizlerin kalitesini etkileyen her t\u00fcrl\u00fc mal ve hizmetin sat\u0131n al\u0131nmas\u0131nda teknik yeterlili\u011fi sa\u011flayan al\u0131mlar i\u00e7in gerekli \u00e7al\u0131\u015fmalar\u0131 d\u00fczenlemeyi,<\/li><li>Kalite y\u00f6netim sisteminin geli\u015ftirilmesi, ger\u00e7ekle\u015ftirilmesi ve y\u00f6netim sisteminin etkinli\u011finin s\u00fcrekli iyile\u015ftirilmesi ve etkinli\u011fi konusunda sorumluluklar\u0131n\u0131 yerine getirmeyi,<\/li><li>Kaliteden taviz vermeden her zaman yeniliklere a\u00e7\u0131k olmay\u0131 ve her noktada s\u00fcrekli iyile\u015fme ve m\u00fckemmel olan\u0131 \u00fcretmeyi temel felsefemiz olarak belirlemeyi,<\/li><li>\u00dcstlendi\u011fi g\u00f6rev ve verdi\u011fi hizmetlerin kalitesi ile g\u00fcvenilirlik, d\u00fcr\u00fcstl\u00fck, tarafs\u0131zl\u0131k, gizlilik, s\u00fcrekli iyile\u015fme ve bilimsellik anlay\u0131\u015f\u0131n\u0131 benimsemi\u015f bir kurulu\u015f olmay\u0131,<\/li><li>Kalite standartlar\u0131 gereklerini kar\u015f\u0131layan bir ortam sa\u011flayarak s\u00fcrekli artan kalitede hizmet vermeyi, bunun i\u00e7in; mevcut alt yap\u0131 ve insan kaynaklar\u0131n\u0131n geli\u015ftirilmesini ve s\u00fcreklili\u011fini temin etmeyi,<\/li><\/ul><p>Atat\u00fcrk \u00dcniversitesi \u00d6zel G\u0131da Kontrol Laboratuvar\u0131 t\u00fcm bu kalite politikalar\u0131n benimsenmesi ve uygulanmas\u0131 i\u00e7in gerekli faaliyetleri y\u00fcr\u00fctmeyi ve i\u00e7\/d\u0131\u015f kalite g\u00fcvence tedbirlerini almay\u0131 taahh\u00fct eder.<\/p>\t\t\t\t\t\t\t\t<\/div>\n\t\t\t\t<\/div>\n\t\t\t\t\t<\/div>\n\t\t<\/div>\n\t\t\t\t\t<\/div>\n\t\t<\/section>\n\t\t\t\t<\/div>\n\t\t","protected":false},"excerpt":{"rendered":"<p>KAL\u0130TE POL\u0130T\u0130KAMIZ Atat\u00fcrk \u00dcniversitesi \u00d6zel G\u0131da Kontrol Laboratuvar\u0131, TS EN ISO\/IEC 17025 Deney ve kalibrasyon laboratuvarlar\u0131n\u0131n yetkinli\u011fi i\u00e7in genel gereklilikler standard\u0131 kapsam\u0131nda; plan ve hedefleri gere\u011fince, mevcut mevzuatlara ve kalite gerekliliklerine uygun olarak tarafs\u0131z, h\u0131zl\u0131, etkin, devaml\u0131, do\u011fru, istikrarl\u0131, g\u00fcvenilir ve ba\u011f\u0131ms\u0131z bir politika izlemeyi, toplum sa\u011fl\u0131\u011f\u0131n\u0131n ve g\u0131da g\u00fcvenli\u011finin korunmas\u0131na ve ayr\u0131ca AR-GE faaliyetlerine [&hellip;]<\/p>\n","protected":false},"author":469,"featured_media":0,"parent":0,"menu_order":0,"comment_status":"closed","ping_status":"closed","template":"","meta":{"footnotes":""},"class_list":["post-6183","page","type-page","status-publish","hentry"],"_links":{"self":[{"href":"https:\/\/atauni.edu.tr\/gida-analiz-laboratuvarlari-koordinatorlugu\/wp-json\/wp\/v2\/pages\/6183","targetHints":{"allow":["GET"]}}],"collection":[{"href":"https:\/\/atauni.edu.tr\/gida-analiz-laboratuvarlari-koordinatorlugu\/wp-json\/wp\/v2\/pages"}],"about":[{"href":"https:\/\/atauni.edu.tr\/gida-analiz-laboratuvarlari-koordinatorlugu\/wp-json\/wp\/v2\/types\/page"}],"author":[{"embeddable":true,"href":"https:\/\/atauni.edu.tr\/gida-analiz-laboratuvarlari-koordinatorlugu\/wp-json\/wp\/v2\/users\/469"}],"replies":[{"embeddable":true,"href":"https:\/\/atauni.edu.tr\/gida-analiz-laboratuvarlari-koordinatorlugu\/wp-json\/wp\/v2\/comments?post=6183"}],"version-history":[{"count":7,"href":"https:\/\/atauni.edu.tr\/gida-analiz-laboratuvarlari-koordinatorlugu\/wp-json\/wp\/v2\/pages\/6183\/revisions"}],"predecessor-version":[{"id":6198,"href":"https:\/\/atauni.edu.tr\/gida-analiz-laboratuvarlari-koordinatorlugu\/wp-json\/wp\/v2\/pages\/6183\/revisions\/6198"}],"wp:attachment":[{"href":"https:\/\/atauni.edu.tr\/gida-analiz-laboratuvarlari-koordinatorlugu\/wp-json\/wp\/v2\/media?parent=6183"}],"curies":[{"name":"wp","href":"https:\/\/api.w.org\/{rel}","templated":true}]}}