{"id":6211,"date":"2022-03-03T10:55:34","date_gmt":"2022-03-03T07:55:34","guid":{"rendered":"https:\/\/birimler.atauni.edu.tr\/gida-analiz-laboratuvarlari-koordinatorlugu\/?page_id=6211"},"modified":"2022-03-08T09:31:58","modified_gmt":"2022-03-08T06:31:58","slug":"organizasyon-semasi","status":"publish","type":"page","link":"https:\/\/atauni.edu.tr\/gida-analiz-laboratuvarlari-koordinatorlugu\/organizasyon-semasi\/","title":{"rendered":"Organizasyon \u015eemas\u0131"},"content":{"rendered":"\t\t<div data-elementor-type=\"wp-page\" data-elementor-id=\"6211\" class=\"elementor elementor-6211\" data-elementor-post-type=\"page\">\n\t\t\t\t\t\t<section class=\"elementor-section elementor-top-section elementor-element elementor-element-87c9d60 elementor-section-boxed elementor-section-height-default elementor-section-height-default\" data-id=\"87c9d60\" data-element_type=\"section\">\n\t\t\t\t\t\t<div class=\"elementor-container elementor-column-gap-default\">\n\t\t\t\t\t<div class=\"elementor-column elementor-col-100 elementor-top-column elementor-element elementor-element-1345680\" data-id=\"1345680\" data-element_type=\"column\">\n\t\t\t<div class=\"elementor-widget-wrap elementor-element-populated\">\n\t\t\t\t\t\t<div class=\"elementor-element elementor-element-c5f8d97 elementor-widget elementor-widget-heading\" data-id=\"c5f8d97\" data-element_type=\"widget\" data-widget_type=\"heading.default\">\n\t\t\t\t<div class=\"elementor-widget-container\">\n\t\t\t\t\t<h2 class=\"elementor-heading-title elementor-size-default\">Atat\u00fcrk \u00dcniversitesi \u00d6zel G\u0131da Kontrol Laboratuvar\u0131<br>Organizasyon \u015eemas\u0131<\/h2>\t\t\t\t<\/div>\n\t\t\t\t<\/div>\n\t\t\t\t\t<\/div>\n\t\t<\/div>\n\t\t\t\t\t<\/div>\n\t\t<\/section>\n\t\t\t\t<section class=\"elementor-section elementor-top-section elementor-element elementor-element-ac937b8 elementor-section-boxed elementor-section-height-default elementor-section-height-default\" data-id=\"ac937b8\" data-element_type=\"section\">\n\t\t\t\t\t\t<div class=\"elementor-container elementor-column-gap-default\">\n\t\t\t\t\t<div class=\"elementor-column elementor-col-100 elementor-top-column elementor-element elementor-element-934538a\" data-id=\"934538a\" data-element_type=\"column\">\n\t\t\t<div class=\"elementor-widget-wrap elementor-element-populated\">\n\t\t\t\t\t\t<div class=\"elementor-element elementor-element-398659a elementor-widget elementor-widget-image\" data-id=\"398659a\" data-element_type=\"widget\" data-widget_type=\"image.default\">\n\t\t\t\t<div class=\"elementor-widget-container\">\n\t\t\t\t\t\t\t\t\t\t\t\t\t\t\t<img fetchpriority=\"high\" decoding=\"async\" width=\"918\" height=\"382\" src=\"https:\/\/atauni.edu.tr\/gida-analiz-laboratuvarlari-koordinatorlugu\/wp-content\/uploads\/sites\/504\/2022\/03\/Organizasyon-Semasi-1.png\" class=\"attachment-large size-large wp-image-6378\" alt=\"\" srcset=\"https:\/\/atauni.edu.tr\/gida-analiz-laboratuvarlari-koordinatorlugu\/wp-content\/uploads\/sites\/504\/2022\/03\/Organizasyon-Semasi-1.png 918w, https:\/\/atauni.edu.tr\/gida-analiz-laboratuvarlari-koordinatorlugu\/wp-content\/uploads\/sites\/504\/2022\/03\/Organizasyon-Semasi-1-300x125.png 300w, https:\/\/atauni.edu.tr\/gida-analiz-laboratuvarlari-koordinatorlugu\/wp-content\/uploads\/sites\/504\/2022\/03\/Organizasyon-Semasi-1-768x320.png 768w, https:\/\/atauni.edu.tr\/gida-analiz-laboratuvarlari-koordinatorlugu\/wp-content\/uploads\/sites\/504\/2022\/03\/Organizasyon-Semasi-1-600x250.png 600w, https:\/\/atauni.edu.tr\/gida-analiz-laboratuvarlari-koordinatorlugu\/wp-content\/uploads\/sites\/504\/2022\/03\/Organizasyon-Semasi-1-560x233.png 560w\" sizes=\"(max-width: 918px) 100vw, 918px\" \/>\t\t\t\t\t\t\t\t\t\t\t\t\t\t\t<\/div>\n\t\t\t\t<\/div>\n\t\t\t\t\t<\/div>\n\t\t<\/div>\n\t\t\t\t\t<\/div>\n\t\t<\/section>\n\t\t\t\t<\/div>\n\t\t","protected":false},"excerpt":{"rendered":"<p>Atat\u00fcrk \u00dcniversitesi \u00d6zel G\u0131da Kontrol Laboratuvar\u0131Organizasyon \u015eemas\u0131<\/p>\n","protected":false},"author":469,"featured_media":0,"parent":0,"menu_order":0,"comment_status":"closed","ping_status":"closed","template":"","meta":{"footnotes":""},"class_list":["post-6211","page","type-page","status-publish","hentry"],"_links":{"self":[{"href":"https:\/\/atauni.edu.tr\/gida-analiz-laboratuvarlari-koordinatorlugu\/wp-json\/wp\/v2\/pages\/6211","targetHints":{"allow":["GET"]}}],"collection":[{"href":"https:\/\/atauni.edu.tr\/gida-analiz-laboratuvarlari-koordinatorlugu\/wp-json\/wp\/v2\/pages"}],"about":[{"href":"https:\/\/atauni.edu.tr\/gida-analiz-laboratuvarlari-koordinatorlugu\/wp-json\/wp\/v2\/types\/page"}],"author":[{"embeddable":true,"href":"https:\/\/atauni.edu.tr\/gida-analiz-laboratuvarlari-koordinatorlugu\/wp-json\/wp\/v2\/users\/469"}],"replies":[{"embeddable":true,"href":"https:\/\/atauni.edu.tr\/gida-analiz-laboratuvarlari-koordinatorlugu\/wp-json\/wp\/v2\/comments?post=6211"}],"version-history":[{"count":13,"href":"https:\/\/atauni.edu.tr\/gida-analiz-laboratuvarlari-koordinatorlugu\/wp-json\/wp\/v2\/pages\/6211\/revisions"}],"predecessor-version":[{"id":6381,"href":"https:\/\/atauni.edu.tr\/gida-analiz-laboratuvarlari-koordinatorlugu\/wp-json\/wp\/v2\/pages\/6211\/revisions\/6381"}],"wp:attachment":[{"href":"https:\/\/atauni.edu.tr\/gida-analiz-laboratuvarlari-koordinatorlugu\/wp-json\/wp\/v2\/media?parent=6211"}],"curies":[{"name":"wp","href":"https:\/\/api.w.org\/{rel}","templated":true}]}}