{"id":5638,"date":"2021-07-13T09:49:25","date_gmt":"2021-07-13T06:49:25","guid":{"rendered":"https:\/\/portaltest.atauni.edu.tr\/bilgisayar-muhendisligi\/?page_id=5638"},"modified":"2021-12-06T23:18:35","modified_gmt":"2021-12-06T20:18:35","slug":"tarihce","status":"publish","type":"page","link":"https:\/\/atauni.edu.tr\/gida-muhendisligi-bolumu\/tarihce\/","title":{"rendered":"Tarih\u00e7e"},"content":{"rendered":"\t\t<div data-elementor-type=\"wp-page\" data-elementor-id=\"5638\" class=\"elementor elementor-5638\" data-elementor-post-type=\"page\">\n\t\t\t\t\t\t<section class=\"elementor-section elementor-top-section elementor-element elementor-element-9be811a elementor-section-boxed elementor-section-height-default elementor-section-height-default\" data-id=\"9be811a\" data-element_type=\"section\">\n\t\t\t\t\t\t<div class=\"elementor-container elementor-column-gap-default\">\n\t\t\t\t\t<div class=\"elementor-column elementor-col-100 elementor-top-column elementor-element elementor-element-1ed847b7\" data-id=\"1ed847b7\" data-element_type=\"column\">\n\t\t\t<div class=\"elementor-widget-wrap elementor-element-populated\">\n\t\t\t\t\t\t<div class=\"elementor-element elementor-element-4ce0d07f elementor-widget elementor-widget-heading\" data-id=\"4ce0d07f\" data-element_type=\"widget\" data-widget_type=\"heading.default\">\n\t\t\t\t<div class=\"elementor-widget-container\">\n\t\t\t\t\t<h2 class=\"elementor-heading-title elementor-size-default\">Tarih\u00e7e<\/h2>\t\t\t\t<\/div>\n\t\t\t\t<\/div>\n\t\t\t\t<div class=\"elementor-element elementor-element-63260862 elementor-widget-divider--view-line elementor-widget elementor-widget-divider\" data-id=\"63260862\" data-element_type=\"widget\" data-widget_type=\"divider.default\">\n\t\t\t\t<div class=\"elementor-widget-container\">\n\t\t\t\t\t\t\t<div class=\"elementor-divider\">\n\t\t\t<span class=\"elementor-divider-separator\">\n\t\t\t\t\t\t<\/span>\n\t\t<\/div>\n\t\t\t\t\t\t<\/div>\n\t\t\t\t<\/div>\n\t\t\t\t\t<\/div>\n\t\t<\/div>\n\t\t\t\t\t<\/div>\n\t\t<\/section>\n\t\t\t\t<section class=\"elementor-section elementor-top-section elementor-element elementor-element-681db8b elementor-section-boxed elementor-section-height-default elementor-section-height-default\" data-id=\"681db8b\" data-element_type=\"section\">\n\t\t\t\t\t\t<div class=\"elementor-container elementor-column-gap-default\">\n\t\t\t\t\t<div class=\"elementor-column elementor-col-100 elementor-top-column elementor-element elementor-element-ad4dac5\" data-id=\"ad4dac5\" data-element_type=\"column\">\n\t\t\t<div class=\"elementor-widget-wrap elementor-element-populated\">\n\t\t\t\t\t\t<div class=\"elementor-element elementor-element-2f96b3d elementor-widget elementor-widget-text-editor\" data-id=\"2f96b3d\" data-element_type=\"widget\" data-widget_type=\"text-editor.default\">\n\t\t\t\t<div class=\"elementor-widget-container\">\n\t\t\t\t\t\t\t\t\t<p><span style=\", sans-serif;font-size: 14px;text-align: start\">G\u0131da M\u00fchendisli\u011fi B\u00f6l\u00fcm\u00fc 1977 y\u0131l\u0131nda S\u00fct ve G\u0131da Teknolojisi B\u00f6l\u00fcm\u00fc olarak kurulmu\u015f, 1982 y\u0131l\u0131nda Tar\u0131m \u00dcr\u00fcnleri Teknolojisi, 1989 y\u0131l\u0131nda G\u0131da Bilimi ve Teknolojisi, 1994 y\u0131l\u0131nda ise G\u0131da M\u00fchendisli\u011fi ad\u0131n\u0131 alm\u0131\u015ft\u0131r. 1978\u20131979 \u00f6\u011fretim y\u0131l\u0131nda lisans d\u00fczeyinde \u00f6\u011frenci al\u0131m\u0131na ba\u015flayan b\u00f6l\u00fcm ilk mezunlar\u0131n\u0131 1982\u20131983 \u00f6\u011fretim y\u0131l\u0131nda vermi\u015ftir. Lisans\u00fcst\u00fc d\u00fczeyde y\u00fcksek lisans ve doktora \u00f6\u011frenimini Fen Bilimleri Enstit\u00fcs\u00fc b\u00fcnyesinde s\u00fcrd\u00fcrmektedir.<\/span><br><\/p>\t\t\t\t\t\t\t\t<\/div>\n\t\t\t\t<\/div>\n\t\t\t\t\t<\/div>\n\t\t<\/div>\n\t\t\t\t\t<\/div>\n\t\t<\/section>\n\t\t\t\t<\/div>\n\t\t","protected":false},"excerpt":{"rendered":"<p>Tarih\u00e7e G\u0131da M\u00fchendisli\u011fi B\u00f6l\u00fcm\u00fc 1977 y\u0131l\u0131nda S\u00fct ve G\u0131da Teknolojisi B\u00f6l\u00fcm\u00fc olarak kurulmu\u015f, 1982 y\u0131l\u0131nda Tar\u0131m \u00dcr\u00fcnleri Teknolojisi, 1989 y\u0131l\u0131nda G\u0131da Bilimi ve Teknolojisi, 1994 y\u0131l\u0131nda ise G\u0131da M\u00fchendisli\u011fi ad\u0131n\u0131 alm\u0131\u015ft\u0131r. 1978\u20131979 \u00f6\u011fretim y\u0131l\u0131nda lisans d\u00fczeyinde \u00f6\u011frenci al\u0131m\u0131na ba\u015flayan b\u00f6l\u00fcm ilk mezunlar\u0131n\u0131 1982\u20131983 \u00f6\u011fretim y\u0131l\u0131nda vermi\u015ftir. Lisans\u00fcst\u00fc d\u00fczeyde y\u00fcksek lisans ve doktora \u00f6\u011frenimini Fen Bilimleri [&hellip;]<\/p>\n","protected":false},"author":1,"featured_media":0,"parent":0,"menu_order":0,"comment_status":"closed","ping_status":"closed","template":"","meta":{"footnotes":""},"class_list":["post-5638","page","type-page","status-publish","hentry"],"_links":{"self":[{"href":"https:\/\/atauni.edu.tr\/gida-muhendisligi-bolumu\/wp-json\/wp\/v2\/pages\/5638","targetHints":{"allow":["GET"]}}],"collection":[{"href":"https:\/\/atauni.edu.tr\/gida-muhendisligi-bolumu\/wp-json\/wp\/v2\/pages"}],"about":[{"href":"https:\/\/atauni.edu.tr\/gida-muhendisligi-bolumu\/wp-json\/wp\/v2\/types\/page"}],"author":[{"embeddable":true,"href":"https:\/\/atauni.edu.tr\/gida-muhendisligi-bolumu\/wp-json\/wp\/v2\/users\/1"}],"replies":[{"embeddable":true,"href":"https:\/\/atauni.edu.tr\/gida-muhendisligi-bolumu\/wp-json\/wp\/v2\/comments?post=5638"}],"version-history":[{"count":31,"href":"https:\/\/atauni.edu.tr\/gida-muhendisligi-bolumu\/wp-json\/wp\/v2\/pages\/5638\/revisions"}],"predecessor-version":[{"id":6426,"href":"https:\/\/atauni.edu.tr\/gida-muhendisligi-bolumu\/wp-json\/wp\/v2\/pages\/5638\/revisions\/6426"}],"wp:attachment":[{"href":"https:\/\/atauni.edu.tr\/gida-muhendisligi-bolumu\/wp-json\/wp\/v2\/media?parent=5638"}],"curies":[{"name":"wp","href":"https:\/\/api.w.org\/{rel}","templated":true}]}}