{"id":5662,"date":"2021-07-13T10:01:45","date_gmt":"2021-07-13T07:01:45","guid":{"rendered":"https:\/\/portaltest.atauni.edu.tr\/bilgisayar-muhendisligi\/?page_id=5662"},"modified":"2021-12-08T15:58:08","modified_gmt":"2021-12-08T12:58:08","slug":"yonetim","status":"publish","type":"page","link":"https:\/\/atauni.edu.tr\/gida-muhendisligi-bolumu\/yonetim\/","title":{"rendered":"Y\u00f6netim"},"content":{"rendered":"\t\t<div data-elementor-type=\"wp-page\" data-elementor-id=\"5662\" class=\"elementor elementor-5662\" data-elementor-post-type=\"page\">\n\t\t\t\t\t\t<section class=\"elementor-section elementor-top-section elementor-element elementor-element-22b96024 elementor-section-boxed elementor-section-height-default elementor-section-height-default\" data-id=\"22b96024\" data-element_type=\"section\">\n\t\t\t\t\t\t<div class=\"elementor-container elementor-column-gap-default\">\n\t\t\t\t\t<div class=\"elementor-column elementor-col-100 elementor-top-column elementor-element elementor-element-5a1f7769\" data-id=\"5a1f7769\" data-element_type=\"column\">\n\t\t\t<div class=\"elementor-widget-wrap elementor-element-populated\">\n\t\t\t\t\t\t<div class=\"elementor-element elementor-element-3b3e2d4a elementor-widget elementor-widget-heading\" data-id=\"3b3e2d4a\" data-element_type=\"widget\" data-widget_type=\"heading.default\">\n\t\t\t\t<div class=\"elementor-widget-container\">\n\t\t\t\t\t<h2 class=\"elementor-heading-title elementor-size-default\">Y\u00f6netim<\/h2>\t\t\t\t<\/div>\n\t\t\t\t<\/div>\n\t\t\t\t<div class=\"elementor-element elementor-element-35223868 elementor-widget-divider--view-line elementor-widget elementor-widget-divider\" data-id=\"35223868\" data-element_type=\"widget\" data-widget_type=\"divider.default\">\n\t\t\t\t<div class=\"elementor-widget-container\">\n\t\t\t\t\t\t\t<div class=\"elementor-divider\">\n\t\t\t<span class=\"elementor-divider-separator\">\n\t\t\t\t\t\t<\/span>\n\t\t<\/div>\n\t\t\t\t\t\t<\/div>\n\t\t\t\t<\/div>\n\t\t\t\t\t<\/div>\n\t\t<\/div>\n\t\t\t\t\t<\/div>\n\t\t<\/section>\n\t\t\t\t<section class=\"elementor-section elementor-top-section elementor-element elementor-element-fd99295 elementor-section-boxed elementor-section-height-default elementor-section-height-default\" data-id=\"fd99295\" data-element_type=\"section\">\n\t\t\t\t\t\t<div class=\"elementor-container elementor-column-gap-default\">\n\t\t\t\t\t<div class=\"elementor-column elementor-col-100 elementor-top-column elementor-element elementor-element-3da5c24\" data-id=\"3da5c24\" data-element_type=\"column\">\n\t\t\t<div class=\"elementor-widget-wrap elementor-element-populated\">\n\t\t\t\t\t\t<div class=\"elementor-element elementor-element-4c952f1 elementor-widget elementor-widget-shortcode\" data-id=\"4c952f1\" data-element_type=\"widget\" data-widget_type=\"shortcode.default\">\n\t\t\t\t<div class=\"elementor-widget-container\">\n\t\t\t\t\t            <div class=\"accordion\" id=\"personel-kart\">\n                <div class=\"card p-liste\">\n                    <div class=\"card-header \" id=\"p-0\">\n                        <h2 class=\"mb-0\">\n                            <button class=\"btn btn-link collapsed\" type=\"button\" data-toggle=\"collapse\"\n                                    data-target=\"#k-0\"\n                                    aria-expanded=\"false\" aria-controls=\"collapseOne\">\n                                <span class=\"unvan\">B\u00f6l\u00fcm Ba\u015fkan\u0131<\/span>\n                                Prof. Dr. Mustafa \u015eeng\u00fcl                            <\/button>\n                        <\/h2>\n                    <\/div>\n                    <div id=\"k-0\" class=\"collapse\" aria-labelledby=\"p-0\"\n                         data-parent=\"#personel-kart\" style=\"\">\n                        <div class=\"card-body\">\n                            <div class=\"row\">\n                                <div class=\"col-3 kart-resim\">\n                                    <img decoding=\"async\" src=\"\/\/eski.atauni.edu.tr\/resizer.php?w=189&amp;h=228&amp;zc=1&amp;src=\/uploads\/profilResimleriSha1\/a31e800078737823490b24570e3fd01c.png\"\n                                         class=\"img-fluid\">\n                                <\/div>\n                                <div class=\"col-7\">\n                                    <h3 class=\"kart-baslik kart-baslik-yonetim\">B\u00f6l\u00fcm Ba\u015fkan\u0131<\/h3>\n                                    <div class=\"row\">\n                                        <div class=\"ad-soyad\">Prof. Dr. Mustafa \u015eeng\u00fcl<\/div>\n                                        <div class=\"birim\">G\u0131da M\u00fchendisli\u011fi Anabilim Dal\u0131<\/div>\n                                        <div class=\"bilgiler\">\n                                            <strong>E-Posta<\/strong>msengul@atauni.edu.tr                                        <\/div>\n                                                                                <div class=\"bilgiler\"><strong>Profil<\/strong> <a target=\"_blank\"\n                                         href=\"http:\/\/avesis.atauni.edu.tr\/msengul\">https:\/\/avesis.atauni.edu.tr\/msengul<\/a>\n                                        <\/div>\n                                        <div class=\"bilgiler\">\n                                            <strong>Telefon<\/strong>\n                                            +90 442 231                                           (2489)&nbsp;\n                                        <\/div>\n                                        <div class=\"bilgiler\"><strong>Posta Adresi<\/strong> \n                                        <span class=\"posta\">\n                                                                                                Atat\u00fcrk \u00dcniversitesi Ziraat Fak\u00fcltesi G\u0131da M\u00fchendisli\u011fi B\u00f6l\u00fcm\u00fc                                                                                                                                                                                                                                                                                                                                                                                                                                <\/span>\n                                        <\/div>\n                                    <\/div>\n                                <\/div>\n                                <div class=\"col-10 kart-egitim\">\n                                    <h3>E\u011fitim<\/h3>\n                                    <ul>\n\n                                                                                        <li>Lisans, Atat\u00fcrk \u00dcniversitesi, Gida M\u00fchendisli\u011fi B\u00f6l\u00fcm\u00fc, 1990 <\/li>\n\n\n                                                                                                <li>Doktora, Atat\u00fcrk \u00dcniversitesi, Gida M\u00fchendisli\u011fi B\u00f6l\u00fcm\u00fc, 2001 <\/li>\n\n\n                                                                                                <li>Y\u00fcksek Lisans, Atat\u00fcrk \u00dcniversitesi, Gida M\u00fchendisli\u011fi B\u00f6l\u00fcm\u00fc, 1995 <\/li>\n\n\n                                                \n                                    <\/ul>\n                                <\/div>\n                                 <!--<div class=\"col-2 qr\">\n                                    <img decoding=\"async\" src=\"https:\/\/chart.googleapis.com\/chart?chs=100x100&amp;cht=qr&amp;chl=BEGIN:VCARD%0AVERSION:3.0%0ATITLE:%0AN:Mustafa%20\u015eeng\u00fcl%0ATEL;type=WORK:%2B904422312489%0AEMAIL:msengul@atauni.edu.tr%0AEND:VCARD\"\n                                         class=\"img-fluid qr\">\n                                <\/div>-->\n                            <\/div>\n                        <\/div>\n                    <\/div>\n                <\/div>\n            <\/div>\n\n\n                        <div class=\"accordion\" id=\"personel-kart\">\n                <div class=\"card p-liste\">\n                    <div class=\"card-header \" id=\"p-1\">\n                        <h2 class=\"mb-0\">\n                            <button class=\"btn btn-link collapsed\" type=\"button\" data-toggle=\"collapse\"\n                                    data-target=\"#k-1\"\n                                    aria-expanded=\"false\" aria-controls=\"collapseOne\">\n                                <span class=\"unvan\">B\u00f6l\u00fcm Ba\u015fkan\u0131 Yard\u0131mc\u0131s\u0131<\/span>\n                                Prof. Dr. \u0130hsan G\u00fcng\u00f6r \u015eat                            <\/button>\n                        <\/h2>\n                    <\/div>\n                    <div id=\"k-1\" class=\"collapse\" aria-labelledby=\"p-1\"\n                         data-parent=\"#personel-kart\" style=\"\">\n                        <div class=\"card-body\">\n                            <div class=\"row\">\n                                <div class=\"col-3 kart-resim\">\n                                    <img decoding=\"async\" src=\"\/\/eski.atauni.edu.tr\/resizer.php?w=189&amp;h=228&amp;zc=1&amp;src=\/uploads\/profilResimleriSha1\/594c4bb09a28a0add6130be98913d029.png\"\n                                         class=\"img-fluid\">\n                                <\/div>\n                                <div class=\"col-7\">\n                                    <h3 class=\"kart-baslik kart-baslik-yonetim\">B\u00f6l\u00fcm Ba\u015fkan\u0131 Yard\u0131mc\u0131s\u0131<\/h3>\n                                    <div class=\"row\">\n                                        <div class=\"ad-soyad\">Prof. Dr. \u0130hsan G\u00fcng\u00f6r \u015eat<\/div>\n                                        <div class=\"birim\">G\u0131da M\u00fchendisli\u011fi Anabilim Dal\u0131<\/div>\n                                        <div class=\"bilgiler\">\n                                            <strong>E-Posta<\/strong>igsat@atauni.edu.tr                                        <\/div>\n                                                                                <div class=\"bilgiler\"><strong>Profil<\/strong> <a target=\"_blank\"\n                                         href=\"http:\/\/avesis.atauni.edu.tr\/igsat\">https:\/\/avesis.atauni.edu.tr\/igsat<\/a>\n                                        <\/div>\n                                        <div class=\"bilgiler\">\n                                            <strong>Telefon<\/strong>\n                                            +90 442 231                                           (2481)&nbsp;\n                                        <\/div>\n                                        <div class=\"bilgiler\"><strong>Posta Adresi<\/strong> \n                                        <span class=\"posta\">\n                                                                                                Atat\u00fcrk \u00dcniversitesi Ziraat Fak\u00fcltesi G\u0131da M\u00fchendisli\u011fi B\u00f6l\u00fcm\u00fc                                                                                                                                                                                                                                                                                                                                                                                                                                <\/span>\n                                        <\/div>\n                                    <\/div>\n                                <\/div>\n                                <div class=\"col-10 kart-egitim\">\n                                    <h3>E\u011fitim<\/h3>\n                                    <ul>\n\n                                                                                        <li>Doktora, Atat\u00fcrk \u00dcniversitesi, Gida M\u00fchendisli\u011fi (Yl) (Tezli), 2002 <\/li>\n\n\n                                                                                                <li>Y\u00fcksek Lisans, Atat\u00fcrk \u00dcniversitesi, Gida M\u00fchendisli\u011fi (Yl) (Tezli), 1997 <\/li>\n\n\n                                                                                                <li>Lisans, Atat\u00fcrk \u00dcniversitesi, Gida M\u00fchendisli\u011fi B\u00f6l\u00fcm\u00fc, 1991 <\/li>\n\n\n                                                \n                                    <\/ul>\n                                <\/div>\n                                 <!--<div class=\"col-2 qr\">\n                                    <img decoding=\"async\" src=\"https:\/\/chart.googleapis.com\/chart?chs=100x100&amp;cht=qr&amp;chl=BEGIN:VCARD%0AVERSION:3.0%0ATITLE:%0AN:\u0130hsan G\u00fcng\u00f6r%20\u015eat%0ATEL;type=WORK:%2B904422312481%0AEMAIL:igsat@atauni.edu.tr%0AEND:VCARD\"\n                                         class=\"img-fluid qr\">\n                                <\/div>-->\n                            <\/div>\n                        <\/div>\n                    <\/div>\n                <\/div>\n            <\/div>\n\n\n                        <div class=\"accordion\" id=\"personel-kart\">\n                <div class=\"card p-liste\">\n                    <div class=\"card-header \" id=\"p-2\">\n                        <h2 class=\"mb-0\">\n                            <button class=\"btn btn-link collapsed\" type=\"button\" data-toggle=\"collapse\"\n                                    data-target=\"#k-2\"\n                                    aria-expanded=\"false\" aria-controls=\"collapseOne\">\n                                <span class=\"unvan\">B\u00f6l\u00fcm Ba\u015fkan\u0131 Yard\u0131mc\u0131s\u0131<\/span>\n                                Dr. \u00d6\u011fr. \u00dcyesi Mehmet Y\u00fcksel                            <\/button>\n                        <\/h2>\n                    <\/div>\n                    <div id=\"k-2\" class=\"collapse\" aria-labelledby=\"p-2\"\n                         data-parent=\"#personel-kart\" style=\"\">\n                        <div class=\"card-body\">\n                            <div class=\"row\">\n                                <div class=\"col-3 kart-resim\">\n                                    <img decoding=\"async\" src=\"\/\/eski.atauni.edu.tr\/resizer.php?w=189&amp;h=228&amp;zc=1&amp;src=\/uploads\/profilResimleriSha1\/44658ed439b2c8706b14fa9151103645.png\"\n                                         class=\"img-fluid\">\n                                <\/div>\n                                <div class=\"col-7\">\n                                    <h3 class=\"kart-baslik kart-baslik-yonetim\">B\u00f6l\u00fcm Ba\u015fkan\u0131 Yard\u0131mc\u0131s\u0131<\/h3>\n                                    <div class=\"row\">\n                                        <div class=\"ad-soyad\">Dr. \u00d6\u011fr. \u00dcyesi Mehmet Y\u00fcksel<\/div>\n                                        <div class=\"birim\">G\u0131da M\u00fchendisli\u011fi Anabilim Dal\u0131<\/div>\n                                        <div class=\"bilgiler\">\n                                            <strong>E-Posta<\/strong>mehmet.yuksel@atauni.edu.tr                                        <\/div>\n                                                                                <div class=\"bilgiler\"><strong>Profil<\/strong> <a target=\"_blank\"\n                                         href=\"http:\/\/avesis.atauni.edu.tr\/mehmet.yuksel\">https:\/\/avesis.atauni.edu.tr\/mehmet.yuksel<\/a>\n                                        <\/div>\n                                        <div class=\"bilgiler\">\n                                            <strong>Telefon<\/strong>\n                                            +90 442 231                                           (2640)&nbsp;\n                                        <\/div>\n                                        <div class=\"bilgiler\"><strong>Posta Adresi<\/strong> \n                                        <span class=\"posta\">\n                                                                                                Atat\u00fcrk \u00dcniversitesi Ziraat Fak\u00fcltesi G\u0131da M\u00fchendisli\u011fi B\u00f6l\u00fcm\u00fc                                                                                                                                                                                                                                                                                                                                                                                                                                <\/span>\n                                        <\/div>\n                                    <\/div>\n                                <\/div>\n                                <div class=\"col-10 kart-egitim\">\n                                    <h3>E\u011fitim<\/h3>\n                                    <ul>\n\n                                                                                        <li>Lisans, Atat\u00fcrk \u00dcniversitesi, Gida M\u00fchendisli\u011fi B\u00f6l\u00fcm\u00fc, 2010 <\/li>\n\n\n                                                                                                <li>Doktora, Atat\u00fcrk \u00dcniversitesi, Gida M\u00fchendisli\u011fi (Dr), 2018 <\/li>\n\n\n                                                                                                <li>Y\u00fcksek Lisans, Atat\u00fcrk \u00dcniversitesi, Gida M\u00fchendisli\u011fi (Yl) (Tezli), 2013 <\/li>\n\n\n                                                \n                                    <\/ul>\n                                <\/div>\n                                 <!--<div class=\"col-2 qr\">\n                                    <img decoding=\"async\" src=\"https:\/\/chart.googleapis.com\/chart?chs=100x100&amp;cht=qr&amp;chl=BEGIN:VCARD%0AVERSION:3.0%0ATITLE:%0AN:Mehmet%20Y\u00fcksel%0ATEL;type=WORK:%2B904422312640%0AEMAIL:mehmet.yuksel@atauni.edu.tr%0AEND:VCARD\"\n                                         class=\"img-fluid qr\">\n                                <\/div>-->\n                            <\/div>\n                        <\/div>\n                    <\/div>\n                <\/div>\n            <\/div>\n\n\n            \t\t<div class=\"elementor-shortcode\"><\/div>\n\t\t\t\t\t\t<\/div>\n\t\t\t\t<\/div>\n\t\t\t\t\t<\/div>\n\t\t<\/div>\n\t\t\t\t\t<\/div>\n\t\t<\/section>\n\t\t\t\t<section class=\"elementor-section elementor-top-section elementor-element elementor-element-d455327 elementor-section-boxed elementor-section-height-default elementor-section-height-default\" data-id=\"d455327\" data-element_type=\"section\">\n\t\t\t\t\t\t<div class=\"elementor-container elementor-column-gap-default\">\n\t\t\t\t\t<div class=\"elementor-column elementor-col-100 elementor-top-column elementor-element elementor-element-83cb587\" data-id=\"83cb587\" data-element_type=\"column\">\n\t\t\t<div class=\"elementor-widget-wrap\">\n\t\t\t\t\t\t\t<\/div>\n\t\t<\/div>\n\t\t\t\t\t<\/div>\n\t\t<\/section>\n\t\t\t\t<section class=\"elementor-section elementor-top-section elementor-element elementor-element-a8b6d8b elementor-section-boxed elementor-section-height-default elementor-section-height-default\" data-id=\"a8b6d8b\" data-element_type=\"section\">\n\t\t\t\t\t\t<div class=\"elementor-container elementor-column-gap-default\">\n\t\t\t\t\t<div class=\"elementor-column elementor-col-100 elementor-top-column elementor-element elementor-element-a1f1318\" data-id=\"a1f1318\" data-element_type=\"column\">\n\t\t\t<div class=\"elementor-widget-wrap elementor-element-populated\">\n\t\t\t\t\t\t<div class=\"elementor-element elementor-element-55628ab elementor-widget elementor-widget-image\" data-id=\"55628ab\" data-element_type=\"widget\" data-widget_type=\"image.default\">\n\t\t\t\t<div class=\"elementor-widget-container\">\n\t\t\t\t\t\t\t\t\t\t\t\t\t\t\t<img fetchpriority=\"high\" decoding=\"async\" width=\"1920\" height=\"1080\" src=\"https:\/\/atauni.edu.tr\/gida-muhendisligi-bolumu\/wp-content\/uploads\/sites\/116\/2021\/12\/Yonetim-3.png\" class=\"attachment-full size-full wp-image-6600\" alt=\"\" srcset=\"https:\/\/atauni.edu.tr\/gida-muhendisligi-bolumu\/wp-content\/uploads\/sites\/116\/2021\/12\/Yonetim-3.png 1920w, https:\/\/atauni.edu.tr\/gida-muhendisligi-bolumu\/wp-content\/uploads\/sites\/116\/2021\/12\/Yonetim-3-300x169.png 300w, https:\/\/atauni.edu.tr\/gida-muhendisligi-bolumu\/wp-content\/uploads\/sites\/116\/2021\/12\/Yonetim-3-1024x576.png 1024w, https:\/\/atauni.edu.tr\/gida-muhendisligi-bolumu\/wp-content\/uploads\/sites\/116\/2021\/12\/Yonetim-3-768x432.png 768w, https:\/\/atauni.edu.tr\/gida-muhendisligi-bolumu\/wp-content\/uploads\/sites\/116\/2021\/12\/Yonetim-3-1536x864.png 1536w, https:\/\/atauni.edu.tr\/gida-muhendisligi-bolumu\/wp-content\/uploads\/sites\/116\/2021\/12\/Yonetim-3-600x338.png 600w, https:\/\/atauni.edu.tr\/gida-muhendisligi-bolumu\/wp-content\/uploads\/sites\/116\/2021\/12\/Yonetim-3-560x315.png 560w\" sizes=\"(max-width: 1920px) 100vw, 1920px\" \/>\t\t\t\t\t\t\t\t\t\t\t\t\t\t\t<\/div>\n\t\t\t\t<\/div>\n\t\t\t\t<div class=\"elementor-element elementor-element-f382874 elementor-widget elementor-widget-image\" data-id=\"f382874\" data-element_type=\"widget\" data-widget_type=\"image.default\">\n\t\t\t\t<div class=\"elementor-widget-container\">\n\t\t\t\t\t\t\t\t\t\t\t\t\t\t\t<img decoding=\"async\" width=\"1024\" height=\"576\" src=\"https:\/\/atauni.edu.tr\/gida-muhendisligi-bolumu\/wp-content\/uploads\/sites\/116\/2021\/12\/Yonetim-Metodolojisi-1024x576.png\" class=\"attachment-large size-large wp-image-6537\" alt=\"\" srcset=\"https:\/\/atauni.edu.tr\/gida-muhendisligi-bolumu\/wp-content\/uploads\/sites\/116\/2021\/12\/Yonetim-Metodolojisi-1024x576.png 1024w, https:\/\/atauni.edu.tr\/gida-muhendisligi-bolumu\/wp-content\/uploads\/sites\/116\/2021\/12\/Yonetim-Metodolojisi-300x169.png 300w, https:\/\/atauni.edu.tr\/gida-muhendisligi-bolumu\/wp-content\/uploads\/sites\/116\/2021\/12\/Yonetim-Metodolojisi-768x432.png 768w, https:\/\/atauni.edu.tr\/gida-muhendisligi-bolumu\/wp-content\/uploads\/sites\/116\/2021\/12\/Yonetim-Metodolojisi-1536x864.png 1536w, https:\/\/atauni.edu.tr\/gida-muhendisligi-bolumu\/wp-content\/uploads\/sites\/116\/2021\/12\/Yonetim-Metodolojisi-600x338.png 600w, https:\/\/atauni.edu.tr\/gida-muhendisligi-bolumu\/wp-content\/uploads\/sites\/116\/2021\/12\/Yonetim-Metodolojisi-560x315.png 560w, https:\/\/atauni.edu.tr\/gida-muhendisligi-bolumu\/wp-content\/uploads\/sites\/116\/2021\/12\/Yonetim-Metodolojisi.png 1920w\" sizes=\"(max-width: 1024px) 100vw, 1024px\" \/>\t\t\t\t\t\t\t\t\t\t\t\t\t\t\t<\/div>\n\t\t\t\t<\/div>\n\t\t\t\t\t<\/div>\n\t\t<\/div>\n\t\t\t\t\t<\/div>\n\t\t<\/section>\n\t\t\t\t<\/div>\n\t\t","protected":false},"excerpt":{"rendered":"<p>Y\u00f6netim<\/p>\n","protected":false},"author":1,"featured_media":0,"parent":0,"menu_order":0,"comment_status":"closed","ping_status":"closed","template":"elementor_header_footer","meta":{"footnotes":""},"class_list":["post-5662","page","type-page","status-publish","hentry"],"_links":{"self":[{"href":"https:\/\/atauni.edu.tr\/gida-muhendisligi-bolumu\/wp-json\/wp\/v2\/pages\/5662","targetHints":{"allow":["GET"]}}],"collection":[{"href":"https:\/\/atauni.edu.tr\/gida-muhendisligi-bolumu\/wp-json\/wp\/v2\/pages"}],"about":[{"href":"https:\/\/atauni.edu.tr\/gida-muhendisligi-bolumu\/wp-json\/wp\/v2\/types\/page"}],"author":[{"embeddable":true,"href":"https:\/\/atauni.edu.tr\/gida-muhendisligi-bolumu\/wp-json\/wp\/v2\/users\/1"}],"replies":[{"embeddable":true,"href":"https:\/\/atauni.edu.tr\/gida-muhendisligi-bolumu\/wp-json\/wp\/v2\/comments?post=5662"}],"version-history":[{"count":38,"href":"https:\/\/atauni.edu.tr\/gida-muhendisligi-bolumu\/wp-json\/wp\/v2\/pages\/5662\/revisions"}],"predecessor-version":[{"id":6603,"href":"https:\/\/atauni.edu.tr\/gida-muhendisligi-bolumu\/wp-json\/wp\/v2\/pages\/5662\/revisions\/6603"}],"wp:attachment":[{"href":"https:\/\/atauni.edu.tr\/gida-muhendisligi-bolumu\/wp-json\/wp\/v2\/media?parent=5662"}],"curies":[{"name":"wp","href":"https:\/\/api.w.org\/{rel}","templated":true}]}}