{"id":5728,"date":"2021-07-13T11:33:38","date_gmt":"2021-07-13T08:33:38","guid":{"rendered":"https:\/\/portaltest.atauni.edu.tr\/bilgisayar-muhendisligi\/?page_id=5728"},"modified":"2021-12-08T09:04:26","modified_gmt":"2021-12-08T06:04:26","slug":"bolum-tanitimi","status":"publish","type":"page","link":"https:\/\/atauni.edu.tr\/gida-muhendisligi-bolumu\/bolum-tanitimi\/","title":{"rendered":"B\u00f6l\u00fcm Tan\u0131t\u0131m\u0131"},"content":{"rendered":"<p style=\"text-align: left\"><strong>Genel Tan\u0131m:<\/strong>\u00a0G\u0131da m\u00fchendisli\u011fi, g\u0131da maddelerinin toplanmas\u0131ndan t\u00fcketilmesine kadar ge\u00e7en s\u00fcre i\u00e7inde nitelik ve nicelik y\u00f6n\u00fcnden de\u011ferlerini kaybetmeyecek \u015fekilde i\u015flenmesi, korunmas\u0131, ta\u015f\u0131nmas\u0131, yeni g\u0131dalar\u0131n geli\u015ftirilmesi ve \u00fcretilmesi, hammaddelerden \u00e7ok y\u00f6nl\u00fc yararlan\u0131lmas\u0131, at\u0131k g\u0131dalardan yeni besinler olu\u015fturulmas\u0131, sa\u011fl\u0131kl\u0131 g\u0131da \u00e7e\u015fitlerinin art\u0131r\u0131lmas\u0131 konusunda ara\u015ft\u0131rma ve \u00e7al\u0131\u015fmalar yapan \u00fcretici bir m\u00fchendislik dal\u0131d\u0131r.<\/p>\n<p><strong>Faaliyet Alanlar\u0131:<\/strong>\u00a0G\u0131da \u00fcretiminde ve i\u015fletmede \u00e7al\u0131\u015fanlar, \u00fcretimi denetler ve kar\u015f\u0131la\u015f\u0131lan sorunlar\u0131n giderilmesi i\u00e7in u\u011fra\u015f\u0131rlar. Kalite kontrol dal\u0131nda ise ara a\u015famalarda i\u015flenmi\u015f madde kontrol\u00fc yapar, t\u00fcketime sunulmu\u015f g\u0131dalar\u0131n denetimi ile ilgilenirler. Bakanl\u0131klara ba\u011fl\u0131 kurulu\u015flarda, belediyelerde ve \u00f6zel sekt\u00f6rde proje m\u00fchendisi, yat\u0131r\u0131m uzman\u0131 dan\u0131\u015fman\u0131 ya da kalite kontrol uzman\u0131 olarak g\u00f6rev alabilirler.<\/p>\n<p><strong>\u0130\u015f Bulma Olanaklar\u0131 ve Kazan\u00e7 Durumu:<\/strong> \u00dclkemizde g\u0131da sekt\u00f6r\u00fcne yap\u0131lan yat\u0131r\u0131m\u0131n y\u00fcksek olmas\u0131, kamu kurum ve kurulu\u015flar\u0131nda G\u0131da M\u00fchendislerinin istihdam edilmesiyle bu b\u00f6l\u00fcm mezunlar\u0131 olduk\u00e7a geni\u015f i\u015f imkanlar\u0131na sahiptirler.<\/p>\n","protected":false},"excerpt":{"rendered":"<p>Genel Tan\u0131m:\u00a0G\u0131da m\u00fchendisli\u011fi, g\u0131da maddelerinin toplanmas\u0131ndan t\u00fcketilmesine kadar ge\u00e7en s\u00fcre i\u00e7inde nitelik ve nicelik y\u00f6n\u00fcnden de\u011ferlerini kaybetmeyecek \u015fekilde i\u015flenmesi, korunmas\u0131, ta\u015f\u0131nmas\u0131, yeni g\u0131dalar\u0131n geli\u015ftirilmesi ve \u00fcretilmesi, hammaddelerden \u00e7ok y\u00f6nl\u00fc yararlan\u0131lmas\u0131, at\u0131k g\u0131dalardan yeni besinler olu\u015fturulmas\u0131, sa\u011fl\u0131kl\u0131 g\u0131da \u00e7e\u015fitlerinin art\u0131r\u0131lmas\u0131 konusunda ara\u015ft\u0131rma ve \u00e7al\u0131\u015fmalar yapan \u00fcretici bir m\u00fchendislik dal\u0131d\u0131r. Faaliyet Alanlar\u0131:\u00a0G\u0131da \u00fcretiminde ve i\u015fletmede \u00e7al\u0131\u015fanlar, \u00fcretimi [&hellip;]<\/p>\n","protected":false},"author":1,"featured_media":0,"parent":0,"menu_order":0,"comment_status":"closed","ping_status":"closed","template":"elementor_header_footer","meta":{"footnotes":""},"class_list":["post-5728","page","type-page","status-publish","hentry"],"_links":{"self":[{"href":"https:\/\/atauni.edu.tr\/gida-muhendisligi-bolumu\/wp-json\/wp\/v2\/pages\/5728","targetHints":{"allow":["GET"]}}],"collection":[{"href":"https:\/\/atauni.edu.tr\/gida-muhendisligi-bolumu\/wp-json\/wp\/v2\/pages"}],"about":[{"href":"https:\/\/atauni.edu.tr\/gida-muhendisligi-bolumu\/wp-json\/wp\/v2\/types\/page"}],"author":[{"embeddable":true,"href":"https:\/\/atauni.edu.tr\/gida-muhendisligi-bolumu\/wp-json\/wp\/v2\/users\/1"}],"replies":[{"embeddable":true,"href":"https:\/\/atauni.edu.tr\/gida-muhendisligi-bolumu\/wp-json\/wp\/v2\/comments?post=5728"}],"version-history":[{"count":11,"href":"https:\/\/atauni.edu.tr\/gida-muhendisligi-bolumu\/wp-json\/wp\/v2\/pages\/5728\/revisions"}],"predecessor-version":[{"id":6458,"href":"https:\/\/atauni.edu.tr\/gida-muhendisligi-bolumu\/wp-json\/wp\/v2\/pages\/5728\/revisions\/6458"}],"wp:attachment":[{"href":"https:\/\/atauni.edu.tr\/gida-muhendisligi-bolumu\/wp-json\/wp\/v2\/media?parent=5728"}],"curies":[{"name":"wp","href":"https:\/\/api.w.org\/{rel}","templated":true}]}}