{"id":5734,"date":"2021-07-13T11:37:45","date_gmt":"2021-07-13T08:37:45","guid":{"rendered":"https:\/\/portaltest.atauni.edu.tr\/bilgisayar-muhendisligi\/?page_id=5734"},"modified":"2021-08-27T15:50:14","modified_gmt":"2021-08-27T12:50:14","slug":"ogrenci-deneyimi","status":"publish","type":"page","link":"https:\/\/atauni.edu.tr\/gida-muhendisligi-bolumu\/ogrenci-deneyimi\/","title":{"rendered":"\u00d6\u011frenci Deneyimi"},"content":{"rendered":"\t\t<div data-elementor-type=\"wp-page\" data-elementor-id=\"5734\" class=\"elementor elementor-5734\" data-elementor-post-type=\"page\">\n\t\t\t\t\t\t<section class=\"elementor-section elementor-top-section elementor-element elementor-element-730d320 elementor-section-boxed elementor-section-height-default elementor-section-height-default\" data-id=\"730d320\" data-element_type=\"section\">\n\t\t\t\t\t\t<div class=\"elementor-container elementor-column-gap-default\">\n\t\t\t\t\t<div class=\"elementor-column elementor-col-100 elementor-top-column elementor-element elementor-element-753d0860\" data-id=\"753d0860\" data-element_type=\"column\">\n\t\t\t<div class=\"elementor-widget-wrap\">\n\t\t\t\t\t\t\t<\/div>\n\t\t<\/div>\n\t\t\t\t\t<\/div>\n\t\t<\/section>\n\t\t\t\t<section class=\"elementor-section elementor-top-section elementor-element elementor-element-9be811a elementor-section-boxed elementor-section-height-default elementor-section-height-default\" data-id=\"9be811a\" data-element_type=\"section\">\n\t\t\t\t\t\t<div class=\"elementor-container elementor-column-gap-default\">\n\t\t\t\t\t<div class=\"elementor-column elementor-col-100 elementor-top-column elementor-element elementor-element-1ed847b7\" data-id=\"1ed847b7\" data-element_type=\"column\">\n\t\t\t<div class=\"elementor-widget-wrap elementor-element-populated\">\n\t\t\t\t\t\t<div class=\"elementor-element elementor-element-4ce0d07f elementor-widget elementor-widget-heading\" data-id=\"4ce0d07f\" data-element_type=\"widget\" data-widget_type=\"heading.default\">\n\t\t\t\t<div class=\"elementor-widget-container\">\n\t\t\t\t\t<h2 class=\"elementor-heading-title elementor-size-default\">\u00d6\u011frenci Deneyimi<\/h2>\t\t\t\t<\/div>\n\t\t\t\t<\/div>\n\t\t\t\t<div class=\"elementor-element elementor-element-63260862 elementor-widget-divider--view-line elementor-widget elementor-widget-divider\" data-id=\"63260862\" data-element_type=\"widget\" data-widget_type=\"divider.default\">\n\t\t\t\t<div class=\"elementor-widget-container\">\n\t\t\t\t\t\t\t<div class=\"elementor-divider\">\n\t\t\t<span class=\"elementor-divider-separator\">\n\t\t\t\t\t\t<\/span>\n\t\t<\/div>\n\t\t\t\t\t\t<\/div>\n\t\t\t\t<\/div>\n\t\t\t\t\t<\/div>\n\t\t<\/div>\n\t\t\t\t\t<\/div>\n\t\t<\/section>\n\t\t\t\t<section class=\"elementor-section elementor-top-section elementor-element elementor-element-4debb41 elementor-section-boxed elementor-section-height-default elementor-section-height-default\" data-id=\"4debb41\" data-element_type=\"section\">\n\t\t\t\t\t\t<div class=\"elementor-container elementor-column-gap-default\">\n\t\t\t\t\t<div class=\"elementor-column elementor-col-100 elementor-top-column elementor-element elementor-element-28420b1\" data-id=\"28420b1\" data-element_type=\"column\">\n\t\t\t<div class=\"elementor-widget-wrap elementor-element-populated\">\n\t\t\t\t\t\t<div class=\"elementor-element elementor-element-e007b90 elementor-widget elementor-widget-ova_testimonial\" data-id=\"e007b90\" data-element_type=\"widget\" data-settings=\"{&quot;pause_on_hover&quot;:&quot;yes&quot;,&quot;infinite&quot;:&quot;yes&quot;,&quot;autoplay&quot;:&quot;yes&quot;,&quot;autoplay_speed&quot;:3000,&quot;dot_control&quot;:&quot;yes&quot;}\" data-widget_type=\"ova_testimonial.default\">\n\t\t\t\t<div class=\"elementor-widget-container\">\n\t\t\t\t\t\n\t\t\n\t\t\t<section class=\"ova-testimonial \">\n\t\t\t\t<div class=\"slide-testimonials owl-carousel owl-theme\" data-options=\"{&quot;items&quot;:3,&quot;slideBy&quot;:1,&quot;margin&quot;:30,&quot;autoplayHoverPause&quot;:true,&quot;loop&quot;:true,&quot;autoplay&quot;:true,&quot;autoplayTimeout&quot;:3000,&quot;smartSpeed&quot;:500,&quot;dots&quot;:true}\">\n\t\t\t\t\t\t\t\t\t\t\t<div class=\"item\">\n\t\t\t\t\t\t\t<div class=\"client_info\">\n\t\t\t\t\t\t\t\t\t\t\t\t\t\t\t\t\t<p class=\"evaluate\">G\u0131da M\u00fchendisli\u011fi B\u00f6l\u00fcm\u00fc \u00f6\u011frencileri, b\u00f6l\u00fcm\u00fcn geni\u015f kapsaml\u0131 e\u011fitim olanaklar\u0131ndan yararlanarak themselves geli\u015ftirme f\u0131rsat\u0131n\u0131 elde ederler. \u00d6\u011frenciler, teorik bilgilerini peki\u015ftirmenin yan\u0131 s\u0131ra pratik deneyim kazanmak i\u00e7in laboratuvar ve uygulama alanlar\u0131nda \u00e7al\u0131\u015f\u0131rlar.\n\nB\u00f6l\u00fcm\u00fcn deneyimli akademik kadrosu, \u00f6\u011frencilere rehberlik yapar ve onlar\u0131n mesleki geli\u015fimlerini destekler. \u00d6\u011frencilerin farkl\u0131 konularda proje \u00e7al\u0131\u015fmalar\u0131 yapmalar\u0131 te\u015fvik edilir ve bu sayede kendi ilgi alanlar\u0131na odaklanma f\u0131rsat\u0131 bulurlar.\n\nG\u0131da M\u00fchendisli\u011fi B\u00f6l\u00fcm\u00fc, \u00f6\u011frencilerin end\u00fcstriyi tan\u0131malar\u0131 ve sekt\u00f6r\u00fcn ihtiya\u00e7lar\u0131n\u0131 anlamalar\u0131 i\u00e7in \u00e7e\u015fitli etkinlikler d\u00fczenler. \u00d6\u011frenciler, sekt\u00f6r\u00fcn \u00f6nde gelen firmalar\u0131yla ileti\u015fim kurma f\u0131rsat\u0131 bulur ve staj imkanlar\u0131ndan yararlanarak deneyim kazan\u0131rlar.\n\n\u00d6\u011frenci kul\u00fcpleri ve topluluklar\u0131 arac\u0131l\u0131\u011f\u0131yla \u00f6\u011frenciler, sosyal sorumluluk projelerine kat\u0131l\u0131rlar ve topluma katk\u0131da bulunurlar. Ayr\u0131ca, b\u00f6l\u00fcm\u00fcn uluslararas\u0131 ba\u011flant\u0131lar\u0131 sayesinde \u00f6\u011frenciler, yabanc\u0131 \u00fclkelerdeki \u00fcniversitelerle i\u015fbirli\u011fi yaparak k\u00fcresel perspektif kazanma \u015fans\u0131na sahip olurlar.\n\nG\u0131da M\u00fchendisli\u011fi B\u00f6l\u00fcm\u00fc, \u00f6\u011frencilere g\u00fc\u00e7l\u00fc bir akademik temel sa\u011flar ve onlar\u0131 gelecekteki meslek ya\u015famlar\u0131 i\u00e7in haz\u0131rlar. Mezunlar, g\u0131da end\u00fcstrisinde \u00f6nemli rol oynayan firmalar ve kurulu\u015flarda \u00e7al\u0131\u015fmaya ba\u015flarlar ve sekt\u00f6r\u00fcn geli\u015fimine katk\u0131da bulunurlar.<\/p>\n\t\t\t\t\t\t\t\t\n\t\t\t\t\t\t\t\t<div class=\"info\">\n\t\t\t\t\t\t\t\t\t\t\t\t\t\t\t\t\t\t<div class=\"name-job\">\n\t\t\t\t\t\t\t\t\t\t\t\t\t\t\t\t\t\t\t\t\t<p class=\"name second_font\">G\u0131da M\u00fchendisli\u011fi B\u00f6l\u00fcm\u00fc \u00f6\u011frencileri, b\u00f6l\u00fcm\u00fcn geni\u015f kapsaml\u0131 e\u011fitim olanaklar\u0131ndan yararlanarak themselves geli\u015ftirme f\u0131rsat\u0131n\u0131 elde ederler. \u00d6\u011frenciler, teorik bilgilerini peki\u015ftirmenin yan\u0131 s\u0131ra pratik deneyim kazanmak i\u00e7in laboratuvar ve uygulama alanlar\u0131nda \u00e7al\u0131\u015f\u0131rlar.\n\nB\u00f6l\u00fcm\u00fcn deneyimli akademik kadrosu, \u00f6\u011frencilere rehberlik yapar ve onlar\u0131n mesleki geli\u015fimlerini destekler. \u00d6\u011frencilerin farkl\u0131 konularda proje \u00e7al\u0131\u015fmalar\u0131 yapmalar\u0131 te\u015fvik edilir ve bu sayede kendi ilgi alanlar\u0131na odaklanma f\u0131rsat\u0131 bulurlar.\n\nG\u0131da M\u00fchendisli\u011fi B\u00f6l\u00fcm\u00fc, \u00f6\u011frencilerin end\u00fcstriyi tan\u0131malar\u0131 ve sekt\u00f6r\u00fcn ihtiya\u00e7lar\u0131n\u0131 anlamalar\u0131 i\u00e7in \u00e7e\u015fitli etkinlikler d\u00fczenler. \u00d6\u011frenciler, sekt\u00f6r\u00fcn \u00f6nde gelen firmalar\u0131yla ileti\u015fim kurma f\u0131rsat\u0131 bulur ve staj imkanlar\u0131ndan yararlanarak deneyim kazan\u0131rlar.\n\n\u00d6\u011frenci kul\u00fcpleri ve topluluklar\u0131 arac\u0131l\u0131\u011f\u0131yla \u00f6\u011frenciler, sosyal sorumluluk projelerine kat\u0131l\u0131rlar ve topluma katk\u0131da bulunurlar. Ayr\u0131ca, b\u00f6l\u00fcm\u00fcn uluslararas\u0131 ba\u011flant\u0131lar\u0131 sayesinde \u00f6\u011frenciler, yabanc\u0131 \u00fclkelerdeki \u00fcniversitelerle i\u015fbirli\u011fi yaparak k\u00fcresel perspektif kazanma \u015fans\u0131na sahip olurlar.\n\nG\u0131da M\u00fchendisli\u011fi B\u00f6l\u00fcm\u00fc, \u00f6\u011frencilere g\u00fc\u00e7l\u00fc bir akademik temel sa\u011flar ve onlar\u0131 gelecekteki meslek ya\u015famlar\u0131 i\u00e7in haz\u0131rlar. Mezunlar, g\u0131da end\u00fcstrisinde \u00f6nemli rol oynayan firmalar ve kurulu\u015flarda \u00e7al\u0131\u015fmaya ba\u015flarlar ve sekt\u00f6r\u00fcn geli\u015fimine katk\u0131da bulunurlar.<\/p>\n\t\t\t\t\t\t\t\t\t\t\t\t\t\t\t\t\t\t\t\t\t\t\t\t\t\t\t\t\t\t\t<p class=\"job\">G\u0131da M\u00fchendisli\u011fi B\u00f6l\u00fcm\u00fc \u00f6\u011frencileri, b\u00f6l\u00fcm\u00fcn geni\u015f kapsaml\u0131 e\u011fitim olanaklar\u0131ndan yararlanarak themselves geli\u015ftirme f\u0131rsat\u0131n\u0131 elde ederler. \u00d6\u011frenciler, teorik bilgilerini peki\u015ftirmenin yan\u0131 s\u0131ra pratik deneyim kazanmak i\u00e7in laboratuvar ve uygulama alanlar\u0131nda \u00e7al\u0131\u015f\u0131rlar.\n\nB\u00f6l\u00fcm\u00fcn deneyimli akademik kadrosu, \u00f6\u011frencilere rehberlik yapar ve onlar\u0131n mesleki geli\u015fimlerini destekler. \u00d6\u011frencilerin farkl\u0131 konularda proje \u00e7al\u0131\u015fmalar\u0131 yapmalar\u0131 te\u015fvik edilir ve bu sayede kendi ilgi alanlar\u0131na odaklanma f\u0131rsat\u0131 bulurlar.\n\nG\u0131da M\u00fchendisli\u011fi B\u00f6l\u00fcm\u00fc, \u00f6\u011frencilerin end\u00fcstriyi tan\u0131malar\u0131 ve sekt\u00f6r\u00fcn ihtiya\u00e7lar\u0131n\u0131 anlamalar\u0131 i\u00e7in \u00e7e\u015fitli etkinlikler d\u00fczenler. \u00d6\u011frenciler, sekt\u00f6r\u00fcn \u00f6nde gelen firmalar\u0131yla ileti\u015fim kurma f\u0131rsat\u0131 bulur ve staj imkanlar\u0131ndan yararlanarak deneyim kazan\u0131rlar.\n\n\u00d6\u011frenci kul\u00fcpleri ve topluluklar\u0131 arac\u0131l\u0131\u011f\u0131yla \u00f6\u011frenciler, sosyal sorumluluk projelerine kat\u0131l\u0131rlar ve topluma katk\u0131da bulunurlar. Ayr\u0131ca, b\u00f6l\u00fcm\u00fcn uluslararas\u0131 ba\u011flant\u0131lar\u0131 sayesinde \u00f6\u011frenciler, yabanc\u0131 \u00fclkelerdeki \u00fcniversitelerle i\u015fbirli\u011fi yaparak k\u00fcresel perspektif kazanma \u015fans\u0131na sahip olurlar.\n\nG\u0131da M\u00fchendisli\u011fi B\u00f6l\u00fcm\u00fc, \u00f6\u011frencilere g\u00fc\u00e7l\u00fc bir akademik temel sa\u011flar ve onlar\u0131 gelecekteki meslek ya\u015famlar\u0131 i\u00e7in haz\u0131rlar. Mezunlar, g\u0131da end\u00fcstrisinde \u00f6nemli rol oynayan firmalar ve kurulu\u015flarda \u00e7al\u0131\u015fmaya ba\u015flarlar ve sekt\u00f6r\u00fcn geli\u015fimine katk\u0131da bulunurlar.<\/p>\n\t\t\t\t\t\t\t\t\t\t\t\t\t\t\t\t\t\t\t<\/div>\n\t\t\t\t\t\t\t\t<\/div>\n\t\t\t\t\t\t\t\t\n\t\t\t\t\t\t\t\t\t\t\t\t\t\t\t\t\t<div class=\"icon-quote\">\n\t\t\t\t\t\t\t\t\t\t<span class=\"flaticon-left-quote-1\"><\/span>\n\t\t\t\t\t\t\t\t\t<\/div>\n\t\t\t\t\t\t\t\t\t\t\t\t\t\t\t<\/div>\n\t\t\t\t\t\t<\/div>\n\t\t\t\t\t\t\t\t\t<\/div>\n\t\t\t<\/section>\n\n\t\t\t\t\n\t\t\t\t\t\t<\/div>\n\t\t\t\t<\/div>\n\t\t\t\t\t<\/div>\n\t\t<\/div>\n\t\t\t\t\t<\/div>\n\t\t<\/section>\n\t\t\t\t<\/div>\n\t\t","protected":false},"excerpt":{"rendered":"<p>G\u0131da M\u00fchendisli\u011fi B\u00f6l\u00fcm\u00fcm\u00fcz, \u00f6\u011frencilerin sadece akademik bilgilerin \u00f6tesinde, ger\u00e7ek hayat deneyimleri kazan\u0131p mesleki geli\u015fimlerine katk\u0131da bulunmalar\u0131n\u0131 ama\u00e7lar. \u00d6\u011frenci Deneyimi ba\u015fl\u0131\u011f\u0131 alt\u0131nda sundu\u011fumuz faaliyetler ve imkanlar, \u00f6\u011frencilerimizin b\u00f6l\u00fcm\u00fcn sundu\u011fu olanaklardan en iyi \u015fekilde yararlanmas\u0131n\u0131 hedeflemektedir. \u00d6\u011frencilerin akademik ya\u015famlar\u0131na katk\u0131da bulunan \u00e7e\u015fitli kul\u00fcpler ve topluluklara \u00fcyelik imkan\u0131 sunarak sosyal ve k\u00fclt\u00fcrel geli\u015fimlerine destek oluruz. Ayn\u0131 zamanda, \u00f6\u011frencileri [&hellip;]<\/p>\n","protected":false},"author":1,"featured_media":0,"parent":0,"menu_order":0,"comment_status":"closed","ping_status":"closed","template":"elementor_header_footer","meta":{"footnotes":""},"class_list":["post-5734","page","type-page","status-publish","hentry"],"_links":{"self":[{"href":"https:\/\/atauni.edu.tr\/gida-muhendisligi-bolumu\/wp-json\/wp\/v2\/pages\/5734","targetHints":{"allow":["GET"]}}],"collection":[{"href":"https:\/\/atauni.edu.tr\/gida-muhendisligi-bolumu\/wp-json\/wp\/v2\/pages"}],"about":[{"href":"https:\/\/atauni.edu.tr\/gida-muhendisligi-bolumu\/wp-json\/wp\/v2\/types\/page"}],"author":[{"embeddable":true,"href":"https:\/\/atauni.edu.tr\/gida-muhendisligi-bolumu\/wp-json\/wp\/v2\/users\/1"}],"replies":[{"embeddable":true,"href":"https:\/\/atauni.edu.tr\/gida-muhendisligi-bolumu\/wp-json\/wp\/v2\/comments?post=5734"}],"version-history":[{"count":20,"href":"https:\/\/atauni.edu.tr\/gida-muhendisligi-bolumu\/wp-json\/wp\/v2\/pages\/5734\/revisions"}],"predecessor-version":[{"id":6103,"href":"https:\/\/atauni.edu.tr\/gida-muhendisligi-bolumu\/wp-json\/wp\/v2\/pages\/5734\/revisions\/6103"}],"wp:attachment":[{"href":"https:\/\/atauni.edu.tr\/gida-muhendisligi-bolumu\/wp-json\/wp\/v2\/media?parent=5734"}],"curies":[{"name":"wp","href":"https:\/\/api.w.org\/{rel}","templated":true}]}}