{"id":6144,"date":"2021-11-11T15:33:05","date_gmt":"2021-11-11T12:33:05","guid":{"rendered":"https:\/\/birimler.atauni.edu.tr\/gida-muhendisligi-bolumu\/?page_id=6144"},"modified":"2023-06-06T10:59:59","modified_gmt":"2023-06-06T07:59:59","slug":"egitimamaclari","status":"publish","type":"page","link":"https:\/\/atauni.edu.tr\/gida-muhendisligi-bolumu\/egitimamaclari\/","title":{"rendered":"E\u011fitim Ama\u00e7lar\u0131"},"content":{"rendered":"\t\t<div data-elementor-type=\"wp-page\" data-elementor-id=\"6144\" class=\"elementor elementor-6144\" data-elementor-post-type=\"page\">\n\t\t\t\t\t\t<section class=\"elementor-section elementor-top-section elementor-element elementor-element-0a496ff elementor-section-boxed elementor-section-height-default elementor-section-height-default\" data-id=\"0a496ff\" data-element_type=\"section\">\n\t\t\t\t\t\t<div class=\"elementor-container elementor-column-gap-default\">\n\t\t\t\t\t<div class=\"elementor-column elementor-col-100 elementor-top-column elementor-element elementor-element-205d3d7\" data-id=\"205d3d7\" data-element_type=\"column\">\n\t\t\t<div class=\"elementor-widget-wrap elementor-element-populated\">\n\t\t\t\t\t\t<div class=\"elementor-element elementor-element-30b5303 elementor-widget elementor-widget-text-editor\" data-id=\"30b5303\" data-element_type=\"widget\" data-widget_type=\"text-editor.default\">\n\t\t\t\t<div class=\"elementor-widget-container\">\n\t\t\t\t\t\t\t\t\t<p><b>Atat\u00fcrk \u00dcniversitesi G\u0131da M\u00fchendisli\u011fi Normal \u00d6\u011fretim Program\u0131 e\u011fitim ama\u00e7lar\u0131 a\u015fa\u011f\u0131daki gibi belirlenmi\u015ftir;<\/b><\/p>\n<p>(<b>EA1)<\/b> Ulusal ve uluslararas\u0131 kamu veya \u00f6zel kurulu\u015flarda; m\u00fchendislik, Ar-Ge, g\u0131da \u00fcretimi, kalite g\u00fcvence, tasar\u0131m, operasyon, y\u00f6netim ve \u00e7e\u015fitli pozisyonlarda G\u0131da M\u00fchendisi olarak \u00e7al\u0131\u015f\u0131rlar veya kendi \u015firketlerini kurarlar.<\/p>\n<p><b>(EA2)<\/b> G\u0131da M\u00fchendisli\u011fi ile ilgili disiplinlerde veya disiplinler aras\u0131 alanlarda \u00fcniversitelerin lisans\u00fcst\u00fc programlar\u0131na devam ederler ve akademik ara\u015ft\u0131rmalarda yer al\u0131rlar.<\/p>\t\t\t\t\t\t\t\t<\/div>\n\t\t\t\t<\/div>\n\t\t\t\t\t<\/div>\n\t\t<\/div>\n\t\t\t\t\t<\/div>\n\t\t<\/section>\n\t\t\t\t<\/div>\n\t\t","protected":false},"excerpt":{"rendered":"<p>Atat\u00fcrk \u00dcniversitesi G\u0131da M\u00fchendisli\u011fi Normal \u00d6\u011fretim Program\u0131 e\u011fitim ama\u00e7lar\u0131 a\u015fa\u011f\u0131daki gibi belirlenmi\u015ftir; (EA1) Ulusal ve uluslararas\u0131 kamu veya \u00f6zel kurulu\u015flarda; m\u00fchendislik, Ar-Ge, g\u0131da \u00fcretimi, kalite g\u00fcvence, tasar\u0131m, operasyon, y\u00f6netim ve \u00e7e\u015fitli pozisyonlarda G\u0131da M\u00fchendisi olarak \u00e7al\u0131\u015f\u0131rlar veya kendi \u015firketlerini kurarlar. (EA2) G\u0131da M\u00fchendisli\u011fi ile ilgili disiplinlerde veya disiplinler aras\u0131 alanlarda \u00fcniversitelerin lisans\u00fcst\u00fc programlar\u0131na devam ederler [&hellip;]<\/p>\n","protected":false},"author":102,"featured_media":0,"parent":0,"menu_order":0,"comment_status":"closed","ping_status":"closed","template":"","meta":{"footnotes":""},"class_list":["post-6144","page","type-page","status-publish","hentry"],"_links":{"self":[{"href":"https:\/\/atauni.edu.tr\/gida-muhendisligi-bolumu\/wp-json\/wp\/v2\/pages\/6144","targetHints":{"allow":["GET"]}}],"collection":[{"href":"https:\/\/atauni.edu.tr\/gida-muhendisligi-bolumu\/wp-json\/wp\/v2\/pages"}],"about":[{"href":"https:\/\/atauni.edu.tr\/gida-muhendisligi-bolumu\/wp-json\/wp\/v2\/types\/page"}],"author":[{"embeddable":true,"href":"https:\/\/atauni.edu.tr\/gida-muhendisligi-bolumu\/wp-json\/wp\/v2\/users\/102"}],"replies":[{"embeddable":true,"href":"https:\/\/atauni.edu.tr\/gida-muhendisligi-bolumu\/wp-json\/wp\/v2\/comments?post=6144"}],"version-history":[{"count":30,"href":"https:\/\/atauni.edu.tr\/gida-muhendisligi-bolumu\/wp-json\/wp\/v2\/pages\/6144\/revisions"}],"predecessor-version":[{"id":7297,"href":"https:\/\/atauni.edu.tr\/gida-muhendisligi-bolumu\/wp-json\/wp\/v2\/pages\/6144\/revisions\/7297"}],"wp:attachment":[{"href":"https:\/\/atauni.edu.tr\/gida-muhendisligi-bolumu\/wp-json\/wp\/v2\/media?parent=6144"}],"curies":[{"name":"wp","href":"https:\/\/api.w.org\/{rel}","templated":true}]}}