{"id":6749,"date":"2022-02-10T13:09:00","date_gmt":"2022-02-10T10:09:00","guid":{"rendered":"https:\/\/birimler.atauni.edu.tr\/gida-muhendisligi-bolumu\/?page_id=6749"},"modified":"2024-05-15T15:43:24","modified_gmt":"2024-05-15T12:43:24","slug":"anketler","status":"publish","type":"page","link":"https:\/\/atauni.edu.tr\/gida-muhendisligi-bolumu\/anketler\/","title":{"rendered":"Anketler"},"content":{"rendered":"\t\t<div data-elementor-type=\"wp-page\" data-elementor-id=\"6749\" class=\"elementor elementor-6749\" data-elementor-post-type=\"page\">\n\t\t\t\t\t\t<section class=\"elementor-section elementor-top-section elementor-element elementor-element-fbad676 elementor-section-boxed elementor-section-height-default elementor-section-height-default\" data-id=\"fbad676\" data-element_type=\"section\">\n\t\t\t\t\t\t<div class=\"elementor-container elementor-column-gap-default\">\n\t\t\t\t\t<div class=\"elementor-column elementor-col-100 elementor-top-column elementor-element elementor-element-fe48c45\" data-id=\"fe48c45\" data-element_type=\"column\">\n\t\t\t<div class=\"elementor-widget-wrap elementor-element-populated\">\n\t\t\t\t\t\t<div class=\"elementor-element elementor-element-5793c44 elementor-widget elementor-widget-text-editor\" data-id=\"5793c44\" data-element_type=\"widget\" data-widget_type=\"text-editor.default\">\n\t\t\t\t<div class=\"elementor-widget-container\">\n\t\t\t\t\t\t\t\t\t<p><b><a href=\"https:\/\/docs.google.com\/forms\/d\/11Mv0_rNJKkjxzAjaxY__4JCTHvcV0gbNCCsf5QYPoZI\/edit?pli=1\">MEZUN ANKET\u0130<\/a><\/b><\/p><p><a href=\"https:\/\/docs.google.com\/forms\/d\/11Mv0_rNJKkjxzAjaxY__4JCTHvcV0gbNCCsf5QYPoZI\/edit?pli=1\">Google Form \u00fczerinden ula\u015f\u0131p online iletebilirsiniz.<\/a><\/p>\t\t\t\t\t\t\t\t<\/div>\n\t\t\t\t<\/div>\n\t\t\t\t\t<\/div>\n\t\t<\/div>\n\t\t\t\t\t<\/div>\n\t\t<\/section>\n\t\t\t\t<section class=\"elementor-section elementor-top-section elementor-element elementor-element-236b9ee elementor-section-boxed elementor-section-height-default elementor-section-height-default\" data-id=\"236b9ee\" data-element_type=\"section\">\n\t\t\t\t\t\t<div class=\"elementor-container elementor-column-gap-default\">\n\t\t\t\t\t<div class=\"elementor-column elementor-col-100 elementor-top-column elementor-element elementor-element-dcee2c2\" data-id=\"dcee2c2\" data-element_type=\"column\">\n\t\t\t<div class=\"elementor-widget-wrap elementor-element-populated\">\n\t\t\t\t\t\t<div class=\"elementor-element elementor-element-4528917 elementor-widget elementor-widget-text-editor\" data-id=\"4528917\" data-element_type=\"widget\" data-widget_type=\"text-editor.default\">\n\t\t\t\t<div class=\"elementor-widget-container\">\n\t\t\t\t\t\t\t\t\t<p><a href=\"https:\/\/birimler.atauni.edu.tr\/gida-muhendisligi-bolumu\/wp-content\/uploads\/sites\/116\/2020\/07\/YENI%CC%87-MEZUN-ANKETI%CC%87.docx\" target=\"_blank\" rel=\"noopener\"><b>YEN\u0130 MEZUN ANKET\u0130<\/b><\/a><\/p><p><a href=\"https:\/\/docs.google.com\/forms\/d\/1mObsvw6vhaTSg-6cz3LnNKdWB9ve_UzCbT4Fk61ZpeI\/edit\" target=\"_blank\" rel=\"noopener\">Google Form \u00fczerinden ula\u015f\u0131p online iletebilirsiniz.<\/a><\/p>\t\t\t\t\t\t\t\t<\/div>\n\t\t\t\t<\/div>\n\t\t\t\t\t<\/div>\n\t\t<\/div>\n\t\t\t\t\t<\/div>\n\t\t<\/section>\n\t\t\t\t<section class=\"elementor-section elementor-top-section elementor-element elementor-element-db354cd elementor-section-boxed elementor-section-height-default elementor-section-height-default\" data-id=\"db354cd\" data-element_type=\"section\">\n\t\t\t\t\t\t<div class=\"elementor-container elementor-column-gap-default\">\n\t\t\t\t\t<div class=\"elementor-column elementor-col-100 elementor-top-column elementor-element elementor-element-c738446\" data-id=\"c738446\" data-element_type=\"column\">\n\t\t\t<div class=\"elementor-widget-wrap elementor-element-populated\">\n\t\t\t\t\t\t<div class=\"elementor-element elementor-element-3a5aa84 elementor-widget elementor-widget-text-editor\" data-id=\"3a5aa84\" data-element_type=\"widget\" data-widget_type=\"text-editor.default\">\n\t\t\t\t<div class=\"elementor-widget-container\">\n\t\t\t\t\t\t\t\t\t<p><a href=\"https:\/\/birimler.atauni.edu.tr\/gida-muhendisligi-bolumu\/wp-content\/uploads\/sites\/116\/2020\/07\/DERS-DEGERLENDIRME-ANKETI.docx\" target=\"_blank\" rel=\"noopener\"><b>DERS DE\u011eERLEND\u0130RME ANKET\u0130<\/b><\/a><\/p>\n<p><span style=\"color: #0056b3\"><span style=\"background-color: #ffffff\"><a href=\"https:\/\/docs.google.com\/forms\/d\/1FCF5GAZy96eKjCD9U3ZH6oK-qDFk2rVQ8u4frXI2zI4\/edit\">Google Form \u00fczerinden ula\u015f\u0131p online iletebilirsiniz.<\/a>&nbsp;<\/span><\/span><\/p>\n<p><\/p>\t\t\t\t\t\t\t\t<\/div>\n\t\t\t\t<\/div>\n\t\t\t\t<div class=\"elementor-element elementor-element-99ae21c elementor-widget elementor-widget-text-editor\" data-id=\"99ae21c\" data-element_type=\"widget\" data-widget_type=\"text-editor.default\">\n\t\t\t\t<div class=\"elementor-widget-container\">\n\t\t\t\t\t\t\t\t\t<p><b><a href=\"https:\/\/birimler.atauni.edu.tr\/gida-muhendisligi-bolumu\/wp-content\/uploads\/sites\/116\/2020\/07\/DANISMAN-MEMNUNIYET-ANKETI.docx\">DANI\u015eMAN MEMNUN\u0130YET ANKET\u0130<\/a><\/b><\/p><p><a style=\"background-color: #ffffff\" href=\"https:\/\/docs.google.com\/forms\/d\/1KWMOq6s7dK-1IocAueoojE9REhzNbA-Syi5w_GFJhPg\/edit?pli=1\" target=\"_blank\" rel=\"noopener\">Google Form \u00fczerinden ula\u015f\u0131p online iletebilirsiniz.<\/a><\/p>\t\t\t\t\t\t\t\t<\/div>\n\t\t\t\t<\/div>\n\t\t\t\t\t<\/div>\n\t\t<\/div>\n\t\t\t\t\t<\/div>\n\t\t<\/section>\n\t\t\t\t<\/div>\n\t\t","protected":false},"excerpt":{"rendered":"<p>MEZUN ANKET\u0130 Google Form \u00fczerinden ula\u015f\u0131p online iletebilirsiniz. YEN\u0130 MEZUN ANKET\u0130 Google Form \u00fczerinden ula\u015f\u0131p online iletebilirsiniz. DERS DE\u011eERLEND\u0130RME ANKET\u0130 Google Form \u00fczerinden ula\u015f\u0131p online iletebilirsiniz.&nbsp; DANI\u015eMAN MEMNUN\u0130YET ANKET\u0130 Google Form \u00fczerinden ula\u015f\u0131p online iletebilirsiniz.<\/p>\n","protected":false},"author":102,"featured_media":0,"parent":0,"menu_order":0,"comment_status":"closed","ping_status":"closed","template":"","meta":{"footnotes":""},"class_list":["post-6749","page","type-page","status-publish","hentry"],"_links":{"self":[{"href":"https:\/\/atauni.edu.tr\/gida-muhendisligi-bolumu\/wp-json\/wp\/v2\/pages\/6749","targetHints":{"allow":["GET"]}}],"collection":[{"href":"https:\/\/atauni.edu.tr\/gida-muhendisligi-bolumu\/wp-json\/wp\/v2\/pages"}],"about":[{"href":"https:\/\/atauni.edu.tr\/gida-muhendisligi-bolumu\/wp-json\/wp\/v2\/types\/page"}],"author":[{"embeddable":true,"href":"https:\/\/atauni.edu.tr\/gida-muhendisligi-bolumu\/wp-json\/wp\/v2\/users\/102"}],"replies":[{"embeddable":true,"href":"https:\/\/atauni.edu.tr\/gida-muhendisligi-bolumu\/wp-json\/wp\/v2\/comments?post=6749"}],"version-history":[{"count":131,"href":"https:\/\/atauni.edu.tr\/gida-muhendisligi-bolumu\/wp-json\/wp\/v2\/pages\/6749\/revisions"}],"predecessor-version":[{"id":7552,"href":"https:\/\/atauni.edu.tr\/gida-muhendisligi-bolumu\/wp-json\/wp\/v2\/pages\/6749\/revisions\/7552"}],"wp:attachment":[{"href":"https:\/\/atauni.edu.tr\/gida-muhendisligi-bolumu\/wp-json\/wp\/v2\/media?parent=6749"}],"curies":[{"name":"wp","href":"https:\/\/api.w.org\/{rel}","templated":true}]}}