{"id":7361,"date":"2023-06-15T14:18:55","date_gmt":"2023-06-15T11:18:55","guid":{"rendered":"https:\/\/birimler.atauni.edu.tr\/gida-muhendisligi-bolumu\/?page_id=7361"},"modified":"2023-06-15T14:21:45","modified_gmt":"2023-06-15T11:21:45","slug":"analizler","status":"publish","type":"page","link":"https:\/\/atauni.edu.tr\/gida-muhendisligi-bolumu\/analizler\/","title":{"rendered":"Analizler"},"content":{"rendered":"\t\t<div data-elementor-type=\"wp-page\" data-elementor-id=\"7361\" class=\"elementor elementor-7361\" data-elementor-post-type=\"page\">\n\t\t\t\t\t\t<section class=\"elementor-section elementor-top-section elementor-element elementor-element-9c3a707 elementor-section-boxed elementor-section-height-default elementor-section-height-default\" data-id=\"9c3a707\" data-element_type=\"section\">\n\t\t\t\t\t\t<div class=\"elementor-container elementor-column-gap-default\">\n\t\t\t\t\t<div class=\"elementor-column elementor-col-100 elementor-top-column elementor-element elementor-element-a290872\" data-id=\"a290872\" data-element_type=\"column\">\n\t\t\t<div class=\"elementor-widget-wrap elementor-element-populated\">\n\t\t\t\t\t\t<div class=\"elementor-element elementor-element-a2fdef1 elementor-widget elementor-widget-text-editor\" data-id=\"a2fdef1\" data-element_type=\"widget\" data-widget_type=\"text-editor.default\">\n\t\t\t\t<div class=\"elementor-widget-container\">\n\t\t\t\t\t\t\t\t\t<p><a href=\"https:\/\/birimler.atauni.edu.tr\/gida-muhendisligi-bolumu\/wp-content\/uploads\/sites\/116\/2020\/07\/Gida-Muhendisligi-Bolumu-Laboratuvarlarinda-yapilan-analizler.docx\" target=\"_blank\">G\u0131da M\u00fchendisli\u011fi B\u00f6l\u00fcm\u00fc Laboratuvarlar\u0131nda yap\u0131lan analizler&nbsp;i\u00e7in t\u0131klay\u0131n\u0131z.<\/a><br><\/p>\t\t\t\t\t\t\t\t<\/div>\n\t\t\t\t<\/div>\n\t\t\t\t\t<\/div>\n\t\t<\/div>\n\t\t\t\t\t<\/div>\n\t\t<\/section>\n\t\t\t\t<\/div>\n\t\t","protected":false},"excerpt":{"rendered":"<p>G\u0131da M\u00fchendisli\u011fi B\u00f6l\u00fcm\u00fc Laboratuvarlar\u0131nda yap\u0131lan analizler&nbsp;i\u00e7in t\u0131klay\u0131n\u0131z.<\/p>\n","protected":false},"author":102,"featured_media":7107,"parent":0,"menu_order":0,"comment_status":"closed","ping_status":"closed","template":"","meta":{"footnotes":""},"class_list":["post-7361","page","type-page","status-publish","has-post-thumbnail","hentry"],"_links":{"self":[{"href":"https:\/\/atauni.edu.tr\/gida-muhendisligi-bolumu\/wp-json\/wp\/v2\/pages\/7361","targetHints":{"allow":["GET"]}}],"collection":[{"href":"https:\/\/atauni.edu.tr\/gida-muhendisligi-bolumu\/wp-json\/wp\/v2\/pages"}],"about":[{"href":"https:\/\/atauni.edu.tr\/gida-muhendisligi-bolumu\/wp-json\/wp\/v2\/types\/page"}],"author":[{"embeddable":true,"href":"https:\/\/atauni.edu.tr\/gida-muhendisligi-bolumu\/wp-json\/wp\/v2\/users\/102"}],"replies":[{"embeddable":true,"href":"https:\/\/atauni.edu.tr\/gida-muhendisligi-bolumu\/wp-json\/wp\/v2\/comments?post=7361"}],"version-history":[{"count":7,"href":"https:\/\/atauni.edu.tr\/gida-muhendisligi-bolumu\/wp-json\/wp\/v2\/pages\/7361\/revisions"}],"predecessor-version":[{"id":7370,"href":"https:\/\/atauni.edu.tr\/gida-muhendisligi-bolumu\/wp-json\/wp\/v2\/pages\/7361\/revisions\/7370"}],"wp:featuredmedia":[{"embeddable":true,"href":"https:\/\/atauni.edu.tr\/gida-muhendisligi-bolumu\/wp-json\/wp\/v2\/media\/7107"}],"wp:attachment":[{"href":"https:\/\/atauni.edu.tr\/gida-muhendisligi-bolumu\/wp-json\/wp\/v2\/media?parent=7361"}],"curies":[{"name":"wp","href":"https:\/\/api.w.org\/{rel}","templated":true}]}}