{"id":7662,"date":"2025-06-26T11:40:04","date_gmt":"2025-06-26T08:40:04","guid":{"rendered":"https:\/\/birimler.atauni.edu.tr\/gida-muhendisligi-bolumu\/?page_id=7662"},"modified":"2025-08-01T13:54:42","modified_gmt":"2025-08-01T10:54:42","slug":"duyurular","status":"publish","type":"page","link":"https:\/\/atauni.edu.tr\/gida-muhendisligi-bolumu\/duyurular\/","title":{"rendered":"Duyurular"},"content":{"rendered":"<form method=\"get\" class=\"row g-3\" style=\"margin-bottom: 20px;\"><div class=\"col-md-3\"><input type=\"text\" name=\"Duyuru_ara\" class=\"form-control\" placeholder=\"Duyuru ara...\" value=\"\"><\/div><div class=\"col-md-3\"><input type=\"date\" name=\"baslangic_tarihi\" class=\"form-control\" value=\"\"><\/div><div class=\"col-md-3\"><input type=\"date\" name=\"bitis_tarihi\" class=\"form-control\" value=\"\"><\/div><div class=\"col-md-3\"><button type=\"submit\" class=\"btn btn-secondary w-50\">Filtrele<\/button><\/div><\/form><ul class=\"kategori-yazilari-liste\"><li style=\"display: flex; margin-bottom: 10px; align-items: center;\"><div class=\"post-content\" style=\"flex-grow: 1;\"><span class=\"post-date Duyurutarih\" style=\"display: block; font-weight: bold; margin-bottom: 5px;\">24 Mart 2026<\/span><a class=\"Duyurubaslik\" href=\"https:\/\/atauni.edu.tr\/gida-muhendisligi-bolumu\/2026\/03\/24\/2025-2026-bahar-donemi-vize-sinav-programi\/\">2025-2026 Bahar D\u00f6nemi Vize S\u0131nav Program\u0131<\/a><\/div><\/li><li style=\"display: flex; margin-bottom: 10px; align-items: center;\"><div class=\"post-content\" style=\"flex-grow: 1;\"><span class=\"post-date Duyurutarih\" style=\"display: block; font-weight: bold; margin-bottom: 5px;\">16 Ocak 2026<\/span><a class=\"Duyurubaslik\" href=\"https:\/\/atauni.edu.tr\/gida-muhendisligi-bolumu\/2026\/01\/16\/2025-2026-guz-donemi-final-ve-butunleme-sinav-programi\/\">2025-2026 G\u00fcz D\u00f6nemi Final ve B\u00fct\u00fcnleme S\u0131nav Program\u0131<\/a><\/div><\/li><li style=\"display: flex; margin-bottom: 10px; align-items: center;\"><div class=\"post-content\" style=\"flex-grow: 1;\"><span class=\"post-date Duyurutarih\" style=\"display: block; font-weight: bold; margin-bottom: 5px;\">16 Ocak 2026<\/span><a class=\"Duyurubaslik\" href=\"https:\/\/atauni.edu.tr\/gida-muhendisligi-bolumu\/2026\/01\/16\/akademik-performans-basari-belgesi-2024-yili\/\">Akademik Performans Ba\u015far\u0131 Belgesi (2024 Y\u0131l\u0131)<\/a><\/div><\/li><\/ul>\n\n\n\n<p><\/p>\n","protected":false},"excerpt":{"rendered":"","protected":false},"author":8,"featured_media":0,"parent":0,"menu_order":0,"comment_status":"closed","ping_status":"closed","template":"","meta":{"footnotes":""},"class_list":["post-7662","page","type-page","status-publish","hentry"],"_links":{"self":[{"href":"https:\/\/atauni.edu.tr\/gida-muhendisligi-bolumu\/wp-json\/wp\/v2\/pages\/7662","targetHints":{"allow":["GET"]}}],"collection":[{"href":"https:\/\/atauni.edu.tr\/gida-muhendisligi-bolumu\/wp-json\/wp\/v2\/pages"}],"about":[{"href":"https:\/\/atauni.edu.tr\/gida-muhendisligi-bolumu\/wp-json\/wp\/v2\/types\/page"}],"author":[{"embeddable":true,"href":"https:\/\/atauni.edu.tr\/gida-muhendisligi-bolumu\/wp-json\/wp\/v2\/users\/8"}],"replies":[{"embeddable":true,"href":"https:\/\/atauni.edu.tr\/gida-muhendisligi-bolumu\/wp-json\/wp\/v2\/comments?post=7662"}],"version-history":[{"count":2,"href":"https:\/\/atauni.edu.tr\/gida-muhendisligi-bolumu\/wp-json\/wp\/v2\/pages\/7662\/revisions"}],"predecessor-version":[{"id":7670,"href":"https:\/\/atauni.edu.tr\/gida-muhendisligi-bolumu\/wp-json\/wp\/v2\/pages\/7662\/revisions\/7670"}],"wp:attachment":[{"href":"https:\/\/atauni.edu.tr\/gida-muhendisligi-bolumu\/wp-json\/wp\/v2\/media?parent=7662"}],"curies":[{"name":"wp","href":"https:\/\/api.w.org\/{rel}","templated":true}]}}