{"id":7664,"date":"2025-06-26T11:40:26","date_gmt":"2025-06-26T08:40:26","guid":{"rendered":"https:\/\/birimler.atauni.edu.tr\/gida-muhendisligi-bolumu\/?page_id=7664"},"modified":"2025-08-01T13:54:52","modified_gmt":"2025-08-01T10:54:52","slug":"etkinlikler","status":"publish","type":"page","link":"https:\/\/atauni.edu.tr\/gida-muhendisligi-bolumu\/etkinlikler\/","title":{"rendered":"Etkinlikler"},"content":{"rendered":"<form method=\"get\" class=\"row g-3\" style=\"margin-bottom: 20px;\"><div class=\"col-md-3\"><input type=\"text\" name=\"etkinlik_ara\" class=\"form-control\" placeholder=\"Etkinlik ara...\" value=\"\"><\/div><div class=\"col-md-3\"><input type=\"date\" name=\"baslangic_tarihi\" class=\"form-control\" value=\"\"><\/div><div class=\"col-md-3\"><input type=\"date\" name=\"bitis_tarihi\" class=\"form-control\" value=\"\"><\/div><div class=\"col-md-3\"><button type=\"submit\" class=\"btn btn-secondary w-50\">Filtrele<\/button><\/div><\/form><div class=\"etkinlikler-grid-container\" style=\"display: grid; grid-template-columns: repeat(3, 1fr); gap: 20px;\"><div class=\"etkinlik-grid-item\"><div class=\"etkinlik-thumbnail\"><img fetchpriority=\"high\" decoding=\"async\" width=\"300\" height=\"176\" src=\"https:\/\/atauni.edu.tr\/gida-muhendisligi-bolumu\/wp-content\/uploads\/sites\/116\/2022\/10\/ORY-300x176.png\" class=\"img-fluid wp-post-image\" alt=\"\" srcset=\"https:\/\/atauni.edu.tr\/gida-muhendisligi-bolumu\/wp-content\/uploads\/sites\/116\/2022\/10\/ORY-300x176.png 300w, https:\/\/atauni.edu.tr\/gida-muhendisligi-bolumu\/wp-content\/uploads\/sites\/116\/2022\/10\/ORY-1024x602.png 1024w, https:\/\/atauni.edu.tr\/gida-muhendisligi-bolumu\/wp-content\/uploads\/sites\/116\/2022\/10\/ORY-768x452.png 768w, https:\/\/atauni.edu.tr\/gida-muhendisligi-bolumu\/wp-content\/uploads\/sites\/116\/2022\/10\/ORY-600x353.png 600w, https:\/\/atauni.edu.tr\/gida-muhendisligi-bolumu\/wp-content\/uploads\/sites\/116\/2022\/10\/ORY-560x329.png 560w, https:\/\/atauni.edu.tr\/gida-muhendisligi-bolumu\/wp-content\/uploads\/sites\/116\/2022\/10\/ORY.png 1066w\" sizes=\"(max-width: 300px) 100vw, 300px\" \/><\/div><div class=\"etkinlik-datee\"><span class=\"day\">15<\/span><span class=\"month\">Ekim<\/span><span class=\"year\">2025<\/span><\/div><a href=\"https:\/\/atauni.edu.tr\/gida-muhendisligi-bolumu\/2025\/10\/15\/gida-muhendisligine-hos-geldin-oryantasyon-programi-2025-2026-guz-donemi\/\" class=\"etkinlik-titlee\">&#8220;GIDA M\u00dcHEND\u0130SL\u0130\u011e\u0130&#8217;NE HO\u015e GELD\u0130N&#8221; ORYANTASYON PROGRAMI-2025-2026 G\u00fcz D\u00f6nemi<\/a><\/div><\/div><div class=\"pagination\" style=\"margin-top: 20px;\"><\/div>\n\n\n\n<p><\/p>\n","protected":false},"excerpt":{"rendered":"","protected":false},"author":8,"featured_media":0,"parent":0,"menu_order":0,"comment_status":"closed","ping_status":"closed","template":"","meta":{"footnotes":""},"class_list":["post-7664","page","type-page","status-publish","hentry"],"_links":{"self":[{"href":"https:\/\/atauni.edu.tr\/gida-muhendisligi-bolumu\/wp-json\/wp\/v2\/pages\/7664","targetHints":{"allow":["GET"]}}],"collection":[{"href":"https:\/\/atauni.edu.tr\/gida-muhendisligi-bolumu\/wp-json\/wp\/v2\/pages"}],"about":[{"href":"https:\/\/atauni.edu.tr\/gida-muhendisligi-bolumu\/wp-json\/wp\/v2\/types\/page"}],"author":[{"embeddable":true,"href":"https:\/\/atauni.edu.tr\/gida-muhendisligi-bolumu\/wp-json\/wp\/v2\/users\/8"}],"replies":[{"embeddable":true,"href":"https:\/\/atauni.edu.tr\/gida-muhendisligi-bolumu\/wp-json\/wp\/v2\/comments?post=7664"}],"version-history":[{"count":2,"href":"https:\/\/atauni.edu.tr\/gida-muhendisligi-bolumu\/wp-json\/wp\/v2\/pages\/7664\/revisions"}],"predecessor-version":[{"id":7671,"href":"https:\/\/atauni.edu.tr\/gida-muhendisligi-bolumu\/wp-json\/wp\/v2\/pages\/7664\/revisions\/7671"}],"wp:attachment":[{"href":"https:\/\/atauni.edu.tr\/gida-muhendisligi-bolumu\/wp-json\/wp\/v2\/media?parent=7664"}],"curies":[{"name":"wp","href":"https:\/\/api.w.org\/{rel}","templated":true}]}}