{"id":5638,"date":"2021-07-13T09:49:25","date_gmt":"2021-07-13T06:49:25","guid":{"rendered":"https:\/\/portaltest.atauni.edu.tr\/bilgisayar-muhendisligi\/?page_id=5638"},"modified":"2025-01-27T11:48:56","modified_gmt":"2025-01-27T08:48:56","slug":"tarihce","status":"publish","type":"page","link":"https:\/\/atauni.edu.tr\/gida-teknolojisi-programi\/tarihce\/","title":{"rendered":"Tarih\u00e7e"},"content":{"rendered":"\t\t<div data-elementor-type=\"wp-page\" data-elementor-id=\"5638\" class=\"elementor elementor-5638\" data-elementor-post-type=\"page\">\n\t\t\t\t\t\t<section class=\"elementor-section elementor-top-section elementor-element elementor-element-730d320 elementor-section-boxed elementor-section-height-default elementor-section-height-default\" data-id=\"730d320\" data-element_type=\"section\">\n\t\t\t\t\t\t<div class=\"elementor-container elementor-column-gap-default\">\n\t\t\t\t\t<div class=\"elementor-column elementor-col-100 elementor-top-column elementor-element elementor-element-753d0860\" data-id=\"753d0860\" data-element_type=\"column\">\n\t\t\t<div class=\"elementor-widget-wrap\">\n\t\t\t\t\t\t\t<\/div>\n\t\t<\/div>\n\t\t\t\t\t<\/div>\n\t\t<\/section>\n\t\t\t\t<section class=\"elementor-section elementor-top-section elementor-element elementor-element-9be811a elementor-section-boxed elementor-section-height-default elementor-section-height-default\" data-id=\"9be811a\" data-element_type=\"section\">\n\t\t\t\t\t\t<div class=\"elementor-container elementor-column-gap-default\">\n\t\t\t\t\t<div class=\"elementor-column elementor-col-100 elementor-top-column elementor-element elementor-element-1ed847b7\" data-id=\"1ed847b7\" data-element_type=\"column\">\n\t\t\t<div class=\"elementor-widget-wrap elementor-element-populated\">\n\t\t\t\t\t\t<div class=\"elementor-element elementor-element-4ce0d07f elementor-widget elementor-widget-heading\" data-id=\"4ce0d07f\" data-element_type=\"widget\" data-widget_type=\"heading.default\">\n\t\t\t\t<div class=\"elementor-widget-container\">\n\t\t\t\t\t<h2 class=\"elementor-heading-title elementor-size-default\">Tarih\u00e7e<\/h2>\t\t\t\t<\/div>\n\t\t\t\t<\/div>\n\t\t\t\t<div class=\"elementor-element elementor-element-63260862 elementor-widget-divider--view-line elementor-widget elementor-widget-divider\" data-id=\"63260862\" data-element_type=\"widget\" data-widget_type=\"divider.default\">\n\t\t\t\t<div class=\"elementor-widget-container\">\n\t\t\t\t\t\t\t<div class=\"elementor-divider\">\n\t\t\t<span class=\"elementor-divider-separator\">\n\t\t\t\t\t\t<\/span>\n\t\t<\/div>\n\t\t\t\t\t\t<\/div>\n\t\t\t\t<\/div>\n\t\t\t\t\t<\/div>\n\t\t<\/div>\n\t\t\t\t\t<\/div>\n\t\t<\/section>\n\t\t\t\t<section class=\"elementor-section elementor-top-section elementor-element elementor-element-681db8b elementor-section-boxed elementor-section-height-default elementor-section-height-default\" data-id=\"681db8b\" data-element_type=\"section\">\n\t\t\t\t\t\t<div class=\"elementor-container elementor-column-gap-default\">\n\t\t\t\t\t<div class=\"elementor-column elementor-col-100 elementor-top-column elementor-element elementor-element-ad4dac5\" data-id=\"ad4dac5\" data-element_type=\"column\">\n\t\t\t<div class=\"elementor-widget-wrap elementor-element-populated\">\n\t\t\t\t\t\t<div class=\"elementor-element elementor-element-2f96b3d elementor-widget elementor-widget-text-editor\" data-id=\"2f96b3d\" data-element_type=\"widget\" data-widget_type=\"text-editor.default\">\n\t\t\t\t<div class=\"elementor-widget-container\">\n\t\t\t\t\t\t\t\t\t<p><span style=\"color: #000000\">\u00a0 \u00a0 Atat\u00fcrk \u00dcniversitesi Teknik Bilimler Meslek Y\u00fcksekokulu 1977 \u2013 1978 \u00d6\u011fretim Y\u0131l\u0131nda Milli E\u011fitim Bakanl\u0131\u011f\u0131na ba\u011fl\u0131 olarak Erzurum End\u00fcstri Meslek Lisesi b\u00fcnyesinde gece \u00f6\u011fretimi yapmak \u00fczere 10 Mart 1978 tarihinde a\u00e7\u0131lm\u0131\u015f ve Teknik Bilimler Birimi b\u00fcnyesinde Yap\u0131-\u0130n\u015faat, Elektrik Makineleri Tamir Bak\u0131m ve Onar\u0131m\u0131, Makine-Motor, Sosyal Bilimler Birimi b\u00fcnyesindeki Sevk ve \u0130dare, Pazarlama B\u00f6l\u00fcmlerinde Yay-Kur A\u00e7\u0131k Y\u00fcksek\u00f6\u011fretimden aktar\u0131lan 321 \u00f6\u011frenci ile \u00f6\u011fretime ba\u015flanm\u0131\u015ft\u0131r.<\/span><\/p><p><span style=\"color: #000000\">\u00a0 \u00a01980 y\u0131l\u0131na kadar unvans\u0131z mezun olan \u00f6\u011frencilerimiz, Milli E\u011fitim Bakanl\u0131\u011f\u0131 Talim Terbiye Kurulunca, Teknik Bilimleri bitirenlere \u201cTekniker\u201d Sosyal Bilimleri bitirenlere ise \u201cMeslek Ara Eleman\u0131\u201d unvan\u0131 verilmesi kararla\u015ft\u0131r\u0131lm\u0131\u015ft\u0131r.\u00a0<\/span><\/p><p><span style=\"color: #000000\">\u00a0 \u00a0 1980-1981 \u00d6\u011fretim Y\u0131l\u0131ndan itibaren Elektrik, Elektronik, \u0130n\u015faat, Makine Resim Konstr\u00fcksiyonu, Motor ve \u0130\u015fletme-Muhasebe b\u00f6l\u00fcmleri olmak \u00fczere 6 b\u00f6l\u00fcm halinde \u00f6\u011fretime devam edilmi\u015ftir.<\/span><\/p><p><span style=\"color: #000000\">\u00a0 \u00a0 Y\u00fcksekokulumuz 1982 y\u0131l\u0131nda 41 Say\u0131l\u0131 Kanun H\u00fckm\u00fcnde Kararname ile Atat\u00fcrk \u00dcniversitesi Rekt\u00f6rl\u00fc\u011f\u00fcne ba\u011flanm\u0131\u015ft\u0131r.<\/span><\/p><p><span style=\"color: #000000\">\u00a0 \u00a0 G\u0131da \u0130\u015fleme B\u00f6l\u00fcm\u00fc, 29 May\u0131s 2007 tarihinde, Erzurum Meslek Y\u00fcksekokulu b\u00fcnyesinde Y\u00d6K karar\u0131yla kurulmu\u015f ve ilk mezunlar\u0131n\u0131 2009 y\u0131l\u0131nda vermi\u015ftir.<\/span><\/p><p><span style=\"color: #000000\">\u00a0 Teknik Bilimler Meslek Y\u00fcksekokulu, Y\u00fcksek\u00f6\u011fretim Kurulu Ba\u015fkanl\u0131\u011f\u0131\u2019n\u0131n 25.03.2020 tarihli ve 75850160-101.03.01-E.23933 say\u0131l\u0131 yaz\u0131s\u0131 ile Erzurum Meslek Y\u00fcksekokulu\u2019nun Sosyal Bilimler Meslek Y\u00fcksekokulu ile <strong>T<\/strong>eknik\u00a0<strong>B<\/strong>ilimler<strong>\u00a0M<\/strong>eslek<strong>\u00a0Y<\/strong>\u00fcksekokulu (TBMYO) olarak ikiye ayr\u0131lmas\u0131yla kurulmu\u015ftur.\u00a0<\/span><\/p><p><span style=\"color: #000000\">\u00a0 \u00a0G\u0131da Teknolojisi Program\u0131, G\u0131da \u0130\u015fleme B\u00f6l\u00fcm\u00fc alt\u0131nda 25 Mart 2020 itibar\u0131yla Teknik Bilimler Meslek Y\u00fcksekokulu b\u00fcnyesinde e\u011fitim ve \u00f6\u011fretim faaliyetlerine devam etmektedir.<\/span><\/p>\t\t\t\t\t\t\t\t<\/div>\n\t\t\t\t<\/div>\n\t\t\t\t\t<\/div>\n\t\t<\/div>\n\t\t\t\t\t<\/div>\n\t\t<\/section>\n\t\t\t\t<\/div>\n\t\t","protected":false},"excerpt":{"rendered":"<p>Tarih\u00e7e \u00a0 \u00a0 Atat\u00fcrk \u00dcniversitesi Teknik Bilimler Meslek Y\u00fcksekokulu 1977 \u2013 1978 \u00d6\u011fretim Y\u0131l\u0131nda Milli E\u011fitim Bakanl\u0131\u011f\u0131na ba\u011fl\u0131 olarak Erzurum End\u00fcstri Meslek Lisesi b\u00fcnyesinde gece \u00f6\u011fretimi yapmak \u00fczere 10 Mart 1978 tarihinde a\u00e7\u0131lm\u0131\u015f ve Teknik Bilimler Birimi b\u00fcnyesinde Yap\u0131-\u0130n\u015faat, Elektrik Makineleri Tamir Bak\u0131m ve Onar\u0131m\u0131, Makine-Motor, Sosyal Bilimler Birimi b\u00fcnyesindeki Sevk ve \u0130dare, Pazarlama B\u00f6l\u00fcmlerinde [&hellip;]<\/p>\n","protected":false},"author":1,"featured_media":0,"parent":0,"menu_order":0,"comment_status":"closed","ping_status":"closed","template":"","meta":{"footnotes":""},"class_list":["post-5638","page","type-page","status-publish","hentry"],"_links":{"self":[{"href":"https:\/\/atauni.edu.tr\/gida-teknolojisi-programi\/wp-json\/wp\/v2\/pages\/5638","targetHints":{"allow":["GET"]}}],"collection":[{"href":"https:\/\/atauni.edu.tr\/gida-teknolojisi-programi\/wp-json\/wp\/v2\/pages"}],"about":[{"href":"https:\/\/atauni.edu.tr\/gida-teknolojisi-programi\/wp-json\/wp\/v2\/types\/page"}],"author":[{"embeddable":true,"href":"https:\/\/atauni.edu.tr\/gida-teknolojisi-programi\/wp-json\/wp\/v2\/users\/1"}],"replies":[{"embeddable":true,"href":"https:\/\/atauni.edu.tr\/gida-teknolojisi-programi\/wp-json\/wp\/v2\/comments?post=5638"}],"version-history":[{"count":37,"href":"https:\/\/atauni.edu.tr\/gida-teknolojisi-programi\/wp-json\/wp\/v2\/pages\/5638\/revisions"}],"predecessor-version":[{"id":6257,"href":"https:\/\/atauni.edu.tr\/gida-teknolojisi-programi\/wp-json\/wp\/v2\/pages\/5638\/revisions\/6257"}],"wp:attachment":[{"href":"https:\/\/atauni.edu.tr\/gida-teknolojisi-programi\/wp-json\/wp\/v2\/media?parent=5638"}],"curies":[{"name":"wp","href":"https:\/\/api.w.org\/{rel}","templated":true}]}}