{"id":5682,"date":"2021-07-13T10:10:01","date_gmt":"2021-07-13T07:10:01","guid":{"rendered":"https:\/\/portaltest.atauni.edu.tr\/bilgisayar-muhendisligi\/?page_id=5682"},"modified":"2025-01-27T11:48:28","modified_gmt":"2025-01-27T08:48:28","slug":"misyon-vizyon-ve-temel-degerler","status":"publish","type":"page","link":"https:\/\/atauni.edu.tr\/gida-teknolojisi-programi\/misyon-vizyon-ve-temel-degerler\/","title":{"rendered":"Misyon, Vizyon ve Temel De\u011ferler"},"content":{"rendered":"\t\t<div data-elementor-type=\"wp-page\" data-elementor-id=\"5682\" class=\"elementor elementor-5682\" data-elementor-post-type=\"page\">\n\t\t\t\t\t\t<section class=\"elementor-section elementor-top-section elementor-element elementor-element-730d320 elementor-section-boxed elementor-section-height-default elementor-section-height-default\" data-id=\"730d320\" data-element_type=\"section\">\n\t\t\t\t\t\t<div class=\"elementor-container elementor-column-gap-default\">\n\t\t\t\t\t<div class=\"elementor-column elementor-col-100 elementor-top-column elementor-element elementor-element-753d0860\" data-id=\"753d0860\" data-element_type=\"column\">\n\t\t\t<div class=\"elementor-widget-wrap\">\n\t\t\t\t\t\t\t<\/div>\n\t\t<\/div>\n\t\t\t\t\t<\/div>\n\t\t<\/section>\n\t\t\t\t<section class=\"elementor-section elementor-top-section elementor-element elementor-element-9be811a elementor-section-boxed elementor-section-height-default elementor-section-height-default\" data-id=\"9be811a\" data-element_type=\"section\">\n\t\t\t\t\t\t<div class=\"elementor-container elementor-column-gap-default\">\n\t\t\t\t\t<div class=\"elementor-column elementor-col-100 elementor-top-column elementor-element elementor-element-1ed847b7\" data-id=\"1ed847b7\" data-element_type=\"column\">\n\t\t\t<div class=\"elementor-widget-wrap elementor-element-populated\">\n\t\t\t\t\t\t<div class=\"elementor-element elementor-element-4ce0d07f elementor-widget elementor-widget-heading\" data-id=\"4ce0d07f\" data-element_type=\"widget\" data-widget_type=\"heading.default\">\n\t\t\t\t<div class=\"elementor-widget-container\">\n\t\t\t\t\t<h2 class=\"elementor-heading-title elementor-size-default\">Misyon, Vizyon ve Temel De\u011ferler<\/h2>\t\t\t\t<\/div>\n\t\t\t\t<\/div>\n\t\t\t\t<div class=\"elementor-element elementor-element-63260862 elementor-widget-divider--view-line elementor-widget elementor-widget-divider\" data-id=\"63260862\" data-element_type=\"widget\" data-widget_type=\"divider.default\">\n\t\t\t\t<div class=\"elementor-widget-container\">\n\t\t\t\t\t\t\t<div class=\"elementor-divider\">\n\t\t\t<span class=\"elementor-divider-separator\">\n\t\t\t\t\t\t<\/span>\n\t\t<\/div>\n\t\t\t\t\t\t<\/div>\n\t\t\t\t<\/div>\n\t\t\t\t\t<\/div>\n\t\t<\/div>\n\t\t\t\t\t<\/div>\n\t\t<\/section>\n\t\t\t\t<section class=\"elementor-section elementor-top-section elementor-element elementor-element-bda4b57 elementor-section-boxed elementor-section-height-default elementor-section-height-default\" data-id=\"bda4b57\" data-element_type=\"section\">\n\t\t\t\t\t\t<div class=\"elementor-container elementor-column-gap-default\">\n\t\t\t\t\t<div class=\"elementor-column elementor-col-100 elementor-top-column elementor-element elementor-element-24cbe0c\" data-id=\"24cbe0c\" data-element_type=\"column\">\n\t\t\t<div class=\"elementor-widget-wrap elementor-element-populated\">\n\t\t\t\t\t\t<div class=\"elementor-element elementor-element-bc74225 elementor-widget elementor-widget-heading\" data-id=\"bc74225\" data-element_type=\"widget\" data-widget_type=\"heading.default\">\n\t\t\t\t<div class=\"elementor-widget-container\">\n\t\t\t\t\t<h5 class=\"elementor-heading-title elementor-size-default\">Misyon<\/h5>\t\t\t\t<\/div>\n\t\t\t\t<\/div>\n\t\t\t\t\t<\/div>\n\t\t<\/div>\n\t\t\t\t\t<\/div>\n\t\t<\/section>\n\t\t\t\t<section class=\"elementor-section elementor-top-section elementor-element elementor-element-ccd318c elementor-section-boxed elementor-section-height-default elementor-section-height-default\" data-id=\"ccd318c\" data-element_type=\"section\">\n\t\t\t\t\t\t<div class=\"elementor-container elementor-column-gap-default\">\n\t\t\t\t\t<div class=\"elementor-column elementor-col-100 elementor-top-column elementor-element elementor-element-d6661f4\" data-id=\"d6661f4\" data-element_type=\"column\">\n\t\t\t<div class=\"elementor-widget-wrap elementor-element-populated\">\n\t\t\t\t\t\t<div class=\"elementor-element elementor-element-a098895 elementor-widget elementor-widget-text-editor\" data-id=\"a098895\" data-element_type=\"widget\" data-widget_type=\"text-editor.default\">\n\t\t\t\t<div class=\"elementor-widget-container\">\n\t\t\t\t\t\t\t\t\t<p><span style=\"color: #000000\"><strong>G\u0131da teknolojisi alan\u0131nda<\/strong>, kamu ve \u00f6zel sekt\u00f6rle i\u015f birli\u011fi i\u00e7inde, sekt\u00f6rel ihtiya\u00e7lara yan\u0131t verebilecek temel bilgi ve becerilere sahip, uygulama ve problem \u00e7\u00f6zme yetene\u011fi geli\u015fmi\u015f; ara\u015ft\u0131rmac\u0131, kat\u0131l\u0131mc\u0131 ve payla\u015f\u0131mc\u0131 bireyler yeti\u015ftirmek hedeflenmektedir. Bu bireyler, g\u0131da i\u015fletmelerinde \u00fcretim ve kalite kontrol birimlerinde, ilgili y\u00f6netmelik ve mevzuata uygun \u015fekilde \u00e7al\u0131\u015farak sekt\u00f6r\u00fcn beklentilerini kar\u015f\u0131layabilecek nitelikli meslek elemanlar\u0131 olarak yeti\u015ftirilecektir.<\/span><\/p>\t\t\t\t\t\t\t\t<\/div>\n\t\t\t\t<\/div>\n\t\t\t\t\t<\/div>\n\t\t<\/div>\n\t\t\t\t\t<\/div>\n\t\t<\/section>\n\t\t\t\t<section class=\"elementor-section elementor-top-section elementor-element elementor-element-9d468ff elementor-section-boxed elementor-section-height-default elementor-section-height-default\" data-id=\"9d468ff\" data-element_type=\"section\">\n\t\t\t\t\t\t<div class=\"elementor-container elementor-column-gap-default\">\n\t\t\t\t\t<div class=\"elementor-column elementor-col-100 elementor-top-column elementor-element elementor-element-ad4e3f2\" data-id=\"ad4e3f2\" data-element_type=\"column\">\n\t\t\t<div class=\"elementor-widget-wrap elementor-element-populated\">\n\t\t\t\t\t\t<div class=\"elementor-element elementor-element-c721dfc elementor-widget elementor-widget-heading\" data-id=\"c721dfc\" data-element_type=\"widget\" data-widget_type=\"heading.default\">\n\t\t\t\t<div class=\"elementor-widget-container\">\n\t\t\t\t\t<h5 class=\"elementor-heading-title elementor-size-default\">Vizyon<\/h5>\t\t\t\t<\/div>\n\t\t\t\t<\/div>\n\t\t\t\t\t<\/div>\n\t\t<\/div>\n\t\t\t\t\t<\/div>\n\t\t<\/section>\n\t\t\t\t<section class=\"elementor-section elementor-top-section elementor-element elementor-element-6550d6d elementor-section-boxed elementor-section-height-default elementor-section-height-default\" data-id=\"6550d6d\" data-element_type=\"section\">\n\t\t\t\t\t\t<div class=\"elementor-container elementor-column-gap-default\">\n\t\t\t\t\t<div class=\"elementor-column elementor-col-100 elementor-top-column elementor-element elementor-element-4dcd3bd\" data-id=\"4dcd3bd\" data-element_type=\"column\">\n\t\t\t<div class=\"elementor-widget-wrap elementor-element-populated\">\n\t\t\t\t\t\t<div class=\"elementor-element elementor-element-f70b6b6 elementor-widget elementor-widget-text-editor\" data-id=\"f70b6b6\" data-element_type=\"widget\" data-widget_type=\"text-editor.default\">\n\t\t\t\t<div class=\"elementor-widget-container\">\n\t\t\t\t\t\t\t\t\t<p><span style=\"color: #000000\"><strong>G\u0131da teknolojisi alan\u0131nda,<\/strong>\u00a0ulusal ve uluslararas\u0131 d\u00fczeyde tan\u0131nan, sekt\u00f6re y\u00f6n veren yenilik\u00e7i \u00e7\u00f6z\u00fcmler sunan ve s\u00fcrd\u00fcr\u00fclebilir g\u0131da \u00fcretiminde \u00f6nc\u00fc bir e\u011fitim ve ara\u015ft\u0131rma merkezi olmakt\u0131r. Amac\u0131m\u0131z, modern teknolojiyi etkin kullanarak, g\u0131da sekt\u00f6r\u00fcn\u00fcn ihtiya\u00e7lar\u0131na cevap verebilen, \u00e7evreye duyarl\u0131 ve insan sa\u011fl\u0131\u011f\u0131n\u0131 \u00f6n planda tutan nitelikli bireyler yeti\u015ftirmektir.<\/span><\/p>\t\t\t\t\t\t\t\t<\/div>\n\t\t\t\t<\/div>\n\t\t\t\t\t<\/div>\n\t\t<\/div>\n\t\t\t\t\t<\/div>\n\t\t<\/section>\n\t\t\t\t<section class=\"elementor-section elementor-top-section elementor-element elementor-element-b318ef5 elementor-section-boxed elementor-section-height-default elementor-section-height-default\" data-id=\"b318ef5\" data-element_type=\"section\">\n\t\t\t\t\t\t<div class=\"elementor-container elementor-column-gap-default\">\n\t\t\t\t\t<div class=\"elementor-column elementor-col-100 elementor-top-column elementor-element elementor-element-372640e\" data-id=\"372640e\" data-element_type=\"column\">\n\t\t\t<div class=\"elementor-widget-wrap elementor-element-populated\">\n\t\t\t\t\t\t<div class=\"elementor-element elementor-element-1a2cd77 elementor-widget elementor-widget-heading\" data-id=\"1a2cd77\" data-element_type=\"widget\" data-widget_type=\"heading.default\">\n\t\t\t\t<div class=\"elementor-widget-container\">\n\t\t\t\t\t<h5 class=\"elementor-heading-title elementor-size-default\">G\u0131da Teknolojisi B\u00f6l\u00fcm\u00fc De\u011ferleri<\/h5>\t\t\t\t<\/div>\n\t\t\t\t<\/div>\n\t\t\t\t\t<\/div>\n\t\t<\/div>\n\t\t\t\t\t<\/div>\n\t\t<\/section>\n\t\t\t\t<section class=\"elementor-section elementor-top-section elementor-element elementor-element-7812ad8 elementor-section-boxed elementor-section-height-default elementor-section-height-default\" data-id=\"7812ad8\" data-element_type=\"section\">\n\t\t\t\t\t\t<div class=\"elementor-container elementor-column-gap-default\">\n\t\t\t\t\t<div class=\"elementor-column elementor-col-100 elementor-top-column elementor-element elementor-element-56352c6\" data-id=\"56352c6\" data-element_type=\"column\">\n\t\t\t<div class=\"elementor-widget-wrap elementor-element-populated\">\n\t\t\t\t\t\t<div class=\"elementor-element elementor-element-34e1769 elementor-widget elementor-widget-text-editor\" data-id=\"34e1769\" data-element_type=\"widget\" data-widget_type=\"text-editor.default\">\n\t\t\t\t<div class=\"elementor-widget-container\">\n\t\t\t\t\t\t\t\t\t<ol start=\"1\" data-spread=\"true\"><li><p><span style=\"color: #000000\"><strong>Kalite Odakl\u0131l\u0131k<\/strong><\/span><br \/><span style=\"color: #000000\">E\u011fitim, ara\u015ft\u0131rma ve sekt\u00f6rel \u00e7al\u0131\u015fmalar\u0131m\u0131zda \u00fcr\u00fcn ve hizmet kalitesini \u00f6n planda tutar\u0131z.<\/span><\/p><\/li><li><p><span style=\"color: #000000\"><strong>Yenilik\u00e7ilik ve Teknoloji<\/strong><\/span><br \/><span style=\"color: #000000\">G\u0131da teknolojisi alan\u0131nda yenilik\u00e7i fikirler geli\u015ftirerek sekt\u00f6re modern ve etkili \u00e7\u00f6z\u00fcmler sunar\u0131z.<\/span><\/p><\/li><li><p><span style=\"color: #000000\"><strong>\u00c7evresel S\u00fcrd\u00fcr\u00fclebilirlik<\/strong><\/span><br \/><span style=\"color: #000000\">\u00c7evre dostu uygulamalar\u0131 destekler, kaynaklar\u0131 verimli kullan\u0131r ve s\u00fcrd\u00fcr\u00fclebilirlik bilincini yayar\u0131z.<\/span><\/p><\/li><li><p><span style=\"color: #000000\"><strong>Etik De\u011ferler<\/strong><\/span><br \/><span style=\"color: #000000\">T\u00fcm \u00e7al\u0131\u015fmalar\u0131m\u0131zda \u015feffafl\u0131k, adalet ve etik kurallar\u0131 esas al\u0131r\u0131z.<\/span><\/p><\/li><li><p><span style=\"color: #000000\"><strong>Topluma Katk\u0131<\/strong><\/span><br \/><span style=\"color: #000000\">E\u011fitim ve ara\u015ft\u0131rma faaliyetlerimizle toplumsal refah\u0131 art\u0131rmay\u0131 ve g\u0131da g\u00fcvenli\u011fine katk\u0131 sa\u011flamay\u0131 hedefleriz.<\/span><\/p><\/li><li><p><span style=\"color: #000000\"><strong>Tak\u0131m \u00c7al\u0131\u015fmas\u0131 ve Payla\u015f\u0131m<\/strong><\/span><br \/><span style=\"color: #000000\">Ekip ruhunu destekler, bilgi payla\u015f\u0131m\u0131 ile ortak ba\u015far\u0131ya katk\u0131 sa\u011flar.<\/span><\/p><\/li><\/ol>\t\t\t\t\t\t\t\t<\/div>\n\t\t\t\t<\/div>\n\t\t\t\t\t<\/div>\n\t\t<\/div>\n\t\t\t\t\t<\/div>\n\t\t<\/section>\n\t\t\t\t<\/div>\n\t\t","protected":false},"excerpt":{"rendered":"<p>Misyon, Vizyon ve Temel De\u011ferler Misyon G\u0131da teknolojisi alan\u0131nda, kamu ve \u00f6zel sekt\u00f6rle i\u015f birli\u011fi i\u00e7inde, sekt\u00f6rel ihtiya\u00e7lara yan\u0131t verebilecek temel bilgi ve becerilere sahip, uygulama ve problem \u00e7\u00f6zme yetene\u011fi geli\u015fmi\u015f; ara\u015ft\u0131rmac\u0131, kat\u0131l\u0131mc\u0131 ve payla\u015f\u0131mc\u0131 bireyler yeti\u015ftirmek hedeflenmektedir. Bu bireyler, g\u0131da i\u015fletmelerinde \u00fcretim ve kalite kontrol birimlerinde, ilgili y\u00f6netmelik ve mevzuata uygun \u015fekilde \u00e7al\u0131\u015farak sekt\u00f6r\u00fcn [&hellip;]<\/p>\n","protected":false},"author":1,"featured_media":0,"parent":0,"menu_order":0,"comment_status":"closed","ping_status":"closed","template":"elementor_header_footer","meta":{"footnotes":""},"class_list":["post-5682","page","type-page","status-publish","hentry"],"_links":{"self":[{"href":"https:\/\/atauni.edu.tr\/gida-teknolojisi-programi\/wp-json\/wp\/v2\/pages\/5682","targetHints":{"allow":["GET"]}}],"collection":[{"href":"https:\/\/atauni.edu.tr\/gida-teknolojisi-programi\/wp-json\/wp\/v2\/pages"}],"about":[{"href":"https:\/\/atauni.edu.tr\/gida-teknolojisi-programi\/wp-json\/wp\/v2\/types\/page"}],"author":[{"embeddable":true,"href":"https:\/\/atauni.edu.tr\/gida-teknolojisi-programi\/wp-json\/wp\/v2\/users\/1"}],"replies":[{"embeddable":true,"href":"https:\/\/atauni.edu.tr\/gida-teknolojisi-programi\/wp-json\/wp\/v2\/comments?post=5682"}],"version-history":[{"count":35,"href":"https:\/\/atauni.edu.tr\/gida-teknolojisi-programi\/wp-json\/wp\/v2\/pages\/5682\/revisions"}],"predecessor-version":[{"id":6254,"href":"https:\/\/atauni.edu.tr\/gida-teknolojisi-programi\/wp-json\/wp\/v2\/pages\/5682\/revisions\/6254"}],"wp:attachment":[{"href":"https:\/\/atauni.edu.tr\/gida-teknolojisi-programi\/wp-json\/wp\/v2\/media?parent=5682"}],"curies":[{"name":"wp","href":"https:\/\/api.w.org\/{rel}","templated":true}]}}