{"id":5688,"date":"2021-07-13T10:13:48","date_gmt":"2021-07-13T07:13:48","guid":{"rendered":"https:\/\/portaltest.atauni.edu.tr\/bilgisayar-muhendisligi\/?page_id=5688"},"modified":"2021-08-19T11:35:30","modified_gmt":"2021-08-19T08:35:30","slug":"akademik-personel","status":"publish","type":"page","link":"https:\/\/atauni.edu.tr\/gida-teknolojisi-programi\/akademik-personel\/","title":{"rendered":"Akademik Personel"},"content":{"rendered":"\t\t<div data-elementor-type=\"wp-page\" data-elementor-id=\"5688\" class=\"elementor elementor-5688\" data-elementor-post-type=\"page\">\n\t\t\t\t\t\t<section class=\"elementor-section elementor-top-section elementor-element elementor-element-22b96024 elementor-section-boxed elementor-section-height-default elementor-section-height-default\" data-id=\"22b96024\" data-element_type=\"section\">\n\t\t\t\t\t\t<div class=\"elementor-container elementor-column-gap-default\">\n\t\t\t\t\t<div class=\"elementor-column elementor-col-100 elementor-top-column elementor-element elementor-element-5a1f7769\" data-id=\"5a1f7769\" data-element_type=\"column\">\n\t\t\t<div class=\"elementor-widget-wrap elementor-element-populated\">\n\t\t\t\t\t\t<div class=\"elementor-element elementor-element-3b3e2d4a elementor-widget elementor-widget-heading\" data-id=\"3b3e2d4a\" data-element_type=\"widget\" data-widget_type=\"heading.default\">\n\t\t\t\t<div class=\"elementor-widget-container\">\n\t\t\t\t\t<h2 class=\"elementor-heading-title elementor-size-default\">Akademik Personel<\/h2>\t\t\t\t<\/div>\n\t\t\t\t<\/div>\n\t\t\t\t<div class=\"elementor-element elementor-element-35223868 elementor-widget-divider--view-line elementor-widget elementor-widget-divider\" data-id=\"35223868\" data-element_type=\"widget\" data-widget_type=\"divider.default\">\n\t\t\t\t<div class=\"elementor-widget-container\">\n\t\t\t\t\t\t\t<div class=\"elementor-divider\">\n\t\t\t<span class=\"elementor-divider-separator\">\n\t\t\t\t\t\t<\/span>\n\t\t<\/div>\n\t\t\t\t\t\t<\/div>\n\t\t\t\t<\/div>\n\t\t\t\t\t<\/div>\n\t\t<\/div>\n\t\t\t\t\t<\/div>\n\t\t<\/section>\n\t\t\t\t<section class=\"elementor-section elementor-top-section elementor-element elementor-element-b9726fb elementor-section-boxed elementor-section-height-default elementor-section-height-default\" data-id=\"b9726fb\" data-element_type=\"section\">\n\t\t\t\t\t\t<div class=\"elementor-container elementor-column-gap-default\">\n\t\t\t\t\t<div class=\"elementor-column elementor-col-100 elementor-top-column elementor-element elementor-element-db5efd7\" data-id=\"db5efd7\" data-element_type=\"column\">\n\t\t\t<div class=\"elementor-widget-wrap elementor-element-populated\">\n\t\t\t\t\t\t<div class=\"elementor-element elementor-element-7acf783 elementor-widget elementor-widget-shortcode\" data-id=\"7acf783\" data-element_type=\"widget\" data-widget_type=\"shortcode.default\">\n\t\t\t\t<div class=\"elementor-widget-container\">\n\t\t\t\t\t        <div class=\"accordion\" id=\"personel-kart\">\n            <div class=\"card p-liste\">\n                <div class=\"card-header \" id=\"p-0\">\n                    <h2 class=\"mb-0\">\n                        <button class=\"btn btn-link collapsed\" type=\"button\" data-toggle=\"collapse\"\n                                data-target=\"#k-0\"\n                                aria-expanded=\"false\" aria-controls=\"collapseOne\">\n                            Prof. Dr. Arzu Kavaz Y\u00fcksel                        <\/button>\n                    <\/h2>\n                <\/div>\n\n                <div id=\"k-0\" class=\"collapse\" aria-labelledby=\"p-0\"\n                     data-parent=\"#personel-kart\" style=\"\">\n                    <div class=\"card-body\">\n                        <div class=\"row\">\n                            <div class=\"col-3 kart-resim\">\n                                <img decoding=\"async\" src=\"\/\/eski.atauni.edu.tr\/resizer.php?w=189&amp;h=228&amp;zc=1&amp;src=\/uploads\/profilResimleriSha1\/491cea366ee41e1083c668bb31574a8e.png\"\n                                     class=\"img-fluid\">\n                            <\/div>\n                            <div class=\"col-7\">\n                                <h3 class=\"kart-baslik \">PROF\u0130L B\u0130LG\u0130S\u0130<\/h3>\n                                <div class=\"row\">\n                                    <div class=\"ad-soyad\">Prof. Dr. Arzu Kavaz Y\u00fcksel<\/div>\n                                    <div class=\"birim\">G\u0131da Teknolojisi Program\u0131<\/div>\n                                    <div class=\"bilgiler\"><strong>E-Posta<\/strong>arzukavaz@atauni.edu.tr                                    <\/div>\n                                                                        <div class=\"bilgiler\"><strong>Profil<\/strong> <a target=\"_blank\"\n                                                                                     href=\"http:\/\/avesis.atauni.edu.tr\/arzukavaz\">https:\/\/avesis.atauni.edu.tr\/arzukavaz<\/a>\n                                    <\/div>\n                                    <div class=\"bilgiler\">\n                                        <strong>Telefon<\/strong>\n                                        +90 442 231                                        ()&nbsp;\n                                    <\/div>\n                                    <div class=\"bilgiler\"><strong>Posta Adresi<\/strong> <span\n                                                class=\"posta\">\n                                                                                                        Atat\u00fcrk \u00dcniversitesi Kamp\u00fcs\u00fc. Teknik Bilimler Meslek Y\u00fcksekokulu 25240 Erzurum                                                                                                                                                                                                                                                                                                                                                                                                                                                                                                                                                <\/span>\n                                    <\/div>\n                                <\/div>\n                            <\/div>\n                            <div class=\"col-10 kart-egitim\">\n                                <h3>E\u011fitim<\/h3>\n                                <ul>\n\n                                    \n                                <\/ul>\n                            <\/div>\n                             <!--<div class=\"col-2 qr\">\n                                <img decoding=\"async\" src=\"https:\/\/chart.googleapis.com\/chart?chs=100x100&amp;cht=qr&amp;chl=BEGIN:VCARD%0AVERSION:3.0%0ATITLE:%0AN:Arzu%20Kavaz Y\u00fcksel%0ATEL;type=WORK:%2B90442231%0AEMAIL:arzukavaz@atauni.edu.tr%0AEND:VCARD\"\n                                     class=\"img-fluid qr\">\n                            <\/div>-->\n                        <\/div>\n                    <\/div>\n                <\/div>\n            <\/div>\n        <\/div>\n\n\n                <div class=\"accordion\" id=\"personel-kart\">\n            <div class=\"card p-liste\">\n                <div class=\"card-header \" id=\"p-1\">\n                    <h2 class=\"mb-0\">\n                        <button class=\"btn btn-link collapsed\" type=\"button\" data-toggle=\"collapse\"\n                                data-target=\"#k-1\"\n                                aria-expanded=\"false\" aria-controls=\"collapseOne\">\n                            Prof. Dr. Hayrunnisa Nadaro\u011flu                        <\/button>\n                    <\/h2>\n                <\/div>\n\n                <div id=\"k-1\" class=\"collapse\" aria-labelledby=\"p-1\"\n                     data-parent=\"#personel-kart\" style=\"\">\n                    <div class=\"card-body\">\n                        <div class=\"row\">\n                            <div class=\"col-3 kart-resim\">\n                                <img decoding=\"async\" src=\"\/\/eski.atauni.edu.tr\/resizer.php?w=189&amp;h=228&amp;zc=1&amp;src=\/uploads\/profilResimleriSha1\/5ea71552fd833f8d37cf97b0c8d8fbd9.png\"\n                                     class=\"img-fluid\">\n                            <\/div>\n                            <div class=\"col-7\">\n                                <h3 class=\"kart-baslik \">PROF\u0130L B\u0130LG\u0130S\u0130<\/h3>\n                                <div class=\"row\">\n                                    <div class=\"ad-soyad\">Prof. Dr. Hayrunnisa Nadaro\u011flu<\/div>\n                                    <div class=\"birim\">G\u0131da Teknolojisi Program\u0131<\/div>\n                                    <div class=\"bilgiler\"><strong>E-Posta<\/strong>hnisa25@atauni.edu.tr                                    <\/div>\n                                                                        <div class=\"bilgiler\"><strong>Profil<\/strong> <a target=\"_blank\"\n                                                                                     href=\"http:\/\/avesis.atauni.edu.tr\/hnisa25\">https:\/\/avesis.atauni.edu.tr\/hnisa25<\/a>\n                                    <\/div>\n                                    <div class=\"bilgiler\">\n                                        <strong>Telefon<\/strong>\n                                        +90 442 231                                        (1818)&nbsp;\n                                    <\/div>\n                                    <div class=\"bilgiler\"><strong>Posta Adresi<\/strong> <span\n                                                class=\"posta\">\n                                                                                                        Atat\u00fcrk \u00dcniversitesi Kamp\u00fcs\u00fc. Teknik Bilimler Meslek Y\u00fcksekokulu 25240 Erzurum                                                                                                                                                                                                                                                                                                                                                                                                                                                                                                                                                <\/span>\n                                    <\/div>\n                                <\/div>\n                            <\/div>\n                            <div class=\"col-10 kart-egitim\">\n                                <h3>E\u011fitim<\/h3>\n                                <ul>\n\n                                    <li>Doktora, Atat\u00fcrk \u00dcniversitesi, , 2003<\/li><li>Do\u00e7ent, Atat\u00fcrk \u00dcniversitesi, Kimya, 2010<\/li><li>Profes\u00f6r, Atat\u00fcrk \u00dcniversitesi, Erzurum Meslek Y\u00fcksekokulu, 2015<\/li>\n                                <\/ul>\n                            <\/div>\n                             <!--<div class=\"col-2 qr\">\n                                <img decoding=\"async\" src=\"https:\/\/chart.googleapis.com\/chart?chs=100x100&amp;cht=qr&amp;chl=BEGIN:VCARD%0AVERSION:3.0%0ATITLE:%0AN:Hayrunnisa%20Nadaro\u011flu%0ATEL;type=WORK:%2B904422311818%0AEMAIL:hnisa25@atauni.edu.tr%0AEND:VCARD\"\n                                     class=\"img-fluid qr\">\n                            <\/div>-->\n                        <\/div>\n                    <\/div>\n                <\/div>\n            <\/div>\n        <\/div>\n\n\n                <div class=\"accordion\" id=\"personel-kart\">\n            <div class=\"card p-liste\">\n                <div class=\"card-header \" id=\"p-2\">\n                    <h2 class=\"mb-0\">\n                        <button class=\"btn btn-link collapsed\" type=\"button\" data-toggle=\"collapse\"\n                                data-target=\"#k-2\"\n                                aria-expanded=\"false\" aria-controls=\"collapseOne\">\n                            Prof. Dr. Tamer Turgut                        <\/button>\n                    <\/h2>\n                <\/div>\n\n                <div id=\"k-2\" class=\"collapse\" aria-labelledby=\"p-2\"\n                     data-parent=\"#personel-kart\" style=\"\">\n                    <div class=\"card-body\">\n                        <div class=\"row\">\n                            <div class=\"col-3 kart-resim\">\n                                <img decoding=\"async\" src=\"\/\/eski.atauni.edu.tr\/resizer.php?w=189&amp;h=228&amp;zc=1&amp;src=\/uploads\/profilResimleriSha1\/78469abc7abf3392d94525a310f14dc2.png\"\n                                     class=\"img-fluid\">\n                            <\/div>\n                            <div class=\"col-7\">\n                                <h3 class=\"kart-baslik \">PROF\u0130L B\u0130LG\u0130S\u0130<\/h3>\n                                <div class=\"row\">\n                                    <div class=\"ad-soyad\">Prof. Dr. Tamer Turgut<\/div>\n                                    <div class=\"birim\">G\u0131da Teknolojisi Program\u0131<\/div>\n                                    <div class=\"bilgiler\"><strong>E-Posta<\/strong>tturgut@atauni.edu.tr                                    <\/div>\n                                                                        <div class=\"bilgiler\"><strong>Profil<\/strong> <a target=\"_blank\"\n                                                                                     href=\"http:\/\/avesis.atauni.edu.tr\/tturgut\">https:\/\/avesis.atauni.edu.tr\/tturgut<\/a>\n                                    <\/div>\n                                    <div class=\"bilgiler\">\n                                        <strong>Telefon<\/strong>\n                                        +90 442 231                                        (2705)&nbsp;\n                                    <\/div>\n                                    <div class=\"bilgiler\"><strong>Posta Adresi<\/strong> <span\n                                                class=\"posta\">\n                                                                                                        Atat\u00fcrk \u00dcniversitesi Kamp\u00fcs\u00fc. Teknik Bilimler Meslek Y\u00fcksekokulu 25240 Erzurum                                                                                                                                                                                                                                                                                                                                                                                                                                                                                                                                                <\/span>\n                                    <\/div>\n                                <\/div>\n                            <\/div>\n                            <div class=\"col-10 kart-egitim\">\n                                <h3>E\u011fitim<\/h3>\n                                <ul>\n\n                                    <li>Y\u00fcksek Lisans, Atat\u00fcrk \u00dcniversitesi, G\u0131da M\u00fchendisli\u011fi, 2000<\/li><li>Doktora, Atat\u00fcrk \u00dcniversitesi, G\u0131da M\u00fchendisli\u011fi, 2006<\/li><li>Dr. \u00d6\u011fr. \u00dcyesi, Atat\u00fcrk \u00dcniversitesi, G\u0131da Teknolojisi Program\u0131, 2007<\/li><li>Dr. \u00d6\u011fr. \u00dcyesi, Atat\u00fcrk \u00dcniversitesi, G\u0131da Teknolojisi, 2010<\/li>\n                                <\/ul>\n                            <\/div>\n                             <!--<div class=\"col-2 qr\">\n                                <img decoding=\"async\" src=\"https:\/\/chart.googleapis.com\/chart?chs=100x100&amp;cht=qr&amp;chl=BEGIN:VCARD%0AVERSION:3.0%0ATITLE:%0AN:Tamer%20Turgut%0ATEL;type=WORK:%2B904422312705%0AEMAIL:tturgut@atauni.edu.tr%0AEND:VCARD\"\n                                     class=\"img-fluid qr\">\n                            <\/div>-->\n                        <\/div>\n                    <\/div>\n                <\/div>\n            <\/div>\n        <\/div>\n\n\n                <div class=\"accordion\" id=\"personel-kart\">\n            <div class=\"card p-liste\">\n                <div class=\"card-header \" id=\"p-3\">\n                    <h2 class=\"mb-0\">\n                        <button class=\"btn btn-link collapsed\" type=\"button\" data-toggle=\"collapse\"\n                                data-target=\"#k-3\"\n                                aria-expanded=\"false\" aria-controls=\"collapseOne\">\n                            Dr. \u00d6\u011fr. \u00dcyesi Bilgehan Polato\u011flu                        <\/button>\n                    <\/h2>\n                <\/div>\n\n                <div id=\"k-3\" class=\"collapse\" aria-labelledby=\"p-3\"\n                     data-parent=\"#personel-kart\" style=\"\">\n                    <div class=\"card-body\">\n                        <div class=\"row\">\n                            <div class=\"col-3 kart-resim\">\n                                <img decoding=\"async\" src=\"\/\/eski.atauni.edu.tr\/resizer.php?w=189&amp;h=228&amp;zc=1&amp;src=\/uploads\/profilResimleriSha1\/0786907d4d4bcdb8225d9090aac02c4519d8b14d.jpg\"\n                                     class=\"img-fluid\">\n                            <\/div>\n                            <div class=\"col-7\">\n                                <h3 class=\"kart-baslik \">PROF\u0130L B\u0130LG\u0130S\u0130<\/h3>\n                                <div class=\"row\">\n                                    <div class=\"ad-soyad\">Dr. \u00d6\u011fr. \u00dcyesi Bilgehan Polato\u011flu<\/div>\n                                    <div class=\"birim\">G\u0131da Teknolojisi Program\u0131<\/div>\n                                    <div class=\"bilgiler\"><strong>E-Posta<\/strong>bilgehanpolatoglu@atauni.edu.tr                                    <\/div>\n                                                                        <div class=\"bilgiler\"><strong>Profil<\/strong> <a target=\"_blank\"\n                                                                                     href=\"http:\/\/avesis.atauni.edu.tr\/bilgehanpolatoglu\">https:\/\/avesis.atauni.edu.tr\/bilgehanpolatoglu<\/a>\n                                    <\/div>\n                                    <div class=\"bilgiler\">\n                                        <strong>Telefon<\/strong>\n                                        +90 442 231                                        (2649)&nbsp;\n                                    <\/div>\n                                    <div class=\"bilgiler\"><strong>Posta Adresi<\/strong> <span\n                                                class=\"posta\">\n                                                                                                        Atat\u00fcrk \u00dcniversitesi Kamp\u00fcs\u00fc. Teknik Bilimler Meslek Y\u00fcksekokulu 25240 Erzurum                                                                                                                                                                                                                                                                                                                                                                                                                                                                                                                                                <\/span>\n                                    <\/div>\n                                <\/div>\n                            <\/div>\n                            <div class=\"col-10 kart-egitim\">\n                                <h3>E\u011fitim<\/h3>\n                                <ul>\n\n                                    <li>Lisans, Atat\u00fcrk \u00dcniversitesi, G\u0131da M\u00fchendisli\u011fi, <\/li><li>Y\u00fcksek Lisans, Atat\u00fcrk \u00dcniversitesi, Kimya M\u00fchendisli\u011fi, <\/li><li>Doktora, Atat\u00fcrk \u00dcniversitesi, Kimya M\u00fchendisli\u011fi, <\/li><li>Doktora, Atat\u00fcrk \u00dcniversitesi, Nanobilim ve Nanom\u00fchendislik, <\/li>\n                                <\/ul>\n                            <\/div>\n                             <!--<div class=\"col-2 qr\">\n                                <img decoding=\"async\" src=\"https:\/\/chart.googleapis.com\/chart?chs=100x100&amp;cht=qr&amp;chl=BEGIN:VCARD%0AVERSION:3.0%0ATITLE:%0AN:Bilgehan%20Polato\u011flu%0ATEL;type=WORK:%2B904422312649%0AEMAIL:bilgehanpolatoglu@atauni.edu.tr%0AEND:VCARD\"\n                                     class=\"img-fluid qr\">\n                            <\/div>-->\n                        <\/div>\n                    <\/div>\n                <\/div>\n            <\/div>\n        <\/div>\n\n\n                <div class=\"accordion\" id=\"personel-kart\">\n            <div class=\"card p-liste\">\n                <div class=\"card-header \" id=\"p-4\">\n                    <h2 class=\"mb-0\">\n                        <button class=\"btn btn-link collapsed\" type=\"button\" data-toggle=\"collapse\"\n                                data-target=\"#k-4\"\n                                aria-expanded=\"false\" aria-controls=\"collapseOne\">\n                            Dr. \u00d6\u011fr. \u00dcyesi P\u0131nar Anlar Daldal                        <\/button>\n                    <\/h2>\n                <\/div>\n\n                <div id=\"k-4\" class=\"collapse\" aria-labelledby=\"p-4\"\n                     data-parent=\"#personel-kart\" style=\"\">\n                    <div class=\"card-body\">\n                        <div class=\"row\">\n                            <div class=\"col-3 kart-resim\">\n                                <img decoding=\"async\" src=\"\/\/eski.atauni.edu.tr\/resizer.php?w=189&amp;h=228&amp;zc=1&amp;src=\/uploads\/profilResimleriSha1\/593d48aab51f177ede2ab928888386fe.png\"\n                                     class=\"img-fluid\">\n                            <\/div>\n                            <div class=\"col-7\">\n                                <h3 class=\"kart-baslik \">PROF\u0130L B\u0130LG\u0130S\u0130<\/h3>\n                                <div class=\"row\">\n                                    <div class=\"ad-soyad\">Dr. \u00d6\u011fr. \u00dcyesi P\u0131nar Anlar Daldal<\/div>\n                                    <div class=\"birim\">G\u0131da Teknolojisi Program\u0131<\/div>\n                                    <div class=\"bilgiler\"><strong>E-Posta<\/strong>pinar.anlar@atauni.edu.tr                                    <\/div>\n                                                                        <div class=\"bilgiler\"><strong>Profil<\/strong> <a target=\"_blank\"\n                                                                                     href=\"http:\/\/avesis.atauni.edu.tr\/pinar.anlar\">https:\/\/avesis.atauni.edu.tr\/pinar.anlar<\/a>\n                                    <\/div>\n                                    <div class=\"bilgiler\">\n                                        <strong>Telefon<\/strong>\n                                        +90 442 231                                        ()&nbsp;\n                                    <\/div>\n                                    <div class=\"bilgiler\"><strong>Posta Adresi<\/strong> <span\n                                                class=\"posta\">\n                                                                                                        Atat\u00fcrk \u00dcniversitesi Kamp\u00fcs\u00fc. Teknik Bilimler Meslek Y\u00fcksekokulu 25240 Erzurum                                                                                                                                                                                                                                                                                                                                                                                                                                                                                                                                                <\/span>\n                                    <\/div>\n                                <\/div>\n                            <\/div>\n                            <div class=\"col-10 kart-egitim\">\n                                <h3>E\u011fitim<\/h3>\n                                <ul>\n\n                                    \n                                <\/ul>\n                            <\/div>\n                             <!--<div class=\"col-2 qr\">\n                                <img decoding=\"async\" src=\"https:\/\/chart.googleapis.com\/chart?chs=100x100&amp;cht=qr&amp;chl=BEGIN:VCARD%0AVERSION:3.0%0ATITLE:%0AN:P\u0131nar%20Anlar Daldal%0ATEL;type=WORK:%2B90442231%0AEMAIL:pinar.anlar@atauni.edu.tr%0AEND:VCARD\"\n                                     class=\"img-fluid qr\">\n                            <\/div>-->\n                        <\/div>\n                    <\/div>\n                <\/div>\n            <\/div>\n        <\/div>\n\n\n        \t\t<div class=\"elementor-shortcode\"><\/div>\n\t\t\t\t\t\t<\/div>\n\t\t\t\t<\/div>\n\t\t\t\t\t<\/div>\n\t\t<\/div>\n\t\t\t\t\t<\/div>\n\t\t<\/section>\n\t\t\t\t<\/div>\n\t\t","protected":false},"excerpt":{"rendered":"<p>Akademik Personel<\/p>\n","protected":false},"author":1,"featured_media":0,"parent":0,"menu_order":0,"comment_status":"closed","ping_status":"closed","template":"elementor_header_footer","meta":{"footnotes":""},"class_list":["post-5688","page","type-page","status-publish","hentry"],"_links":{"self":[{"href":"https:\/\/atauni.edu.tr\/gida-teknolojisi-programi\/wp-json\/wp\/v2\/pages\/5688","targetHints":{"allow":["GET"]}}],"collection":[{"href":"https:\/\/atauni.edu.tr\/gida-teknolojisi-programi\/wp-json\/wp\/v2\/pages"}],"about":[{"href":"https:\/\/atauni.edu.tr\/gida-teknolojisi-programi\/wp-json\/wp\/v2\/types\/page"}],"author":[{"embeddable":true,"href":"https:\/\/atauni.edu.tr\/gida-teknolojisi-programi\/wp-json\/wp\/v2\/users\/1"}],"replies":[{"embeddable":true,"href":"https:\/\/atauni.edu.tr\/gida-teknolojisi-programi\/wp-json\/wp\/v2\/comments?post=5688"}],"version-history":[{"count":14,"href":"https:\/\/atauni.edu.tr\/gida-teknolojisi-programi\/wp-json\/wp\/v2\/pages\/5688\/revisions"}],"predecessor-version":[{"id":6039,"href":"https:\/\/atauni.edu.tr\/gida-teknolojisi-programi\/wp-json\/wp\/v2\/pages\/5688\/revisions\/6039"}],"wp:attachment":[{"href":"https:\/\/atauni.edu.tr\/gida-teknolojisi-programi\/wp-json\/wp\/v2\/media?parent=5688"}],"curies":[{"name":"wp","href":"https:\/\/api.w.org\/{rel}","templated":true}]}}