{"id":6405,"date":"2025-05-27T13:35:45","date_gmt":"2025-05-27T10:35:45","guid":{"rendered":"https:\/\/birimler.atauni.edu.tr\/gida-teknolojisi-programi\/?page_id=6405"},"modified":"2025-05-27T13:36:37","modified_gmt":"2025-05-27T10:36:37","slug":"haberler","status":"publish","type":"page","link":"https:\/\/atauni.edu.tr\/gida-teknolojisi-programi\/haberler\/","title":{"rendered":"Haberler"},"content":{"rendered":"\t\t<div data-elementor-type=\"wp-page\" data-elementor-id=\"6405\" class=\"elementor elementor-6405\" data-elementor-post-type=\"page\">\n\t\t\t\t\t\t<section class=\"elementor-section elementor-top-section elementor-element elementor-element-855bccb elementor-section-boxed elementor-section-height-default elementor-section-height-default\" data-id=\"855bccb\" data-element_type=\"section\">\n\t\t\t\t\t\t<div class=\"elementor-container elementor-column-gap-default\">\n\t\t\t\t\t<div class=\"elementor-column elementor-col-100 elementor-top-column elementor-element elementor-element-d1649d2\" data-id=\"d1649d2\" data-element_type=\"column\">\n\t\t\t<div class=\"elementor-widget-wrap elementor-element-populated\">\n\t\t\t\t\t\t<div class=\"elementor-element elementor-element-2528210 elementor-widget elementor-widget-shortcode\" data-id=\"2528210\" data-element_type=\"widget\" data-widget_type=\"shortcode.default\">\n\t\t\t\t<div class=\"elementor-widget-container\">\n\t\t\t\t\t\t\t<div class=\"elementor-shortcode\"><form method=\"get\" class=\"row g-3\" style=\"margin-bottom: 20px;\"><div class=\"col-md-3\"><input type=\"text\" name=\"haber_ara\" class=\"form-control\" placeholder=\"Haber ara...\" value=\"\"><\/div><div class=\"col-md-3\"><input type=\"date\" name=\"baslangic_tarihi\" class=\"form-control\" value=\"\"><\/div><div class=\"col-md-3\"><input type=\"date\" name=\"bitis_tarihi\" class=\"form-control\" value=\"\"><\/div><div class=\"col-md-3\"><button type=\"submit\" class=\"btn btn-secondary w-50\">Filtrele<\/button><\/div><\/form><ul class=\"kategori-yazilari-liste\"><li style=\"display: flex; margin-bottom: 10px; align-items: center;\"><div class=\"post-thumbnail\" style=\"margin-right: 15px;\"><a href=\"https:\/\/atauni.edu.tr\/gida-teknolojisi-programi\/2025\/12\/31\/teknik-bilimler-meslek-yuksekokulumuzun-programlari-medek-tarafindan-akredite-edildi\/\"><img decoding=\"async\" width=\"150\" height=\"150\" src=\"https:\/\/atauni.edu.tr\/gida-teknolojisi-programi\/wp-content\/uploads\/sites\/310\/2025\/12\/Ekran-Goruntusu-MEDEK-150x150.png\" class=\"attachment-thumbnail size-thumbnail wp-post-image\" alt=\"\" \/><\/a><\/div><div class=\"post-content\" style=\"flex-grow: 1;\"><span class=\"post-date habertarih\" style=\"display: block; font-weight: bold; margin-bottom: 5px;\">31 Aral\u0131k 2025<\/span><a class=\"haberbaslik\" href=\"https:\/\/atauni.edu.tr\/gida-teknolojisi-programi\/2025\/12\/31\/teknik-bilimler-meslek-yuksekokulumuzun-programlari-medek-tarafindan-akredite-edildi\/\">Teknik Bilimler Meslek Y\u00fcksekokulumuzun Programlar\u0131 MEDEK Taraf\u0131ndan Akredite Edildi!<\/a><\/div><\/li><li style=\"display: flex; margin-bottom: 10px; align-items: center;\"><div class=\"post-content\" style=\"flex-grow: 1;\"><span class=\"post-date habertarih\" style=\"display: block; font-weight: bold; margin-bottom: 5px;\">25 Haziran 2025<\/span><a class=\"haberbaslik\" href=\"https:\/\/atauni.edu.tr\/gida-teknolojisi-programi\/2025\/06\/25\/tek-ders-sinavi-agno-baraj-sinavi-azami-sure-sonu-sinavlari\/\">Tek Ders S\u0131nav\u0131\/AGNO Baraj S\u0131nav\u0131\/Azami S\u00fcre Sonu S\u0131navlar\u0131<\/a><\/div><\/li><li style=\"display: flex; margin-bottom: 10px; align-items: center;\"><div class=\"post-thumbnail\" style=\"margin-right: 15px;\"><a href=\"https:\/\/atauni.edu.tr\/gida-teknolojisi-programi\/2025\/06\/12\/ataturk-universitesi-nisan-mart-donemi-bilimsel-tesvik-toreni\/\"><img decoding=\"async\" width=\"150\" height=\"150\" src=\"https:\/\/atauni.edu.tr\/gida-teknolojisi-programi\/wp-content\/uploads\/sites\/310\/2025\/06\/altin-ve-biz-150x150.jpg\" class=\"attachment-thumbnail size-thumbnail wp-post-image\" alt=\"\" \/><\/a><\/div><div class=\"post-content\" style=\"flex-grow: 1;\"><span class=\"post-date habertarih\" style=\"display: block; font-weight: bold; margin-bottom: 5px;\">12 Haziran 2025<\/span><a class=\"haberbaslik\" href=\"https:\/\/atauni.edu.tr\/gida-teknolojisi-programi\/2025\/06\/12\/ataturk-universitesi-nisan-mart-donemi-bilimsel-tesvik-toreni\/\">ATAT\u00dcRK \u00dcN\u0130VERS\u0130TES\u0130, N\u0130SAN-MART D\u00d6NEM\u0130 B\u0130L\u0130MSEL TE\u015eV\u0130K T\u00d6REN\u0130<\/a><\/div><\/li><\/ul><\/div>\n\t\t\t\t\t\t<\/div>\n\t\t\t\t<\/div>\n\t\t\t\t\t<\/div>\n\t\t<\/div>\n\t\t\t\t\t<\/div>\n\t\t<\/section>\n\t\t\t\t<\/div>\n\t\t","protected":false},"excerpt":{"rendered":"","protected":false},"author":1,"featured_media":0,"parent":0,"menu_order":0,"comment_status":"closed","ping_status":"closed","template":"","meta":{"footnotes":""},"class_list":["post-6405","page","type-page","status-publish","hentry"],"_links":{"self":[{"href":"https:\/\/atauni.edu.tr\/gida-teknolojisi-programi\/wp-json\/wp\/v2\/pages\/6405","targetHints":{"allow":["GET"]}}],"collection":[{"href":"https:\/\/atauni.edu.tr\/gida-teknolojisi-programi\/wp-json\/wp\/v2\/pages"}],"about":[{"href":"https:\/\/atauni.edu.tr\/gida-teknolojisi-programi\/wp-json\/wp\/v2\/types\/page"}],"author":[{"embeddable":true,"href":"https:\/\/atauni.edu.tr\/gida-teknolojisi-programi\/wp-json\/wp\/v2\/users\/1"}],"replies":[{"embeddable":true,"href":"https:\/\/atauni.edu.tr\/gida-teknolojisi-programi\/wp-json\/wp\/v2\/comments?post=6405"}],"version-history":[{"count":4,"href":"https:\/\/atauni.edu.tr\/gida-teknolojisi-programi\/wp-json\/wp\/v2\/pages\/6405\/revisions"}],"predecessor-version":[{"id":6414,"href":"https:\/\/atauni.edu.tr\/gida-teknolojisi-programi\/wp-json\/wp\/v2\/pages\/6405\/revisions\/6414"}],"wp:attachment":[{"href":"https:\/\/atauni.edu.tr\/gida-teknolojisi-programi\/wp-json\/wp\/v2\/media?parent=6405"}],"curies":[{"name":"wp","href":"https:\/\/api.w.org\/{rel}","templated":true}]}}